{"id":14,"date":"2023-06-16T06:15:49","date_gmt":"2023-06-16T06:15:49","guid":{"rendered":"https:\/\/aventura-excursions.com\/?page_id=14"},"modified":"2024-05-29T18:36:05","modified_gmt":"2024-05-29T15:36:05","slug":"rentals","status":"publish","type":"page","link":"https:\/\/aventura-excursions.com\/de\/rentals\/","title":{"rendered":"Vermietung"},"content":{"rendered":"<h2 class=\"h2_title reviews__title\">Wie bucht man ein Auto und andere Fahrzeuge auf unserer Website?<\/h2>\n<div class=\"reviews__text\">\nNachdem Sie auf die blaue Schaltfl\u00e4che \u201eAuto mieten\u201c oder \u00e4hnliches f\u00fcr andere Fahrzeuge geklickt haben, gelangen Sie auf die Seite, auf der Sie weitere Einzelheiten zu den Mietabl\u00e4ufen auf Teneriffa lesen k\u00f6nnen. W\u00e4hlen Sie auf der rechten Seite bitte das Modell aus, das Sie mieten m\u00f6chten, und die Anzahl der Tage (das ist die Mietdauer). Anschlie\u00dfend w\u00e4hlen Sie im Kalender den Tag aus, an dem Sie mit der Anmietung des Fahrzeugs beginnen m\u00f6chten. Klicken Sie anschlie\u00dfend auf die Schaltfl\u00e4che \u201eIn den Warenkorb\u201c und fahren Sie mit der Zahlung fort. Wir werden Sie per E-Mail kontaktieren, um die Verf\u00fcgbarkeit und auch die Uhr zu best\u00e4tigen.\n<\/div>","protected":false},"excerpt":{"rendered":"<p>How to book a car and other vehicles on our website? After you click the blue button &#8220;Rent a car&#8221; or similar for other vehicles, you will be on the page where you can read more details about the procedures of rental in Tenerife. On the right side, please, choose the model that you wish [&hellip;]<\/p>","protected":false},"author":1,"featured_media":0,"parent":0,"menu_order":0,"comment_status":"closed","ping_status":"closed","template":"pages\/rentals.php","meta":{"_acf_changed":false,"footnotes":""},"class_list":["post-14","page","type-page","status-publish","hentry"],"acf":[],"yoast_head":"<!-- This site is optimized with the Yoast SEO plugin v25.6 - https:\/\/yoast.com\/wordpress\/plugins\/seo\/ -->\n<title>Cars, Scooters, Bikes Rentals in Tenerife - Aventura Excursions - Book with 10% discount!<\/title>\n<meta name=\"description\" content=\"Rent cars, scooters, bicycles, and quad bikes in Tenerife. Check reviews and prices. One of the oldest excursion agencies in the Canaries.\" \/>\n<meta name=\"robots\" content=\"index, follow, max-snippet:-1, max-image-preview:large, max-video-preview:-1\" \/>\n<link rel=\"canonical\" href=\"https:\/\/aventura-excursions.com\/de\/rentals\/\" \/>\n<meta property=\"og:locale\" content=\"de_DE\" \/>\n<meta property=\"og:type\" content=\"article\" \/>\n<meta property=\"og:title\" content=\"Cars, Scooters, Bikes Rentals in Tenerife - Aventura Excursions - Book with 10% discount!\" \/>\n<meta property=\"og:description\" content=\"Rent cars, scooters, bicycles, and quad bikes in Tenerife. Check reviews and prices. One of the oldest excursion agencies in the Canaries.\" \/>\n<meta property=\"og:url\" content=\"https:\/\/aventura-excursions.com\/de\/rentals\/\" \/>\n<meta property=\"og:site_name\" content=\"Aventura Excursions\" \/>\n<meta property=\"article:modified_time\" content=\"2024-05-29T15:36:05+00:00\" \/>\n<meta name=\"twitter:card\" content=\"summary_large_image\" \/>\n<meta name=\"twitter:label1\" content=\"Gesch\u00e4tzte Lesezeit\" \/>\n\t<meta name=\"twitter:data1\" content=\"1\u00a0Minute\" \/>\n<!-- \/ Yoast SEO plugin. -->","yoast_head_json":{"title":"Cars, Scooters, Bikes Rentals in Tenerife - Aventura Excursions - Book with 10% discount!","description":"Rent cars, scooters, bicycles, and quad bikes in Tenerife. Check reviews and prices. One of the oldest excursion agencies in the Canaries.","robots":{"index":"index","follow":"follow","max-snippet":"max-snippet:-1","max-image-preview":"max-image-preview:large","max-video-preview":"max-video-preview:-1"},"canonical":"https:\/\/aventura-excursions.com\/de\/rentals\/","og_locale":"de_DE","og_type":"article","og_title":"Cars, Scooters, Bikes Rentals in Tenerife - Aventura Excursions - Book with 10% discount!","og_description":"Rent cars, scooters, bicycles, and quad bikes in Tenerife. Check reviews and prices. One of the oldest excursion agencies in the Canaries.","og_url":"https:\/\/aventura-excursions.com\/de\/rentals\/","og_site_name":"Aventura Excursions","article_modified_time":"2024-05-29T15:36:05+00:00","twitter_card":"summary_large_image","twitter_misc":{"Gesch\u00e4tzte Lesezeit":"1\u00a0Minute"},"schema":{"@context":"https:\/\/schema.org","@graph":[{"@type":"WebPage","@id":"https:\/\/aventura-excursions.com\/rentals\/","url":"https:\/\/aventura-excursions.com\/rentals\/","name":"Cars, Scooters, Bikes Rentals in Tenerife - Aventura Excursions - Book with 10% discount!","isPartOf":{"@id":"https:\/\/aventura-excursions.com\/#website"},"datePublished":"2023-06-16T06:15:49+00:00","dateModified":"2024-05-29T15:36:05+00:00","description":"Rent cars, scooters, bicycles, and quad bikes in Tenerife. Check reviews and prices. One of the oldest excursion agencies in the Canaries.","inLanguage":"de","potentialAction":[{"@type":"ReadAction","target":["https:\/\/aventura-excursions.com\/rentals\/"]}]},{"@type":"WebSite","@id":"https:\/\/aventura-excursions.com\/#website","url":"https:\/\/aventura-excursions.com\/","name":"Aventura Excursions","description":"Aventura Excursions","potentialAction":[{"@type":"SearchAction","target":{"@type":"EntryPoint","urlTemplate":"https:\/\/aventura-excursions.com\/?s={search_term_string}"},"query-input":{"@type":"PropertyValueSpecification","valueRequired":true,"valueName":"search_term_string"}}],"inLanguage":"de"}]}},"_links":{"self":[{"href":"https:\/\/aventura-excursions.com\/de\/wp-json\/wp\/v2\/pages\/14","targetHints":{"allow":["GET"]}}],"collection":[{"href":"https:\/\/aventura-excursions.com\/de\/wp-json\/wp\/v2\/pages"}],"about":[{"href":"https:\/\/aventura-excursions.com\/de\/wp-json\/wp\/v2\/types\/page"}],"author":[{"embeddable":true,"href":"https:\/\/aventura-excursions.com\/de\/wp-json\/wp\/v2\/users\/1"}],"replies":[{"embeddable":true,"href":"https:\/\/aventura-excursions.com\/de\/wp-json\/wp\/v2\/comments?post=14"}],"version-history":[{"count":13,"href":"https:\/\/aventura-excursions.com\/de\/wp-json\/wp\/v2\/pages\/14\/revisions"}],"predecessor-version":[{"id":1152,"href":"https:\/\/aventura-excursions.com\/de\/wp-json\/wp\/v2\/pages\/14\/revisions\/1152"}],"wp:attachment":[{"href":"https:\/\/aventura-excursions.com\/de\/wp-json\/wp\/v2\/media?parent=14"}],"curies":[{"name":"wp","href":"https:\/\/api.w.org\/{rel}","templated":true}]}}