{"id":1111,"date":"2024-03-27T01:24:04","date_gmt":"2024-03-26T22:24:04","guid":{"rendered":"https:\/\/aventura-excursions.com\/?post_type=product&#038;p=1111"},"modified":"2024-10-22T15:20:32","modified_gmt":"2024-10-22T12:20:32","slug":"loro-park","status":"publish","type":"product","link":"https:\/\/aventura-excursions.com\/de\/produkt\/loro-park\/","title":{"rendered":"Loro Park"},"content":{"rendered":"<h3>Beschreibung<\/h3>\n<p>\nVisit one of the most famous zoos in the world!<br \/>\nLoro Park is a beautifully decorated theme park where you can have a great time with your family or friends. It offers you a full day of excitement watching animals and discovering Thai architecture and exotic plants. One of the highlights of the visit to Loro park is its shows that have brought it a world-wide fame. Orca show is number one for its popularity. People of all countries come to Tenerife to see it with their own eyes. The other 3 shows can&#8217;t be overpraised neither: sea lions, parrots and dolphins make a great impression on each visitor of their performance.<\/p>\n<p>\nVergessen Sie nicht, <strong><em>Planet Penguin<\/em><\/strong>, a place with a real iceberg that has become a home for hundreds of penguins. It is considered to be the best representation of penguins&#8217; natural habitat in the world.<\/p>\n<p>\n<strong><em>La Gruta<\/em><\/strong> entf\u00fchrt Sie in die geheime Welt der Flederm\u00e4use. Diese nachtaktiven Kreaturen leben in einer nachgebauten H\u00f6hle, die aufgrund ihrer sensiblen Natur vollst\u00e4ndig schallisoliert ist.<\/p>\n<p>\nJ\u00fcngere Besucher k\u00f6nnen ihre Zeit auch im <strong><em>Kinderlandia<\/em><\/strong>genie\u00dfen, einem Ort, der einem afrikanischen Dorf \u00e4hnelt, wo Kinder auf H\u00fctten und B\u00e4ume klettern, auf H\u00e4ngebr\u00fccken balancieren und im Dschungel spielen k\u00f6nnen.<\/p>\n<h3><\/h3>\n<h3>Sehensw\u00fcrdigkeiten<\/h3>\n<ul>\n<li>Tiershows: Orcas, Delfine, Seel\u00f6wen, Papageien<\/li>\n<li>Planet Penguin<\/li>\n<li>\u00dcber 100 Arten exotischer Pflanzen<\/li>\n<li>Aquarium mit 12 verschiedenen Ausstellungen und Tunnel mit Haien<\/li>\n<li>Die gr\u00f6\u00dfte Papageiensammlung der Welt<\/li>\n<\/ul>\n<h3>Einzelheiten<\/h3>\n<p>\n<em><strong>\u00d6ffnungszeiten:<\/strong><\/em> 09:30 \u2013 17:30<\/p>\n<p>\n <em><strong>Standort:<\/strong><\/em> Puerto de la Cruz (Norden Teneriffas)<\/p>\n<h3>Transport<\/h3>\n<p>Wenn Sie sich im S\u00fcden Teneriffas befinden, k\u00f6nnen Sie einen Transfer buchen, der Touristen von den Hotels abholt und direkt zum Loro Park f\u00e4hrt. Es gibt zwei Arten von Bussen: regul\u00e4rer Transfer und Express.<\/p>\n<p><em><strong>Der Express<\/strong> <\/em>Der Express h\u00e4lt in: H10 Costa Adeje, Duke Shop, Bahia Fa\u00f1abe Suits, CC Fa\u00f1abe Plaza, Allsun Hibiscos, Ole Tropical Playa, Best Tenerife, Columbus, Sol Tenerife, Paradise Park. Es holt Passagiere nur an 2-4 Haltestellen ab und f\u00e4hrt nach Puerto de La Cruz. Wenn Sie feststellen, dass Ihr Hotel in der N\u00e4he einer dieser Bushaltestellen liegt, w\u00e4hlen Sie besser diese Option.<\/p>\n<p>Der Rest des S\u00fcdens von Teneriffa (von Los Gigantes bis El Medano) wird durch einen <em><strong>regul\u00e4ren Transfer<\/strong><\/em> abgeholt, mit dem einzigen Unterschied, dass es l\u00e4nger dauern kann, alle Kunden abzuholen.<\/p>\n<p>Die Fahrt nach Puerto de La Cruz dauert etwa 1,5 Stunden. Die R\u00fcckfahrzeit wird im Bus bekannt gegeben. Normalerweise ist es etwa 16:30 Uhr, sodass Sie den ganzen Tag im Loro Park verbringen und alle Shows sehen k\u00f6nnen.<\/p>\n<p>Wenn Sie ein <a href=\"https:\/\/aventura-excursions.com\/de\/produkt\/rent-a-car\/\"><strong>Auto mieten<\/strong><\/a>k\u00f6nnen Sie auf eigene Faust zum Loro Park fahren. Am Eingang zum Park gibt es einen geb\u00fchrenpflichtigen Parkplatz. Seien Sie vorsichtig, in der Hochsaison ist es normalerweise um 10:00 Uhr voll.<\/p>\n<h3>Twin Ticket: zwei Parks mit Rabatt<\/h3>\n<p>M\u00f6chten Sie sowohl den Loro Park als auch den <a href=\"https:\/\/aventura-excursions.com\/de\/produkt\/siam-park\/\"><strong>Siam Park<\/strong><\/a> besuchen, einen der ber\u00fchmtesten Wasserparks der Welt? Sichern Sie sich ein erm\u00e4\u00dfigtes Twin-Ticket!<br \/>\n<br \/>Weitere Informationen finden Sie hier: <a href=\"https:\/\/aventura-excursions.com\/de\/produkt\/twin-ticket\/\"><strong>Twin ticket<\/strong><\/a><\/p>","protected":false},"excerpt":{"rendered":"<p>A visit to this world-wide famous zoo is a captivating experience to discover its lovely animals, entertaining shows and exuberant tropical vegetation. It&#8217;s a must for anyone interested in wildlife and nature.<\/p>\n<p>W\u00e4hlen Sie zun\u00e4chst eine der Optionen: nur Ticket oder Ticket + Transfer vom S\u00fcden Teneriffas.<br \/>W\u00e4hlen Sie dann die Anzahl der Erwachsenen und Kinder (3\u201311 Jahre) aus.\nDer Eintritt f\u00fcr Kleinkinder (0-2 Jahre) ist kostenfrei.<\/p>","protected":false},"featured_media":429,"template":"","meta":{"_acf_changed":false},"product_brand":[],"product_cat":[20],"product_tag":[],"class_list":{"0":"post-1111","1":"product","2":"type-product","3":"status-publish","4":"has-post-thumbnail","6":"product_cat-parks","8":"first","9":"instock","10":"shipping-taxable","11":"product-type-grouped"},"acf":[],"yoast_head":"<!-- This site is optimized with the Yoast SEO plugin v25.6 - https:\/\/yoast.com\/wordpress\/plugins\/seo\/ -->\n<title>Visit Loro Park in Tenerife - Aventura Excursions - Book Tickets Now for Best Experience!<\/title>\n<meta name=\"description\" content=\"Explore Loro Park: Check reviews, prices, and ratings. Enjoy exciting animal shows, beautiful Thai architecture, and lush tropical vegetation. Book now!\" \/>\n<meta name=\"robots\" content=\"index, follow, max-snippet:-1, max-image-preview:large, max-video-preview:-1\" \/>\n<link rel=\"canonical\" href=\"https:\/\/aventura-excursions.com\/de\/produkt\/loro-park\/\" \/>\n<meta property=\"og:locale\" content=\"de_DE\" \/>\n<meta property=\"og:type\" content=\"article\" \/>\n<meta property=\"og:title\" content=\"Visit Loro Park in Tenerife - Aventura Excursions - Book Tickets Now for Best Experience!\" \/>\n<meta property=\"og:description\" content=\"Explore Loro Park: Check reviews, prices, and ratings. Enjoy exciting animal shows, beautiful Thai architecture, and lush tropical vegetation. Book now!\" \/>\n<meta property=\"og:url\" content=\"https:\/\/aventura-excursions.com\/de\/produkt\/loro-park\/\" \/>\n<meta property=\"og:site_name\" content=\"Aventura Excursions\" \/>\n<meta property=\"article:modified_time\" content=\"2024-10-22T12:20:32+00:00\" \/>\n<meta property=\"og:image\" content=\"https:\/\/aventura-excursions.com\/wp-content\/uploads\/2023\/08\/poster-cabecera-min1.jpg\" \/>\n\t<meta property=\"og:image:width\" content=\"889\" \/>\n\t<meta property=\"og:image:height\" content=\"500\" \/>\n\t<meta property=\"og:image:type\" content=\"image\/jpeg\" \/>\n<meta name=\"twitter:card\" content=\"summary_large_image\" \/>\n<meta name=\"twitter:label1\" content=\"Gesch\u00e4tzte Lesezeit\" \/>\n\t<meta name=\"twitter:data1\" content=\"3\u00a0Minuten\" \/>\n<!-- \/ Yoast SEO plugin. -->","yoast_head_json":{"title":"Visit Loro Park in Tenerife - Aventura Excursions - Book Tickets Now for Best Experience!","description":"Explore Loro Park: Check reviews, prices, and ratings. Enjoy exciting animal shows, beautiful Thai architecture, and lush tropical vegetation. Book now!","robots":{"index":"index","follow":"follow","max-snippet":"max-snippet:-1","max-image-preview":"max-image-preview:large","max-video-preview":"max-video-preview:-1"},"canonical":"https:\/\/aventura-excursions.com\/de\/produkt\/loro-park\/","og_locale":"de_DE","og_type":"article","og_title":"Visit Loro Park in Tenerife - Aventura Excursions - Book Tickets Now for Best Experience!","og_description":"Explore Loro Park: Check reviews, prices, and ratings. Enjoy exciting animal shows, beautiful Thai architecture, and lush tropical vegetation. Book now!","og_url":"https:\/\/aventura-excursions.com\/de\/produkt\/loro-park\/","og_site_name":"Aventura Excursions","article_modified_time":"2024-10-22T12:20:32+00:00","og_image":[{"width":889,"height":500,"url":"https:\/\/aventura-excursions.com\/wp-content\/uploads\/2023\/08\/poster-cabecera-min1.jpg","type":"image\/jpeg"}],"twitter_card":"summary_large_image","twitter_misc":{"Gesch\u00e4tzte Lesezeit":"3\u00a0Minuten"},"schema":{"@context":"https:\/\/schema.org","@graph":[{"@type":"WebPage","@id":"https:\/\/aventura-excursions.com\/product\/loro-park\/","url":"https:\/\/aventura-excursions.com\/product\/loro-park\/","name":"Visit Loro Park in Tenerife - Aventura Excursions - Book Tickets Now for Best Experience!","isPartOf":{"@id":"https:\/\/aventura-excursions.com\/#website"},"primaryImageOfPage":{"@id":"https:\/\/aventura-excursions.com\/product\/loro-park\/#primaryimage"},"image":{"@id":"https:\/\/aventura-excursions.com\/product\/loro-park\/#primaryimage"},"thumbnailUrl":"https:\/\/aventura-excursions.com\/wp-content\/uploads\/2023\/08\/poster-cabecera-min1.jpg","datePublished":"2024-03-26T22:24:04+00:00","dateModified":"2024-10-22T12:20:32+00:00","description":"Explore Loro Park: Check reviews, prices, and ratings. Enjoy exciting animal shows, beautiful Thai architecture, and lush tropical vegetation. Book now!","breadcrumb":{"@id":"https:\/\/aventura-excursions.com\/product\/loro-park\/#breadcrumb"},"inLanguage":"de","potentialAction":[{"@type":"ReadAction","target":["https:\/\/aventura-excursions.com\/product\/loro-park\/"]}]},{"@type":"ImageObject","inLanguage":"de","@id":"https:\/\/aventura-excursions.com\/product\/loro-park\/#primaryimage","url":"https:\/\/aventura-excursions.com\/wp-content\/uploads\/2023\/08\/poster-cabecera-min1.jpg","contentUrl":"https:\/\/aventura-excursions.com\/wp-content\/uploads\/2023\/08\/poster-cabecera-min1.jpg","width":889,"height":500},{"@type":"BreadcrumbList","@id":"https:\/\/aventura-excursions.com\/product\/loro-park\/#breadcrumb","itemListElement":[{"@type":"ListItem","position":1,"name":"Tours","item":"https:\/\/aventura-excursions.com\/tours\/"},{"@type":"ListItem","position":2,"name":"Loro Park"}]},{"@type":"WebSite","@id":"https:\/\/aventura-excursions.com\/#website","url":"https:\/\/aventura-excursions.com\/","name":"Aventura Excursions","description":"Aventura Excursions","potentialAction":[{"@type":"SearchAction","target":{"@type":"EntryPoint","urlTemplate":"https:\/\/aventura-excursions.com\/?s={search_term_string}"},"query-input":{"@type":"PropertyValueSpecification","valueRequired":true,"valueName":"search_term_string"}}],"inLanguage":"de"}]}},"_links":{"self":[{"href":"https:\/\/aventura-excursions.com\/de\/wp-json\/wp\/v2\/product\/1111","targetHints":{"allow":["GET"]}}],"collection":[{"href":"https:\/\/aventura-excursions.com\/de\/wp-json\/wp\/v2\/product"}],"about":[{"href":"https:\/\/aventura-excursions.com\/de\/wp-json\/wp\/v2\/types\/product"}],"wp:featuredmedia":[{"embeddable":true,"href":"https:\/\/aventura-excursions.com\/de\/wp-json\/wp\/v2\/media\/429"}],"wp:attachment":[{"href":"https:\/\/aventura-excursions.com\/de\/wp-json\/wp\/v2\/media?parent=1111"}],"wp:term":[{"taxonomy":"product_brand","embeddable":true,"href":"https:\/\/aventura-excursions.com\/de\/wp-json\/wp\/v2\/product_brand?post=1111"},{"taxonomy":"product_cat","embeddable":true,"href":"https:\/\/aventura-excursions.com\/de\/wp-json\/wp\/v2\/product_cat?post=1111"},{"taxonomy":"product_tag","embeddable":true,"href":"https:\/\/aventura-excursions.com\/de\/wp-json\/wp\/v2\/product_tag?post=1111"}],"curies":[{"name":"wp","href":"https:\/\/api.w.org\/{rel}","templated":true}]}}