{"id":1113,"date":"2024-03-27T01:41:48","date_gmt":"2024-03-26T22:41:48","guid":{"rendered":"https:\/\/aventura-excursions.com\/?post_type=product&#038;p=1113"},"modified":"2025-10-19T00:04:03","modified_gmt":"2025-10-18T21:04:03","slug":"teide-masca","status":"publish","type":"product","link":"https:\/\/aventura-excursions.com\/de\/produkt\/teide-masca\/","title":{"rendered":"Teide Masca"},"content":{"rendered":"<h3>Beschreibung<\/h3>\n<p>\nEntdecken Sie die atemberaubendsten Ausblicke auf Teneriffa und besuchen Sie traditionelle kanarische D\u00f6rfer.<\/p>\n<p>First, we head to the volcano Teide, the tallest mount in Spain, and enjoy a walk in the Teide National<br \/>\nPark.<\/p>\n<p>\nDann steigen wir durch das La Orotava-Tal zur Nordk\u00fcste ab und besuchen Icod de Los Vinos mit seinem legend\u00e4ren Drachenbaum, der etwa 800 Jahre alt ist.<\/p>\n<p>\nUnser n\u00e4chster Halt ist Garachico, eine malerische Kleinstadt an der Meeresk\u00fcste, die einst ein wichtiger Hafen und die erste Hauptstadt Teneriffas war. Doch leider wurde es zweimal durch Vulkanausbr\u00fcche zerst\u00f6rt. Hier k\u00f6nnen Sie durch das historische Zentrum spazieren und nat\u00fcrliche Teiche aus getrockneter Lava bewundern. <\/p>\n<p>\nZum Abschluss unternehmen wir ein magisches Erlebnis im Masca-Tal, das einst ein Versteck f\u00fcr Piraten war. Eine atemberaubende Stra\u00dfe, ein kleines Dorf, das auf wundersame Weise zwischen den Felsen erbaut wurde, und die \u00fcppige Vegetation werden mit Sicherheit unvergessliche Erinnerungen an Ihren Aufenthalt auf Teneriffa hinterlassen.<\/p>\n<p>\n<\/p>\n<h3><\/h3>\n<h3>Sehensw\u00fcrdigkeiten<\/h3>\n<ul>\n<li>Teide-Nationalpark<\/li>\n<li>Icod de Los Vinos<\/li>\n<li>Garachico<\/li>\n<li>Masca-Tal<\/li>\n<\/ul>\n<p>\n<\/p>\n<h3>Einzelheiten<\/h3>\n<p>\n<strong><em>Abholung:<\/em><\/strong> gegen 08:00 Uhr<\/p>\n<p>\n<strong><em>Dauer:<\/em><\/strong> 9 Stunden<\/p>\n<p>\n<strong><em>Inbegriffen:<\/em><\/strong> <\/p>\n<ul>\n<li>pick up in the South from Los Gigantes to Los Cristianos and in the North from Puerto de la Cruz<\/li>\n<li>professioneller F\u00fchrer<\/li>\n<\/ul>\n<p>\n<br \/><strong><em>Nicht inbegriffen:<\/em><\/strong> Mittagessen (es wird eine Pause in einem traditionellen Restaurant geben) <\/p>\n<p>\n<br \/>\n<strong><em>Bitte beachten Sie:<\/em><\/strong> Der auf dieser Seite angezeigte Zeitplan gilt ausschlie\u00dflich f\u00fcr Touren, die auf Englisch und Spanisch durchgef\u00fchrt werden.<\/p>\n<p>\nF\u00fcr F\u00fchrungen in anderen Sprachen oder wenn Sie eine Abholung in einem nicht aufgef\u00fchrten Gebiet w\u00fcnschen, kontaktieren Sie uns bitte per E-Mail unter <a href=\"mailto:info@aventura-excursions.com\" target=\"ask__mail\">info@aventura-excursions.com<\/a> oder telefonisch unter <a href=\"tel: 34647676812\" target=\"_blank\">+34 647 67 68 12<\/a>. Unser Team wird Ihnen gerne weiterhelfen.<\/p>","protected":false},"excerpt":{"rendered":"<div>\nThe Teide Masca tour reveals breathtaking views of Mount Teide, the volcanic landscape, and the charming village of Masca, nestled amidst dramatic cliffs and known as a great example of traditional Canarian life. It is one of the &#8220;musts&#8221; of Tenerife and a memorable experience for the whole family not to be missed.<\/p>\n<p>\nW\u00e4hlen Sie zun\u00e4chst, ob Sie im S\u00fcden (Abholm\u00f6glichkeit von Los Gigantes bis Los Cristianos) oder in Puerto de la Cruz sind. W\u00e4hlen Sie die Anzahl der Erwachsenen, Kinder (2-11 Jahre) und Kleinkinder (0-1 Jahr) und dann das Ausflugdatum.\n<\/div>","protected":false},"featured_media":432,"template":"","meta":{"_acf_changed":false},"product_brand":[],"product_cat":[19],"product_tag":[],"class_list":{"0":"post-1113","1":"product","2":"type-product","3":"status-publish","4":"has-post-thumbnail","6":"product_cat-bus-excursions","8":"first","9":"instock","10":"sale","11":"shipping-taxable","12":"product-type-grouped"},"acf":[],"yoast_head":"<!-- This site is optimized with the Yoast SEO plugin v25.6 - https:\/\/yoast.com\/wordpress\/plugins\/seo\/ -->\n<title>Teide Masca Tours in Tenerife - Aventura Excursions - Book Now for Unforgettable Views!<\/title>\n<meta name=\"description\" content=\"Explore Teide Masca tours in Tenerife. Check reviews, prices, ratings. Discover stunning landscapes, traditional villages, and volcanic scenery with family\" \/>\n<meta name=\"robots\" content=\"index, follow, max-snippet:-1, max-image-preview:large, max-video-preview:-1\" \/>\n<link rel=\"canonical\" href=\"https:\/\/aventura-excursions.com\/de\/produkt\/teide-masca\/\" \/>\n<meta property=\"og:locale\" content=\"de_DE\" \/>\n<meta property=\"og:type\" content=\"article\" \/>\n<meta property=\"og:title\" content=\"Teide Masca Tours in Tenerife - Aventura Excursions - Book Now for Unforgettable Views!\" \/>\n<meta property=\"og:description\" content=\"Explore Teide Masca tours in Tenerife. Check reviews, prices, ratings. Discover stunning landscapes, traditional villages, and volcanic scenery with family\" \/>\n<meta property=\"og:url\" content=\"https:\/\/aventura-excursions.com\/de\/produkt\/teide-masca\/\" \/>\n<meta property=\"og:site_name\" content=\"Aventura Excursions\" \/>\n<meta property=\"article:modified_time\" content=\"2025-10-18T21:04:03+00:00\" \/>\n<meta property=\"og:image\" content=\"https:\/\/aventura-excursions.com\/wp-content\/uploads\/2024\/02\/el-parque-nacional-del-teide-floracion-del-tajinaste-t.jpg.webp\" \/>\n\t<meta property=\"og:image:width\" content=\"680\" \/>\n\t<meta property=\"og:image:height\" content=\"408\" \/>\n\t<meta property=\"og:image:type\" content=\"image\/webp\" \/>\n<meta name=\"twitter:card\" content=\"summary_large_image\" \/>\n<meta name=\"twitter:label1\" content=\"Gesch\u00e4tzte Lesezeit\" \/>\n\t<meta name=\"twitter:data1\" content=\"2\u00a0Minuten\" \/>\n<!-- \/ Yoast SEO plugin. -->","yoast_head_json":{"title":"Teide Masca Tours in Tenerife - Aventura Excursions - Book Now for Unforgettable Views!","description":"Explore Teide Masca tours in Tenerife. Check reviews, prices, ratings. Discover stunning landscapes, traditional villages, and volcanic scenery with family","robots":{"index":"index","follow":"follow","max-snippet":"max-snippet:-1","max-image-preview":"max-image-preview:large","max-video-preview":"max-video-preview:-1"},"canonical":"https:\/\/aventura-excursions.com\/de\/produkt\/teide-masca\/","og_locale":"de_DE","og_type":"article","og_title":"Teide Masca Tours in Tenerife - Aventura Excursions - Book Now for Unforgettable Views!","og_description":"Explore Teide Masca tours in Tenerife. Check reviews, prices, ratings. Discover stunning landscapes, traditional villages, and volcanic scenery with family","og_url":"https:\/\/aventura-excursions.com\/de\/produkt\/teide-masca\/","og_site_name":"Aventura Excursions","article_modified_time":"2025-10-18T21:04:03+00:00","og_image":[{"width":680,"height":408,"url":"https:\/\/aventura-excursions.com\/wp-content\/uploads\/2024\/02\/el-parque-nacional-del-teide-floracion-del-tajinaste-t.jpg.webp","type":"image\/webp"}],"twitter_card":"summary_large_image","twitter_misc":{"Gesch\u00e4tzte Lesezeit":"2\u00a0Minuten"},"schema":{"@context":"https:\/\/schema.org","@graph":[{"@type":"WebPage","@id":"https:\/\/aventura-excursions.com\/product\/teide-masca\/","url":"https:\/\/aventura-excursions.com\/product\/teide-masca\/","name":"Teide Masca Tours in Tenerife - Aventura Excursions - Book Now for Unforgettable Views!","isPartOf":{"@id":"https:\/\/aventura-excursions.com\/#website"},"primaryImageOfPage":{"@id":"https:\/\/aventura-excursions.com\/product\/teide-masca\/#primaryimage"},"image":{"@id":"https:\/\/aventura-excursions.com\/product\/teide-masca\/#primaryimage"},"thumbnailUrl":"https:\/\/aventura-excursions.com\/wp-content\/uploads\/2024\/02\/el-parque-nacional-del-teide-floracion-del-tajinaste-t.jpg.webp","datePublished":"2024-03-26T22:41:48+00:00","dateModified":"2025-10-18T21:04:03+00:00","description":"Explore Teide Masca tours in Tenerife. Check reviews, prices, ratings. Discover stunning landscapes, traditional villages, and volcanic scenery with family","breadcrumb":{"@id":"https:\/\/aventura-excursions.com\/product\/teide-masca\/#breadcrumb"},"inLanguage":"de","potentialAction":[{"@type":"ReadAction","target":["https:\/\/aventura-excursions.com\/product\/teide-masca\/"]}]},{"@type":"ImageObject","inLanguage":"de","@id":"https:\/\/aventura-excursions.com\/product\/teide-masca\/#primaryimage","url":"https:\/\/aventura-excursions.com\/wp-content\/uploads\/2024\/02\/el-parque-nacional-del-teide-floracion-del-tajinaste-t.jpg.webp","contentUrl":"https:\/\/aventura-excursions.com\/wp-content\/uploads\/2024\/02\/el-parque-nacional-del-teide-floracion-del-tajinaste-t.jpg.webp","width":680,"height":408},{"@type":"BreadcrumbList","@id":"https:\/\/aventura-excursions.com\/product\/teide-masca\/#breadcrumb","itemListElement":[{"@type":"ListItem","position":1,"name":"Tours","item":"https:\/\/aventura-excursions.com\/tours\/"},{"@type":"ListItem","position":2,"name":"Teide Masca"}]},{"@type":"WebSite","@id":"https:\/\/aventura-excursions.com\/#website","url":"https:\/\/aventura-excursions.com\/","name":"Aventura Excursions","description":"Aventura Excursions","potentialAction":[{"@type":"SearchAction","target":{"@type":"EntryPoint","urlTemplate":"https:\/\/aventura-excursions.com\/?s={search_term_string}"},"query-input":{"@type":"PropertyValueSpecification","valueRequired":true,"valueName":"search_term_string"}}],"inLanguage":"de"}]}},"_links":{"self":[{"href":"https:\/\/aventura-excursions.com\/de\/wp-json\/wp\/v2\/product\/1113","targetHints":{"allow":["GET"]}}],"collection":[{"href":"https:\/\/aventura-excursions.com\/de\/wp-json\/wp\/v2\/product"}],"about":[{"href":"https:\/\/aventura-excursions.com\/de\/wp-json\/wp\/v2\/types\/product"}],"wp:featuredmedia":[{"embeddable":true,"href":"https:\/\/aventura-excursions.com\/de\/wp-json\/wp\/v2\/media\/432"}],"wp:attachment":[{"href":"https:\/\/aventura-excursions.com\/de\/wp-json\/wp\/v2\/media?parent=1113"}],"wp:term":[{"taxonomy":"product_brand","embeddable":true,"href":"https:\/\/aventura-excursions.com\/de\/wp-json\/wp\/v2\/product_brand?post=1113"},{"taxonomy":"product_cat","embeddable":true,"href":"https:\/\/aventura-excursions.com\/de\/wp-json\/wp\/v2\/product_cat?post=1113"},{"taxonomy":"product_tag","embeddable":true,"href":"https:\/\/aventura-excursions.com\/de\/wp-json\/wp\/v2\/product_tag?post=1113"}],"curies":[{"name":"wp","href":"https:\/\/api.w.org\/{rel}","templated":true}]}}