{"id":1153,"date":"2024-03-30T23:16:04","date_gmt":"2024-03-30T20:16:04","guid":{"rendered":"https:\/\/aventura-excursions.com\/?post_type=product&#038;p=1153"},"modified":"2024-05-28T18:56:09","modified_gmt":"2024-05-28T15:56:09","slug":"kayaking-snorkeling","status":"publish","type":"product","link":"https:\/\/aventura-excursions.com\/de\/produkt\/kayaking-snorkeling\/","title":{"rendered":"Kayaking &#038; Snorkeling"},"content":{"rendered":"<h3>Beschreibung<\/h3>\n<p>\nEntdecken Sie den Nervenkitzel des Kajakfahrens auf Teneriffa, wo kristallklares Wasser, dramatische Vulkank\u00fcsten und atemberaubende Meereslebewesen auf Sie warten! Die Tour beginnt am Strand von Rays Bay in Los Cristianos und f\u00fchrt zu den majest\u00e4tischen Klippen von Palm Mar. Wir halten dort eine halbe Stunde an, um an dem Ort zu schnorcheln, an dem wundersch\u00f6ne kanarische Schildkr\u00f6ten leben. Wir werden eine gro\u00dfartige Gelegenheit haben, die Unterwasserwelt zu beobachten und eine Vielzahl von Meereslebewesen kennenzulernen. Wenn wir Gl\u00fcck haben, treffen wir auf dem R\u00fcckweg nach Los Cristianos auch Delfine.<\/p>\n<p>Kajakfahren ist eine gute M\u00f6glichkeit, einen Tag mit der Familie zu verbringen und den Spa\u00df dieser wunderbaren Sportart und die Sch\u00f6nheit Teneriffas zu entdecken. Es ist auch eine n\u00fctzliche Erfahrung f\u00fcr Kinder, da sie etwas \u00fcber das Leben im Meer und den Ozean lernen.<\/p>\n<p>\n<\/p>\n<h3>Sehensw\u00fcrdigkeiten<\/h3>\n<ul>\n<li>Schildkr\u00f6ten und Delfine<\/li>\n<li>Spektakul\u00e4re Aussicht auf das Meer<\/li>\n<li>Expertenteam<\/li>\n<li>Schnorcheln unter Anleitung eines erfahrenen Tauchlehrers<\/li>\n<\/ul>\n<p>\n<\/p>\n<h3>Einzelheiten<\/h3>\n<p>\nZwei Arten von Touren: nur Kajakfahren (ohne Schnorcheln) und Kajakfahren + Schnorcheln<br \/>\nAusgangspunkt: Los Cristianos<br \/>\nBeginnzeit: 10:00, 12:30, 14:00 Uhr<br \/>\nDauer: 2 Stunden im Wasser \/ 3 Stunden insgesamt<br \/>\nMaximale Kapazit\u00e4t eines Kajaks: 2 Erwachsene und 2 Kinder<br \/>\nNeoprenanzug, Schuhe, Schwimmweste, Schnorchelausr\u00fcstung inklusive<br \/>\nEssen nicht inbegriffen<\/p>\n<p>\n<\/p>\n<h3>Abholung<\/h3>\n<p>\nAbholung im S\u00fcden Teneriffas: 2 Euro pro Person<br \/>\n<br \/>Im Westen Teneriffas 15 Euro pro Auto (hin und zur\u00fcck, bis zu 8 Personen): Puerto Santiago, Playa la Arena, Alcal\u00e1 und Playa San Juan.<\/p>\n<p>\n<\/p>\n<h3>Erm\u00e4\u00dfigtes Paket: F\u00fcr Familien mit Kindern <\/h3>\n<p>\nBook a kayak tour together with a boat trip and Twin ticket to Loro and Siam parks and get a special discount for the package. It&#8217;s a perfect combination to spend your vacations in Tenerife with your family. Read more information here: <a href=\"https:\/\/aventura-excursions.com\/de\/produkt\/for-families-with-kids\/\"><strong><em>F\u00fcr Familien mit Kindern<\/em><\/strong><\/a><\/p>","protected":false},"excerpt":{"rendered":"<div>\nJoin us for an unforgettable kayak tour along the island&#8217;s breathtaking coastline, where you might even spot dolphins and sea turtles.<\/p>\n<p>W\u00e4hlen Sie eine Kajaktour mit oder ohne Schnorcheln, die Anzahl der Erwachsenen und Kinder (6\u201310 Jahre) und das Datum. Bitte w\u00e4hlen Sie den Transport aus, wenn Sie abgeholt werden m\u00fcssen.\n<\/div>","protected":false},"featured_media":1156,"template":"","meta":{"_acf_changed":false},"product_brand":[],"product_cat":[21],"product_tag":[124,128,127,130,122,125,129,123,126],"class_list":{"0":"post-1153","1":"product","2":"type-product","3":"status-publish","4":"has-post-thumbnail","6":"product_cat-activities","7":"product_tag-canoe-tenerife","8":"product_tag-kayak-excursion-tenerife","9":"product_tag-kayak-palmmar","10":"product_tag-kayak-school-los-cristianos","11":"product_tag-kayak-tenerife","12":"product_tag-kayak-tours-los-cristianos","13":"product_tag-kayak-with-kids-tenerife","14":"product_tag-kayaking-tenerife","15":"product_tag-snorkeling-with-turtles","17":"first","18":"instock","19":"sale","20":"shipping-taxable","21":"product-type-grouped"},"acf":[],"yoast_head":"<!-- This site is optimized with the Yoast SEO plugin v25.6 - https:\/\/yoast.com\/wordpress\/plugins\/seo\/ -->\n<title>Kayaking &amp; Snorkeling in Tenerife - Aventura Excursions | Book Your Adventure Today!<\/title>\n<meta name=\"description\" content=\"Join our Kayaking &amp; Snorkeling tour in Tenerife! Check reviews, prices, and ratings. Spot dolphins and turtles. Book now for an unforgettable experience!\" \/>\n<meta name=\"robots\" content=\"index, follow, max-snippet:-1, max-image-preview:large, max-video-preview:-1\" \/>\n<link rel=\"canonical\" href=\"https:\/\/aventura-excursions.com\/de\/produkt\/kayaking-snorkeling\/\" \/>\n<meta property=\"og:locale\" content=\"de_DE\" \/>\n<meta property=\"og:type\" content=\"article\" \/>\n<meta property=\"og:title\" content=\"Kayaking &amp; Snorkeling in Tenerife - Aventura Excursions | Book Your Adventure Today!\" \/>\n<meta property=\"og:description\" content=\"Join our Kayaking &amp; Snorkeling tour in Tenerife! Check reviews, prices, and ratings. Spot dolphins and turtles. Book now for an unforgettable experience!\" \/>\n<meta property=\"og:url\" content=\"https:\/\/aventura-excursions.com\/de\/produkt\/kayaking-snorkeling\/\" \/>\n<meta property=\"og:site_name\" content=\"Aventura Excursions\" \/>\n<meta property=\"article:modified_time\" content=\"2024-05-28T15:56:09+00:00\" \/>\n<meta property=\"og:image\" content=\"https:\/\/aventura-excursions.com\/wp-content\/uploads\/2024\/03\/1T0A0418.jpg\" \/>\n\t<meta property=\"og:image:width\" content=\"960\" \/>\n\t<meta property=\"og:image:height\" content=\"640\" \/>\n\t<meta property=\"og:image:type\" content=\"image\/jpeg\" \/>\n<meta name=\"twitter:card\" content=\"summary_large_image\" \/>\n<meta name=\"twitter:label1\" content=\"Gesch\u00e4tzte Lesezeit\" \/>\n\t<meta name=\"twitter:data1\" content=\"2\u00a0Minuten\" \/>\n<!-- \/ Yoast SEO plugin. -->","yoast_head_json":{"title":"Kayaking & Snorkeling in Tenerife - Aventura Excursions | Book Your Adventure Today!","description":"Join our Kayaking & Snorkeling tour in Tenerife! Check reviews, prices, and ratings. Spot dolphins and turtles. Book now for an unforgettable experience!","robots":{"index":"index","follow":"follow","max-snippet":"max-snippet:-1","max-image-preview":"max-image-preview:large","max-video-preview":"max-video-preview:-1"},"canonical":"https:\/\/aventura-excursions.com\/de\/produkt\/kayaking-snorkeling\/","og_locale":"de_DE","og_type":"article","og_title":"Kayaking & Snorkeling in Tenerife - Aventura Excursions | Book Your Adventure Today!","og_description":"Join our Kayaking & Snorkeling tour in Tenerife! Check reviews, prices, and ratings. Spot dolphins and turtles. Book now for an unforgettable experience!","og_url":"https:\/\/aventura-excursions.com\/de\/produkt\/kayaking-snorkeling\/","og_site_name":"Aventura Excursions","article_modified_time":"2024-05-28T15:56:09+00:00","og_image":[{"width":960,"height":640,"url":"https:\/\/aventura-excursions.com\/wp-content\/uploads\/2024\/03\/1T0A0418.jpg","type":"image\/jpeg"}],"twitter_card":"summary_large_image","twitter_misc":{"Gesch\u00e4tzte Lesezeit":"2\u00a0Minuten"},"schema":{"@context":"https:\/\/schema.org","@graph":[{"@type":"WebPage","@id":"https:\/\/aventura-excursions.com\/product\/kayaking-snorkeling\/","url":"https:\/\/aventura-excursions.com\/product\/kayaking-snorkeling\/","name":"Kayaking & Snorkeling in Tenerife - Aventura Excursions | Book Your Adventure Today!","isPartOf":{"@id":"https:\/\/aventura-excursions.com\/#website"},"primaryImageOfPage":{"@id":"https:\/\/aventura-excursions.com\/product\/kayaking-snorkeling\/#primaryimage"},"image":{"@id":"https:\/\/aventura-excursions.com\/product\/kayaking-snorkeling\/#primaryimage"},"thumbnailUrl":"https:\/\/aventura-excursions.com\/wp-content\/uploads\/2024\/03\/1T0A0418.jpg","datePublished":"2024-03-30T20:16:04+00:00","dateModified":"2024-05-28T15:56:09+00:00","description":"Join our Kayaking & Snorkeling tour in Tenerife! Check reviews, prices, and ratings. Spot dolphins and turtles. Book now for an unforgettable experience!","breadcrumb":{"@id":"https:\/\/aventura-excursions.com\/product\/kayaking-snorkeling\/#breadcrumb"},"inLanguage":"de","potentialAction":[{"@type":"ReadAction","target":["https:\/\/aventura-excursions.com\/product\/kayaking-snorkeling\/"]}]},{"@type":"ImageObject","inLanguage":"de","@id":"https:\/\/aventura-excursions.com\/product\/kayaking-snorkeling\/#primaryimage","url":"https:\/\/aventura-excursions.com\/wp-content\/uploads\/2024\/03\/1T0A0418.jpg","contentUrl":"https:\/\/aventura-excursions.com\/wp-content\/uploads\/2024\/03\/1T0A0418.jpg","width":960,"height":640},{"@type":"BreadcrumbList","@id":"https:\/\/aventura-excursions.com\/product\/kayaking-snorkeling\/#breadcrumb","itemListElement":[{"@type":"ListItem","position":1,"name":"Tours","item":"https:\/\/aventura-excursions.com\/tours\/"},{"@type":"ListItem","position":2,"name":"Kayaking &#038; Snorkeling"}]},{"@type":"WebSite","@id":"https:\/\/aventura-excursions.com\/#website","url":"https:\/\/aventura-excursions.com\/","name":"Aventura Excursions","description":"Aventura Excursions","potentialAction":[{"@type":"SearchAction","target":{"@type":"EntryPoint","urlTemplate":"https:\/\/aventura-excursions.com\/?s={search_term_string}"},"query-input":{"@type":"PropertyValueSpecification","valueRequired":true,"valueName":"search_term_string"}}],"inLanguage":"de"}]}},"_links":{"self":[{"href":"https:\/\/aventura-excursions.com\/de\/wp-json\/wp\/v2\/product\/1153","targetHints":{"allow":["GET"]}}],"collection":[{"href":"https:\/\/aventura-excursions.com\/de\/wp-json\/wp\/v2\/product"}],"about":[{"href":"https:\/\/aventura-excursions.com\/de\/wp-json\/wp\/v2\/types\/product"}],"wp:featuredmedia":[{"embeddable":true,"href":"https:\/\/aventura-excursions.com\/de\/wp-json\/wp\/v2\/media\/1156"}],"wp:attachment":[{"href":"https:\/\/aventura-excursions.com\/de\/wp-json\/wp\/v2\/media?parent=1153"}],"wp:term":[{"taxonomy":"product_brand","embeddable":true,"href":"https:\/\/aventura-excursions.com\/de\/wp-json\/wp\/v2\/product_brand?post=1153"},{"taxonomy":"product_cat","embeddable":true,"href":"https:\/\/aventura-excursions.com\/de\/wp-json\/wp\/v2\/product_cat?post=1153"},{"taxonomy":"product_tag","embeddable":true,"href":"https:\/\/aventura-excursions.com\/de\/wp-json\/wp\/v2\/product_tag?post=1153"}],"curies":[{"name":"wp","href":"https:\/\/api.w.org\/{rel}","templated":true}]}}