{"id":1166,"date":"2024-03-31T02:04:40","date_gmt":"2024-03-30T23:04:40","guid":{"rendered":"https:\/\/aventura-excursions.com\/?post_type=product&#038;p=1166"},"modified":"2024-05-29T16:52:10","modified_gmt":"2024-05-29T13:52:10","slug":"stand-up-paddle","status":"publish","type":"product","link":"https:\/\/aventura-excursions.com\/de\/produkt\/stand-up-paddle\/","title":{"rendered":"Stand-Up-Paddle"},"content":{"rendered":"<h3>Beschreibung<\/h3>\n<p>\nWillkommen in einer neuen \u00c4ra des Wassersports mit STANDUP PADDLE! Wir bieten Ihnen ein einzigartiges Abenteuer an der K\u00fcste von Los Cristianos. Dieser aufregende Sport hat die Herzen von Menschen auf der ganzen Welt erobert und jetzt haben Sie die M\u00f6glichkeit, uns auf dieser aufregenden Reise zu begleiten. Paddleboarding kann im Stehen, Knien oder Sitzen durchgef\u00fchrt werden. W\u00e4hrend der Paddleboard-Fahrt beobachten wir die wundersch\u00f6ne K\u00fcste Teneriffas.<\/p>\n<p>\nEine SUP-Lektion dauert 2 Stunden: eine Stunde mit einem Lehrer, der Ihnen Paddeltechniken beibringt, und eine Stunde Freizeit, in der Sie Ihre neuen F\u00e4higkeiten \u00fcben und gleichzeitig die sch\u00f6ne Aussicht genie\u00dfen. F\u00fcr Paare gibt es einen Sonderrabatt. Fortgeschrittene Surfer oder G\u00e4ste, die unsere Ausbildung abgeschlossen haben, k\u00f6nnen ein Board mieten.<\/p>\n<p>\n<\/p>\n<h3>Sehensw\u00fcrdigkeiten<\/h3>\n<ul>\n<li>F\u00fcr alle Niveaus<\/li>\n<li>Einer der besten Spots f\u00fcr SUP<\/li>\n<li>Spektakul\u00e4re Aussicht auf das Meer<\/li>\n<\/ul>\n<p>\n<\/p>\n<h3>Einzelheiten<\/h3>\n<p>\nAusgangspunkt: Los Cristianos<br \/>\nBeginnzeit: 10:00, 12:30, 15:00 Uhr<br \/>\nDauer: 2 Stunden<br \/>\nOptionen: Unterricht f\u00fcr Anf\u00e4nger und Vermieten des Boards f\u00fcr erfahrene Paddler<\/p>\n<p>\n<\/p>\n<h3>Transport<\/h3>\n<p>\nDie Abholung im S\u00fcden Teneriffas kostet 2 Euro pro Person: von Callao Salvaje nach El M\u00e9dano.<br \/>\nAbholung in Puerto Santiago, Playa la Arena: 15 Euro f\u00fcr das Auto (max. 8 Personen). <\/p>","protected":false},"excerpt":{"rendered":"<div>\nDieses aufregende Abenteuer vor der K\u00fcste von Los Cristianos hat die Herzen vieler G\u00e4ste der Insel erobert. Und jetzt haben Sie die M\u00f6glichkeit, an einer SUP-Stunde bei uns teilzunehmen. Keine Erfahrung? Kein Problem! Unsere erfahrenen Instruktoren bieten leicht verst\u00e4ndliche Anleitungen und sorgen daf\u00fcr, dass Sie sich auf dem Wasser sicher und wohl f\u00fchlen.<\/p>\n<p>\n<br \/>\nWenn Sie keine\/geringe Erfahrung haben, w\u00e4hlen Sie bitte eine Lektion f\u00fcr 1 oder 2 Personen.<br \/>\nWenn Sie fortgeschrittene SUP-Experten sind und sich im Meer sicher f\u00fchlen, k\u00f6nnen Sie das Board f\u00fcr 2 Stunden mieten.\n<\/div>","protected":false},"featured_media":1171,"template":"","meta":{"_acf_changed":false},"product_brand":[],"product_cat":[21],"product_tag":[],"class_list":{"0":"post-1166","1":"product","2":"type-product","3":"status-publish","4":"has-post-thumbnail","6":"product_cat-activities","8":"first","9":"instock","10":"sale","11":"shipping-taxable","12":"product-type-grouped"},"acf":[],"yoast_head":"<!-- This site is optimized with the Yoast SEO plugin v25.6 - https:\/\/yoast.com\/wordpress\/plugins\/seo\/ -->\n<title>Stand Up Paddle in Tenerife - Aventura Excursions Book Your SUP Adventure Today!<\/title>\n<meta name=\"description\" content=\"Join our Stand Up Paddle tours in Tenerife. Check reviews, prices, and ratings for the best SUP lessons and rentals. Perfect for all skill levels.\" \/>\n<meta name=\"robots\" content=\"index, follow, max-snippet:-1, max-image-preview:large, max-video-preview:-1\" \/>\n<link rel=\"canonical\" href=\"https:\/\/aventura-excursions.com\/de\/produkt\/stand-up-paddle\/\" \/>\n<meta property=\"og:locale\" content=\"de_DE\" \/>\n<meta property=\"og:type\" content=\"article\" \/>\n<meta property=\"og:title\" content=\"Stand Up Paddle in Tenerife - Aventura Excursions Book Your SUP Adventure Today!\" \/>\n<meta property=\"og:description\" content=\"Join our Stand Up Paddle tours in Tenerife. Check reviews, prices, and ratings for the best SUP lessons and rentals. Perfect for all skill levels.\" \/>\n<meta property=\"og:url\" content=\"https:\/\/aventura-excursions.com\/de\/produkt\/stand-up-paddle\/\" \/>\n<meta property=\"og:site_name\" content=\"Aventura Excursions\" \/>\n<meta property=\"article:modified_time\" content=\"2024-05-29T13:52:10+00:00\" \/>\n<meta property=\"og:image\" content=\"https:\/\/aventura-excursions.com\/wp-content\/uploads\/2024\/03\/IMG_221577.jpg\" \/>\n\t<meta property=\"og:image:width\" content=\"930\" \/>\n\t<meta property=\"og:image:height\" content=\"692\" \/>\n\t<meta property=\"og:image:type\" content=\"image\/jpeg\" \/>\n<meta name=\"twitter:card\" content=\"summary_large_image\" \/>\n<meta name=\"twitter:label1\" content=\"Gesch\u00e4tzte Lesezeit\" \/>\n\t<meta name=\"twitter:data1\" content=\"2\u00a0Minuten\" \/>\n<!-- \/ Yoast SEO plugin. -->","yoast_head_json":{"title":"Stand Up Paddle in Tenerife - Aventura Excursions Book Your SUP Adventure Today!","description":"Join our Stand Up Paddle tours in Tenerife. Check reviews, prices, and ratings for the best SUP lessons and rentals. Perfect for all skill levels.","robots":{"index":"index","follow":"follow","max-snippet":"max-snippet:-1","max-image-preview":"max-image-preview:large","max-video-preview":"max-video-preview:-1"},"canonical":"https:\/\/aventura-excursions.com\/de\/produkt\/stand-up-paddle\/","og_locale":"de_DE","og_type":"article","og_title":"Stand Up Paddle in Tenerife - Aventura Excursions Book Your SUP Adventure Today!","og_description":"Join our Stand Up Paddle tours in Tenerife. Check reviews, prices, and ratings for the best SUP lessons and rentals. Perfect for all skill levels.","og_url":"https:\/\/aventura-excursions.com\/de\/produkt\/stand-up-paddle\/","og_site_name":"Aventura Excursions","article_modified_time":"2024-05-29T13:52:10+00:00","og_image":[{"width":930,"height":692,"url":"https:\/\/aventura-excursions.com\/wp-content\/uploads\/2024\/03\/IMG_221577.jpg","type":"image\/jpeg"}],"twitter_card":"summary_large_image","twitter_misc":{"Gesch\u00e4tzte Lesezeit":"2\u00a0Minuten"},"schema":{"@context":"https:\/\/schema.org","@graph":[{"@type":"WebPage","@id":"https:\/\/aventura-excursions.com\/product\/stand-up-paddle\/","url":"https:\/\/aventura-excursions.com\/product\/stand-up-paddle\/","name":"Stand Up Paddle in Tenerife - Aventura Excursions Book Your SUP Adventure Today!","isPartOf":{"@id":"https:\/\/aventura-excursions.com\/#website"},"primaryImageOfPage":{"@id":"https:\/\/aventura-excursions.com\/product\/stand-up-paddle\/#primaryimage"},"image":{"@id":"https:\/\/aventura-excursions.com\/product\/stand-up-paddle\/#primaryimage"},"thumbnailUrl":"https:\/\/aventura-excursions.com\/wp-content\/uploads\/2024\/03\/IMG_221577.jpg","datePublished":"2024-03-30T23:04:40+00:00","dateModified":"2024-05-29T13:52:10+00:00","description":"Join our Stand Up Paddle tours in Tenerife. Check reviews, prices, and ratings for the best SUP lessons and rentals. Perfect for all skill levels.","breadcrumb":{"@id":"https:\/\/aventura-excursions.com\/product\/stand-up-paddle\/#breadcrumb"},"inLanguage":"de","potentialAction":[{"@type":"ReadAction","target":["https:\/\/aventura-excursions.com\/product\/stand-up-paddle\/"]}]},{"@type":"ImageObject","inLanguage":"de","@id":"https:\/\/aventura-excursions.com\/product\/stand-up-paddle\/#primaryimage","url":"https:\/\/aventura-excursions.com\/wp-content\/uploads\/2024\/03\/IMG_221577.jpg","contentUrl":"https:\/\/aventura-excursions.com\/wp-content\/uploads\/2024\/03\/IMG_221577.jpg","width":930,"height":692},{"@type":"BreadcrumbList","@id":"https:\/\/aventura-excursions.com\/product\/stand-up-paddle\/#breadcrumb","itemListElement":[{"@type":"ListItem","position":1,"name":"Tours","item":"https:\/\/aventura-excursions.com\/tours\/"},{"@type":"ListItem","position":2,"name":"Stand Up Paddle"}]},{"@type":"WebSite","@id":"https:\/\/aventura-excursions.com\/#website","url":"https:\/\/aventura-excursions.com\/","name":"Aventura Excursions","description":"Aventura Excursions","potentialAction":[{"@type":"SearchAction","target":{"@type":"EntryPoint","urlTemplate":"https:\/\/aventura-excursions.com\/?s={search_term_string}"},"query-input":{"@type":"PropertyValueSpecification","valueRequired":true,"valueName":"search_term_string"}}],"inLanguage":"de"}]}},"_links":{"self":[{"href":"https:\/\/aventura-excursions.com\/de\/wp-json\/wp\/v2\/product\/1166","targetHints":{"allow":["GET"]}}],"collection":[{"href":"https:\/\/aventura-excursions.com\/de\/wp-json\/wp\/v2\/product"}],"about":[{"href":"https:\/\/aventura-excursions.com\/de\/wp-json\/wp\/v2\/types\/product"}],"wp:featuredmedia":[{"embeddable":true,"href":"https:\/\/aventura-excursions.com\/de\/wp-json\/wp\/v2\/media\/1171"}],"wp:attachment":[{"href":"https:\/\/aventura-excursions.com\/de\/wp-json\/wp\/v2\/media?parent=1166"}],"wp:term":[{"taxonomy":"product_brand","embeddable":true,"href":"https:\/\/aventura-excursions.com\/de\/wp-json\/wp\/v2\/product_brand?post=1166"},{"taxonomy":"product_cat","embeddable":true,"href":"https:\/\/aventura-excursions.com\/de\/wp-json\/wp\/v2\/product_cat?post=1166"},{"taxonomy":"product_tag","embeddable":true,"href":"https:\/\/aventura-excursions.com\/de\/wp-json\/wp\/v2\/product_tag?post=1166"}],"curies":[{"name":"wp","href":"https:\/\/api.w.org\/{rel}","templated":true}]}}