{"id":1210,"date":"2024-04-01T17:01:05","date_gmt":"2024-04-01T14:01:05","guid":{"rendered":"https:\/\/aventura-excursions.com\/?post_type=product&#038;p=1210"},"modified":"2024-07-24T16:30:11","modified_gmt":"2024-07-24T13:30:11","slug":"diving-courses","status":"publish","type":"product","link":"https:\/\/aventura-excursions.com\/de\/produkt\/diving-courses\/","title":{"rendered":"Tauchkurse"},"content":{"rendered":"<div>\n<p><h3>Beschreibung<\/h3>\n<p>\nUnsere Tauchschule arbeitet mit den gr\u00f6\u00dften und bekanntesten Tauchverb\u00e4nden SSI und PADI zusammen. Wenn Sie einen Kurs bei uns absolvieren, erhalten Sie ein Zertifikat, das in jedem Tauchzentrum der Welt problemlos anerkannt wird, egal wo Sie tauchen m\u00f6chten. Ein Tauchkurs ist ein aufregendes Abenteuer, das Ihnen die T\u00fcr zu einer anderen Welt \u00f6ffnen wird.<\/p>\n<p><\/p>\n<h3>Sehensw\u00fcrdigkeiten<\/h3>\n<ul>\n<li>Kurse und Spezialkurse bis zum Divemaster<\/li>\n<li>Professionelle Tauchlehrer<\/li>\n<li>Elearning und praktische Ausbildung<\/li>\n<li>Moderne und gepflegte Ausr\u00fcstung<\/li>\n<\/ul>\n<p><\/p>\n<h3>Einzelheiten<\/h3>\n<p>\nStandort: Los Cristianos \/ Puerto Colon<br \/>\nBeginn: 09:00 Uhr<br \/>\nAusr\u00fcstung, Versicherung, Tauchschein inklusive<br \/>\nSSI- und PADI-Kurse<\/p>\n<p>\nDie Abholung im S\u00fcden Teneriffas kostet 2 Euro pro Person: von Callao Salvaje nach El M\u00e9dano.<br \/>\nAbholung in Puerto Santiago, Playa la Arena: 15 Euro f\u00fcr das Auto (max. 8 Personen).<\/p>\n<p><\/p>\n<h3>Open Water Diver<\/h3>\n<p>\nDieser Kurs ist der erste Schritt und der ber\u00fchmteste Tauchkurs der Welt. Mit dem OWD-Zertifikat k\u00f6nnen Sie \u00fcberall auf der Welt mit einem Partner bis zu einer Tiefe von 18 Metern tauchen. Der Kurs dauert 2 Tage und besteht aus 3 Teilen:<\/p>\n<p>\n&#8211; Theory (elearning): you will learn the equipment, safety basics and basic rules on how to move underwater. You can comfortably complete this part at home a few days before the course starts, from your computer.<\/p>\n<p>\n&#8211; Underwater and surface exercises: these exercises will help you to feel confident underwater and to cope with the different types of problems that can occur during a dive.<\/p>\n<p>\n&#8211; Once we have finished the exercises, we will make 4 dives, during which we will continue to practice everything we have learned before.<\/p>\n<p class=\" translation-block\"><strong>Dauer:<\/strong> 2-3 Tage<br>\n<strong>Anforderungen:<\/strong> keiner<br>\n<strong>Mindestalter:<\/strong> 10 Jahre<\/p>\n<p><\/p>\n<h3>Scuba Diver<\/h3>\n<p>\nIf you don&#8217;t have enough time to complete the full Open Water course, you can opt for the PADI\/SSI Scuba Diver course, which is a shortened version of the OWD course and only takes 1 day. You can then upgrade your license to Open Water Diver at any PADI dive center in the world. The Scuba Diver license allows you to dive to depths of up to 12 meters.<\/p>\n<p>\n<strong>Dauer:<\/strong> 1-2 Tage<br \/>\n<strong>Anforderungen:<\/strong> keiner<br \/>\n<strong>Mindestalter:<\/strong> 10 Jahre<\/p>\n<p><\/p>\n<h3>Advanced Open Water Diver<\/h3>\n<p>\nDies ist ein Fortgeschrittenenkurs f\u00fcr diejenigen, die bereits \u00fcber ein OWD oder ein gleichwertiges Zertifikat verf\u00fcgen. W\u00e4hrend des Kurses werden 5 Tauchg\u00e4nge durchgef\u00fchrt, bei denen wir verschiedene Fertigkeiten \u00fcben. Nach Abschluss des AOWD-Kurses darf ein Taucher bis zu einer Tiefe von 30 Metern tauchen. Sie k\u00f6nnen diesen Kurs mit anderen geplanten Tauchg\u00e4ngen kombinieren, um Ihre F\u00e4higkeiten zu verbessern. Sie k\u00f6nnen sich f\u00fcr den Kurs anmelden, sobald Sie den OWD-Kurs abgeschlossen haben.<\/p>\n<p>\n<strong>Dauer:<\/strong> 2-3 Tage<br \/>\n<strong>Anforderungen:<\/strong> OWD-Zertifikat<br \/>\n<strong>Mindestalter:<\/strong> 10 Jahre<\/p>\n<p><\/p>\n<h3>Night Diver<\/h3>\n<p>\nNachts k\u00f6nnen Taucher sehen, was ihnen bei Tageslicht verborgen bleibt. Bei Nachttauchg\u00e4ngen beobachten wir das Verhalten der Tiere, das sich mit Einbruch der Dunkelheit \u00e4ndert. Im Nachttauchkurs bringen wir Ihnen bei, wie Sie bei eingeschr\u00e4nkten Sichtverh\u00e4ltnissen sicher und bequem tauchen k\u00f6nnen. Der Kurs beinhaltet eine Theoriestunde und 3 Nachttauchg\u00e4nge im Meer.<\/p>\n<p>\n<strong>Dauer:<\/strong> 3 Tage<br \/>\n<strong>Anforderungen:<\/strong> OWD-Zertifikat<br \/>\n<strong>Mindestalter:<\/strong> 18 Jahre<\/p>\n<p><\/p>\n<h3>Wreck Diver<\/h3>\n<p>\nWracktauchen ist f\u00fcr viele Taucher auf der ganzen Welt zu einer Leidenschaft geworden. Unter Wasser k\u00f6nnen wir Schiffe, Flugzeuge, Panzer, Autos und Bagger erkunden. In diesem Kurs lernen Sie, wie Sie sicher zu Wracks tauchen und diese durchdringen. Die Ausbildung umfasst Theorie und 4 Tauchg\u00e4nge in der N\u00e4he des Wracks.<\/p>\n<p>\n<strong>Dauer:<\/strong> 2 Tage<br \/>\n<strong>Anforderungen:<\/strong> OWD-Zertifikat<br \/>\n<strong>Mindestalter:<\/strong> 15 Jahre<\/p>\n<p><\/p>\n<h3>Deep Diver<\/h3>\n<p>\nDeep Diver ist eine Spezialit\u00e4t f\u00fcr AOWD-Taucher, die es Ihnen erm\u00f6glicht, Ihre F\u00e4higkeiten zu verbessern und bis zu 40 Meter tief zu tauchen. Dies ist die maximal zul\u00e4ssige Tiefe f\u00fcr Sporttauchen. W\u00e4hrend des Deep Diver-Spezialkurses lernen Sie die physiologischen Auswirkungen, Planungsverfahren und Ausr\u00fcstungsspezifika kennen. Sie erlernen Techniken zum Gasmanagement, den Umgang mit potenziellen Gefahren und Notf\u00e4llen. Im Kurspreis sind 4 Meerestauchg\u00e4nge enthalten.<\/p>\n<p>\n<strong>Dauer:<\/strong> 2 Tage<br \/>\n<strong>Anforderungen: <\/strong>AOWD-Zertifikat<br \/>\n<strong>Mindestalter:<\/strong> 15 Jahre\n<\/div>","protected":false},"excerpt":{"rendered":"<div>\n<p>\nBetreten Sie die Welt des Ger\u00e4tetauchens und absolvieren Sie einen Kurs bei uns. Unsere Lehrprogramme decken alle Niveaus ab, von grundlegenden Tauchfertigkeiten bis hin zu speziellen Techniken wie Nacht- und Wracktauchen und dem professionellen Niveau eines Divemasters.<\/p>\n<p><\/p>\n<p>W\u00e4hlen Sie den Kurs und bei Bedarf zus\u00e4tzliche Optionen aus: Bilder, Abholung im S\u00fcden von Teneriffa oder Playa la Arena. W\u00e4hlen Sie dann das Datum f\u00fcr den Kursbeginn aus.<\/p>\n<\/div>","protected":false},"featured_media":1213,"template":"","meta":{"_acf_changed":false},"product_brand":[],"product_cat":[21],"product_tag":[],"class_list":{"0":"post-1210","1":"product","2":"type-product","3":"status-publish","4":"has-post-thumbnail","6":"product_cat-activities","8":"first","9":"instock","10":"sale","11":"shipping-taxable","12":"product-type-grouped"},"acf":[],"yoast_head":"<!-- This site is optimized with the Yoast SEO plugin v25.6 - https:\/\/yoast.com\/wordpress\/plugins\/seo\/ -->\n<title>Diving Courses - Aventura Excursions in Tenerife | Learn to Dive | PADI or SSI | Book now<\/title>\n<meta name=\"description\" content=\"Discover scuba diving in Tenerife! From basic skills to advanced PADI and SSI certifications. Check prices, reviews, and book your diving course today!\" \/>\n<meta name=\"robots\" content=\"index, follow, max-snippet:-1, max-image-preview:large, max-video-preview:-1\" \/>\n<link rel=\"canonical\" href=\"https:\/\/aventura-excursions.com\/de\/produkt\/diving-courses\/\" \/>\n<meta property=\"og:locale\" content=\"de_DE\" \/>\n<meta property=\"og:type\" content=\"article\" \/>\n<meta property=\"og:title\" content=\"Diving Courses - Aventura Excursions in Tenerife | Learn to Dive | PADI or SSI | Book now\" \/>\n<meta property=\"og:description\" content=\"Discover scuba diving in Tenerife! From basic skills to advanced PADI and SSI certifications. Check prices, reviews, and book your diving course today!\" \/>\n<meta property=\"og:url\" content=\"https:\/\/aventura-excursions.com\/de\/produkt\/diving-courses\/\" \/>\n<meta property=\"og:site_name\" content=\"Aventura Excursions\" \/>\n<meta property=\"article:modified_time\" content=\"2024-07-24T13:30:11+00:00\" \/>\n<meta property=\"og:image\" content=\"https:\/\/aventura-excursions.com\/wp-content\/uploads\/2024\/04\/21106856_737374579784137_766626476876553897_n.jpg\" \/>\n\t<meta property=\"og:image:width\" content=\"960\" \/>\n\t<meta property=\"og:image:height\" content=\"640\" \/>\n\t<meta property=\"og:image:type\" content=\"image\/jpeg\" \/>\n<meta name=\"twitter:card\" content=\"summary_large_image\" \/>\n<meta name=\"twitter:label1\" content=\"Gesch\u00e4tzte Lesezeit\" \/>\n\t<meta name=\"twitter:data1\" content=\"4\u00a0Minuten\" \/>\n<!-- \/ Yoast SEO plugin. -->","yoast_head_json":{"title":"Diving Courses - Aventura Excursions in Tenerife | Learn to Dive | PADI or SSI | Book now","description":"Discover scuba diving in Tenerife! From basic skills to advanced PADI and SSI certifications. Check prices, reviews, and book your diving course today!","robots":{"index":"index","follow":"follow","max-snippet":"max-snippet:-1","max-image-preview":"max-image-preview:large","max-video-preview":"max-video-preview:-1"},"canonical":"https:\/\/aventura-excursions.com\/de\/produkt\/diving-courses\/","og_locale":"de_DE","og_type":"article","og_title":"Diving Courses - Aventura Excursions in Tenerife | Learn to Dive | PADI or SSI | Book now","og_description":"Discover scuba diving in Tenerife! From basic skills to advanced PADI and SSI certifications. Check prices, reviews, and book your diving course today!","og_url":"https:\/\/aventura-excursions.com\/de\/produkt\/diving-courses\/","og_site_name":"Aventura Excursions","article_modified_time":"2024-07-24T13:30:11+00:00","og_image":[{"width":960,"height":640,"url":"https:\/\/aventura-excursions.com\/wp-content\/uploads\/2024\/04\/21106856_737374579784137_766626476876553897_n.jpg","type":"image\/jpeg"}],"twitter_card":"summary_large_image","twitter_misc":{"Gesch\u00e4tzte Lesezeit":"4\u00a0Minuten"},"schema":{"@context":"https:\/\/schema.org","@graph":[{"@type":"WebPage","@id":"https:\/\/aventura-excursions.com\/product\/diving-courses\/","url":"https:\/\/aventura-excursions.com\/product\/diving-courses\/","name":"Diving Courses - Aventura Excursions in Tenerife | Learn to Dive | PADI or SSI | Book now","isPartOf":{"@id":"https:\/\/aventura-excursions.com\/#website"},"primaryImageOfPage":{"@id":"https:\/\/aventura-excursions.com\/product\/diving-courses\/#primaryimage"},"image":{"@id":"https:\/\/aventura-excursions.com\/product\/diving-courses\/#primaryimage"},"thumbnailUrl":"https:\/\/aventura-excursions.com\/wp-content\/uploads\/2024\/04\/21106856_737374579784137_766626476876553897_n.jpg","datePublished":"2024-04-01T14:01:05+00:00","dateModified":"2024-07-24T13:30:11+00:00","description":"Discover scuba diving in Tenerife! From basic skills to advanced PADI and SSI certifications. Check prices, reviews, and book your diving course today!","breadcrumb":{"@id":"https:\/\/aventura-excursions.com\/product\/diving-courses\/#breadcrumb"},"inLanguage":"de","potentialAction":[{"@type":"ReadAction","target":["https:\/\/aventura-excursions.com\/product\/diving-courses\/"]}]},{"@type":"ImageObject","inLanguage":"de","@id":"https:\/\/aventura-excursions.com\/product\/diving-courses\/#primaryimage","url":"https:\/\/aventura-excursions.com\/wp-content\/uploads\/2024\/04\/21106856_737374579784137_766626476876553897_n.jpg","contentUrl":"https:\/\/aventura-excursions.com\/wp-content\/uploads\/2024\/04\/21106856_737374579784137_766626476876553897_n.jpg","width":960,"height":640},{"@type":"BreadcrumbList","@id":"https:\/\/aventura-excursions.com\/product\/diving-courses\/#breadcrumb","itemListElement":[{"@type":"ListItem","position":1,"name":"Tours","item":"https:\/\/aventura-excursions.com\/tours\/"},{"@type":"ListItem","position":2,"name":"Diving Courses"}]},{"@type":"WebSite","@id":"https:\/\/aventura-excursions.com\/#website","url":"https:\/\/aventura-excursions.com\/","name":"Aventura Excursions","description":"Aventura Excursions","potentialAction":[{"@type":"SearchAction","target":{"@type":"EntryPoint","urlTemplate":"https:\/\/aventura-excursions.com\/?s={search_term_string}"},"query-input":{"@type":"PropertyValueSpecification","valueRequired":true,"valueName":"search_term_string"}}],"inLanguage":"de"}]}},"_links":{"self":[{"href":"https:\/\/aventura-excursions.com\/de\/wp-json\/wp\/v2\/product\/1210","targetHints":{"allow":["GET"]}}],"collection":[{"href":"https:\/\/aventura-excursions.com\/de\/wp-json\/wp\/v2\/product"}],"about":[{"href":"https:\/\/aventura-excursions.com\/de\/wp-json\/wp\/v2\/types\/product"}],"wp:featuredmedia":[{"embeddable":true,"href":"https:\/\/aventura-excursions.com\/de\/wp-json\/wp\/v2\/media\/1213"}],"wp:attachment":[{"href":"https:\/\/aventura-excursions.com\/de\/wp-json\/wp\/v2\/media?parent=1210"}],"wp:term":[{"taxonomy":"product_brand","embeddable":true,"href":"https:\/\/aventura-excursions.com\/de\/wp-json\/wp\/v2\/product_brand?post=1210"},{"taxonomy":"product_cat","embeddable":true,"href":"https:\/\/aventura-excursions.com\/de\/wp-json\/wp\/v2\/product_cat?post=1210"},{"taxonomy":"product_tag","embeddable":true,"href":"https:\/\/aventura-excursions.com\/de\/wp-json\/wp\/v2\/product_tag?post=1210"}],"curies":[{"name":"wp","href":"https:\/\/api.w.org\/{rel}","templated":true}]}}