{"id":1407,"date":"2024-04-20T18:50:37","date_gmt":"2024-04-20T15:50:37","guid":{"rendered":"https:\/\/aventura-excursions.com\/?post_type=product&#038;p=1407"},"modified":"2025-09-10T15:53:34","modified_gmt":"2025-09-10T12:53:34","slug":"musts-of-tenerife","status":"publish","type":"product","link":"https:\/\/aventura-excursions.com\/de\/produkt\/musts-of-tenerife\/","title":{"rendered":"Paket \u201eMusts von Teneriffa\u201c"},"content":{"rendered":"<h3>Touren im Paket enthalten<\/h3>\n<ul>\n<li><strong><em><a href=\"https:\/\/aventura-excursions.com\/de\/produkt\/twin-ticket\/\">Doppelticket:<\/a><\/em><\/strong> Loro Park (Tierpark) + Siam Park (Wasserpark)<\/li>\n<li><strong><em><a href=\"https:\/\/aventura-excursions.com\/de\/produkt\/teide-masca\/\">Teide Masca:<\/a><\/em><\/strong> Gef\u00fchrte Bustour (Vulkan Teide, Masca-Tal)<\/li>\n<li><strong><em><a href=\"https:\/\/aventura-excursions.com\/de\/produkt\/snorkeling\/\">Schnorcheln 50 Min:<\/a><\/em><\/strong> Bootsausflug<\/li>\n<p>\n<\/p>\n<h3>Beschreibung<\/h3>\n<p>\nExperience the ultimate Tenerife adventure! Visit <strong><em><a href=\"https:\/\/aventura-excursions.com\/de\/produkt\/siam-park\/\">Siam Park<\/a><\/em><\/strong> und <strong><em><a href=\"https:\/\/aventura-excursions.com\/de\/produkt\/loro-park\/\">Loro Park<\/a><\/em><\/strong> (Europe&#8217;s most famous attractions), go on a <strong><em><a href=\"https:\/\/aventura-excursions.com\/de\/produkt\/teide-masca\/\">Teide Masca<\/a><\/em><\/strong> tour (majestic heights of Teide, the National Park, breathtaking Masca valley) and do <strong><em><a href=\"https:\/\/aventura-excursions.com\/de\/produkt\/snorkeling\/\">snorkeling by boat<\/a><\/em><\/strong> . These are a very popular choice of tours to do in Tenerife and we have joined them into this fantastic package so that you could explore Tenerife at a better price and visit the must-see places.<\/p>\n<p>\nSie k\u00f6nnen dieses Paket auf 4 verschiedene Tage in der von Ihnen gew\u00fcnschten Reihenfolge verteilen. Bei der Buchung w\u00e4hlen Sie den Tag aus, an dem das Paket beginnen soll. Sp\u00e4ter vereinbaren wir mit Ihnen die Tage aller im Paket enthaltenen Touren.<\/p>\n<p>\nBook this package and do the &#8220;musts&#8221; of Tenerife!<\/p>\n<p>\n<\/p>\n<h3>Einzelheiten<\/h3>\n<p>\n<strong><em>Siam Park<\/em><\/strong><\/p>\n<p>\n\u00d6ffnungszeiten im Sommer: 10:00 \u2013 18:00 Uhr<br \/>\nWinter opening hours: 10:00 &#8211; 17:00<br \/>\nStandort: im S\u00fcden von Teneriffa<\/p>\n<p>\n<strong><em>Loro Park<\/em><\/strong><\/p>\n<p>\n\u00d6ffnungszeiten: 09:30 \u2013 17:30 Uhr <br \/>\nStandort: im Norden von Teneriffa<\/p>\n<p>\n<strong><em>Teide Masca<\/em><\/strong><\/p>\n<p>\nBeginn: ca. 08:00 Uhr<br \/>\nDauer: 9 Stunden <br \/>\nEs gibt einen Halt in einem traditionellen Restaurant<br \/>\nEssen nicht inbegriffen<\/p>\n<p>\n<strong><em>Schnorcheln vom Boot<\/em><\/strong><\/p>\n<p>\nDauer: 2 Stunden (Schnorcheln 50 Minuten) <br \/>\nBeginn: 09:00, 12:00 Uhr <br \/>\nMindestalter: 6 Jahre <br \/>\nIm Lieferumfang enthaltene Ausr\u00fcstung: Schnorchelausr\u00fcstung, Neoprenanz\u00fcge und -stiefel, bei Bedarf Westen<br \/>\nOrt: Puerto Colon, S\u00fcden von Teneriffa<\/p>\n<h3>Transport<\/h3>\n<p>\n<strong><em>Loro- und Siam-Parks<\/em><\/strong><\/p>\n<p>Um Ihnen die Planung Ihres Besuchs zu erleichtern, bieten wir einen Siam-Bus von Puerto de la Cruz und einen Loro-Bus von den s\u00fcdlichen Touristend\u00f6rfern (Las Americas, Los Cristianos usw.) an.<\/p>\n<p>Buchen Sie <strong>Paket \u201eMusts von Teneriffa\u201c + Siam-Bus<\/strong>, wenn Sie in Puerto de La Cruz \u00fcbernachten.<br \/>\n<br \/>Buchen Sie <strong>Paket \u201eMusts von Teneriffa\u201c + Loro-Bus<\/strong>, wenn Sie im S\u00fcden bleiben.<\/p>\n<p> Im S\u00fcden gibt es einen kostenlosen Siam-Shuttlebus.<\/p>\n<p class=\" translation-block\">Sie k\u00f6nnen bei uns auch ein <a href=\"https:\/\/aventura-excursions.com\/de\/produkt\/rent-a-car\/\" target=\"_self\"><strong><em>Auto mieten<\/em><\/strong><\/a> und auf eigene Faust in die Parks fahren. Die einzige Unannehmlichkeit k\u00f6nnte aufgrund der hohen Beliebtheit beider Parks der volle Parkplatz sein.<\/p>\n<p>\n<strong><em>Teide Masca<\/em><\/strong><\/p>\n<p>\nDer Bus holt Sie von jedem touristischen Gebiet auf Teneriffa (im S\u00fcden und Norden) ab.<\/p>\n<p>\n<strong><em>Schnorcheln vom Boot<\/em><\/strong><\/p>\n<p>\nDer Abholpreis betr\u00e4gt im S\u00fcden Teneriffas 4 Euro pro Person.<\/p>","protected":false},"excerpt":{"rendered":"<div>\n<p>\nBesuchen Sie den Loro Park und den Siam Park, erkunden Sie den legend\u00e4ren Teide mit dem Masca-Tal und beobachten Sie das Unterwasserleben beim Schnorcheln vom Boot aus! Eine perfekte Kombination, um Teneriffa zu entdecken! <\/p>\n<p>\n<br \/>\nW\u00e4hlen Sie zun\u00e4chst, ob Sie nur ein Ticket kaufen m\u00f6chten oder einen Transfer zu einem der Parks ben\u00f6tigen. Wenn Sie im Norden sind, w\u00e4hlen Sie das Paket \u201eMusts von Teneriffa\u201c + Siam-Bus. Wenn Sie im S\u00fcden sind, w\u00e4hlen Sie das Paket \u201eMusts von Teneriffa\u201c + Loro-Bus.<\/p>\n<p>W\u00e4hlen Sie dann die Anzahl der Erwachsenen und Kinder. Und schlie\u00dflich w\u00e4hlen Sie den Tag aus, an dem Sie mit dem Paket beginnen m\u00f6chten. Wir werden Sie kontaktieren, um die Tage und Stunden f\u00fcr jede Tour zu vereinbaren.\n<\/p><\/div>","protected":false},"featured_media":1557,"template":"","meta":{"_acf_changed":false},"product_brand":[],"product_cat":[142],"product_tag":[],"class_list":{"0":"post-1407","1":"product","2":"type-product","3":"status-publish","4":"has-post-thumbnail","6":"product_cat-special-offers","8":"first","9":"instock","10":"sale","11":"shipping-taxable","12":"product-type-grouped"},"acf":[],"yoast_head":"<!-- This site is optimized with the Yoast SEO plugin v25.6 - https:\/\/yoast.com\/wordpress\/plugins\/seo\/ -->\n<title>Musts of Tenerife with Aventura Excursions - Best Tours and activities<\/title>\n<meta name=\"description\" content=\"Explore Tenerife: visit Loro Park, Siam Park, Teide Masca, and snorkel with turtles. Check reviews, prices, and ratings. Book now for the best experience!\" \/>\n<meta name=\"robots\" content=\"index, follow, max-snippet:-1, max-image-preview:large, max-video-preview:-1\" \/>\n<link rel=\"canonical\" href=\"https:\/\/aventura-excursions.com\/de\/produkt\/musts-of-tenerife\/\" \/>\n<meta property=\"og:locale\" content=\"de_DE\" \/>\n<meta property=\"og:type\" content=\"article\" \/>\n<meta property=\"og:title\" content=\"Musts of Tenerife with Aventura Excursions - Best Tours and activities\" \/>\n<meta property=\"og:description\" content=\"Explore Tenerife: visit Loro Park, Siam Park, Teide Masca, and snorkel with turtles. Check reviews, prices, and ratings. Book now for the best experience!\" \/>\n<meta property=\"og:url\" content=\"https:\/\/aventura-excursions.com\/de\/produkt\/musts-of-tenerife\/\" \/>\n<meta property=\"og:site_name\" content=\"Aventura Excursions\" \/>\n<meta property=\"article:modified_time\" content=\"2025-09-10T12:53:34+00:00\" \/>\n<meta property=\"og:image\" content=\"https:\/\/aventura-excursions.com\/wp-content\/uploads\/2024\/04\/mot2.jpg\" \/>\n\t<meta property=\"og:image:width\" content=\"980\" \/>\n\t<meta property=\"og:image:height\" content=\"760\" \/>\n\t<meta property=\"og:image:type\" content=\"image\/jpeg\" \/>\n<meta name=\"twitter:card\" content=\"summary_large_image\" \/>\n<meta name=\"twitter:label1\" content=\"Gesch\u00e4tzte Lesezeit\" \/>\n\t<meta name=\"twitter:data1\" content=\"2\u00a0Minuten\" \/>\n<!-- \/ Yoast SEO plugin. -->","yoast_head_json":{"title":"Musts of Tenerife with Aventura Excursions - Best Tours and activities","description":"Explore Tenerife: visit Loro Park, Siam Park, Teide Masca, and snorkel with turtles. Check reviews, prices, and ratings. Book now for the best experience!","robots":{"index":"index","follow":"follow","max-snippet":"max-snippet:-1","max-image-preview":"max-image-preview:large","max-video-preview":"max-video-preview:-1"},"canonical":"https:\/\/aventura-excursions.com\/de\/produkt\/musts-of-tenerife\/","og_locale":"de_DE","og_type":"article","og_title":"Musts of Tenerife with Aventura Excursions - Best Tours and activities","og_description":"Explore Tenerife: visit Loro Park, Siam Park, Teide Masca, and snorkel with turtles. Check reviews, prices, and ratings. Book now for the best experience!","og_url":"https:\/\/aventura-excursions.com\/de\/produkt\/musts-of-tenerife\/","og_site_name":"Aventura Excursions","article_modified_time":"2025-09-10T12:53:34+00:00","og_image":[{"width":980,"height":760,"url":"https:\/\/aventura-excursions.com\/wp-content\/uploads\/2024\/04\/mot2.jpg","type":"image\/jpeg"}],"twitter_card":"summary_large_image","twitter_misc":{"Gesch\u00e4tzte Lesezeit":"2\u00a0Minuten"},"schema":{"@context":"https:\/\/schema.org","@graph":[{"@type":"WebPage","@id":"https:\/\/aventura-excursions.com\/product\/musts-of-tenerife\/","url":"https:\/\/aventura-excursions.com\/product\/musts-of-tenerife\/","name":"Musts of Tenerife with Aventura Excursions - Best Tours and activities","isPartOf":{"@id":"https:\/\/aventura-excursions.com\/#website"},"primaryImageOfPage":{"@id":"https:\/\/aventura-excursions.com\/product\/musts-of-tenerife\/#primaryimage"},"image":{"@id":"https:\/\/aventura-excursions.com\/product\/musts-of-tenerife\/#primaryimage"},"thumbnailUrl":"https:\/\/aventura-excursions.com\/wp-content\/uploads\/2024\/04\/mot2.jpg","datePublished":"2024-04-20T15:50:37+00:00","dateModified":"2025-09-10T12:53:34+00:00","description":"Explore Tenerife: visit Loro Park, Siam Park, Teide Masca, and snorkel with turtles. Check reviews, prices, and ratings. Book now for the best experience!","breadcrumb":{"@id":"https:\/\/aventura-excursions.com\/product\/musts-of-tenerife\/#breadcrumb"},"inLanguage":"de","potentialAction":[{"@type":"ReadAction","target":["https:\/\/aventura-excursions.com\/product\/musts-of-tenerife\/"]}]},{"@type":"ImageObject","inLanguage":"de","@id":"https:\/\/aventura-excursions.com\/product\/musts-of-tenerife\/#primaryimage","url":"https:\/\/aventura-excursions.com\/wp-content\/uploads\/2024\/04\/mot2.jpg","contentUrl":"https:\/\/aventura-excursions.com\/wp-content\/uploads\/2024\/04\/mot2.jpg","width":980,"height":760},{"@type":"BreadcrumbList","@id":"https:\/\/aventura-excursions.com\/product\/musts-of-tenerife\/#breadcrumb","itemListElement":[{"@type":"ListItem","position":1,"name":"Tours","item":"https:\/\/aventura-excursions.com\/tours\/"},{"@type":"ListItem","position":2,"name":"Musts of Tenerife"}]},{"@type":"WebSite","@id":"https:\/\/aventura-excursions.com\/#website","url":"https:\/\/aventura-excursions.com\/","name":"Aventura Excursions","description":"Aventura Excursions","potentialAction":[{"@type":"SearchAction","target":{"@type":"EntryPoint","urlTemplate":"https:\/\/aventura-excursions.com\/?s={search_term_string}"},"query-input":{"@type":"PropertyValueSpecification","valueRequired":true,"valueName":"search_term_string"}}],"inLanguage":"de"}]}},"_links":{"self":[{"href":"https:\/\/aventura-excursions.com\/de\/wp-json\/wp\/v2\/product\/1407","targetHints":{"allow":["GET"]}}],"collection":[{"href":"https:\/\/aventura-excursions.com\/de\/wp-json\/wp\/v2\/product"}],"about":[{"href":"https:\/\/aventura-excursions.com\/de\/wp-json\/wp\/v2\/types\/product"}],"wp:featuredmedia":[{"embeddable":true,"href":"https:\/\/aventura-excursions.com\/de\/wp-json\/wp\/v2\/media\/1557"}],"wp:attachment":[{"href":"https:\/\/aventura-excursions.com\/de\/wp-json\/wp\/v2\/media?parent=1407"}],"wp:term":[{"taxonomy":"product_brand","embeddable":true,"href":"https:\/\/aventura-excursions.com\/de\/wp-json\/wp\/v2\/product_brand?post=1407"},{"taxonomy":"product_cat","embeddable":true,"href":"https:\/\/aventura-excursions.com\/de\/wp-json\/wp\/v2\/product_cat?post=1407"},{"taxonomy":"product_tag","embeddable":true,"href":"https:\/\/aventura-excursions.com\/de\/wp-json\/wp\/v2\/product_tag?post=1407"}],"curies":[{"name":"wp","href":"https:\/\/api.w.org\/{rel}","templated":true}]}}