{"id":1438,"date":"2024-04-23T01:22:51","date_gmt":"2024-04-22T22:22:51","guid":{"rendered":"https:\/\/aventura-excursions.com\/?post_type=product&#038;p=1438"},"modified":"2025-09-10T15:37:55","modified_gmt":"2025-09-10T12:37:55","slug":"adrenaline-pack","status":"publish","type":"product","link":"https:\/\/aventura-excursions.com\/de\/produkt\/adrenaline-pack\/","title":{"rendered":"Adrenalin-Paket"},"content":{"rendered":"<h3>Touren im Paket enthalten<\/h3>\n<ul>\n<li><a href=\"https:\/\/aventura-excursions.com\/de\/produkt\/diving-for-beginners\/\"><strong><em>Schnuppertauchen 40 Minuten<\/em><\/strong><\/a><\/li>\n<li><a href=\"https:\/\/aventura-excursions.com\/de\/produkt\/kayaking-snorkeling\/\"><strong><em>Kajakfahren + Schnorcheln<\/em><\/strong><\/a><\/li>\n<li><a href=\"https:\/\/aventura-excursions.com\/de\/produkt\/paragliding\/\"><strong><em>Gleitschirmfliegen:<\/em><\/strong><\/a> Silberner\/Goldener\/Platin Flug<\/li>\n<\/ul>\n<p>\n<\/p>\n<h3>Beschreibung<\/h3>\n<p class=\" translation-block\">Lust auf einen aktiven Urlaub auf Teneriffa? Sie sind auf der richtigen Seite! Dieses Adrenalinpaket wird Ihnen die Emotionen bescheren, die Sie suchen. <strong><em><a href=\"https:\/\/aventura-excursions.com\/de\/produkt\/try-dive\/\" target=\"_self\">Tauchen<\/a><\/em><\/strong>, <strong><em><a href=\"https:\/\/aventura-excursions.com\/de\/produkt\/kayaking-snorkeling\/\" target=\"_self\">Kajakfahren<\/a><\/em><\/strong> und <strong><em><a href=\"https:\/\/aventura-excursions.com\/de\/produkt\/paragliding\/\" target=\"_self\">Gleitschirmfliegen<\/a><\/em><\/strong> sind die beliebtesten Aktivit\u00e4ten auf unserer Insel und wir freuen uns, Ihnen mitteilen zu k\u00f6nnen, dass Sie alle davon mit einem Rabatt buchen k\u00f6nnen. Es gibt 3 Optionen f\u00fcr Gleitschirmfl\u00fcge, die Sie w\u00e4hlen k\u00f6nnen, um das Adrenalinpaket mit einem 40-min\u00fctigen Schnuppertauchgang und einer Kajaktour + Schnorcheln zusammenzustellen.<\/p>\n<p>\nSie k\u00f6nnen w\u00e4hlen, ob Sie das Paket in 2 oder 3 Tagen absolvieren m\u00f6chten (auf Wunsch k\u00f6nnen Sie auch am selben Tag Kajak fahren und tauchen). Die Termine sind v\u00f6llig flexibel, wir passen uns Ihren Bed\u00fcrfnissen an.<\/p>\n<p>\nHolen Sie sich Adrenalin und coole Erinnerungen an Ihre Abenteuer auf Teneriffa!<\/p>\n<p>\n<\/p>\n<h3>Einzelheiten<\/h3>\n<p>\n<strong>Schnuppertauchen 40 Min<\/strong><br \/>\nDauer: insgesamt 2,5 Stunden<br \/>\nBeginn: 10:00, 12:30, 15:00<br \/>\nMindestalter: 8 Jahre<br \/>\nStandort: Los Christianos<\/p>\n<p>\n<strong>Kajakfahren + Schnorcheln<\/strong><br \/>\nDauer: 1,5 Stunden Kajakfahren + 30 Minuten Schnorcheln<br \/>\nBeginn: 10:00, 12:30, 14:00<br \/>\nMindestalter: 6 Jahre<br \/>\nStandort: Los Christianos<\/p>\n<p>\n<strong>Gleitschirmfliegen<\/strong><br \/>\nDauer: insgesamt 2 Stunden<br \/>\nSilver Flight &#8211; 10-20 min<br \/>\nGolden Flight &#8211; 20-25 min<br \/>\nPlatinum Flight &#8211; 25-30 min (also includes acrobatic maneuvers)<br \/>\nBeginn: 10:00, 12:00, 14:00, 16:00<br \/>\nMaximales Gewicht: 110 kg<br \/>\nStandort: S\u00fcdlich von Teneriffa, Landung am Strand von La Caleta<\/p>\n<p>\n<\/p>\n<h3>Transport<\/h3>\n<p>\nDie Abholung f\u00fcr Tauchen und Kajakfahren kostet 4 Euro pro Person: von Callao Salvaje nach Golf del Sur.<br \/>\nAbholung in Puerto Santiago, Playa la Arena, El Medano: 15 Euro f\u00fcr das Auto (max. 8 Personen). <\/p>\n<p>\nDie Abholung zum Paragliding ist im S\u00fcden Teneriffas kostenlos.<\/p>","protected":false},"excerpt":{"rendered":"<div>\n<p>Ein tolles Abenteuer f\u00fcr alle Abenteuerlustigen! Schnuppertauchen 40 Minuten, Kajakfahren mit Schnorcheln und Gleitschirmflug erwarten Sie.<\/p>\n<p>\nMindestalter: 8 Jahre<\/p>\n<p>\nW\u00e4hlen Sie das Paket entsprechend dem gew\u00fcnschten Flug: Silberner, Goldener oder Platin.<br \/>\nW\u00e4hlen Sie dann den ersten Tag des Pakets aus.<br \/>Sobald wir Ihre Buchung erhalten haben, werden wir Sie kontaktieren und den Zeitplan f\u00fcr alle drei Touren vereinbaren.\n<\/div>","protected":false},"featured_media":1594,"template":"","meta":{"_acf_changed":false},"product_brand":[],"product_cat":[142],"product_tag":[],"class_list":{"0":"post-1438","1":"product","2":"type-product","3":"status-publish","4":"has-post-thumbnail","6":"product_cat-special-offers","8":"first","9":"instock","10":"sale","11":"shipping-taxable","12":"product-type-grouped"},"acf":[],"yoast_head":"<!-- This site is optimized with the Yoast SEO plugin v25.6 - https:\/\/yoast.com\/wordpress\/plugins\/seo\/ -->\n<title>Adrenaline Pack in Tenerife | Diving, Kayaking &amp; Paragliding - Book<\/title>\n<meta name=\"description\" content=\"Book the Adrenaline Pack in Tenerife! Includes diving, kayaking, and paragliding. Check prices and book now for an unforgettable adventure!\" \/>\n<meta name=\"robots\" content=\"index, follow, max-snippet:-1, max-image-preview:large, max-video-preview:-1\" \/>\n<link rel=\"canonical\" href=\"https:\/\/aventura-excursions.com\/de\/produkt\/adrenaline-pack\/\" \/>\n<meta property=\"og:locale\" content=\"de_DE\" \/>\n<meta property=\"og:type\" content=\"article\" \/>\n<meta property=\"og:title\" content=\"Adrenaline Pack in Tenerife | Diving, Kayaking &amp; Paragliding - Book\" \/>\n<meta property=\"og:description\" content=\"Book the Adrenaline Pack in Tenerife! Includes diving, kayaking, and paragliding. Check prices and book now for an unforgettable adventure!\" \/>\n<meta property=\"og:url\" content=\"https:\/\/aventura-excursions.com\/de\/produkt\/adrenaline-pack\/\" \/>\n<meta property=\"og:site_name\" content=\"Aventura Excursions\" \/>\n<meta property=\"article:modified_time\" content=\"2025-09-10T12:37:55+00:00\" \/>\n<meta property=\"og:image\" content=\"https:\/\/aventura-excursions.com\/wp-content\/uploads\/2024\/04\/pack.jpg\" \/>\n\t<meta property=\"og:image:width\" content=\"800\" \/>\n\t<meta property=\"og:image:height\" content=\"600\" \/>\n\t<meta property=\"og:image:type\" content=\"image\/jpeg\" \/>\n<meta name=\"twitter:card\" content=\"summary_large_image\" \/>\n<meta name=\"twitter:label1\" content=\"Gesch\u00e4tzte Lesezeit\" \/>\n\t<meta name=\"twitter:data1\" content=\"2\u00a0Minuten\" \/>\n<!-- \/ Yoast SEO plugin. -->","yoast_head_json":{"title":"Adrenaline Pack in Tenerife | Diving, Kayaking & Paragliding - Book","description":"Book the Adrenaline Pack in Tenerife! Includes diving, kayaking, and paragliding. Check prices and book now for an unforgettable adventure!","robots":{"index":"index","follow":"follow","max-snippet":"max-snippet:-1","max-image-preview":"max-image-preview:large","max-video-preview":"max-video-preview:-1"},"canonical":"https:\/\/aventura-excursions.com\/de\/produkt\/adrenaline-pack\/","og_locale":"de_DE","og_type":"article","og_title":"Adrenaline Pack in Tenerife | Diving, Kayaking & Paragliding - Book","og_description":"Book the Adrenaline Pack in Tenerife! Includes diving, kayaking, and paragliding. Check prices and book now for an unforgettable adventure!","og_url":"https:\/\/aventura-excursions.com\/de\/produkt\/adrenaline-pack\/","og_site_name":"Aventura Excursions","article_modified_time":"2025-09-10T12:37:55+00:00","og_image":[{"width":800,"height":600,"url":"https:\/\/aventura-excursions.com\/wp-content\/uploads\/2024\/04\/pack.jpg","type":"image\/jpeg"}],"twitter_card":"summary_large_image","twitter_misc":{"Gesch\u00e4tzte Lesezeit":"2\u00a0Minuten"},"schema":{"@context":"https:\/\/schema.org","@graph":[{"@type":"WebPage","@id":"https:\/\/aventura-excursions.com\/product\/adrenaline-pack\/","url":"https:\/\/aventura-excursions.com\/product\/adrenaline-pack\/","name":"Adrenaline Pack in Tenerife | Diving, Kayaking & Paragliding - Book","isPartOf":{"@id":"https:\/\/aventura-excursions.com\/#website"},"primaryImageOfPage":{"@id":"https:\/\/aventura-excursions.com\/product\/adrenaline-pack\/#primaryimage"},"image":{"@id":"https:\/\/aventura-excursions.com\/product\/adrenaline-pack\/#primaryimage"},"thumbnailUrl":"https:\/\/aventura-excursions.com\/wp-content\/uploads\/2024\/04\/pack.jpg","datePublished":"2024-04-22T22:22:51+00:00","dateModified":"2025-09-10T12:37:55+00:00","description":"Book the Adrenaline Pack in Tenerife! Includes diving, kayaking, and paragliding. Check prices and book now for an unforgettable adventure!","breadcrumb":{"@id":"https:\/\/aventura-excursions.com\/product\/adrenaline-pack\/#breadcrumb"},"inLanguage":"de","potentialAction":[{"@type":"ReadAction","target":["https:\/\/aventura-excursions.com\/product\/adrenaline-pack\/"]}]},{"@type":"ImageObject","inLanguage":"de","@id":"https:\/\/aventura-excursions.com\/product\/adrenaline-pack\/#primaryimage","url":"https:\/\/aventura-excursions.com\/wp-content\/uploads\/2024\/04\/pack.jpg","contentUrl":"https:\/\/aventura-excursions.com\/wp-content\/uploads\/2024\/04\/pack.jpg","width":800,"height":600},{"@type":"BreadcrumbList","@id":"https:\/\/aventura-excursions.com\/product\/adrenaline-pack\/#breadcrumb","itemListElement":[{"@type":"ListItem","position":1,"name":"Tours","item":"https:\/\/aventura-excursions.com\/tours\/"},{"@type":"ListItem","position":2,"name":"Adrenaline Pack"}]},{"@type":"WebSite","@id":"https:\/\/aventura-excursions.com\/#website","url":"https:\/\/aventura-excursions.com\/","name":"Aventura Excursions","description":"Aventura Excursions","potentialAction":[{"@type":"SearchAction","target":{"@type":"EntryPoint","urlTemplate":"https:\/\/aventura-excursions.com\/?s={search_term_string}"},"query-input":{"@type":"PropertyValueSpecification","valueRequired":true,"valueName":"search_term_string"}}],"inLanguage":"de"}]}},"_links":{"self":[{"href":"https:\/\/aventura-excursions.com\/de\/wp-json\/wp\/v2\/product\/1438","targetHints":{"allow":["GET"]}}],"collection":[{"href":"https:\/\/aventura-excursions.com\/de\/wp-json\/wp\/v2\/product"}],"about":[{"href":"https:\/\/aventura-excursions.com\/de\/wp-json\/wp\/v2\/types\/product"}],"wp:featuredmedia":[{"embeddable":true,"href":"https:\/\/aventura-excursions.com\/de\/wp-json\/wp\/v2\/media\/1594"}],"wp:attachment":[{"href":"https:\/\/aventura-excursions.com\/de\/wp-json\/wp\/v2\/media?parent=1438"}],"wp:term":[{"taxonomy":"product_brand","embeddable":true,"href":"https:\/\/aventura-excursions.com\/de\/wp-json\/wp\/v2\/product_brand?post=1438"},{"taxonomy":"product_cat","embeddable":true,"href":"https:\/\/aventura-excursions.com\/de\/wp-json\/wp\/v2\/product_cat?post=1438"},{"taxonomy":"product_tag","embeddable":true,"href":"https:\/\/aventura-excursions.com\/de\/wp-json\/wp\/v2\/product_tag?post=1438"}],"curies":[{"name":"wp","href":"https:\/\/api.w.org\/{rel}","templated":true}]}}