{"id":1439,"date":"2024-04-23T01:25:32","date_gmt":"2024-04-22T22:25:32","guid":{"rendered":"https:\/\/aventura-excursions.com\/?post_type=product&#038;p=1439"},"modified":"2025-09-16T15:45:21","modified_gmt":"2025-09-16T12:45:21","slug":"water-package","status":"publish","type":"product","link":"https:\/\/aventura-excursions.com\/de\/produkt\/water-package\/","title":{"rendered":"Wasserpaket f\u00fcr 2"},"content":{"rendered":"<h3>Touren im Paket enthalten<\/h3>\n<ul>\n<li><a href=\"https:\/\/aventura-excursions.com\/de\/produkt\/jet-ski-safari\/\"><strong><em>Jet-Ski-Safari:<\/em><\/strong><\/a> gef\u00fchrte Tour<\/li>\n<li><a href=\"https:\/\/aventura-excursions.com\/de\/produkt\/stand-up-paddle\/\"><strong><em>Stand-Up-Paddle:<\/em><\/strong><\/a> Unterricht mit einem Lehrer<\/li>\n<\/ul>\n<p>\n<\/p>\n<h3>Beschreibung<\/h3>\n<p class=\" translation-block\">Ein Paket f\u00fcr Meeresentdecker! Wir haben ein Sonderangebot mit <strong><em><a href=\"https:\/\/aventura-excursions.com\/de\/produkt\/jet-ski-safari\/\" target=\"_self\">Jet-Ski-Safari<\/a><\/em><\/strong> und <strong><em><a href=\"https:\/\/aventura-excursions.com\/de\/produkt\/stand-up-paddle\/\" target=\"_self\">Stand-Up-Paddle<\/a><\/em><\/strong> f\u00fcr zwei Personen. Genie\u00dfen Sie zwei beliebte Aktivit\u00e4ten auf Teneriffa und buchen Sie diese mit einem Rabatt.<\/p>\n<p>Sie k\u00f6nnen beide Aktivit\u00e4ten an einem Tag oder an zwei verschiedenen Tagen durchf\u00fchren. Die Termine und Zeiten sind flexibel. Nachdem Sie die Buchung vorgenommen haben, werden wir Sie kontaktieren, um die Daten und Zeiten der Jet-Ski-Safari und des Stand-Up-Paddles zu vereinbaren.<\/p>\n<p>Tauchen Sie ein in die Sch\u00f6nheit der Natur! <\/p>\n<p>\n<\/p>\n<h3>Einzelheiten<\/h3>\n<p>\n<strong>Jet Ski<\/strong><\/p>\n<p>\nDauer: 1 oder 2 Stunden<br \/>\nBeginn: 10:00, 12:00, 14:00, 16:00 <br \/>\nMindestgr\u00f6\u00dfe: 120 cm <br \/>\nMaximum weight: single jet ski &#8211; 120 kg, double jet ski &#8211; 160 kg <br \/>\nHafen: Las Galletas<\/p>\n<p>\n<br \/>\n<strong>Stand-Up-Paddle<\/strong><\/p>\n<p>\nDauer: 2 Stunden<br \/>\nBeginn: 10:00, 12:00, 14:00 <br \/>\nMindestalter: 10 Jahre <br \/>\nStandort: Los Christianos<\/p>\n<h3>Transport<\/h3>\n<p>\n<strong>Jet Ski<\/strong>: kostenlose Abholung von Los Cristianos, Las Americas, Costa Adeje<\/p>\n<p>\n<strong>Stand-Up-Paddle<\/strong>: die Abholung im S\u00fcden Teneriffas 4 Euro pro Person<\/p>\n<p>\nWenn Sie in Puerto de la Cruz \u00fcbernachten, k\u00f6nnen wir gegen eine zus\u00e4tzliche Geb\u00fchr eine Abholung von Ihrem Hotel arrangieren.<\/p>","protected":false},"excerpt":{"rendered":"<div>\n<p>Genie\u00dfen Sie aufregende Jetski-Fahrten und Paddleboarding im Meer! Buchen Sie unser Wasserpaket f\u00fcr zwei Personen und zahlen Sie weniger!  <\/p>\n<p>\n<br \/>\nW\u00e4hlen Sie Ihre bevorzugte Option und dann das Datum der ersten Tour. Nach Erhalt der Buchung vereinbaren wir mit Ihnen die Daten und Zeiten f\u00fcr beide Touren.<\/p>\n<\/div>","protected":false},"featured_media":1442,"template":"","meta":{"_acf_changed":false},"product_brand":[],"product_cat":[142],"product_tag":[],"class_list":{"0":"post-1439","1":"product","2":"type-product","3":"status-publish","4":"has-post-thumbnail","6":"product_cat-special-offers","8":"first","9":"instock","10":"sale","11":"shipping-taxable","12":"product-type-grouped"},"acf":[],"yoast_head":"<!-- This site is optimized with the Yoast SEO plugin v25.6 - https:\/\/yoast.com\/wordpress\/plugins\/seo\/ -->\n<title>Water Package for 2 : Jet Ski &amp; SUP in Tenerife - Aventura Excursions - Book Now!<\/title>\n<meta name=\"description\" content=\"Book our Water Package for 2 in Tenerife. Check reviews, prices, and ratings. Enjoy thrilling jet ski rides and stand up paddle board with a discount.\" \/>\n<meta name=\"robots\" content=\"index, follow, max-snippet:-1, max-image-preview:large, max-video-preview:-1\" \/>\n<link rel=\"canonical\" href=\"https:\/\/aventura-excursions.com\/de\/produkt\/water-package\/\" \/>\n<meta property=\"og:locale\" content=\"de_DE\" \/>\n<meta property=\"og:type\" content=\"article\" \/>\n<meta property=\"og:title\" content=\"Water Package for 2 : Jet Ski &amp; SUP in Tenerife - Aventura Excursions - Book Now!\" \/>\n<meta property=\"og:description\" content=\"Book our Water Package for 2 in Tenerife. Check reviews, prices, and ratings. Enjoy thrilling jet ski rides and stand up paddle board with a discount.\" \/>\n<meta property=\"og:url\" content=\"https:\/\/aventura-excursions.com\/de\/produkt\/water-package\/\" \/>\n<meta property=\"og:site_name\" content=\"Aventura Excursions\" \/>\n<meta property=\"article:modified_time\" content=\"2025-09-16T12:45:21+00:00\" \/>\n<meta property=\"og:image\" content=\"https:\/\/aventura-excursions.com\/wp-content\/uploads\/2024\/04\/water-pack.jpg\" \/>\n\t<meta property=\"og:image:width\" content=\"950\" \/>\n\t<meta property=\"og:image:height\" content=\"676\" \/>\n\t<meta property=\"og:image:type\" content=\"image\/jpeg\" \/>\n<meta name=\"twitter:card\" content=\"summary_large_image\" \/>\n<meta name=\"twitter:label1\" content=\"Gesch\u00e4tzte Lesezeit\" \/>\n\t<meta name=\"twitter:data1\" content=\"2\u00a0Minuten\" \/>\n<!-- \/ Yoast SEO plugin. -->","yoast_head_json":{"title":"Water Package for 2 : Jet Ski & SUP in Tenerife - Aventura Excursions - Book Now!","description":"Book our Water Package for 2 in Tenerife. Check reviews, prices, and ratings. Enjoy thrilling jet ski rides and stand up paddle board with a discount.","robots":{"index":"index","follow":"follow","max-snippet":"max-snippet:-1","max-image-preview":"max-image-preview:large","max-video-preview":"max-video-preview:-1"},"canonical":"https:\/\/aventura-excursions.com\/de\/produkt\/water-package\/","og_locale":"de_DE","og_type":"article","og_title":"Water Package for 2 : Jet Ski & SUP in Tenerife - Aventura Excursions - Book Now!","og_description":"Book our Water Package for 2 in Tenerife. Check reviews, prices, and ratings. Enjoy thrilling jet ski rides and stand up paddle board with a discount.","og_url":"https:\/\/aventura-excursions.com\/de\/produkt\/water-package\/","og_site_name":"Aventura Excursions","article_modified_time":"2025-09-16T12:45:21+00:00","og_image":[{"width":950,"height":676,"url":"https:\/\/aventura-excursions.com\/wp-content\/uploads\/2024\/04\/water-pack.jpg","type":"image\/jpeg"}],"twitter_card":"summary_large_image","twitter_misc":{"Gesch\u00e4tzte Lesezeit":"2\u00a0Minuten"},"schema":{"@context":"https:\/\/schema.org","@graph":[{"@type":"WebPage","@id":"https:\/\/aventura-excursions.com\/product\/water-package\/","url":"https:\/\/aventura-excursions.com\/product\/water-package\/","name":"Water Package for 2 : Jet Ski & SUP in Tenerife - Aventura Excursions - Book Now!","isPartOf":{"@id":"https:\/\/aventura-excursions.com\/#website"},"primaryImageOfPage":{"@id":"https:\/\/aventura-excursions.com\/product\/water-package\/#primaryimage"},"image":{"@id":"https:\/\/aventura-excursions.com\/product\/water-package\/#primaryimage"},"thumbnailUrl":"https:\/\/aventura-excursions.com\/wp-content\/uploads\/2024\/04\/water-pack.jpg","datePublished":"2024-04-22T22:25:32+00:00","dateModified":"2025-09-16T12:45:21+00:00","description":"Book our Water Package for 2 in Tenerife. Check reviews, prices, and ratings. Enjoy thrilling jet ski rides and stand up paddle board with a discount.","breadcrumb":{"@id":"https:\/\/aventura-excursions.com\/product\/water-package\/#breadcrumb"},"inLanguage":"de","potentialAction":[{"@type":"ReadAction","target":["https:\/\/aventura-excursions.com\/product\/water-package\/"]}]},{"@type":"ImageObject","inLanguage":"de","@id":"https:\/\/aventura-excursions.com\/product\/water-package\/#primaryimage","url":"https:\/\/aventura-excursions.com\/wp-content\/uploads\/2024\/04\/water-pack.jpg","contentUrl":"https:\/\/aventura-excursions.com\/wp-content\/uploads\/2024\/04\/water-pack.jpg","width":950,"height":676},{"@type":"BreadcrumbList","@id":"https:\/\/aventura-excursions.com\/product\/water-package\/#breadcrumb","itemListElement":[{"@type":"ListItem","position":1,"name":"Tours","item":"https:\/\/aventura-excursions.com\/tours\/"},{"@type":"ListItem","position":2,"name":"Water Package for 2"}]},{"@type":"WebSite","@id":"https:\/\/aventura-excursions.com\/#website","url":"https:\/\/aventura-excursions.com\/","name":"Aventura Excursions","description":"Aventura Excursions","potentialAction":[{"@type":"SearchAction","target":{"@type":"EntryPoint","urlTemplate":"https:\/\/aventura-excursions.com\/?s={search_term_string}"},"query-input":{"@type":"PropertyValueSpecification","valueRequired":true,"valueName":"search_term_string"}}],"inLanguage":"de"}]}},"_links":{"self":[{"href":"https:\/\/aventura-excursions.com\/de\/wp-json\/wp\/v2\/product\/1439","targetHints":{"allow":["GET"]}}],"collection":[{"href":"https:\/\/aventura-excursions.com\/de\/wp-json\/wp\/v2\/product"}],"about":[{"href":"https:\/\/aventura-excursions.com\/de\/wp-json\/wp\/v2\/types\/product"}],"wp:featuredmedia":[{"embeddable":true,"href":"https:\/\/aventura-excursions.com\/de\/wp-json\/wp\/v2\/media\/1442"}],"wp:attachment":[{"href":"https:\/\/aventura-excursions.com\/de\/wp-json\/wp\/v2\/media?parent=1439"}],"wp:term":[{"taxonomy":"product_brand","embeddable":true,"href":"https:\/\/aventura-excursions.com\/de\/wp-json\/wp\/v2\/product_brand?post=1439"},{"taxonomy":"product_cat","embeddable":true,"href":"https:\/\/aventura-excursions.com\/de\/wp-json\/wp\/v2\/product_cat?post=1439"},{"taxonomy":"product_tag","embeddable":true,"href":"https:\/\/aventura-excursions.com\/de\/wp-json\/wp\/v2\/product_tag?post=1439"}],"curies":[{"name":"wp","href":"https:\/\/api.w.org\/{rel}","templated":true}]}}