{"id":1448,"date":"2024-04-23T18:43:06","date_gmt":"2024-04-23T15:43:06","guid":{"rendered":"https:\/\/aventura-excursions.com\/?post_type=product&#038;p=1448"},"modified":"2025-09-10T15:48:36","modified_gmt":"2025-09-10T12:48:36","slug":"for-families-with-kids","status":"publish","type":"product","link":"https:\/\/aventura-excursions.com\/de\/produkt\/for-families-with-kids\/","title":{"rendered":"F\u00fcr Familien mit Kindern"},"content":{"rendered":"<div>\n<h3>Touren im Paket enthalten<\/h3>\n<ul>\n<li><a href=\"https:\/\/aventura-excursions.com\/de\/produkt\/siam-park\/\"><strong><em>Siam Park:<\/em><\/strong><\/a> Wasserpark Nr. 1 in Europa<\/li>\n<li><strong><em><a href=\"https:\/\/aventura-excursions.com\/de\/produkt\/loro-park\/\">Loro Park:<\/a><\/em><\/strong> ber\u00fchmter Zoo mit Orca-Show<\/li>\n<li><strong><em><a href=\"https:\/\/aventura-excursions.com\/de\/produkt\/kayaking-snorkeling\/\">Kajakfahren und Schnorcheln:<\/a><\/em><\/strong> Kindern das Schnorcheln beibringen<\/li>\n<li><strong><em><a href=\"https:\/\/aventura-excursions.com\/de\/produkt\/boat-trip-whale-watching\/\">Viking-Bootsfahrt:<\/a><\/em><\/strong> Delfine beobachten; die beste Kinderanimation<\/li>\n<\/ul>\n<p><\/p>\n<h3>Beschreibung<\/h3>\n<p class=\" translation-block\">Teilen Sie Ihren aufregenden Urlaub mit der ganzen Familie! Wir haben f\u00fcr Sie die beliebtesten Touren, die Familien mit Kindern auf Teneriffa buchen, herausgesucht und zu einem verg\u00fcnstigten Paket zusammengefasst. Dieses Sonderangebot beinhaltet ein <a href=\"https:\/\/aventura-excursions.com\/de\/produkt\/twin-ticket\/\" target=\"_self\"><em><strong>Twin Ticket<\/strong><\/em><\/a> (Siam + Loro), eine <a href=\"https:\/\/aventura-excursions.com\/de\/produkt\/kayaking-snorkeling\/\" target=\"_self\"><strong><em>Kajak- und Schnorcheltour<\/em><\/strong><\/a> sowie eine einzigartige Reise an Bord des <a href=\"https:\/\/aventura-excursions.com\/de\/produkt\/boat-trip-whale-watching\/\" target=\"_self\"><strong><em>Viking-Boots<\/em><\/strong><\/a> mit spektakul\u00e4rer Show.<\/p>\n<p>Sie k\u00f6nnen f\u00fcr jede Aktivit\u00e4t beliebige Tage und in beliebiger Reihenfolge ausw\u00e4hlen. Sobald wir Ihre Buchung erhalten haben, werden wir Sie kontaktieren, um die Tage und Uhrzeiten der Touren zu vereinbaren.<\/p>\n<p>Einfach zu planen, weniger zu bezahlen!<\/p>\n<p>\n<\/p>\n<h3>Einzelheiten<\/h3>\n<p>\n<strong><em>Siam Park<\/em><\/strong><\/p>\n<p>\u00d6ffnungszeiten im Sommer: 10:00 \u2013 18:00 Uhr<br \/>\nWinter opening hours: 10:00 &#8211; 17:00<br \/>\nStandort: im S\u00fcden von Teneriffa<\/p>\n<p><strong><em>Loro Park<\/em><\/strong><\/p>\n<p>\u00d6ffnungszeiten: 09:30 \u2013 17:30 Uhr<br \/>\nStandort: im Norden von Teneriffa<\/p>\n<p><strong><em>Kajaktour<\/em><\/strong><\/p>\n<p>Beginn: 10:00, 12:30, 14:00<br \/>\nStandort: Los Cristianos, s\u00fcdlich von Teneriffa<\/p>\n<p><strong><em>Viking-Bootsfahrt<\/em><\/strong><\/p>\n<p>Beginn: 11:00, 13:30 Uhr<br \/>\nStandort: Los Cristianos, s\u00fcdlich von Teneriffa<\/p>\n<p>\n<\/p>\n<h3>Transport<\/h3>\n<p>\nUm Ihnen die Planung Ihres Besuchs zu erleichtern, bieten wir einen Siam-Bus von Puerto de la Cruz und einen Loro-Bus von den s\u00fcdlichen Touristend\u00f6rfern (Las Americas, Los Cristianos usw.) an.<\/p>\n<p class=\" translation-block\">Buchen Sie das <strong>Familienpaket + Siam-Bus<\/strong>, wenn Sie in Puerto de La Cruz \u00fcbernachten.\n<br>Buchen Sie das <strong>Familienpaket + Loro-Bus<\/strong>, wenn Sie im S\u00fcden \u00fcbernachten.<\/p>\n<p>Im S\u00fcden gibt es einen kostenlosen Siam-Shuttlebus.<\/p>\n<p class=\" translation-block\">Sie k\u00f6nnen bei uns auch ein <a href=\"https:\/\/aventura-excursions.com\/de\/produkt\/rent-a-car\/\" target=\"_self\"><strong><em>Auto mieten<\/em><\/strong><\/a> und auf eigene Faust in die Parks fahren. Die einzige Unannehmlichkeit k\u00f6nnte aufgrund der hohen Beliebtheit beider Parks der volle Parkplatz sein.<\/p>\n<p>F\u00fcr die Kajaktour kostet die Abholung im S\u00fcden 4 Euro pro Person. Die Geb\u00fchr entrichten Sie in der Kajakschule.<\/p>\n<p>Die Abholung zur Viking-Bootsfahrt im S\u00fcden Teneriffas ist kostenlos.\n<\/p><\/div>","protected":false},"excerpt":{"rendered":"<div>\n<p>Die beliebteste Wahl f\u00fcr Familien mit Kindern: Twin Ticket (Siam Park und Loro Park), Kajak- und Schnorchelausflug und Wikinger-Bootsfahrt.<\/p>\n<p>\nW\u00e4hlen Sie zun\u00e4chst, ob Sie einen Transfer zu einem der Parks ben\u00f6tigen oder nicht.<\/p>\n<p>\nWenn Sie im Norden sind und einen Transport zum Siam Park ben\u00f6tigen, w\u00e4hlen Sie Familienpaket + Siam-Bus.<\/p>\n<p>\nWenn Sie im S\u00fcden sind und einen Transport zum Loro Park ben\u00f6tigen, w\u00e4hlen Sie Familienpaket + Loro-Bus.<\/p>\n<p>\nW\u00e4hlen Sie die Anzahl der Erwachsenen und Kinder und dann das Datum der ersten Tour. Nach Erhalt der Buchung vereinbaren wir mit Ihnen die Daten und Uhrzeiten f\u00fcr alle Touren.\n<\/p><\/div>","protected":false},"featured_media":1620,"template":"","meta":{"_acf_changed":false},"product_brand":[],"product_cat":[142],"product_tag":[],"class_list":{"0":"post-1448","1":"product","2":"type-product","3":"status-publish","4":"has-post-thumbnail","6":"product_cat-special-offers","8":"first","9":"instock","10":"sale","11":"shipping-taxable","12":"product-type-grouped"},"acf":[],"yoast_head":"<!-- This site is optimized with the Yoast SEO plugin v25.6 - https:\/\/yoast.com\/wordpress\/plugins\/seo\/ -->\n<title>Tenerife Family Fun Package - Aventura Excursions | Book and Save 10%!<\/title>\n<meta name=\"description\" content=\"Book the best family tours in Tenerife! Get the Twin Ticket for Siam &amp; Loro Parks, kayaking, snorkeling, and Viking boat trip. Reserve your adventure now!\" \/>\n<meta name=\"robots\" content=\"index, follow, max-snippet:-1, max-image-preview:large, max-video-preview:-1\" \/>\n<link rel=\"canonical\" href=\"https:\/\/aventura-excursions.com\/de\/produkt\/for-families-with-kids\/\" \/>\n<meta property=\"og:locale\" content=\"de_DE\" \/>\n<meta property=\"og:type\" content=\"article\" \/>\n<meta property=\"og:title\" content=\"Tenerife Family Fun Package - Aventura Excursions | Book and Save 10%!\" \/>\n<meta property=\"og:description\" content=\"Book the best family tours in Tenerife! Get the Twin Ticket for Siam &amp; Loro Parks, kayaking, snorkeling, and Viking boat trip. Reserve your adventure now!\" \/>\n<meta property=\"og:url\" content=\"https:\/\/aventura-excursions.com\/de\/produkt\/for-families-with-kids\/\" \/>\n<meta property=\"og:site_name\" content=\"Aventura Excursions\" \/>\n<meta property=\"article:modified_time\" content=\"2025-09-10T12:48:36+00:00\" \/>\n<meta property=\"og:image\" content=\"https:\/\/aventura-excursions.com\/wp-content\/uploads\/2024\/04\/\u0414\u0438\u0437\u0430\u0439\u043d-\u0431\u0435\u0437-\u043d\u0430\u0437\u0432\u0430\u043d\u0438\u044f.jpg\" \/>\n\t<meta property=\"og:image:width\" content=\"800\" \/>\n\t<meta property=\"og:image:height\" content=\"600\" \/>\n\t<meta property=\"og:image:type\" content=\"image\/jpeg\" \/>\n<meta name=\"twitter:card\" content=\"summary_large_image\" \/>\n<meta name=\"twitter:label1\" content=\"Gesch\u00e4tzte Lesezeit\" \/>\n\t<meta name=\"twitter:data1\" content=\"2\u00a0Minuten\" \/>\n<!-- \/ Yoast SEO plugin. -->","yoast_head_json":{"title":"Tenerife Family Fun Package - Aventura Excursions | Book and Save 10%!","description":"Book the best family tours in Tenerife! Get the Twin Ticket for Siam & Loro Parks, kayaking, snorkeling, and Viking boat trip. Reserve your adventure now!","robots":{"index":"index","follow":"follow","max-snippet":"max-snippet:-1","max-image-preview":"max-image-preview:large","max-video-preview":"max-video-preview:-1"},"canonical":"https:\/\/aventura-excursions.com\/de\/produkt\/for-families-with-kids\/","og_locale":"de_DE","og_type":"article","og_title":"Tenerife Family Fun Package - Aventura Excursions | Book and Save 10%!","og_description":"Book the best family tours in Tenerife! Get the Twin Ticket for Siam & Loro Parks, kayaking, snorkeling, and Viking boat trip. Reserve your adventure now!","og_url":"https:\/\/aventura-excursions.com\/de\/produkt\/for-families-with-kids\/","og_site_name":"Aventura Excursions","article_modified_time":"2025-09-10T12:48:36+00:00","og_image":[{"width":800,"height":600,"url":"https:\/\/aventura-excursions.com\/wp-content\/uploads\/2024\/04\/\u0414\u0438\u0437\u0430\u0439\u043d-\u0431\u0435\u0437-\u043d\u0430\u0437\u0432\u0430\u043d\u0438\u044f.jpg","type":"image\/jpeg"}],"twitter_card":"summary_large_image","twitter_misc":{"Gesch\u00e4tzte Lesezeit":"2\u00a0Minuten"},"schema":{"@context":"https:\/\/schema.org","@graph":[{"@type":"WebPage","@id":"https:\/\/aventura-excursions.com\/product\/for-families-with-kids\/","url":"https:\/\/aventura-excursions.com\/product\/for-families-with-kids\/","name":"Tenerife Family Fun Package - Aventura Excursions | Book and Save 10%!","isPartOf":{"@id":"https:\/\/aventura-excursions.com\/#website"},"primaryImageOfPage":{"@id":"https:\/\/aventura-excursions.com\/product\/for-families-with-kids\/#primaryimage"},"image":{"@id":"https:\/\/aventura-excursions.com\/product\/for-families-with-kids\/#primaryimage"},"thumbnailUrl":"https:\/\/aventura-excursions.com\/wp-content\/uploads\/2024\/04\/\u0414\u0438\u0437\u0430\u0439\u043d-\u0431\u0435\u0437-\u043d\u0430\u0437\u0432\u0430\u043d\u0438\u044f.jpg","datePublished":"2024-04-23T15:43:06+00:00","dateModified":"2025-09-10T12:48:36+00:00","description":"Book the best family tours in Tenerife! Get the Twin Ticket for Siam & Loro Parks, kayaking, snorkeling, and Viking boat trip. Reserve your adventure now!","breadcrumb":{"@id":"https:\/\/aventura-excursions.com\/product\/for-families-with-kids\/#breadcrumb"},"inLanguage":"de","potentialAction":[{"@type":"ReadAction","target":["https:\/\/aventura-excursions.com\/product\/for-families-with-kids\/"]}]},{"@type":"ImageObject","inLanguage":"de","@id":"https:\/\/aventura-excursions.com\/product\/for-families-with-kids\/#primaryimage","url":"https:\/\/aventura-excursions.com\/wp-content\/uploads\/2024\/04\/\u0414\u0438\u0437\u0430\u0439\u043d-\u0431\u0435\u0437-\u043d\u0430\u0437\u0432\u0430\u043d\u0438\u044f.jpg","contentUrl":"https:\/\/aventura-excursions.com\/wp-content\/uploads\/2024\/04\/\u0414\u0438\u0437\u0430\u0439\u043d-\u0431\u0435\u0437-\u043d\u0430\u0437\u0432\u0430\u043d\u0438\u044f.jpg","width":800,"height":600},{"@type":"BreadcrumbList","@id":"https:\/\/aventura-excursions.com\/product\/for-families-with-kids\/#breadcrumb","itemListElement":[{"@type":"ListItem","position":1,"name":"Tours","item":"https:\/\/aventura-excursions.com\/tours\/"},{"@type":"ListItem","position":2,"name":"For Families with Kids"}]},{"@type":"WebSite","@id":"https:\/\/aventura-excursions.com\/#website","url":"https:\/\/aventura-excursions.com\/","name":"Aventura Excursions","description":"Aventura Excursions","potentialAction":[{"@type":"SearchAction","target":{"@type":"EntryPoint","urlTemplate":"https:\/\/aventura-excursions.com\/?s={search_term_string}"},"query-input":{"@type":"PropertyValueSpecification","valueRequired":true,"valueName":"search_term_string"}}],"inLanguage":"de"}]}},"_links":{"self":[{"href":"https:\/\/aventura-excursions.com\/de\/wp-json\/wp\/v2\/product\/1448","targetHints":{"allow":["GET"]}}],"collection":[{"href":"https:\/\/aventura-excursions.com\/de\/wp-json\/wp\/v2\/product"}],"about":[{"href":"https:\/\/aventura-excursions.com\/de\/wp-json\/wp\/v2\/types\/product"}],"wp:featuredmedia":[{"embeddable":true,"href":"https:\/\/aventura-excursions.com\/de\/wp-json\/wp\/v2\/media\/1620"}],"wp:attachment":[{"href":"https:\/\/aventura-excursions.com\/de\/wp-json\/wp\/v2\/media?parent=1448"}],"wp:term":[{"taxonomy":"product_brand","embeddable":true,"href":"https:\/\/aventura-excursions.com\/de\/wp-json\/wp\/v2\/product_brand?post=1448"},{"taxonomy":"product_cat","embeddable":true,"href":"https:\/\/aventura-excursions.com\/de\/wp-json\/wp\/v2\/product_cat?post=1448"},{"taxonomy":"product_tag","embeddable":true,"href":"https:\/\/aventura-excursions.com\/de\/wp-json\/wp\/v2\/product_tag?post=1448"}],"curies":[{"name":"wp","href":"https:\/\/api.w.org\/{rel}","templated":true}]}}