{"id":1579,"date":"2024-05-15T14:35:55","date_gmt":"2024-05-15T11:35:55","guid":{"rendered":"https:\/\/aventura-excursions.com\/?post_type=product&#038;p=1579"},"modified":"2025-09-10T15:36:06","modified_gmt":"2025-09-10T12:36:06","slug":"diving-for-beginners","status":"publish","type":"product","link":"https:\/\/aventura-excursions.com\/de\/produkt\/diving-for-beginners\/","title":{"rendered":"Tauchen f\u00fcr Anf\u00e4nger"},"content":{"rendered":"<h3>Beschreibung<\/h3>\n<p>\nEver wondered what it&#8217;s like to breathe underwater and explore the magical world beneath the waves? Join us for a try dive or DSD program and discover the thrill of scuba diving! Perfect for beginners, our expert instructors will guide you through every step, ensuring a safe and unforgettable experience. No prior experience needed\u2014just bring your sense of adventure!<\/p>\n<p>\nEs gibt zwei Programme f\u00fcr Anf\u00e4nger: einen Schnuppertauchgang, der die grundlegendste Einf\u00fchrung in das Ger\u00e4tetauchen darstellt, und einen DSD, ein umfangreicheres Programm, das E-Learning, l\u00e4ngere Vorlesungen mit dem Tauchlehrer und eine Reihe von \u00dcbungen im Wasser umfasst. DSD erteilt Ihnen au\u00dferdem eine befristete Erlaubnis zum Tauchen bis zu einer Tiefe von 12 Metern unter Anleitung eines Tauchlehrers.<\/p>\n<p>\nYou can choose to dive from the beach or by boat. In both cases you will dive in a beautiful dive spot, rich of marine life. Guided by our experienced instructors, you&#8217;ll experience the beauty and thrill of scuba diving in one of the world&#8217;s top diving destinations.<\/p>\n<p>\nBuchen Sie noch heute Ihren Tauchgang und schaffen Sie unvergessliche Erinnerungen!<\/p>\n<p>\n<\/p>\n<h3>Sehensw\u00fcrdigkeiten<\/h3>\n<ul>\n<li>Tauchen f\u00fcr absolute Anf\u00e4nger (keine Erfahrung erforderlich)<\/li>\n<li>Die besten Tauchpl\u00e4tze auf Teneriffa<\/li>\n<li>Tauchen vom Strand und Boot<\/li>\n<li>Reichhaltiges Meeresleben<\/li>\n<li>Vulkanlandschaften<\/li>\n<li>Erfahrene Instruktoren<\/li>\n<\/ul>\n<p><\/p>\n<h3>Anforderungen<\/h3>\n<p>Mindestalter: 8 Jahre<\/p>\n<p><\/p>\n<h3>Einzelheiten<\/h3>\n<p>\nDauer: 3 Stunden<br \/>\nStartzeit vom Strand: 10:00, 12:30, 15:00<br \/>\nStartzeit vom Boot: 09:00, 13:00 Uhr<br \/>\nAusr\u00fcstung und Versicherung inklusive<\/p>\n<p>Die Abholung im S\u00fcden Teneriffas kostet 4 Euro pro Person: von Callao Salvaje nach Golf del Sur.<br \/>\nAbholung in Puerto Santiago, Playa la Arena, El Medano: 15 Euro f\u00fcr das Auto (max. 8 Personen). <\/p>\n<p><\/p>\n<h3>Melden Sie sich f\u00fcr einen Kurs an<\/h3>\n<p>\nSie k\u00f6nnen einen Schnuppertauchgang \u00fcberspringen und sich direkt f\u00fcr einen Tauchkurs anmelden und in nur 1 oder 2 Tagen eine Lizenz erhalten! Weitere Informationen finden Sie hier: <strong><em><a href=\"https:\/\/aventura-excursions.com\/de\/produkt\/diving-courses\/\">Tauchkurse<\/a><\/em><\/strong><\/p>","protected":false},"excerpt":{"rendered":"<div>\n<p>Neugierig auf Tauchen? Unser Schnuppertauchen ist der perfekte Einstieg! Tauchen Sie unter der Anleitung unserer erfahrenen Instruktoren in eine neue Welt ein \u2013 Vorkenntnisse sind nicht erforderlich.<\/p>\n<p>\nW\u00e4hlen Sie einen Schnuppertauchgang oder ein DSD-Programm mit E-Learning und bei Bedarf zus\u00e4tzliche Optionen: Bilder, Abholung im S\u00fcden von Teneriffa oder in Playa la Arena. W\u00e4hlen Sie dann den Termin f\u00fcr Ihr erstes Taucherlebnis.<\/p>\n<\/div>","protected":false},"featured_media":1611,"template":"","meta":{"_acf_changed":false},"product_brand":[],"product_cat":[21],"product_tag":[],"class_list":{"0":"post-1579","1":"product","2":"type-product","3":"status-publish","4":"has-post-thumbnail","6":"product_cat-activities","8":"first","9":"instock","10":"sale","11":"shipping-taxable","12":"product-type-grouped"},"acf":[],"yoast_head":"<!-- This site is optimized with the Yoast SEO plugin v25.6 - https:\/\/yoast.com\/wordpress\/plugins\/seo\/ -->\n<title>Diving for Beginners in Tenerife - Aventura Excursions | Book Your Try Dive Now!<\/title>\n<meta name=\"description\" content=\"Start scuba diving in Tenerife! Perfect for beginners, our try dive and DSD programs offer expert guidance. Check prices, reviews, and book now!\" \/>\n<meta name=\"robots\" content=\"index, follow, max-snippet:-1, max-image-preview:large, max-video-preview:-1\" \/>\n<link rel=\"canonical\" href=\"https:\/\/aventura-excursions.com\/de\/produkt\/diving-for-beginners\/\" \/>\n<meta property=\"og:locale\" content=\"de_DE\" \/>\n<meta property=\"og:type\" content=\"article\" \/>\n<meta property=\"og:title\" content=\"Diving for Beginners in Tenerife - Aventura Excursions | Book Your Try Dive Now!\" \/>\n<meta property=\"og:description\" content=\"Start scuba diving in Tenerife! Perfect for beginners, our try dive and DSD programs offer expert guidance. Check prices, reviews, and book now!\" \/>\n<meta property=\"og:url\" content=\"https:\/\/aventura-excursions.com\/de\/produkt\/diving-for-beginners\/\" \/>\n<meta property=\"og:site_name\" content=\"Aventura Excursions\" \/>\n<meta property=\"article:modified_time\" content=\"2025-09-10T12:36:06+00:00\" \/>\n<meta property=\"og:image\" content=\"https:\/\/aventura-excursions.com\/wp-content\/uploads\/2024\/05\/caption.jpg\" \/>\n\t<meta property=\"og:image:width\" content=\"500\" \/>\n\t<meta property=\"og:image:height\" content=\"400\" \/>\n\t<meta property=\"og:image:type\" content=\"image\/jpeg\" \/>\n<meta name=\"twitter:card\" content=\"summary_large_image\" \/>\n<meta name=\"twitter:label1\" content=\"Gesch\u00e4tzte Lesezeit\" \/>\n\t<meta name=\"twitter:data1\" content=\"2\u00a0Minuten\" \/>\n<!-- \/ Yoast SEO plugin. -->","yoast_head_json":{"title":"Diving for Beginners in Tenerife - Aventura Excursions | Book Your Try Dive Now!","description":"Start scuba diving in Tenerife! Perfect for beginners, our try dive and DSD programs offer expert guidance. Check prices, reviews, and book now!","robots":{"index":"index","follow":"follow","max-snippet":"max-snippet:-1","max-image-preview":"max-image-preview:large","max-video-preview":"max-video-preview:-1"},"canonical":"https:\/\/aventura-excursions.com\/de\/produkt\/diving-for-beginners\/","og_locale":"de_DE","og_type":"article","og_title":"Diving for Beginners in Tenerife - Aventura Excursions | Book Your Try Dive Now!","og_description":"Start scuba diving in Tenerife! Perfect for beginners, our try dive and DSD programs offer expert guidance. Check prices, reviews, and book now!","og_url":"https:\/\/aventura-excursions.com\/de\/produkt\/diving-for-beginners\/","og_site_name":"Aventura Excursions","article_modified_time":"2025-09-10T12:36:06+00:00","og_image":[{"width":500,"height":400,"url":"https:\/\/aventura-excursions.com\/wp-content\/uploads\/2024\/05\/caption.jpg","type":"image\/jpeg"}],"twitter_card":"summary_large_image","twitter_misc":{"Gesch\u00e4tzte Lesezeit":"2\u00a0Minuten"},"schema":{"@context":"https:\/\/schema.org","@graph":[{"@type":"WebPage","@id":"https:\/\/aventura-excursions.com\/product\/diving-for-beginners\/","url":"https:\/\/aventura-excursions.com\/product\/diving-for-beginners\/","name":"Diving for Beginners in Tenerife - Aventura Excursions | Book Your Try Dive Now!","isPartOf":{"@id":"https:\/\/aventura-excursions.com\/#website"},"primaryImageOfPage":{"@id":"https:\/\/aventura-excursions.com\/product\/diving-for-beginners\/#primaryimage"},"image":{"@id":"https:\/\/aventura-excursions.com\/product\/diving-for-beginners\/#primaryimage"},"thumbnailUrl":"https:\/\/aventura-excursions.com\/wp-content\/uploads\/2024\/05\/caption.jpg","datePublished":"2024-05-15T11:35:55+00:00","dateModified":"2025-09-10T12:36:06+00:00","description":"Start scuba diving in Tenerife! Perfect for beginners, our try dive and DSD programs offer expert guidance. Check prices, reviews, and book now!","breadcrumb":{"@id":"https:\/\/aventura-excursions.com\/product\/diving-for-beginners\/#breadcrumb"},"inLanguage":"de","potentialAction":[{"@type":"ReadAction","target":["https:\/\/aventura-excursions.com\/product\/diving-for-beginners\/"]}]},{"@type":"ImageObject","inLanguage":"de","@id":"https:\/\/aventura-excursions.com\/product\/diving-for-beginners\/#primaryimage","url":"https:\/\/aventura-excursions.com\/wp-content\/uploads\/2024\/05\/caption.jpg","contentUrl":"https:\/\/aventura-excursions.com\/wp-content\/uploads\/2024\/05\/caption.jpg","width":500,"height":400},{"@type":"BreadcrumbList","@id":"https:\/\/aventura-excursions.com\/product\/diving-for-beginners\/#breadcrumb","itemListElement":[{"@type":"ListItem","position":1,"name":"Tours","item":"https:\/\/aventura-excursions.com\/tours\/"},{"@type":"ListItem","position":2,"name":"Diving for Beginners"}]},{"@type":"WebSite","@id":"https:\/\/aventura-excursions.com\/#website","url":"https:\/\/aventura-excursions.com\/","name":"Aventura Excursions","description":"Aventura Excursions","potentialAction":[{"@type":"SearchAction","target":{"@type":"EntryPoint","urlTemplate":"https:\/\/aventura-excursions.com\/?s={search_term_string}"},"query-input":{"@type":"PropertyValueSpecification","valueRequired":true,"valueName":"search_term_string"}}],"inLanguage":"de"}]}},"_links":{"self":[{"href":"https:\/\/aventura-excursions.com\/de\/wp-json\/wp\/v2\/product\/1579","targetHints":{"allow":["GET"]}}],"collection":[{"href":"https:\/\/aventura-excursions.com\/de\/wp-json\/wp\/v2\/product"}],"about":[{"href":"https:\/\/aventura-excursions.com\/de\/wp-json\/wp\/v2\/types\/product"}],"wp:featuredmedia":[{"embeddable":true,"href":"https:\/\/aventura-excursions.com\/de\/wp-json\/wp\/v2\/media\/1611"}],"wp:attachment":[{"href":"https:\/\/aventura-excursions.com\/de\/wp-json\/wp\/v2\/media?parent=1579"}],"wp:term":[{"taxonomy":"product_brand","embeddable":true,"href":"https:\/\/aventura-excursions.com\/de\/wp-json\/wp\/v2\/product_brand?post=1579"},{"taxonomy":"product_cat","embeddable":true,"href":"https:\/\/aventura-excursions.com\/de\/wp-json\/wp\/v2\/product_cat?post=1579"},{"taxonomy":"product_tag","embeddable":true,"href":"https:\/\/aventura-excursions.com\/de\/wp-json\/wp\/v2\/product_tag?post=1579"}],"curies":[{"name":"wp","href":"https:\/\/api.w.org\/{rel}","templated":true}]}}