{"id":1589,"date":"2024-05-17T01:17:42","date_gmt":"2024-05-16T22:17:42","guid":{"rendered":"https:\/\/aventura-excursions.com\/?post_type=product&#038;p=1589"},"modified":"2025-09-10T15:08:35","modified_gmt":"2025-09-10T12:08:35","slug":"packages-for-certified-divers","status":"publish","type":"product","link":"https:\/\/aventura-excursions.com\/de\/produkt\/packages-for-certified-divers\/","title":{"rendered":"Pakete f\u00fcr brevierte Taucher"},"content":{"rendered":"<h3>Beschreibung<\/h3>\n<p>\nDive into the depths of the island&#8217;s most captivating sites! With its stunning volcanic landscapes, vibrant marine life and great visibility, Tenerife offers an unparalleled scuba diving experience for all skill levels. Our experienced guides ensure your adventure is both safe and unforgettable.<\/p>\n<p>In Tenerife we are blessed with enormous variety of dive sites, some accessible from the coast and others by boat. You can take a package of dives for several days to explore the most famous dive spots of Tenerife. Our diving boats start from 2 ports: Las Galletas and Puerto Colon, thus having possibility to reach even more sites. It&#8217;s up to you whether you dive from the shore or by boat. <\/p>\n<p>\nIf you haven&#8217;t dived for a long time (more than one year) it&#8217;s highly recommended that you add a scuba review (refresher course) on your first dive of the package. Thus, you will start with refreshing your knowledge and skills on a special dive with a separate instructor. From the second dive you join the group and do standard dives.<br \/>\n<\/p>\n<h3>Sehensw\u00fcrdigkeiten<\/h3>\n<ul>\n<li>Gro\u00dfe Auswahl an Tauchpl\u00e4tzen f\u00fcr jedes Zertifizierungsniveau<\/li>\n<li>Reichhaltige Meereslebewesen und Vulkanlandschaften<\/li>\n<li>Professionelles Team<\/li>\n<li>Land- und Bootstauchen<\/li>\n<\/ul>\n<p>\n<\/p>\n<h3>Einzelheiten<\/h3>\n<p>\nDauer: ca. 5 Stunden f\u00fcr 2 Tauchg\u00e4nge pro Tag<br \/>\nBeginn: 08:30, 09:00 Uhr<br \/>\nAusr\u00fcstungsmiete: 10 Euro pro Tag (die Miete eines Tauchcomputers kostet zus\u00e4tzlich 10 Euro)<\/p>\n<p>\nDie Abholung im S\u00fcden Teneriffas kostet 4 Euro pro Person: von Callao Salvaje nach Golf del Sur.<br \/>\nAbholung in Puerto Santiago, Playa la Arena, El Medano: 15 Euro f\u00fcr das Auto (max. 8 Personen). <\/p>\n<p>\n<\/p>\n<h3>Tauchkurse: Verbessern Sie Ihre F\u00e4higkeiten<\/h3>\n<p>\nSie k\u00f6nnen einen Tauchkurs oder eine Spezialausbildung absolvieren und Ihre Tauchg\u00e4nge im Meer genie\u00dfen und gleichzeitig Ihre F\u00e4higkeiten als Taucher verbessern. Weitere Informationen finden Sie hier: <strong><em><a href=\"https:\/\/aventura-excursions.com\/de\/produkt\/diving-courses\/\">Tauchkurse<\/a><\/em><\/strong><\/p>","protected":false},"excerpt":{"rendered":"<div>\n<p>Genie\u00dfen Sie Ihr Unterwasserabenteuer auf Teneriffa! Wir bieten verschiedene Pakete f\u00fcr zertifizierte Taucher an, um die interessantesten Orte dieser wundersch\u00f6nen Insel zu erkunden.  <\/p>\n<p>\n<br \/>\nW\u00e4hlen Sie zun\u00e4chst, ob Sie von der K\u00fcste oder vom Boot aus tauchen m\u00f6chten. W\u00e4hlen Sie dann die Anzahl der Tauchg\u00e4nge und das Datum aus. Bitte f\u00fcgen Sie den Transport hinzu, wenn Sie abgeholt werden m\u00fcssen.\n<\/div>","protected":false},"featured_media":1194,"template":"","meta":{"_acf_changed":false},"product_brand":[],"product_cat":[21],"product_tag":[],"class_list":{"0":"post-1589","1":"product","2":"type-product","3":"status-publish","4":"has-post-thumbnail","6":"product_cat-activities","8":"first","9":"instock","10":"sale","11":"shipping-taxable","12":"product-type-grouped"},"acf":[],"yoast_head":"<!-- This site is optimized with the Yoast SEO plugin v25.6 - https:\/\/yoast.com\/wordpress\/plugins\/seo\/ -->\n<title>Book Certified Diver Packages in Tenerife - Aventura Excursions - Best Prices and Reviews<\/title>\n<meta name=\"description\" content=\"Explore Tenerife&#039;s best dive sites! Check reviews, prices, and ratings. Enjoy shore and boat diving with experienced guides. Book your adventure now!\" \/>\n<meta name=\"robots\" content=\"index, follow, max-snippet:-1, max-image-preview:large, max-video-preview:-1\" \/>\n<link rel=\"canonical\" href=\"https:\/\/aventura-excursions.com\/de\/produkt\/packages-for-certified-divers\/\" \/>\n<meta property=\"og:locale\" content=\"de_DE\" \/>\n<meta property=\"og:type\" content=\"article\" \/>\n<meta property=\"og:title\" content=\"Book Certified Diver Packages in Tenerife - Aventura Excursions - Best Prices and Reviews\" \/>\n<meta property=\"og:description\" content=\"Explore Tenerife&#039;s best dive sites! Check reviews, prices, and ratings. Enjoy shore and boat diving with experienced guides. Book your adventure now!\" \/>\n<meta property=\"og:url\" content=\"https:\/\/aventura-excursions.com\/de\/produkt\/packages-for-certified-divers\/\" \/>\n<meta property=\"og:site_name\" content=\"Aventura Excursions\" \/>\n<meta property=\"article:modified_time\" content=\"2025-09-10T12:08:35+00:00\" \/>\n<meta property=\"og:image\" content=\"https:\/\/aventura-excursions.com\/wp-content\/uploads\/2024\/03\/Copia-de-vlcsnap-2020-09-15-21h55m26s024.jpg\" \/>\n\t<meta property=\"og:image:width\" content=\"947\" \/>\n\t<meta property=\"og:image:height\" content=\"732\" \/>\n\t<meta property=\"og:image:type\" content=\"image\/jpeg\" \/>\n<meta name=\"twitter:card\" content=\"summary_large_image\" \/>\n<meta name=\"twitter:label1\" content=\"Gesch\u00e4tzte Lesezeit\" \/>\n\t<meta name=\"twitter:data1\" content=\"2\u00a0Minuten\" \/>\n<!-- \/ Yoast SEO plugin. -->","yoast_head_json":{"title":"Book Certified Diver Packages in Tenerife - Aventura Excursions - Best Prices and Reviews","description":"Explore Tenerife's best dive sites! Check reviews, prices, and ratings. Enjoy shore and boat diving with experienced guides. Book your adventure now!","robots":{"index":"index","follow":"follow","max-snippet":"max-snippet:-1","max-image-preview":"max-image-preview:large","max-video-preview":"max-video-preview:-1"},"canonical":"https:\/\/aventura-excursions.com\/de\/produkt\/packages-for-certified-divers\/","og_locale":"de_DE","og_type":"article","og_title":"Book Certified Diver Packages in Tenerife - Aventura Excursions - Best Prices and Reviews","og_description":"Explore Tenerife's best dive sites! Check reviews, prices, and ratings. Enjoy shore and boat diving with experienced guides. Book your adventure now!","og_url":"https:\/\/aventura-excursions.com\/de\/produkt\/packages-for-certified-divers\/","og_site_name":"Aventura Excursions","article_modified_time":"2025-09-10T12:08:35+00:00","og_image":[{"width":947,"height":732,"url":"https:\/\/aventura-excursions.com\/wp-content\/uploads\/2024\/03\/Copia-de-vlcsnap-2020-09-15-21h55m26s024.jpg","type":"image\/jpeg"}],"twitter_card":"summary_large_image","twitter_misc":{"Gesch\u00e4tzte Lesezeit":"2\u00a0Minuten"},"schema":{"@context":"https:\/\/schema.org","@graph":[{"@type":"WebPage","@id":"https:\/\/aventura-excursions.com\/product\/packages-for-certified-divers\/","url":"https:\/\/aventura-excursions.com\/product\/packages-for-certified-divers\/","name":"Book Certified Diver Packages in Tenerife - Aventura Excursions - Best Prices and Reviews","isPartOf":{"@id":"https:\/\/aventura-excursions.com\/#website"},"primaryImageOfPage":{"@id":"https:\/\/aventura-excursions.com\/product\/packages-for-certified-divers\/#primaryimage"},"image":{"@id":"https:\/\/aventura-excursions.com\/product\/packages-for-certified-divers\/#primaryimage"},"thumbnailUrl":"https:\/\/aventura-excursions.com\/wp-content\/uploads\/2024\/03\/Copia-de-vlcsnap-2020-09-15-21h55m26s024.jpg","datePublished":"2024-05-16T22:17:42+00:00","dateModified":"2025-09-10T12:08:35+00:00","description":"Explore Tenerife's best dive sites! Check reviews, prices, and ratings. Enjoy shore and boat diving with experienced guides. Book your adventure now!","breadcrumb":{"@id":"https:\/\/aventura-excursions.com\/product\/packages-for-certified-divers\/#breadcrumb"},"inLanguage":"de","potentialAction":[{"@type":"ReadAction","target":["https:\/\/aventura-excursions.com\/product\/packages-for-certified-divers\/"]}]},{"@type":"ImageObject","inLanguage":"de","@id":"https:\/\/aventura-excursions.com\/product\/packages-for-certified-divers\/#primaryimage","url":"https:\/\/aventura-excursions.com\/wp-content\/uploads\/2024\/03\/Copia-de-vlcsnap-2020-09-15-21h55m26s024.jpg","contentUrl":"https:\/\/aventura-excursions.com\/wp-content\/uploads\/2024\/03\/Copia-de-vlcsnap-2020-09-15-21h55m26s024.jpg","width":947,"height":732},{"@type":"BreadcrumbList","@id":"https:\/\/aventura-excursions.com\/product\/packages-for-certified-divers\/#breadcrumb","itemListElement":[{"@type":"ListItem","position":1,"name":"Tours","item":"https:\/\/aventura-excursions.com\/tours\/"},{"@type":"ListItem","position":2,"name":"Packages for Certified Divers"}]},{"@type":"WebSite","@id":"https:\/\/aventura-excursions.com\/#website","url":"https:\/\/aventura-excursions.com\/","name":"Aventura Excursions","description":"Aventura Excursions","potentialAction":[{"@type":"SearchAction","target":{"@type":"EntryPoint","urlTemplate":"https:\/\/aventura-excursions.com\/?s={search_term_string}"},"query-input":{"@type":"PropertyValueSpecification","valueRequired":true,"valueName":"search_term_string"}}],"inLanguage":"de"}]}},"_links":{"self":[{"href":"https:\/\/aventura-excursions.com\/de\/wp-json\/wp\/v2\/product\/1589","targetHints":{"allow":["GET"]}}],"collection":[{"href":"https:\/\/aventura-excursions.com\/de\/wp-json\/wp\/v2\/product"}],"about":[{"href":"https:\/\/aventura-excursions.com\/de\/wp-json\/wp\/v2\/types\/product"}],"wp:featuredmedia":[{"embeddable":true,"href":"https:\/\/aventura-excursions.com\/de\/wp-json\/wp\/v2\/media\/1194"}],"wp:attachment":[{"href":"https:\/\/aventura-excursions.com\/de\/wp-json\/wp\/v2\/media?parent=1589"}],"wp:term":[{"taxonomy":"product_brand","embeddable":true,"href":"https:\/\/aventura-excursions.com\/de\/wp-json\/wp\/v2\/product_brand?post=1589"},{"taxonomy":"product_cat","embeddable":true,"href":"https:\/\/aventura-excursions.com\/de\/wp-json\/wp\/v2\/product_cat?post=1589"},{"taxonomy":"product_tag","embeddable":true,"href":"https:\/\/aventura-excursions.com\/de\/wp-json\/wp\/v2\/product_tag?post=1589"}],"curies":[{"name":"wp","href":"https:\/\/api.w.org\/{rel}","templated":true}]}}