{"id":1829,"date":"2024-06-01T06:18:54","date_gmt":"2024-06-01T03:18:54","guid":{"rendered":"https:\/\/aventura-excursions.com\/?post_type=product&#038;p=1829"},"modified":"2025-06-04T18:36:37","modified_gmt":"2025-06-04T15:36:37","slug":"teide-cable-car","status":"publish","type":"product","link":"https:\/\/aventura-excursions.com\/de\/produkt\/teide-cable-car\/","title":{"rendered":"Teide + Seilbahn"},"content":{"rendered":"<h3>Beschreibung<\/h3>\n<p>\nEntdecken Sie Mondlandschaften, die den Teide-Nationalpark zum meistbesuchten in Europa machen. Trennen Sie sich von den \u00fcblichen Ansichten \u00fcber die Erde und glauben Sie, dass Sie sich auf einem anderen Planeten befinden. Fahren Sie mit der Seilbahn auf den h\u00f6chsten und beeindruckendsten Berg Spaniens, den Teide (3718 m), und finden Sie sich \u00fcber den Wolken wieder, w\u00e4hrend Sie rundherum fantastische Ausblicke genie\u00dfen: Felsen von Garc\u00eda, riesige Lavastr\u00f6me, weite W\u00fcsten und farbenfrohe Berge alle Arten von Mineralien.<\/p>\n<h3>Sehensw\u00fcrdigkeiten<\/h3>\n<ul>\n<li>Teide-Nationalpark<\/li>\n<li>Roques de Garc\u00eda Felsen<\/li>\n<li>Seilbahn zum Teide (bis 3550 m!)<\/li>\n<\/ul>\n<p>\n<\/p>\n<h3>Einzelheiten<\/h3>\n<p>\n<strong><em>Abholung:<\/em><\/strong> gegen 11:00 Uhr <\/p>\n<p>\n<strong><em>Dauer:<\/em><\/strong> 7-8 Stunden <\/p>\n<p>\n<strong><em>Inbegriffen:<\/em><\/strong> <\/p>\n<ul>\n<li>Abholung im S\u00fcden von Costa Adeje bis Los Cristianos und im Norden von Puerto de la Cruz<\/li>\n<li>Ticket f\u00fcr die Seilbahn<\/li>\n<li>professioneller F\u00fchrer<\/li>\n<\/ul>\n<p>\n<strong><em>Nicht inbegriffen:<\/em><\/strong> Mittagessen (es wird eine Pause in einem Restaurant-Snackbar eingelegt) <\/p>\n<p>\n<br \/>\n<strong><em>Bitte beachten Sie:<\/em><\/strong> Der auf dieser Seite angezeigte Zeitplan gilt ausschlie\u00dflich f\u00fcr Touren, die auf Englisch und Spanisch durchgef\u00fchrt werden.<\/p>\n<p>\nF\u00fcr F\u00fchrungen in anderen Sprachen oder wenn Sie eine Abholung in einem nicht aufgef\u00fchrten Gebiet w\u00fcnschen, kontaktieren Sie uns bitte per E-Mail unter <a href=\"mailto:info@aventura-excursions.com\" target=\"ask__mail\">info@aventura-excursions.com<\/a> oder telefonisch unter <a href=\"tel: 34647676812\" target=\"_blank\">+34 647 67 68 12<\/a>. Unser Team wird Ihnen gerne weiterhelfen.<\/p>","protected":false},"excerpt":{"rendered":"<div>\nNehmen Sie an einer der beliebtesten gef\u00fchrten Touren auf Teneriffa teil und entdecken Sie den Teide-Nationalpark aus einem besonderen Blickwinkel, indem Sie mit der Seilbahn auf den h\u00f6chsten Gipfel Spaniens fahren. <\/p>\n<p>\nW\u00e4hlen Sie zun\u00e4chst, ob Sie im S\u00fcden (Abholm\u00f6glichkeit von Costa Adeje bis Los Cristianos) oder in Puerto de la Cruz sind. W\u00e4hlen Sie die Anzahl der Erwachsenen, Kinder (3-13 Jahre) und Kleinkinder (0-2 Jahre) und dann das Ausflugdatum.\n<\/div>","protected":false},"featured_media":440,"template":"","meta":{"_acf_changed":false},"product_brand":[],"product_cat":[19],"product_tag":[],"class_list":{"0":"post-1829","1":"product","2":"type-product","3":"status-publish","4":"has-post-thumbnail","6":"product_cat-bus-excursions","8":"first","9":"instock","10":"shipping-taxable","11":"product-type-grouped"},"acf":[],"yoast_head":"<!-- This site is optimized with the Yoast SEO plugin v25.6 - https:\/\/yoast.com\/wordpress\/plugins\/seo\/ -->\n<title>Teide Cable Car Tours in Tenerife - Aventura Excursions - Book Your Adventure Now!<\/title>\n<meta name=\"description\" content=\"Explore the Teide National Park and climb to an altitude of 3,550m by cable car. Check reviews, prices. Experience stunning views from Spain&#039;s highest peak.\" \/>\n<meta name=\"robots\" content=\"index, follow, max-snippet:-1, max-image-preview:large, max-video-preview:-1\" \/>\n<link rel=\"canonical\" href=\"https:\/\/aventura-excursions.com\/de\/produkt\/teide-cable-car\/\" \/>\n<meta property=\"og:locale\" content=\"de_DE\" \/>\n<meta property=\"og:type\" content=\"article\" \/>\n<meta property=\"og:title\" content=\"Teide Cable Car Tours in Tenerife - Aventura Excursions - Book Your Adventure Now!\" \/>\n<meta property=\"og:description\" content=\"Explore the Teide National Park and climb to an altitude of 3,550m by cable car. Check reviews, prices. Experience stunning views from Spain&#039;s highest peak.\" \/>\n<meta property=\"og:url\" content=\"https:\/\/aventura-excursions.com\/de\/produkt\/teide-cable-car\/\" \/>\n<meta property=\"og:site_name\" content=\"Aventura Excursions\" \/>\n<meta property=\"article:modified_time\" content=\"2025-06-04T15:36:37+00:00\" \/>\n<meta property=\"og:image\" content=\"https:\/\/aventura-excursions.com\/wp-content\/uploads\/2024\/02\/parque-nacional-teide-teleferico-02.jpg\" \/>\n\t<meta property=\"og:image:width\" content=\"1024\" \/>\n\t<meta property=\"og:image:height\" content=\"682\" \/>\n\t<meta property=\"og:image:type\" content=\"image\/jpeg\" \/>\n<meta name=\"twitter:card\" content=\"summary_large_image\" \/>\n<meta name=\"twitter:label1\" content=\"Gesch\u00e4tzte Lesezeit\" \/>\n\t<meta name=\"twitter:data1\" content=\"2\u00a0Minuten\" \/>\n<!-- \/ Yoast SEO plugin. -->","yoast_head_json":{"title":"Teide Cable Car Tours in Tenerife - Aventura Excursions - Book Your Adventure Now!","description":"Explore the Teide National Park and climb to an altitude of 3,550m by cable car. Check reviews, prices. Experience stunning views from Spain's highest peak.","robots":{"index":"index","follow":"follow","max-snippet":"max-snippet:-1","max-image-preview":"max-image-preview:large","max-video-preview":"max-video-preview:-1"},"canonical":"https:\/\/aventura-excursions.com\/de\/produkt\/teide-cable-car\/","og_locale":"de_DE","og_type":"article","og_title":"Teide Cable Car Tours in Tenerife - Aventura Excursions - Book Your Adventure Now!","og_description":"Explore the Teide National Park and climb to an altitude of 3,550m by cable car. Check reviews, prices. Experience stunning views from Spain's highest peak.","og_url":"https:\/\/aventura-excursions.com\/de\/produkt\/teide-cable-car\/","og_site_name":"Aventura Excursions","article_modified_time":"2025-06-04T15:36:37+00:00","og_image":[{"width":1024,"height":682,"url":"https:\/\/aventura-excursions.com\/wp-content\/uploads\/2024\/02\/parque-nacional-teide-teleferico-02.jpg","type":"image\/jpeg"}],"twitter_card":"summary_large_image","twitter_misc":{"Gesch\u00e4tzte Lesezeit":"2\u00a0Minuten"},"schema":{"@context":"https:\/\/schema.org","@graph":[{"@type":"WebPage","@id":"https:\/\/aventura-excursions.com\/product\/teide-cable-car\/","url":"https:\/\/aventura-excursions.com\/product\/teide-cable-car\/","name":"Teide Cable Car Tours in Tenerife - Aventura Excursions - Book Your Adventure Now!","isPartOf":{"@id":"https:\/\/aventura-excursions.com\/#website"},"primaryImageOfPage":{"@id":"https:\/\/aventura-excursions.com\/product\/teide-cable-car\/#primaryimage"},"image":{"@id":"https:\/\/aventura-excursions.com\/product\/teide-cable-car\/#primaryimage"},"thumbnailUrl":"https:\/\/aventura-excursions.com\/wp-content\/uploads\/2024\/02\/parque-nacional-teide-teleferico-02.jpg","datePublished":"2024-06-01T03:18:54+00:00","dateModified":"2025-06-04T15:36:37+00:00","description":"Explore the Teide National Park and climb to an altitude of 3,550m by cable car. Check reviews, prices. Experience stunning views from Spain's highest peak.","breadcrumb":{"@id":"https:\/\/aventura-excursions.com\/product\/teide-cable-car\/#breadcrumb"},"inLanguage":"de","potentialAction":[{"@type":"ReadAction","target":["https:\/\/aventura-excursions.com\/product\/teide-cable-car\/"]}]},{"@type":"ImageObject","inLanguage":"de","@id":"https:\/\/aventura-excursions.com\/product\/teide-cable-car\/#primaryimage","url":"https:\/\/aventura-excursions.com\/wp-content\/uploads\/2024\/02\/parque-nacional-teide-teleferico-02.jpg","contentUrl":"https:\/\/aventura-excursions.com\/wp-content\/uploads\/2024\/02\/parque-nacional-teide-teleferico-02.jpg","width":1024,"height":682},{"@type":"BreadcrumbList","@id":"https:\/\/aventura-excursions.com\/product\/teide-cable-car\/#breadcrumb","itemListElement":[{"@type":"ListItem","position":1,"name":"Tours","item":"https:\/\/aventura-excursions.com\/tours\/"},{"@type":"ListItem","position":2,"name":"Teide + Cable Car"}]},{"@type":"WebSite","@id":"https:\/\/aventura-excursions.com\/#website","url":"https:\/\/aventura-excursions.com\/","name":"Aventura Excursions","description":"Aventura Excursions","potentialAction":[{"@type":"SearchAction","target":{"@type":"EntryPoint","urlTemplate":"https:\/\/aventura-excursions.com\/?s={search_term_string}"},"query-input":{"@type":"PropertyValueSpecification","valueRequired":true,"valueName":"search_term_string"}}],"inLanguage":"de"}]}},"_links":{"self":[{"href":"https:\/\/aventura-excursions.com\/de\/wp-json\/wp\/v2\/product\/1829","targetHints":{"allow":["GET"]}}],"collection":[{"href":"https:\/\/aventura-excursions.com\/de\/wp-json\/wp\/v2\/product"}],"about":[{"href":"https:\/\/aventura-excursions.com\/de\/wp-json\/wp\/v2\/types\/product"}],"wp:featuredmedia":[{"embeddable":true,"href":"https:\/\/aventura-excursions.com\/de\/wp-json\/wp\/v2\/media\/440"}],"wp:attachment":[{"href":"https:\/\/aventura-excursions.com\/de\/wp-json\/wp\/v2\/media?parent=1829"}],"wp:term":[{"taxonomy":"product_brand","embeddable":true,"href":"https:\/\/aventura-excursions.com\/de\/wp-json\/wp\/v2\/product_brand?post=1829"},{"taxonomy":"product_cat","embeddable":true,"href":"https:\/\/aventura-excursions.com\/de\/wp-json\/wp\/v2\/product_cat?post=1829"},{"taxonomy":"product_tag","embeddable":true,"href":"https:\/\/aventura-excursions.com\/de\/wp-json\/wp\/v2\/product_tag?post=1829"}],"curies":[{"name":"wp","href":"https:\/\/api.w.org\/{rel}","templated":true}]}}