{"id":1879,"date":"2024-06-15T00:32:04","date_gmt":"2024-06-14T21:32:04","guid":{"rendered":"https:\/\/aventura-excursions.com\/?post_type=product&#038;p=1879"},"modified":"2025-10-19T00:15:30","modified_gmt":"2025-10-18T21:15:30","slug":"la-gomera","status":"publish","type":"product","link":"https:\/\/aventura-excursions.com\/de\/produkt\/la-gomera\/","title":{"rendered":"La Gomera"},"content":{"rendered":"<h3>Beschreibung<\/h3>\n<p>\nLa Gomera, die gr\u00fcnste der Kanarischen Inseln, bietet Ihnen eine Reise durch einen magischen Lorbeerwald, T\u00e4ler und spektakul\u00e4re Landschaften. Bei Ihrer Ankunft auf der Insel besuchen Sie San Sebastian, die Hauptstadt der Insel, mit ihrem attraktiven historischen Stadtzentrum, wo Kolumbus vor mehr als 500 Jahren auf seinem Weg zu den Ostk\u00fcsten Asiens Halt machte. Als n\u00e4chstes geht es ins Herz von La Gomera, dem Nationalpark Garajonay. Sie schlendern durch den bezaubernden Lorbeerwald, der Sie mit seinen skurrilen, lockigen Zweigen in die Atmosph\u00e4re eines Fantasyfilms eintauchen l\u00e4sst. Nachdem Sie von Ihrem Reisef\u00fchrer mehr \u00fcber die Geschichte der Ureinwohner von La Gomera erfahren haben, genie\u00dfen Sie ein traditionelles Mittagessen, bei dem die Einheimischen ihre einzigartige gomeranische Pfeifsprache, auch bekannt als Silbo Gomero, vorf\u00fchren.<\/p>\n<h3><\/h3>\n<h3>Sehensw\u00fcrdigkeiten<\/h3>\n<ul>\n<li>Historisches Zentrum von San Sebastian<\/li>\n<li>Haus von Kolumbus<\/li>\n<li>Nationalpark Garajonay: Lorbeerwald<\/li>\n<li>Pfeifenshow<\/li>\n<\/ul>\n<p><h3>Einzelheiten<\/h3>\n<p>\n<strong>Es ist obligatorisch, Ihren Ausweis f\u00fcr die F\u00e4hre mitzubringen!!<\/strong><\/p>\n<p>\n<em><strong>Abholung:<\/strong><\/em> gegen 08:00 Uhr<\/p>\n<p>\n<em><strong>Dauer:<\/strong><\/em> 10 Stunden<\/p>\n<p>\n<strong><em>Inbegriffen:<\/em><\/strong> <\/p>\n<ul>\n<li>Abholung im S\u00fcden von La Caleta bis Los Cristianos und im Norden von Puerto de la Cruz<\/li>\n<li>das Ticket zur F\u00e4hre (30 Min.)<\/li>\n<li>Mittagessen in einem traditionellen Restaurant<\/li>\n<li>professioneller F\u00fchrer<\/li>\n<\/ul>\n<p>\n<br \/> <br \/>\n<strong>There&#8217;s no pick up for the tour in Polish language<\/strong><\/p>\n<p>\n<br \/>\n<strong><em>Bitte beachten Sie:<\/em><\/strong> Der auf dieser Seite angezeigte Zeitplan gilt ausschlie\u00dflich f\u00fcr Touren, die auf Englisch und Spanisch durchgef\u00fchrt werden.<\/p>\n<p>\nF\u00fcr F\u00fchrungen in anderen Sprachen oder wenn Sie eine Abholung in einem nicht aufgef\u00fchrten Gebiet w\u00fcnschen, kontaktieren Sie uns bitte per E-Mail unter <a href=\"mailto:info@aventura-excursions.com\" target=\"ask__mail\">info@aventura-excursions.com<\/a> oder telefonisch unter <a href=\"tel: 34647676812\" target=\"_blank\">+34 647 67 68 12<\/a>. Unser Team wird Ihnen gerne weiterhelfen.<\/p>","protected":false},"excerpt":{"rendered":"<div>\nBesuchen Sie die wundersch\u00f6ne Insel La Gomera mit einem Stopp im Garajonay-Nationalpark, in Lorbeerw\u00e4ldern und in der Stadt San Sebastian. Treffen Sie Einheimische und entdecken Sie ihre einzigartige Pfeifsprache.<\/p>\n<p>\n<br \/>\nW\u00e4hlen Sie zun\u00e4chst, ob Sie im S\u00fcden (Mo-Sa) oder in Puerto de la Cruz (Mi, Do, Sa) sind. W\u00e4hlen Sie die Anzahl der Erwachsenen, Kinder (-13 Jahre) und Kleinkinder (0-1 Jahr) und dann das Ausflugdatum.\n<\/div>","protected":false},"featured_media":513,"template":"","meta":{"_acf_changed":false},"product_brand":[],"product_cat":[19],"product_tag":[],"class_list":{"0":"post-1879","1":"product","2":"type-product","3":"status-publish","4":"has-post-thumbnail","6":"product_cat-bus-excursions","8":"first","9":"instock","10":"shipping-taxable","11":"product-type-grouped"},"acf":[],"yoast_head":"<!-- This site is optimized with the Yoast SEO plugin v25.6 - https:\/\/yoast.com\/wordpress\/plugins\/seo\/ -->\n<title>Explore La Gomera from Tenerife - Aventura Excursions | Book Your Trip Now!<\/title>\n<meta name=\"description\" content=\"Visit La Gomera and discover its wonders! Check reviews, prices, and ratings. Book your adventure today for an unforgettable experience!\" \/>\n<meta name=\"robots\" content=\"index, follow, max-snippet:-1, max-image-preview:large, max-video-preview:-1\" \/>\n<link rel=\"canonical\" href=\"https:\/\/aventura-excursions.com\/de\/produkt\/la-gomera\/\" \/>\n<meta property=\"og:locale\" content=\"de_DE\" \/>\n<meta property=\"og:type\" content=\"article\" \/>\n<meta property=\"og:title\" content=\"Explore La Gomera from Tenerife - Aventura Excursions | Book Your Trip Now!\" \/>\n<meta property=\"og:description\" content=\"Visit La Gomera and discover its wonders! Check reviews, prices, and ratings. Book your adventure today for an unforgettable experience!\" \/>\n<meta property=\"og:url\" content=\"https:\/\/aventura-excursions.com\/de\/produkt\/la-gomera\/\" \/>\n<meta property=\"og:site_name\" content=\"Aventura Excursions\" \/>\n<meta property=\"article:modified_time\" content=\"2025-10-18T21:15:30+00:00\" \/>\n<meta property=\"og:image\" content=\"https:\/\/aventura-excursions.com\/wp-content\/uploads\/2024\/03\/245251-La-Gomera889-e1717292970876.png\" \/>\n\t<meta property=\"og:image:width\" content=\"496\" \/>\n\t<meta property=\"og:image:height\" content=\"241\" \/>\n\t<meta property=\"og:image:type\" content=\"image\/png\" \/>\n<meta name=\"twitter:card\" content=\"summary_large_image\" \/>\n<meta name=\"twitter:label1\" content=\"Gesch\u00e4tzte Lesezeit\" \/>\n\t<meta name=\"twitter:data1\" content=\"2\u00a0Minuten\" \/>\n<!-- \/ Yoast SEO plugin. -->","yoast_head_json":{"title":"Explore La Gomera from Tenerife - Aventura Excursions | Book Your Trip Now!","description":"Visit La Gomera and discover its wonders! Check reviews, prices, and ratings. Book your adventure today for an unforgettable experience!","robots":{"index":"index","follow":"follow","max-snippet":"max-snippet:-1","max-image-preview":"max-image-preview:large","max-video-preview":"max-video-preview:-1"},"canonical":"https:\/\/aventura-excursions.com\/de\/produkt\/la-gomera\/","og_locale":"de_DE","og_type":"article","og_title":"Explore La Gomera from Tenerife - Aventura Excursions | Book Your Trip Now!","og_description":"Visit La Gomera and discover its wonders! Check reviews, prices, and ratings. Book your adventure today for an unforgettable experience!","og_url":"https:\/\/aventura-excursions.com\/de\/produkt\/la-gomera\/","og_site_name":"Aventura Excursions","article_modified_time":"2025-10-18T21:15:30+00:00","og_image":[{"width":496,"height":241,"url":"https:\/\/aventura-excursions.com\/wp-content\/uploads\/2024\/03\/245251-La-Gomera889-e1717292970876.png","type":"image\/png"}],"twitter_card":"summary_large_image","twitter_misc":{"Gesch\u00e4tzte Lesezeit":"2\u00a0Minuten"},"schema":{"@context":"https:\/\/schema.org","@graph":[{"@type":"WebPage","@id":"https:\/\/aventura-excursions.com\/product\/la-gomera\/","url":"https:\/\/aventura-excursions.com\/product\/la-gomera\/","name":"Explore La Gomera from Tenerife - Aventura Excursions | Book Your Trip Now!","isPartOf":{"@id":"https:\/\/aventura-excursions.com\/#website"},"primaryImageOfPage":{"@id":"https:\/\/aventura-excursions.com\/product\/la-gomera\/#primaryimage"},"image":{"@id":"https:\/\/aventura-excursions.com\/product\/la-gomera\/#primaryimage"},"thumbnailUrl":"https:\/\/aventura-excursions.com\/wp-content\/uploads\/2024\/03\/245251-La-Gomera889-e1717292970876.png","datePublished":"2024-06-14T21:32:04+00:00","dateModified":"2025-10-18T21:15:30+00:00","description":"Visit La Gomera and discover its wonders! Check reviews, prices, and ratings. Book your adventure today for an unforgettable experience!","breadcrumb":{"@id":"https:\/\/aventura-excursions.com\/product\/la-gomera\/#breadcrumb"},"inLanguage":"de","potentialAction":[{"@type":"ReadAction","target":["https:\/\/aventura-excursions.com\/product\/la-gomera\/"]}]},{"@type":"ImageObject","inLanguage":"de","@id":"https:\/\/aventura-excursions.com\/product\/la-gomera\/#primaryimage","url":"https:\/\/aventura-excursions.com\/wp-content\/uploads\/2024\/03\/245251-La-Gomera889-e1717292970876.png","contentUrl":"https:\/\/aventura-excursions.com\/wp-content\/uploads\/2024\/03\/245251-La-Gomera889-e1717292970876.png","width":496,"height":241},{"@type":"BreadcrumbList","@id":"https:\/\/aventura-excursions.com\/product\/la-gomera\/#breadcrumb","itemListElement":[{"@type":"ListItem","position":1,"name":"Tours","item":"https:\/\/aventura-excursions.com\/tours\/"},{"@type":"ListItem","position":2,"name":"La Gomera"}]},{"@type":"WebSite","@id":"https:\/\/aventura-excursions.com\/#website","url":"https:\/\/aventura-excursions.com\/","name":"Aventura Excursions","description":"Aventura Excursions","potentialAction":[{"@type":"SearchAction","target":{"@type":"EntryPoint","urlTemplate":"https:\/\/aventura-excursions.com\/?s={search_term_string}"},"query-input":{"@type":"PropertyValueSpecification","valueRequired":true,"valueName":"search_term_string"}}],"inLanguage":"de"}]}},"_links":{"self":[{"href":"https:\/\/aventura-excursions.com\/de\/wp-json\/wp\/v2\/product\/1879","targetHints":{"allow":["GET"]}}],"collection":[{"href":"https:\/\/aventura-excursions.com\/de\/wp-json\/wp\/v2\/product"}],"about":[{"href":"https:\/\/aventura-excursions.com\/de\/wp-json\/wp\/v2\/types\/product"}],"wp:featuredmedia":[{"embeddable":true,"href":"https:\/\/aventura-excursions.com\/de\/wp-json\/wp\/v2\/media\/513"}],"wp:attachment":[{"href":"https:\/\/aventura-excursions.com\/de\/wp-json\/wp\/v2\/media?parent=1879"}],"wp:term":[{"taxonomy":"product_brand","embeddable":true,"href":"https:\/\/aventura-excursions.com\/de\/wp-json\/wp\/v2\/product_brand?post=1879"},{"taxonomy":"product_cat","embeddable":true,"href":"https:\/\/aventura-excursions.com\/de\/wp-json\/wp\/v2\/product_cat?post=1879"},{"taxonomy":"product_tag","embeddable":true,"href":"https:\/\/aventura-excursions.com\/de\/wp-json\/wp\/v2\/product_tag?post=1879"}],"curies":[{"name":"wp","href":"https:\/\/api.w.org\/{rel}","templated":true}]}}