{"id":2281,"date":"2024-10-04T18:56:53","date_gmt":"2024-10-04T15:56:53","guid":{"rendered":"https:\/\/aventura-excursions.com\/?post_type=product&#038;p=2281"},"modified":"2024-10-28T14:41:41","modified_gmt":"2024-10-28T11:41:41","slug":"fishing-2","status":"publish","type":"product","link":"https:\/\/aventura-excursions.com\/de\/produkt\/fishing-2\/","title":{"rendered":"Angeltour"},"content":{"rendered":"<h3>Beschreibung<\/h3>\n<p>\nBegeben Sie sich auf eine wundervolle Reise, bei der der Nervenkitzel des Fangs auf die Sch\u00f6nheit des Atlantiks trifft! Die Boote sind f\u00fcr das ultimative Angelabenteuer konzipiert und mit der notwendigen Technologie und Annehmlichkeiten ausgestattet. Unsere erfahrene Crew teilt ihr Wissen und verr\u00e4t Ihnen die besten Angelpl\u00e4tze. Unter dem warmen Schein der kanarischen Sonne werden Sie den Angelausflug mit Ihrer Familie genie\u00dfen, auch wenn diese nicht angeln geht. Sie k\u00f6nnen Sie begleiten und die Sch\u00f6nheit des Ozeans vor der K\u00fcste Teneriffas erleben.<\/p>\n<p>W\u00e4hrend unserer 4-st\u00fcndigen Ausfl\u00fcge fangen wir h\u00e4ufig Marlin, Thunfisch, Bonitos, Dorados usw.<\/p>\n<p>Es besteht auch eine gro\u00dfe Chance, Delfine und Grindwale zu treffen, die in den Gew\u00e4ssern Teneriffas leben.<\/p>\n<p><\/p>\n<h3>Sehensw\u00fcrdigkeiten<\/h3>\n<ul>\n<li>Hochseefischen<\/li>\n<li>Bis zu 25 Meilen vor der K\u00fcste<\/li>\n<li>Expertenteam<\/li>\n<li>Beste Angelpl\u00e4tze auf Teneriffa<\/li>\n<li>Riesige Vielfalt an Meereslebewesen<\/li>\n<li>Spektakul\u00e4re Aussicht auf das Meer<\/li>\n<\/ul>\n<p><\/p>\n<h3>Einzelheiten<\/h3>\n<p>\nHafen: Puerto Col\u00f3n \/ Las Galletas <br \/>\nDauer: 4 Stunden<br \/>\n2 Ruten f\u00fcr jeden Fischer<br \/>\nIm Preis inbegriffen sind Speisen und Getr\u00e4nke wie Sandwiches, Wasser, Bier und Softdrinks.<\/p>","protected":false},"excerpt":{"rendered":"<div>Widmen Sie Ihren Tag einem inspirierenden Angelausflug! Nehmen Sie Ihre ganze Familie mit auf ein komfortables Boot, erkunden Sie die tiefen Gew\u00e4sser vor der K\u00fcste Teneriffas und angeln Sie in der Gegend mit den gr\u00f6\u00dften Chancen auf einen tollen Fang.<\/p>\n<p>\nW\u00e4hlen Sie die Anzahl der Fischer und Begleitpersonen sowie das Datum der Tour.\n<\/div>","protected":false},"featured_media":1034,"template":"","meta":{"_acf_changed":false},"product_brand":[],"product_cat":[21],"product_tag":[],"class_list":{"0":"post-2281","1":"product","2":"type-product","3":"status-publish","4":"has-post-thumbnail","6":"product_cat-activities","8":"first","9":"instock","10":"sale","11":"shipping-taxable","12":"product-type-grouped"},"acf":[],"yoast_head":"<!-- This site is optimized with the Yoast SEO plugin v25.6 - https:\/\/yoast.com\/wordpress\/plugins\/seo\/ -->\n<title>Fishing tour - Aventura Excursions<\/title>\n<meta name=\"description\" content=\"Experience thrilling fishing in Tenerife! Book now for big game and deep sea fishing. Best spots, expert crew, great prices. Secure your adventure today!\" \/>\n<meta name=\"robots\" content=\"index, follow, max-snippet:-1, max-image-preview:large, max-video-preview:-1\" \/>\n<link rel=\"canonical\" href=\"https:\/\/aventura-excursions.com\/de\/produkt\/fishing-2\/\" \/>\n<meta property=\"og:locale\" content=\"de_DE\" \/>\n<meta property=\"og:type\" content=\"article\" \/>\n<meta property=\"og:title\" content=\"Fishing tour - Aventura Excursions\" \/>\n<meta property=\"og:description\" content=\"Experience thrilling fishing in Tenerife! Book now for big game and deep sea fishing. Best spots, expert crew, great prices. Secure your adventure today!\" \/>\n<meta property=\"og:url\" content=\"https:\/\/aventura-excursions.com\/de\/produkt\/fishing-2\/\" \/>\n<meta property=\"og:site_name\" content=\"Aventura Excursions\" \/>\n<meta property=\"article:modified_time\" content=\"2024-10-28T11:41:41+00:00\" \/>\n<meta property=\"og:image\" content=\"https:\/\/aventura-excursions.com\/wp-content\/uploads\/2024\/03\/pexels-william-mcallister-3793366.jpg\" \/>\n\t<meta property=\"og:image:width\" content=\"988\" \/>\n\t<meta property=\"og:image:height\" content=\"656\" \/>\n\t<meta property=\"og:image:type\" content=\"image\/jpeg\" \/>\n<meta name=\"twitter:card\" content=\"summary_large_image\" \/>\n<meta name=\"twitter:label1\" content=\"Gesch\u00e4tzte Lesezeit\" \/>\n\t<meta name=\"twitter:data1\" content=\"1\u00a0Minute\" \/>\n<!-- \/ Yoast SEO plugin. -->","yoast_head_json":{"title":"Fishing tour - Aventura Excursions","description":"Experience thrilling fishing in Tenerife! Book now for big game and deep sea fishing. Best spots, expert crew, great prices. Secure your adventure today!","robots":{"index":"index","follow":"follow","max-snippet":"max-snippet:-1","max-image-preview":"max-image-preview:large","max-video-preview":"max-video-preview:-1"},"canonical":"https:\/\/aventura-excursions.com\/de\/produkt\/fishing-2\/","og_locale":"de_DE","og_type":"article","og_title":"Fishing tour - Aventura Excursions","og_description":"Experience thrilling fishing in Tenerife! Book now for big game and deep sea fishing. Best spots, expert crew, great prices. Secure your adventure today!","og_url":"https:\/\/aventura-excursions.com\/de\/produkt\/fishing-2\/","og_site_name":"Aventura Excursions","article_modified_time":"2024-10-28T11:41:41+00:00","og_image":[{"width":988,"height":656,"url":"https:\/\/aventura-excursions.com\/wp-content\/uploads\/2024\/03\/pexels-william-mcallister-3793366.jpg","type":"image\/jpeg"}],"twitter_card":"summary_large_image","twitter_misc":{"Gesch\u00e4tzte Lesezeit":"1\u00a0Minute"},"schema":{"@context":"https:\/\/schema.org","@graph":[{"@type":"WebPage","@id":"https:\/\/aventura-excursions.com\/product\/fishing-2\/","url":"https:\/\/aventura-excursions.com\/product\/fishing-2\/","name":"Fishing tour - Aventura Excursions","isPartOf":{"@id":"https:\/\/aventura-excursions.com\/#website"},"primaryImageOfPage":{"@id":"https:\/\/aventura-excursions.com\/product\/fishing-2\/#primaryimage"},"image":{"@id":"https:\/\/aventura-excursions.com\/product\/fishing-2\/#primaryimage"},"thumbnailUrl":"https:\/\/aventura-excursions.com\/wp-content\/uploads\/2024\/03\/pexels-william-mcallister-3793366.jpg","datePublished":"2024-10-04T15:56:53+00:00","dateModified":"2024-10-28T11:41:41+00:00","description":"Experience thrilling fishing in Tenerife! Book now for big game and deep sea fishing. Best spots, expert crew, great prices. Secure your adventure today!","breadcrumb":{"@id":"https:\/\/aventura-excursions.com\/product\/fishing-2\/#breadcrumb"},"inLanguage":"de","potentialAction":[{"@type":"ReadAction","target":["https:\/\/aventura-excursions.com\/product\/fishing-2\/"]}]},{"@type":"ImageObject","inLanguage":"de","@id":"https:\/\/aventura-excursions.com\/product\/fishing-2\/#primaryimage","url":"https:\/\/aventura-excursions.com\/wp-content\/uploads\/2024\/03\/pexels-william-mcallister-3793366.jpg","contentUrl":"https:\/\/aventura-excursions.com\/wp-content\/uploads\/2024\/03\/pexels-william-mcallister-3793366.jpg","width":988,"height":656},{"@type":"BreadcrumbList","@id":"https:\/\/aventura-excursions.com\/product\/fishing-2\/#breadcrumb","itemListElement":[{"@type":"ListItem","position":1,"name":"Tours","item":"https:\/\/aventura-excursions.com\/tours\/"},{"@type":"ListItem","position":2,"name":"Fishing tour"}]},{"@type":"WebSite","@id":"https:\/\/aventura-excursions.com\/#website","url":"https:\/\/aventura-excursions.com\/","name":"Aventura Excursions","description":"Aventura Excursions","potentialAction":[{"@type":"SearchAction","target":{"@type":"EntryPoint","urlTemplate":"https:\/\/aventura-excursions.com\/?s={search_term_string}"},"query-input":{"@type":"PropertyValueSpecification","valueRequired":true,"valueName":"search_term_string"}}],"inLanguage":"de"}]}},"_links":{"self":[{"href":"https:\/\/aventura-excursions.com\/de\/wp-json\/wp\/v2\/product\/2281","targetHints":{"allow":["GET"]}}],"collection":[{"href":"https:\/\/aventura-excursions.com\/de\/wp-json\/wp\/v2\/product"}],"about":[{"href":"https:\/\/aventura-excursions.com\/de\/wp-json\/wp\/v2\/types\/product"}],"wp:featuredmedia":[{"embeddable":true,"href":"https:\/\/aventura-excursions.com\/de\/wp-json\/wp\/v2\/media\/1034"}],"wp:attachment":[{"href":"https:\/\/aventura-excursions.com\/de\/wp-json\/wp\/v2\/media?parent=2281"}],"wp:term":[{"taxonomy":"product_brand","embeddable":true,"href":"https:\/\/aventura-excursions.com\/de\/wp-json\/wp\/v2\/product_brand?post=2281"},{"taxonomy":"product_cat","embeddable":true,"href":"https:\/\/aventura-excursions.com\/de\/wp-json\/wp\/v2\/product_cat?post=2281"},{"taxonomy":"product_tag","embeddable":true,"href":"https:\/\/aventura-excursions.com\/de\/wp-json\/wp\/v2\/product_tag?post=2281"}],"curies":[{"name":"wp","href":"https:\/\/api.w.org\/{rel}","templated":true}]}}