{"id":2664,"date":"2025-07-26T14:34:48","date_gmt":"2025-07-26T11:34:48","guid":{"rendered":"https:\/\/aventura-excursions.com\/?post_type=product&#038;p=2664"},"modified":"2025-09-10T16:01:14","modified_gmt":"2025-09-10T13:01:14","slug":"siam-night","status":"publish","type":"product","link":"https:\/\/aventura-excursions.com\/de\/produkt\/siam-night\/","title":{"rendered":"Siam Nacht"},"content":{"rendered":"<h3>Beschreibung<\/h3>\n<p>\nDie Siam Night ist da, um Sie in einem der besten Wasserparks der Welt - dem Siam Park - umzuhauen. Vom 1. Juli bis 31. August verwandelt sich dieses tropische Paradies in ein n\u00e4chtliches Spektakel mit DJ-Musik, Laserstrahlen, Feuereffekten und tanzenden Lichtern. Rutschen Sie durch gewundene R\u00f6hren, lassen Sie sich auf dem Lazy River treiben oder entspannen Sie sich am Sandstrand unter Palmen und Sternenlicht.<\/p>\n<p>\nNach Einbruch der Dunkelheit verwandelt sich der Park in ein traumhaftes Wunderland, in dem der Wellenpalast kracht und die Energie durch jede Welle pulsiert. Es ist eine Symphonie aus Anblicken und Kl\u00e4ngen, die unvergessliche Erinnerungen hinterl\u00e4sst.<\/p>\n<h3><\/h3>\n<h3>Sehensw\u00fcrdigkeiten<\/h3>\n<ul>\n<li>DJ-Party: Live-DJ-Sets mit Lasern, Licht und Nebel \u00fcber den Wellen<\/li>\n<li>Feuershow: Atemberaubende Feuereffekte und leuchtende Nachtszenen<\/li>\n<li>Wellen-Palast: Schwimmen in den Wellen unter dem Sternenhimmel<\/li>\n<li>Night Slides &#038; River: Glow-in-the-dark slides and a dreamy lazy river<\/li>\n<li>Bars and Restaurants: All facilities remain open during Siam Night (except the children&#8217;s attractions)<\/li>\n<\/ul>\n<p><h3>Einzelheiten<\/h3>\n<p>\n<em><strong>\u00d6ffnungszeiten<\/strong><\/em>: 20:00 \u2013 00:00<\/p>\n<p>\n <strong><em>Standort:<\/em><\/strong>Las Americas (S\u00fcden Teneriffas)<\/p>\n<p>\nKinder unter 16 Jahren d\u00fcrfen nur in Begleitung eines Erwachsenen an der Siam Night teilnehmen.<\/p>\n<h3>Transport<\/h3>\n<p>Es gibt keinen Transfer aus dem S\u00fcden, aber f\u00fcr diejenigen, die im Norden der Insel wohnen, bieten wir einen bezahlten Transfer an. Dieser Shuttlebus holt die Touristen in den Hotels in Puerto de la Cruz ab und bringt sie direkt zum Siam Park. In der Nacht, zur verabredeten Stunde, kehrt er nach Puerto de la Cruz zur\u00fcck.<\/p>\n<p>Wenn Sie ein <strong><em><a href=\"https:\/\/aventura-excursions.com\/de\/produkt\/rent-a-car\/\">Auto mieten<\/a><\/em><\/strong>, k\u00f6nnen Sie auf eigene Faust zum Siam Park fahren und Ihr Auto auf dem geb\u00fchrenpflichtigen Parkplatz abstellen. Denken Sie daran, fr\u00fch anzureisen, da der Siam Park einer der meistbesuchten Orte auf Teneriffa ist und der Parkplatz 1-2 Stunden nach der Er\u00f6ffnung voll ist.<\/p>","protected":false},"excerpt":{"rendered":"<div>\n<p>Siam Nacht verwandelt den Siam Park in eine magische tropische Party mit Live-DJ-Musik, Laserlicht, Feuereffekten, leuchtenden Wasserrutschen, Wellensurfen und einem entspannenden Lazy River - alles unter dem Sternenhimmel. <\/p>\n<p>\n<br \/>\nW\u00e4hlen Sie zun\u00e4chst eine der Optionen: Nur Ticket oder Ticket + Transfer ab Puerto de la Cruz.<br \/>\n<br \/> W\u00e4hlen Sie dann die Anzahl der Erwachsenen und Kinder (3\u201311 Jahre) aus.\nDer Eintritt f\u00fcr Kleinkinder (0-2 Jahre) ist kostenfrei.\n<\/div>","protected":false},"featured_media":2665,"template":"","meta":{"_acf_changed":false},"product_brand":[],"product_cat":[20],"product_tag":[],"class_list":{"0":"post-2664","1":"product","2":"type-product","3":"status-publish","4":"has-post-thumbnail","6":"product_cat-parks","8":"first","9":"instock","10":"shipping-taxable","11":"product-type-grouped"},"acf":[],"yoast_head":"<!-- This site is optimized with the Yoast SEO plugin v25.6 - https:\/\/yoast.com\/wordpress\/plugins\/seo\/ -->\n<title>Siam Night Tenerife \u2013 Night Experience at Siam Park<\/title>\n<meta name=\"description\" content=\"Discover Siam Night in Tenerife: thrilling rides, live shows, and exotic atmosphere at Siam Park after dark. Book your night adventure today!\" \/>\n<meta name=\"robots\" content=\"index, follow, max-snippet:-1, max-image-preview:large, max-video-preview:-1\" \/>\n<link rel=\"canonical\" href=\"https:\/\/aventura-excursions.com\/de\/produkt\/siam-night\/\" \/>\n<meta property=\"og:locale\" content=\"de_DE\" \/>\n<meta property=\"og:type\" content=\"article\" \/>\n<meta property=\"og:title\" content=\"Siam Night Tenerife \u2013 Night Experience at Siam Park\" \/>\n<meta property=\"og:description\" content=\"Discover Siam Night in Tenerife: thrilling rides, live shows, and exotic atmosphere at Siam Park after dark. Book your night adventure today!\" \/>\n<meta property=\"og:url\" content=\"https:\/\/aventura-excursions.com\/de\/produkt\/siam-night\/\" \/>\n<meta property=\"og:site_name\" content=\"Aventura Excursions\" \/>\n<meta property=\"article:modified_time\" content=\"2025-09-10T13:01:14+00:00\" \/>\n<meta property=\"og:image\" content=\"https:\/\/aventura-excursions.com\/wp-content\/uploads\/2025\/07\/SIAM-NIGHT-EN-132a898a.png\" \/>\n\t<meta property=\"og:image:width\" content=\"720\" \/>\n\t<meta property=\"og:image:height\" content=\"720\" \/>\n\t<meta property=\"og:image:type\" content=\"image\/png\" \/>\n<meta name=\"twitter:card\" content=\"summary_large_image\" \/>\n<meta name=\"twitter:label1\" content=\"Gesch\u00e4tzte Lesezeit\" \/>\n\t<meta name=\"twitter:data1\" content=\"2\u00a0Minuten\" \/>\n<!-- \/ Yoast SEO plugin. -->","yoast_head_json":{"title":"Siam Night Tenerife \u2013 Night Experience at Siam Park","description":"Discover Siam Night in Tenerife: thrilling rides, live shows, and exotic atmosphere at Siam Park after dark. Book your night adventure today!","robots":{"index":"index","follow":"follow","max-snippet":"max-snippet:-1","max-image-preview":"max-image-preview:large","max-video-preview":"max-video-preview:-1"},"canonical":"https:\/\/aventura-excursions.com\/de\/produkt\/siam-night\/","og_locale":"de_DE","og_type":"article","og_title":"Siam Night Tenerife \u2013 Night Experience at Siam Park","og_description":"Discover Siam Night in Tenerife: thrilling rides, live shows, and exotic atmosphere at Siam Park after dark. Book your night adventure today!","og_url":"https:\/\/aventura-excursions.com\/de\/produkt\/siam-night\/","og_site_name":"Aventura Excursions","article_modified_time":"2025-09-10T13:01:14+00:00","og_image":[{"width":720,"height":720,"url":"https:\/\/aventura-excursions.com\/wp-content\/uploads\/2025\/07\/SIAM-NIGHT-EN-132a898a.png","type":"image\/png"}],"twitter_card":"summary_large_image","twitter_misc":{"Gesch\u00e4tzte Lesezeit":"2\u00a0Minuten"},"schema":{"@context":"https:\/\/schema.org","@graph":[{"@type":"WebPage","@id":"https:\/\/aventura-excursions.com\/product\/siam-night\/","url":"https:\/\/aventura-excursions.com\/product\/siam-night\/","name":"Siam Night Tenerife \u2013 Night Experience at Siam Park","isPartOf":{"@id":"https:\/\/aventura-excursions.com\/#website"},"primaryImageOfPage":{"@id":"https:\/\/aventura-excursions.com\/product\/siam-night\/#primaryimage"},"image":{"@id":"https:\/\/aventura-excursions.com\/product\/siam-night\/#primaryimage"},"thumbnailUrl":"https:\/\/aventura-excursions.com\/wp-content\/uploads\/2025\/07\/SIAM-NIGHT-EN-132a898a.png","datePublished":"2025-07-26T11:34:48+00:00","dateModified":"2025-09-10T13:01:14+00:00","description":"Discover Siam Night in Tenerife: thrilling rides, live shows, and exotic atmosphere at Siam Park after dark. Book your night adventure today!","breadcrumb":{"@id":"https:\/\/aventura-excursions.com\/product\/siam-night\/#breadcrumb"},"inLanguage":"de","potentialAction":[{"@type":"ReadAction","target":["https:\/\/aventura-excursions.com\/product\/siam-night\/"]}]},{"@type":"ImageObject","inLanguage":"de","@id":"https:\/\/aventura-excursions.com\/product\/siam-night\/#primaryimage","url":"https:\/\/aventura-excursions.com\/wp-content\/uploads\/2025\/07\/SIAM-NIGHT-EN-132a898a.png","contentUrl":"https:\/\/aventura-excursions.com\/wp-content\/uploads\/2025\/07\/SIAM-NIGHT-EN-132a898a.png","width":720,"height":720,"caption":"Siam Night in Tenerife"},{"@type":"BreadcrumbList","@id":"https:\/\/aventura-excursions.com\/product\/siam-night\/#breadcrumb","itemListElement":[{"@type":"ListItem","position":1,"name":"Tours","item":"https:\/\/aventura-excursions.com\/tours\/"},{"@type":"ListItem","position":2,"name":"Siam Night"}]},{"@type":"WebSite","@id":"https:\/\/aventura-excursions.com\/#website","url":"https:\/\/aventura-excursions.com\/","name":"Aventura Excursions","description":"Aventura Excursions","potentialAction":[{"@type":"SearchAction","target":{"@type":"EntryPoint","urlTemplate":"https:\/\/aventura-excursions.com\/?s={search_term_string}"},"query-input":{"@type":"PropertyValueSpecification","valueRequired":true,"valueName":"search_term_string"}}],"inLanguage":"de"}]}},"_links":{"self":[{"href":"https:\/\/aventura-excursions.com\/de\/wp-json\/wp\/v2\/product\/2664","targetHints":{"allow":["GET"]}}],"collection":[{"href":"https:\/\/aventura-excursions.com\/de\/wp-json\/wp\/v2\/product"}],"about":[{"href":"https:\/\/aventura-excursions.com\/de\/wp-json\/wp\/v2\/types\/product"}],"wp:featuredmedia":[{"embeddable":true,"href":"https:\/\/aventura-excursions.com\/de\/wp-json\/wp\/v2\/media\/2665"}],"wp:attachment":[{"href":"https:\/\/aventura-excursions.com\/de\/wp-json\/wp\/v2\/media?parent=2664"}],"wp:term":[{"taxonomy":"product_brand","embeddable":true,"href":"https:\/\/aventura-excursions.com\/de\/wp-json\/wp\/v2\/product_brand?post=2664"},{"taxonomy":"product_cat","embeddable":true,"href":"https:\/\/aventura-excursions.com\/de\/wp-json\/wp\/v2\/product_cat?post=2664"},{"taxonomy":"product_tag","embeddable":true,"href":"https:\/\/aventura-excursions.com\/de\/wp-json\/wp\/v2\/product_tag?post=2664"}],"curies":[{"name":"wp","href":"https:\/\/api.w.org\/{rel}","templated":true}]}}