{"id":447,"date":"2024-02-26T18:22:24","date_gmt":"2024-02-26T15:22:24","guid":{"rendered":"https:\/\/aventura-excursions.com\/?post_type=product&#038;p=447"},"modified":"2024-05-29T18:39:31","modified_gmt":"2024-05-29T15:39:31","slug":"rent-a-car","status":"publish","type":"product","link":"https:\/\/aventura-excursions.com\/de\/produkt\/rent-a-car\/","title":{"rendered":"Ein Auto vermieten"},"content":{"rendered":"<h3>Gruppen der Autos<\/h3>\n<p>\nBei der Buchung eines Autos w\u00e4hlen Sie eine Gruppe aus, die mehrere Modelle enth\u00e4lt. Wir k\u00f6nnen kein genaues Modell garantieren. Wenn Sie ein bestimmtes Modell bevorzugen, schreiben Sie es bitte in die Kommentare, wir werden unser Bestes tun, Ihre Vorlieben zu ber\u00fccksichtigen. Hier ist die gesamte Liste der Autos mit der in Klammern angegebenen Anzahl an Sitzpl\u00e4tzen.<\/p>\n<p><strong>Gruppe A:<\/strong> Fiat Panda (5)<\/p>\n<p><strong>Gruppe B:<\/strong> Seat Ibiza (5), Opel Corsa (5)<\/p>\n<p><strong>Gruppe C:<\/strong> VW Polo (5), Citroen C3 (5), Fiat 500 Hybrido (4), Smart\/Skoda Fabia (4)<\/p>\n<p><strong>Gruppe D:<\/strong> Smart cabrio (4), Fiat 500 cabrio (4), Seat Ibiza Familiar (5)<\/p>\n<p><strong>Gruppe E:<\/strong> Seat Ibiza automatic (5), Skoda Fabia automatic (5), Skoda Scala (5)<\/p>\n<p><strong>Gruppe E1:<\/strong> VW Caddy (5)<\/p>\n<p><strong>Gruppe F:<\/strong> VW Beetle cabrio (4), VW Caddy automatic (7), VW Caddy (7)<\/p>\n<p><strong>Gruppe G:<\/strong> VW Transporter (9)<\/p>\n<p><h3>Was muss man wissen<\/h3>\n<p>Alle Fahrzeuge unserer Flotte verf\u00fcgen \u00fcber eine Vollkaskoversicherung. Sie m\u00fcssen keine Anzahlung leisten.<\/p>\n<p>Zum vereinbarten Zeitpunkt bringen wir Ihnen das Auto zu Ihrem Hotel und unterzeichnen den Vertrag. Sie m\u00fcssen Ihren Ausweis und Ihren F\u00fchrerschein B vorlegen. Am letzten Tag der Anmietung des Autos hinterlassen Sie den Schl\u00fcssel an der Rezeption Ihres Hotels.<\/p>\n<p>Die Startstunde ist in der Regel morgens. Am letzten Tag muss der Schl\u00fcssel bis 08:00 Uhr morgens an der Rezeption abgegeben werden (auch wenn Sie das Auto am ersten Tag nachmittags \u00fcbernommen haben).<\/p>\n<p>Alle Autos verf\u00fcgen \u00fcber Klimaanlage und Radio.<\/p>\n<p>Am ersten Tag tragen wir im Vertrag ein, wie viel Benzin im Auto ist. Sie m\u00fcssen das Auto auf den gleichen F\u00fcllstand auftanken, bevor Sie es zur\u00fcckgeben.<\/p>\n<p><h3>Extras:<\/h3>\n<p>Bitte teilen Sie uns bei der Buchung in einem Kommentar mit, ob Sie Extras zu Ihrem Auto hinzuf\u00fcgen m\u00f6chten.<\/p>\n<p>Wenn Sie am <strong>Flughafen<\/strong> additional fee is to be paid: 15 euros if it&#8217;s the Southern Airport, 25 euros if it&#8217;s the Northern Airport.<\/p>\n<p>Sie k\u00f6nnen ein <strong>GPS <\/strong>f\u00fcr 5 Euro pro Tag mieten, wobei 70 Euro Kaution hinterlegt werden, die Ihnen nach R\u00fcckgabe des Autos zur\u00fcckerstattet wird.<\/p>\n<p>Wenn Sie Kinder unter 135 cm haben, sind Sie nach spanischem Recht verpflichtet, <strong>Babysitze\/Sitzerh\u00f6hungen<\/strong> im Auto zu haben. Bitte teilen Sie uns mit, ob Sie diese Option hinzuf\u00fcgen m\u00f6chten und welche Gr\u00f6\u00dfe Ihre Kinder haben.<\/p>\n<p>Wenn Sie mehrere Fahrer f\u00fcr dasselbe Auto planen, w\u00e4hlen Sie bitte eine Option zum Hinzuf\u00fcgen eines <strong>zus\u00e4tzlichen Fahrers<\/strong>: 3 Euro f\u00fcr jeden weiteren Fahrer.<\/p>\n<p>","protected":false},"excerpt":{"rendered":"<div>\n<p>W\u00e4hlen Sie die Gruppe des Autos und die Anzahl der Tage\n<\/p><\/div>","protected":false},"featured_media":548,"template":"","meta":{"_acf_changed":false},"product_brand":[],"product_cat":[23],"product_tag":[113,112,111,114],"class_list":{"0":"post-447","1":"product","2":"type-product","3":"status-publish","4":"has-post-thumbnail","6":"product_cat-rentals","7":"product_tag-all-risk-insurance-car-tenerife","8":"product_tag-rent-a-cabrio-tenerife","9":"product_tag-rent-a-car-tenerife","10":"product_tag-rent-an-automatic-car-tenerife","12":"first","13":"instock","14":"shipping-taxable","15":"purchasable","16":"product-type-simple"},"acf":[],"yoast_head":"<!-- This site is optimized with the Yoast SEO plugin v25.6 - https:\/\/yoast.com\/wordpress\/plugins\/seo\/ -->\n<title>Rent a car in Tenerife - Aventura Excursions - Book Online for Best Deals and Choices!<\/title>\n<meta name=\"description\" content=\"Rent a car in Tenerife with full insurance and no deposit. Check reviews and prices. Choose from various models and enjoy delivery to your hotel or airport.\" \/>\n<meta name=\"robots\" content=\"index, follow, max-snippet:-1, max-image-preview:large, max-video-preview:-1\" \/>\n<link rel=\"canonical\" href=\"https:\/\/aventura-excursions.com\/de\/produkt\/rent-a-car\/\" \/>\n<meta property=\"og:locale\" content=\"de_DE\" \/>\n<meta property=\"og:type\" content=\"article\" \/>\n<meta property=\"og:title\" content=\"Rent a car in Tenerife - Aventura Excursions - Book Online for Best Deals and Choices!\" \/>\n<meta property=\"og:description\" content=\"Rent a car in Tenerife with full insurance and no deposit. Check reviews and prices. Choose from various models and enjoy delivery to your hotel or airport.\" \/>\n<meta property=\"og:url\" content=\"https:\/\/aventura-excursions.com\/de\/produkt\/rent-a-car\/\" \/>\n<meta property=\"og:site_name\" content=\"Aventura Excursions\" \/>\n<meta property=\"article:modified_time\" content=\"2024-05-29T15:39:31+00:00\" \/>\n<meta property=\"og:image\" content=\"https:\/\/aventura-excursions.com\/wp-content\/uploads\/2024\/03\/car.jpg\" \/>\n\t<meta property=\"og:image:width\" content=\"500\" \/>\n\t<meta property=\"og:image:height\" content=\"760\" \/>\n\t<meta property=\"og:image:type\" content=\"image\/jpeg\" \/>\n<meta name=\"twitter:card\" content=\"summary_large_image\" \/>\n<meta name=\"twitter:label1\" content=\"Gesch\u00e4tzte Lesezeit\" \/>\n\t<meta name=\"twitter:data1\" content=\"3\u00a0Minuten\" \/>\n<!-- \/ Yoast SEO plugin. -->","yoast_head_json":{"title":"Rent a car in Tenerife - Aventura Excursions - Book Online for Best Deals and Choices!","description":"Rent a car in Tenerife with full insurance and no deposit. Check reviews and prices. Choose from various models and enjoy delivery to your hotel or airport.","robots":{"index":"index","follow":"follow","max-snippet":"max-snippet:-1","max-image-preview":"max-image-preview:large","max-video-preview":"max-video-preview:-1"},"canonical":"https:\/\/aventura-excursions.com\/de\/produkt\/rent-a-car\/","og_locale":"de_DE","og_type":"article","og_title":"Rent a car in Tenerife - Aventura Excursions - Book Online for Best Deals and Choices!","og_description":"Rent a car in Tenerife with full insurance and no deposit. Check reviews and prices. Choose from various models and enjoy delivery to your hotel or airport.","og_url":"https:\/\/aventura-excursions.com\/de\/produkt\/rent-a-car\/","og_site_name":"Aventura Excursions","article_modified_time":"2024-05-29T15:39:31+00:00","og_image":[{"width":500,"height":760,"url":"https:\/\/aventura-excursions.com\/wp-content\/uploads\/2024\/03\/car.jpg","type":"image\/jpeg"}],"twitter_card":"summary_large_image","twitter_misc":{"Gesch\u00e4tzte Lesezeit":"3\u00a0Minuten"},"schema":{"@context":"https:\/\/schema.org","@graph":[{"@type":"WebPage","@id":"https:\/\/aventura-excursions.com\/product\/rent-a-car\/","url":"https:\/\/aventura-excursions.com\/product\/rent-a-car\/","name":"Rent a car in Tenerife - Aventura Excursions - Book Online for Best Deals and Choices!","isPartOf":{"@id":"https:\/\/aventura-excursions.com\/#website"},"primaryImageOfPage":{"@id":"https:\/\/aventura-excursions.com\/product\/rent-a-car\/#primaryimage"},"image":{"@id":"https:\/\/aventura-excursions.com\/product\/rent-a-car\/#primaryimage"},"thumbnailUrl":"https:\/\/aventura-excursions.com\/wp-content\/uploads\/2024\/03\/car.jpg","datePublished":"2024-02-26T15:22:24+00:00","dateModified":"2024-05-29T15:39:31+00:00","description":"Rent a car in Tenerife with full insurance and no deposit. Check reviews and prices. Choose from various models and enjoy delivery to your hotel or airport.","breadcrumb":{"@id":"https:\/\/aventura-excursions.com\/product\/rent-a-car\/#breadcrumb"},"inLanguage":"de","potentialAction":[{"@type":"ReadAction","target":["https:\/\/aventura-excursions.com\/product\/rent-a-car\/"]}]},{"@type":"ImageObject","inLanguage":"de","@id":"https:\/\/aventura-excursions.com\/product\/rent-a-car\/#primaryimage","url":"https:\/\/aventura-excursions.com\/wp-content\/uploads\/2024\/03\/car.jpg","contentUrl":"https:\/\/aventura-excursions.com\/wp-content\/uploads\/2024\/03\/car.jpg","width":500,"height":760},{"@type":"BreadcrumbList","@id":"https:\/\/aventura-excursions.com\/product\/rent-a-car\/#breadcrumb","itemListElement":[{"@type":"ListItem","position":1,"name":"Tours","item":"https:\/\/aventura-excursions.com\/tours\/"},{"@type":"ListItem","position":2,"name":"Rent a car"}]},{"@type":"WebSite","@id":"https:\/\/aventura-excursions.com\/#website","url":"https:\/\/aventura-excursions.com\/","name":"Aventura Excursions","description":"Aventura Excursions","potentialAction":[{"@type":"SearchAction","target":{"@type":"EntryPoint","urlTemplate":"https:\/\/aventura-excursions.com\/?s={search_term_string}"},"query-input":{"@type":"PropertyValueSpecification","valueRequired":true,"valueName":"search_term_string"}}],"inLanguage":"de"}]}},"_links":{"self":[{"href":"https:\/\/aventura-excursions.com\/de\/wp-json\/wp\/v2\/product\/447","targetHints":{"allow":["GET"]}}],"collection":[{"href":"https:\/\/aventura-excursions.com\/de\/wp-json\/wp\/v2\/product"}],"about":[{"href":"https:\/\/aventura-excursions.com\/de\/wp-json\/wp\/v2\/types\/product"}],"wp:featuredmedia":[{"embeddable":true,"href":"https:\/\/aventura-excursions.com\/de\/wp-json\/wp\/v2\/media\/548"}],"wp:attachment":[{"href":"https:\/\/aventura-excursions.com\/de\/wp-json\/wp\/v2\/media?parent=447"}],"wp:term":[{"taxonomy":"product_brand","embeddable":true,"href":"https:\/\/aventura-excursions.com\/de\/wp-json\/wp\/v2\/product_brand?post=447"},{"taxonomy":"product_cat","embeddable":true,"href":"https:\/\/aventura-excursions.com\/de\/wp-json\/wp\/v2\/product_cat?post=447"},{"taxonomy":"product_tag","embeddable":true,"href":"https:\/\/aventura-excursions.com\/de\/wp-json\/wp\/v2\/product_tag?post=447"}],"curies":[{"name":"wp","href":"https:\/\/api.w.org\/{rel}","templated":true}]}}