{"id":525,"date":"2024-03-08T18:17:14","date_gmt":"2024-03-08T15:17:14","guid":{"rendered":"https:\/\/aventura-excursions.com\/?post_type=product&#038;p=525"},"modified":"2025-10-19T00:18:34","modified_gmt":"2025-10-18T21:18:34","slug":"santa-cruz-la-laguna-anaga","status":"publish","type":"product","link":"https:\/\/aventura-excursions.com\/de\/produkt\/santa-cruz-la-laguna-anaga\/","title":{"rendered":"Santa Cruz \u2013 La Laguna \u2013 Anaga"},"content":{"rendered":"<h3>Beschreibung<\/h3>\n<p>\nErkunden Sie an einem Tag die modernen und historischen Hauptst\u00e4dte Teneriffas, alte W\u00e4lder und traditionelle kanarische St\u00e4dte! Wir beginnen unsere Reise mit einem Besuch in Santa Cruz, der Hauptstadt Teneriffas und einem wichtigen Hafen der Kanaren. Seine Architektur vereint modernen Stil und alte Kolonialtradition. Das Hauptsymbol der Stadt ist das am Meer gelegene Opernhaus Auditorio.<\/p>\n<p> Der n\u00e4chste Stopp unserer Tour wird in San Crist\u00f3bal de La Laguna sein, der alten Hauptstadt Teneriffas. Dort entdecken Sie die Sch\u00f6nheit des Kolonialstils der Architektur, der mehrere Jahrhunderte zur\u00fcckreicht. Der historische Teil der Stadt wurde 1999 von der UNESCO zum Weltkulturerbe erkl\u00e4rt. <\/p>\n<p> Schlie\u00dflich betreten wir den Lorbeerwald von Anaga, einen der wertvollsten Sch\u00e4tze Europas aus dem Terti\u00e4r. Dieser Ort wurde 2015 von der UNESCO aufgrund seiner gro\u00dfen Vielfalt endemischer Pflanzen zum Biosph\u00e4renreservat erkl\u00e4rt.<\/p>\n<h3><\/h3>\n<h3>Sehensw\u00fcrdigkeiten<\/h3>\n<ul>\n<li>Santa Cruz, die moderne Hauptstadt<\/li>\n<li>La Laguna, die historische Hauptstadt<\/li>\n<li>Anaga, Lorbeerwald<\/li>\n<li>Taganana, Fischerdorf<\/li>\n<\/ul>\n<p>\n                                              <\/p>\n<h3>Einzelheiten<\/h3>\n<p>\n<strong><em>Abholung:<\/em><\/strong> gegen 08:30 Uhr <\/p>\n<p>\n<strong><em>Dauer:<\/em><\/strong> 9 Stunden <\/p>\n<p>\n<strong><em>Inbegriffen:<\/em><\/strong><\/p>\n<ul>\n<li>abholung im S\u00fcden von Los Cristianos bis Los Gigantes und im Norden von Puerto de la Cruz und Santa Cruz de Tenerife<\/li>\n<li>professioneller F\u00fchrer<\/li>\n<\/ul>\n<p>\n<strong><em>Nicht inbegriffen:<\/em><\/strong> Mittagessen (es wird eine Pause in einem traditionellen Restaurant geben) <\/p>\n<p><p>\n<br \/>\n<strong><em>Bitte beachten Sie:<\/em><\/strong> Der auf dieser Seite angezeigte Zeitplan gilt ausschlie\u00dflich f\u00fcr Touren, die auf Englisch und Spanisch durchgef\u00fchrt werden.<\/p>\n<p>\nF\u00fcr F\u00fchrungen in anderen Sprachen oder wenn Sie eine Abholung in einem nicht aufgef\u00fchrten Gebiet w\u00fcnschen, kontaktieren Sie uns bitte per E-Mail unter <a href=\"mailto:info@aventura-excursions.com\" target=\"ask__mail\">info@aventura-excursions.com<\/a> oder telefonisch unter <a href=\"tel: 34647676812\" target=\"_blank\">+34 647 67 68 12<\/a>. Unser Team wird Ihnen gerne weiterhelfen.<\/p>","protected":false},"excerpt":{"rendered":"<div>\n<p>Besuchen Sie die Stadt Santa Cruz, die Hauptstadt Teneriffas, die historische Geb\u00e4ude mit der Hektik des modernen Stadtlebens verbindet. Entdecken Sie anschlie\u00dfend die Altstadt von San Crist\u00f3bal de La Laguna, einen bezaubernden Ort mit Kopfsteinpflasterstra\u00dfen und farbenfrohen Kolonialgeb\u00e4uden. Und schlie\u00dflich besuchen Sie das Naturschutzgebiet Taganana mit traditionellen kanarischen D\u00f6rfern und einem alten Lorbeerwald.<\/p>\n<p>\nW\u00e4hlen Sie zun\u00e4chst die Anzahl der Erwachsenen, Kinder (2\u201311 Jahre) und Kleinkinder (0\u20131 Jahr) und w\u00e4hlen Sie dann das Datum der Reise aus.\n<\/div>","protected":false},"featured_media":537,"template":"","meta":{"_acf_changed":false},"product_brand":[],"product_cat":[19],"product_tag":[],"class_list":{"0":"post-525","1":"product","2":"type-product","3":"status-publish","4":"has-post-thumbnail","6":"product_cat-bus-excursions","8":"first","9":"instock","10":"shipping-taxable","11":"product-type-grouped"},"acf":[],"yoast_head":"<!-- This site is optimized with the Yoast SEO plugin v25.6 - https:\/\/yoast.com\/wordpress\/plugins\/seo\/ -->\n<title>Visit Santa Cruz \u2013 La Laguna \u2013 Anaga Tour - Aventura Excursions - Book Now!<\/title>\n<meta name=\"description\" content=\"Explore Santa Cruz, La Laguna, and Taganana in one day! Check reviews and prices. Discover Tenerife\u2019s capitals, laurel forests, and charming villages.\" \/>\n<meta name=\"robots\" content=\"index, follow, max-snippet:-1, max-image-preview:large, max-video-preview:-1\" \/>\n<link rel=\"canonical\" href=\"https:\/\/aventura-excursions.com\/de\/produkt\/santa-cruz-la-laguna-anaga\/\" \/>\n<meta property=\"og:locale\" content=\"de_DE\" \/>\n<meta property=\"og:type\" content=\"article\" \/>\n<meta property=\"og:title\" content=\"Visit Santa Cruz \u2013 La Laguna \u2013 Anaga Tour - Aventura Excursions - Book Now!\" \/>\n<meta property=\"og:description\" content=\"Explore Santa Cruz, La Laguna, and Taganana in one day! Check reviews and prices. Discover Tenerife\u2019s capitals, laurel forests, and charming villages.\" \/>\n<meta property=\"og:url\" content=\"https:\/\/aventura-excursions.com\/de\/produkt\/santa-cruz-la-laguna-anaga\/\" \/>\n<meta property=\"og:site_name\" content=\"Aventura Excursions\" \/>\n<meta property=\"article:modified_time\" content=\"2025-10-18T21:18:34+00:00\" \/>\n<meta property=\"og:image\" content=\"https:\/\/aventura-excursions.com\/wp-content\/uploads\/2024\/03\/At_Palmetum_de_Santa_Cruz_de_Tenerife_2022_028.jpg\" \/>\n\t<meta property=\"og:image:width\" content=\"960\" \/>\n\t<meta property=\"og:image:height\" content=\"640\" \/>\n\t<meta property=\"og:image:type\" content=\"image\/jpeg\" \/>\n<meta name=\"twitter:card\" content=\"summary_large_image\" \/>\n<meta name=\"twitter:label1\" content=\"Gesch\u00e4tzte Lesezeit\" \/>\n\t<meta name=\"twitter:data1\" content=\"2\u00a0Minuten\" \/>\n<!-- \/ Yoast SEO plugin. -->","yoast_head_json":{"title":"Visit Santa Cruz \u2013 La Laguna \u2013 Anaga Tour - Aventura Excursions - Book Now!","description":"Explore Santa Cruz, La Laguna, and Taganana in one day! Check reviews and prices. Discover Tenerife\u2019s capitals, laurel forests, and charming villages.","robots":{"index":"index","follow":"follow","max-snippet":"max-snippet:-1","max-image-preview":"max-image-preview:large","max-video-preview":"max-video-preview:-1"},"canonical":"https:\/\/aventura-excursions.com\/de\/produkt\/santa-cruz-la-laguna-anaga\/","og_locale":"de_DE","og_type":"article","og_title":"Visit Santa Cruz \u2013 La Laguna \u2013 Anaga Tour - Aventura Excursions - Book Now!","og_description":"Explore Santa Cruz, La Laguna, and Taganana in one day! Check reviews and prices. Discover Tenerife\u2019s capitals, laurel forests, and charming villages.","og_url":"https:\/\/aventura-excursions.com\/de\/produkt\/santa-cruz-la-laguna-anaga\/","og_site_name":"Aventura Excursions","article_modified_time":"2025-10-18T21:18:34+00:00","og_image":[{"width":960,"height":640,"url":"https:\/\/aventura-excursions.com\/wp-content\/uploads\/2024\/03\/At_Palmetum_de_Santa_Cruz_de_Tenerife_2022_028.jpg","type":"image\/jpeg"}],"twitter_card":"summary_large_image","twitter_misc":{"Gesch\u00e4tzte Lesezeit":"2\u00a0Minuten"},"schema":{"@context":"https:\/\/schema.org","@graph":[{"@type":"WebPage","@id":"https:\/\/aventura-excursions.com\/product\/santa-cruz-la-laguna-anaga\/","url":"https:\/\/aventura-excursions.com\/product\/santa-cruz-la-laguna-anaga\/","name":"Visit Santa Cruz \u2013 La Laguna \u2013 Anaga Tour - Aventura Excursions - Book Now!","isPartOf":{"@id":"https:\/\/aventura-excursions.com\/#website"},"primaryImageOfPage":{"@id":"https:\/\/aventura-excursions.com\/product\/santa-cruz-la-laguna-anaga\/#primaryimage"},"image":{"@id":"https:\/\/aventura-excursions.com\/product\/santa-cruz-la-laguna-anaga\/#primaryimage"},"thumbnailUrl":"https:\/\/aventura-excursions.com\/wp-content\/uploads\/2024\/03\/At_Palmetum_de_Santa_Cruz_de_Tenerife_2022_028.jpg","datePublished":"2024-03-08T15:17:14+00:00","dateModified":"2025-10-18T21:18:34+00:00","description":"Explore Santa Cruz, La Laguna, and Taganana in one day! Check reviews and prices. Discover Tenerife\u2019s capitals, laurel forests, and charming villages.","breadcrumb":{"@id":"https:\/\/aventura-excursions.com\/product\/santa-cruz-la-laguna-anaga\/#breadcrumb"},"inLanguage":"de","potentialAction":[{"@type":"ReadAction","target":["https:\/\/aventura-excursions.com\/product\/santa-cruz-la-laguna-anaga\/"]}]},{"@type":"ImageObject","inLanguage":"de","@id":"https:\/\/aventura-excursions.com\/product\/santa-cruz-la-laguna-anaga\/#primaryimage","url":"https:\/\/aventura-excursions.com\/wp-content\/uploads\/2024\/03\/At_Palmetum_de_Santa_Cruz_de_Tenerife_2022_028.jpg","contentUrl":"https:\/\/aventura-excursions.com\/wp-content\/uploads\/2024\/03\/At_Palmetum_de_Santa_Cruz_de_Tenerife_2022_028.jpg","width":960,"height":640},{"@type":"BreadcrumbList","@id":"https:\/\/aventura-excursions.com\/product\/santa-cruz-la-laguna-anaga\/#breadcrumb","itemListElement":[{"@type":"ListItem","position":1,"name":"Tours","item":"https:\/\/aventura-excursions.com\/tours\/"},{"@type":"ListItem","position":2,"name":"Santa Cruz \u2013 La Laguna \u2013 Anaga"}]},{"@type":"WebSite","@id":"https:\/\/aventura-excursions.com\/#website","url":"https:\/\/aventura-excursions.com\/","name":"Aventura Excursions","description":"Aventura Excursions","potentialAction":[{"@type":"SearchAction","target":{"@type":"EntryPoint","urlTemplate":"https:\/\/aventura-excursions.com\/?s={search_term_string}"},"query-input":{"@type":"PropertyValueSpecification","valueRequired":true,"valueName":"search_term_string"}}],"inLanguage":"de"}]}},"_links":{"self":[{"href":"https:\/\/aventura-excursions.com\/de\/wp-json\/wp\/v2\/product\/525","targetHints":{"allow":["GET"]}}],"collection":[{"href":"https:\/\/aventura-excursions.com\/de\/wp-json\/wp\/v2\/product"}],"about":[{"href":"https:\/\/aventura-excursions.com\/de\/wp-json\/wp\/v2\/types\/product"}],"wp:featuredmedia":[{"embeddable":true,"href":"https:\/\/aventura-excursions.com\/de\/wp-json\/wp\/v2\/media\/537"}],"wp:attachment":[{"href":"https:\/\/aventura-excursions.com\/de\/wp-json\/wp\/v2\/media?parent=525"}],"wp:term":[{"taxonomy":"product_brand","embeddable":true,"href":"https:\/\/aventura-excursions.com\/de\/wp-json\/wp\/v2\/product_brand?post=525"},{"taxonomy":"product_cat","embeddable":true,"href":"https:\/\/aventura-excursions.com\/de\/wp-json\/wp\/v2\/product_cat?post=525"},{"taxonomy":"product_tag","embeddable":true,"href":"https:\/\/aventura-excursions.com\/de\/wp-json\/wp\/v2\/product_tag?post=525"}],"curies":[{"name":"wp","href":"https:\/\/api.w.org\/{rel}","templated":true}]}}