{"id":588,"date":"2024-03-16T19:41:09","date_gmt":"2024-03-16T16:41:09","guid":{"rendered":"https:\/\/aventura-excursions.com\/?post_type=product&#038;p=588"},"modified":"2026-02-12T03:34:05","modified_gmt":"2026-02-12T00:34:05","slug":"la-palma","status":"publish","type":"product","link":"https:\/\/aventura-excursions.com\/de\/produkt\/la-palma\/","title":{"rendered":"La Palma"},"content":{"rendered":"<h3>Beschreibung<\/h3>\n<p>Spectacular excursion to discover the greenest island of the Canaries and the lava flows that appeared by the volcanoes&#8217; eruptions in 2021.<\/p>\n<p>\nA 2.5-hour trip on a ferry boat brings us to the capital of La Palma, where we enjoy traditional Canarian architecture with its gracious wooden balconies and learn the history of the Columbus trip to America that started from La Palma. You will see El Barco de la Virgen, a reproduction of the Columbus&#8217; ship Santa Maria.<\/p>\n<p>\nAfter the visit to the capital, we head to the inner part of the island to explore volcanoes. The unpredictable force of nature drastically changed the island&#8217;s landscape and there you can witness it with your own eyes. <\/p>\n<p>\nUnser letzter Stopp sind die Aussichtspunkte Tajuya, Tazacorte und Concepci\u00f3n, wo Sie noch einmal sicher Vulkane beobachten k\u00f6nnen. Anschlie\u00dfend machen wir uns auf den Weg zum Hafen und lassen den Tag voller gro\u00dfer Emotionen mit der Bootsfahrt zur\u00fcck nach Teneriffa ausklingen.<\/p>\n<h3><\/h3>\n<h3>Sehensw\u00fcrdigkeiten<\/h3>\n<ul>\n<li>Santa Cruz de La Palma: Kolumbus<\/li>\n<li>Neu entstandene Vulkane und Lavastr\u00f6me<\/li>\n<li>Nationalpark Caldera de Taburiente<\/li>\n<\/ul>\n<p>\n<\/p>\n<h3>Einzelheiten<\/h3>\n<p>\n<strong>Es ist obligatorisch, Ihren Ausweis f\u00fcr die F\u00e4hre mitzubringen!!<\/strong><\/p>\n<p>\n<strong><em>Abholung:<\/em><\/strong> gegen 07:30 Uhr<\/p>\n<p>\n<strong><em>Dauer:<\/em><\/strong> 12 Stunden<\/p>\n<p>\n<strong><em>Inbegriffen:<\/em><\/strong><\/p>\n<ul>\n<li>Ticket zur F\u00e4hre (2,5 Stunde)<\/li>\n<li>professioneller F\u00fchrer<\/li>\n<\/ul>\n<p>\n<strong><em>Nicht inbegriffen:<\/em><\/strong> <\/p>\n<ul>\n<li>Abholung vom Hotel<\/li>\n<\/ul>\n<\/ul>\n<p>\n<br \/>\n<strong><em>Bitte beachten Sie:<\/em><\/strong> Der auf dieser Seite angezeigte Zeitplan gilt ausschlie\u00dflich f\u00fcr Touren, die auf Englisch, Deutsch und Spanisch durchgef\u00fchrt werden.<\/p>\n<p>\nF\u00fcr Touren in anderen Sprachen kontaktieren Sie uns bitte per E-Mail unter <a href=\"mailto:info@aventura-excursions.com\" target=\"ask__mail\">info@aventura-excursions.com<\/a> oder telefonisch unter <a href=\"tel: 34647676812\" target=\"_blank\">+34 647 67 68 12<\/a>. Unser Team wird Ihnen gerne weiterhelfen.<\/p>","protected":false},"excerpt":{"rendered":"<div>\nEine Insel, die durch den Kontrast ihrer Landschaften beeindruckt, von den gr\u00fcnsten Urw\u00e4ldern bis hin zu Lavastr\u00f6men, die sich einst im Nationalpark der Caldera de Taburiente gebildet haben, und der j\u00fcngsten vulkanischen Aktivit\u00e4t im Jahr 2021. Sie ist auch einer der Ausgangspunkte von Kolumbus f\u00fcr ihn Auf Reisen nach Amerika ist La Palma nicht nur von nat\u00fcrlichem, sondern auch von historischem Interesse.<\/p>\n<p>\n<br \/>\nW\u00e4hlen Sie zun\u00e4chst die Anzahl der Erwachsenen, Kinder (4\u201311 Jahre) und Kleinkinder (0\u20133 Jahre) und w\u00e4hlen Sie dann das Datum der Reise aus.\n<\/div>","protected":false},"featured_media":592,"template":"","meta":{"_acf_changed":false},"product_brand":[],"product_cat":[19],"product_tag":[],"class_list":{"0":"post-588","1":"product","2":"type-product","3":"status-publish","4":"has-post-thumbnail","6":"product_cat-bus-excursions","8":"first","9":"instock","10":"shipping-taxable","11":"product-type-grouped"},"acf":[],"yoast_head":"<!-- This site is optimized with the Yoast SEO plugin v25.6 - https:\/\/yoast.com\/wordpress\/plugins\/seo\/ -->\n<title>Explore La Palma from Tenerife - Aventura Excursions | Book Your Adventure Today!<\/title>\n<meta name=\"description\" content=\"Discover La Palma&#039;s landscapes and history on a ferry boat from Tenerife! Check reviews, prices, and ratings. Book now for an unforgettable journey!\" \/>\n<meta name=\"robots\" content=\"index, follow, max-snippet:-1, max-image-preview:large, max-video-preview:-1\" \/>\n<link rel=\"canonical\" href=\"https:\/\/aventura-excursions.com\/de\/produkt\/la-palma\/\" \/>\n<meta property=\"og:locale\" content=\"de_DE\" \/>\n<meta property=\"og:type\" content=\"article\" \/>\n<meta property=\"og:title\" content=\"Explore La Palma from Tenerife - Aventura Excursions | Book Your Adventure Today!\" \/>\n<meta property=\"og:description\" content=\"Discover La Palma&#039;s landscapes and history on a ferry boat from Tenerife! Check reviews, prices, and ratings. Book now for an unforgettable journey!\" \/>\n<meta property=\"og:url\" content=\"https:\/\/aventura-excursions.com\/de\/produkt\/la-palma\/\" \/>\n<meta property=\"og:site_name\" content=\"Aventura Excursions\" \/>\n<meta property=\"article:modified_time\" content=\"2026-02-12T00:34:05+00:00\" \/>\n<meta property=\"og:image\" content=\"https:\/\/aventura-excursions.com\/wp-content\/uploads\/2024\/03\/HH_La_Palma_shutterstock_2125025831.png\" \/>\n\t<meta property=\"og:image:width\" content=\"1200\" \/>\n\t<meta property=\"og:image:height\" content=\"816\" \/>\n\t<meta property=\"og:image:type\" content=\"image\/png\" \/>\n<meta name=\"twitter:card\" content=\"summary_large_image\" \/>\n<meta name=\"twitter:label1\" content=\"Gesch\u00e4tzte Lesezeit\" \/>\n\t<meta name=\"twitter:data1\" content=\"2\u00a0Minuten\" \/>\n<!-- \/ Yoast SEO plugin. -->","yoast_head_json":{"title":"Explore La Palma from Tenerife - Aventura Excursions | Book Your Adventure Today!","description":"Discover La Palma's landscapes and history on a ferry boat from Tenerife! Check reviews, prices, and ratings. Book now for an unforgettable journey!","robots":{"index":"index","follow":"follow","max-snippet":"max-snippet:-1","max-image-preview":"max-image-preview:large","max-video-preview":"max-video-preview:-1"},"canonical":"https:\/\/aventura-excursions.com\/de\/produkt\/la-palma\/","og_locale":"de_DE","og_type":"article","og_title":"Explore La Palma from Tenerife - Aventura Excursions | Book Your Adventure Today!","og_description":"Discover La Palma's landscapes and history on a ferry boat from Tenerife! Check reviews, prices, and ratings. Book now for an unforgettable journey!","og_url":"https:\/\/aventura-excursions.com\/de\/produkt\/la-palma\/","og_site_name":"Aventura Excursions","article_modified_time":"2026-02-12T00:34:05+00:00","og_image":[{"width":1200,"height":816,"url":"https:\/\/aventura-excursions.com\/wp-content\/uploads\/2024\/03\/HH_La_Palma_shutterstock_2125025831.png","type":"image\/png"}],"twitter_card":"summary_large_image","twitter_misc":{"Gesch\u00e4tzte Lesezeit":"2\u00a0Minuten"},"schema":{"@context":"https:\/\/schema.org","@graph":[{"@type":"WebPage","@id":"https:\/\/aventura-excursions.com\/product\/la-palma\/","url":"https:\/\/aventura-excursions.com\/product\/la-palma\/","name":"Explore La Palma from Tenerife - Aventura Excursions | Book Your Adventure Today!","isPartOf":{"@id":"https:\/\/aventura-excursions.com\/#website"},"primaryImageOfPage":{"@id":"https:\/\/aventura-excursions.com\/product\/la-palma\/#primaryimage"},"image":{"@id":"https:\/\/aventura-excursions.com\/product\/la-palma\/#primaryimage"},"thumbnailUrl":"https:\/\/aventura-excursions.com\/wp-content\/uploads\/2024\/03\/HH_La_Palma_shutterstock_2125025831.png","datePublished":"2024-03-16T16:41:09+00:00","dateModified":"2026-02-12T00:34:05+00:00","description":"Discover La Palma's landscapes and history on a ferry boat from Tenerife! Check reviews, prices, and ratings. Book now for an unforgettable journey!","breadcrumb":{"@id":"https:\/\/aventura-excursions.com\/product\/la-palma\/#breadcrumb"},"inLanguage":"de","potentialAction":[{"@type":"ReadAction","target":["https:\/\/aventura-excursions.com\/product\/la-palma\/"]}]},{"@type":"ImageObject","inLanguage":"de","@id":"https:\/\/aventura-excursions.com\/product\/la-palma\/#primaryimage","url":"https:\/\/aventura-excursions.com\/wp-content\/uploads\/2024\/03\/HH_La_Palma_shutterstock_2125025831.png","contentUrl":"https:\/\/aventura-excursions.com\/wp-content\/uploads\/2024\/03\/HH_La_Palma_shutterstock_2125025831.png","width":1200,"height":816},{"@type":"BreadcrumbList","@id":"https:\/\/aventura-excursions.com\/product\/la-palma\/#breadcrumb","itemListElement":[{"@type":"ListItem","position":1,"name":"Tours","item":"https:\/\/aventura-excursions.com\/tours\/"},{"@type":"ListItem","position":2,"name":"La Palma"}]},{"@type":"WebSite","@id":"https:\/\/aventura-excursions.com\/#website","url":"https:\/\/aventura-excursions.com\/","name":"Aventura Excursions","description":"Aventura Excursions","potentialAction":[{"@type":"SearchAction","target":{"@type":"EntryPoint","urlTemplate":"https:\/\/aventura-excursions.com\/?s={search_term_string}"},"query-input":{"@type":"PropertyValueSpecification","valueRequired":true,"valueName":"search_term_string"}}],"inLanguage":"de"}]}},"_links":{"self":[{"href":"https:\/\/aventura-excursions.com\/de\/wp-json\/wp\/v2\/product\/588","targetHints":{"allow":["GET"]}}],"collection":[{"href":"https:\/\/aventura-excursions.com\/de\/wp-json\/wp\/v2\/product"}],"about":[{"href":"https:\/\/aventura-excursions.com\/de\/wp-json\/wp\/v2\/types\/product"}],"wp:featuredmedia":[{"embeddable":true,"href":"https:\/\/aventura-excursions.com\/de\/wp-json\/wp\/v2\/media\/592"}],"wp:attachment":[{"href":"https:\/\/aventura-excursions.com\/de\/wp-json\/wp\/v2\/media?parent=588"}],"wp:term":[{"taxonomy":"product_brand","embeddable":true,"href":"https:\/\/aventura-excursions.com\/de\/wp-json\/wp\/v2\/product_brand?post=588"},{"taxonomy":"product_cat","embeddable":true,"href":"https:\/\/aventura-excursions.com\/de\/wp-json\/wp\/v2\/product_cat?post=588"},{"taxonomy":"product_tag","embeddable":true,"href":"https:\/\/aventura-excursions.com\/de\/wp-json\/wp\/v2\/product_tag?post=588"}],"curies":[{"name":"wp","href":"https:\/\/api.w.org\/{rel}","templated":true}]}}