{"id":599,"date":"2024-03-18T16:24:07","date_gmt":"2024-03-18T13:24:07","guid":{"rendered":"https:\/\/aventura-excursions.com\/?post_type=product&#038;p=599"},"modified":"2024-05-29T14:27:44","modified_gmt":"2024-05-29T11:27:44","slug":"siam-park","status":"publish","type":"product","link":"https:\/\/aventura-excursions.com\/de\/produkt\/siam-park\/","title":{"rendered":"Siam Park"},"content":{"rendered":"<h3>Beschreibung<\/h3>\n<p>\nSiam Park, named the best water park in the world by TripAdvisor users, is a place full of different fun activities to do. Crazy slides, the world&#8217;s largest artificial wave, a water castle for children, and a lazy river, are all surrounded by exotic vegetation and Thai-stylised architecture.<\/p>\n<p>\nDer Park bietet verschiedene Bars und Restaurants, in denen Sie neue Energie tanken und sich auf Ihre n\u00e4chsten Abenteuer vorbereiten k\u00f6nnen.<\/p>\n<h3><\/h3>\n<h3>Sehensw\u00fcrdigkeiten<\/h3>\n<ul>\n<li>Tower of Power:  28 Meter lange Vertikalrutsche, die mit einem Tunnel durch das Becken mit Haien endet<\/li>\n<li>White sand beach by the pool with the world&#8217;s biggest artificial waves<\/li>\n<li>Coco-Strand mit Kinderbecken und kleinen k\u00fcnstlichen Wellen; Lost City mit Wasserattraktionen f\u00fcr Kinder<\/li>\n<li>15 aufregende Wasserrutschen<\/li>\n<li>Mai Thai Lazy River zum Entspannen<\/li>\n<\/ul>\n<p><h3>Einzelheiten<\/h3>\n<p>\n<em><strong>\u00d6ffnungszeiten im Sommer<\/strong><\/em>: 10:00 \u2013 18:00 Uhr<\/p>\n<p>\n<strong><em>\u00d6ffnungszeiten im Winter<\/em><\/strong>: 10:00 &#8211; 17:00<\/p>\n<p>\n<br \/>\n <strong><em>Standort:<\/em><\/strong>Las Americas (S\u00fcden Teneriffas)<\/p>\n<p><h3>Transport<\/h3>\n<p>Im S\u00fcden gibt es einen kostenlosen Shuttlebus. Die Bushaltestellen und den Fahrplan senden wir Ihnen zusammen mit der Buchungsbest\u00e4tigung zu.<\/p>\n<p>F\u00fcr diejenigen, die im Norden der Insel \u00fcbernachten, bieten wir einen kostenpflichtigen Transfer (19,50 Euro) an. Dieser Shuttlebus holt Touristen in den Hotels in Puerto de la Cruz ab und bringt sie direkt zum Siam Park. Am Nachmittag geht es zur vereinbarten Zeit zur\u00fcck nach Puerto de la Cruz.<\/p>\n<p>Wenn Sie ein <strong><em><a href=\"https:\/\/aventura-excursions.com\/de\/produkt\/rent-a-car\/\">Auto mieten<\/a><\/em><\/strong>, k\u00f6nnen Sie auf eigene Faust zum Siam Park fahren und Ihr Auto auf dem geb\u00fchrenpflichtigen Parkplatz abstellen. Denken Sie daran, fr\u00fch anzureisen, da der Siam Park einer der meistbesuchten Orte auf Teneriffa ist und der Parkplatz 1-2 Stunden nach der Er\u00f6ffnung voll ist.<\/p>\n<h3>Twin Ticket: zwei Parks mit Rabatt<\/h3>\n<p>\nM\u00f6chten Sie sowohl den Siam Park als auch den <strong><em><a href=\"https:\/\/aventura-excursions.com\/de\/produkt\/loro-park\/\">Loro Park<\/a><\/em><\/strong> besuchen, den meistbesuchten Tierpark auf Teneriffa? Holen Sie sich ein Doppelticket und besuchen Sie beide Parks zu einem erm\u00e4\u00dfigten Preis!<br \/>\n<br \/>Weitere Informationen finden Sie hier: <strong><em><a href=\"https:\/\/aventura-excursions.com\/de\/produkt\/twin-ticket\/\">Twin ticket<\/a><\/em><\/strong><\/p>","protected":false},"excerpt":{"rendered":"<div>\n<p>Besuchen Sie den gr\u00f6\u00dften Wasserpark Europas mit seinen aufregenden Wasserrutschen und wundersch\u00f6nen Pools und Str\u00e4nden, perfekt f\u00fcr Erwachsene und Kinder. <\/p>\n<p>\n<br \/>\nW\u00e4hlen Sie zun\u00e4chst eine der Optionen: Nur Ticket oder Ticket + Transfer ab Puerto de la Cruz.<br \/>\n<br \/> W\u00e4hlen Sie dann die Anzahl der Erwachsenen und Kinder (3\u201311 Jahre) aus.\nDer Eintritt f\u00fcr Kleinkinder (0-2 Jahre) ist kostenfrei.\n<\/div>","protected":false},"featured_media":607,"template":"","meta":{"_acf_changed":false},"product_brand":[],"product_cat":[20],"product_tag":[],"class_list":{"0":"post-599","1":"product","2":"type-product","3":"status-publish","4":"has-post-thumbnail","6":"product_cat-parks","8":"first","9":"instock","10":"shipping-taxable","11":"product-type-grouped"},"acf":[],"yoast_head":"<!-- This site is optimized with the Yoast SEO plugin v25.6 - https:\/\/yoast.com\/wordpress\/plugins\/seo\/ -->\n<title>Visit Siam Park in Tenerife - Aventura Excursions \u2013 Best Water Park in Europe! Book now<\/title>\n<meta name=\"description\" content=\"Enjoy thrilling water slides, a lazy river, and the world\u2019s largest artificial wave in Siam Park. Check reviews, prices, and ratings. Perfect for families!\" \/>\n<meta name=\"robots\" content=\"index, follow, max-snippet:-1, max-image-preview:large, max-video-preview:-1\" \/>\n<link rel=\"canonical\" href=\"https:\/\/aventura-excursions.com\/de\/produkt\/siam-park\/\" \/>\n<meta property=\"og:locale\" content=\"de_DE\" \/>\n<meta property=\"og:type\" content=\"article\" \/>\n<meta property=\"og:title\" content=\"Visit Siam Park in Tenerife - Aventura Excursions \u2013 Best Water Park in Europe! Book now\" \/>\n<meta property=\"og:description\" content=\"Enjoy thrilling water slides, a lazy river, and the world\u2019s largest artificial wave in Siam Park. Check reviews, prices, and ratings. Perfect for families!\" \/>\n<meta property=\"og:url\" content=\"https:\/\/aventura-excursions.com\/de\/produkt\/siam-park\/\" \/>\n<meta property=\"og:site_name\" content=\"Aventura Excursions\" \/>\n<meta property=\"article:modified_time\" content=\"2024-05-29T11:27:44+00:00\" \/>\n<meta property=\"og:image\" content=\"https:\/\/aventura-excursions.com\/wp-content\/uploads\/2024\/03\/daysout_siampark_1_900x450-e1710773199258.jpg\" \/>\n\t<meta property=\"og:image:width\" content=\"472\" \/>\n\t<meta property=\"og:image:height\" content=\"240\" \/>\n\t<meta property=\"og:image:type\" content=\"image\/jpeg\" \/>\n<meta name=\"twitter:card\" content=\"summary_large_image\" \/>\n<meta name=\"twitter:label1\" content=\"Gesch\u00e4tzte Lesezeit\" \/>\n\t<meta name=\"twitter:data1\" content=\"2\u00a0Minuten\" \/>\n<!-- \/ Yoast SEO plugin. -->","yoast_head_json":{"title":"Visit Siam Park in Tenerife - Aventura Excursions \u2013 Best Water Park in Europe! Book now","description":"Enjoy thrilling water slides, a lazy river, and the world\u2019s largest artificial wave in Siam Park. Check reviews, prices, and ratings. Perfect for families!","robots":{"index":"index","follow":"follow","max-snippet":"max-snippet:-1","max-image-preview":"max-image-preview:large","max-video-preview":"max-video-preview:-1"},"canonical":"https:\/\/aventura-excursions.com\/de\/produkt\/siam-park\/","og_locale":"de_DE","og_type":"article","og_title":"Visit Siam Park in Tenerife - Aventura Excursions \u2013 Best Water Park in Europe! Book now","og_description":"Enjoy thrilling water slides, a lazy river, and the world\u2019s largest artificial wave in Siam Park. Check reviews, prices, and ratings. Perfect for families!","og_url":"https:\/\/aventura-excursions.com\/de\/produkt\/siam-park\/","og_site_name":"Aventura Excursions","article_modified_time":"2024-05-29T11:27:44+00:00","og_image":[{"width":472,"height":240,"url":"https:\/\/aventura-excursions.com\/wp-content\/uploads\/2024\/03\/daysout_siampark_1_900x450-e1710773199258.jpg","type":"image\/jpeg"}],"twitter_card":"summary_large_image","twitter_misc":{"Gesch\u00e4tzte Lesezeit":"2\u00a0Minuten"},"schema":{"@context":"https:\/\/schema.org","@graph":[{"@type":"WebPage","@id":"https:\/\/aventura-excursions.com\/product\/siam-park\/","url":"https:\/\/aventura-excursions.com\/product\/siam-park\/","name":"Visit Siam Park in Tenerife - Aventura Excursions \u2013 Best Water Park in Europe! Book now","isPartOf":{"@id":"https:\/\/aventura-excursions.com\/#website"},"primaryImageOfPage":{"@id":"https:\/\/aventura-excursions.com\/product\/siam-park\/#primaryimage"},"image":{"@id":"https:\/\/aventura-excursions.com\/product\/siam-park\/#primaryimage"},"thumbnailUrl":"https:\/\/aventura-excursions.com\/wp-content\/uploads\/2024\/03\/daysout_siampark_1_900x450-e1710773199258.jpg","datePublished":"2024-03-18T13:24:07+00:00","dateModified":"2024-05-29T11:27:44+00:00","description":"Enjoy thrilling water slides, a lazy river, and the world\u2019s largest artificial wave in Siam Park. Check reviews, prices, and ratings. Perfect for families!","breadcrumb":{"@id":"https:\/\/aventura-excursions.com\/product\/siam-park\/#breadcrumb"},"inLanguage":"de","potentialAction":[{"@type":"ReadAction","target":["https:\/\/aventura-excursions.com\/product\/siam-park\/"]}]},{"@type":"ImageObject","inLanguage":"de","@id":"https:\/\/aventura-excursions.com\/product\/siam-park\/#primaryimage","url":"https:\/\/aventura-excursions.com\/wp-content\/uploads\/2024\/03\/daysout_siampark_1_900x450-e1710773199258.jpg","contentUrl":"https:\/\/aventura-excursions.com\/wp-content\/uploads\/2024\/03\/daysout_siampark_1_900x450-e1710773199258.jpg","width":472,"height":240},{"@type":"BreadcrumbList","@id":"https:\/\/aventura-excursions.com\/product\/siam-park\/#breadcrumb","itemListElement":[{"@type":"ListItem","position":1,"name":"Tours","item":"https:\/\/aventura-excursions.com\/tours\/"},{"@type":"ListItem","position":2,"name":"Siam Park"}]},{"@type":"WebSite","@id":"https:\/\/aventura-excursions.com\/#website","url":"https:\/\/aventura-excursions.com\/","name":"Aventura Excursions","description":"Aventura Excursions","potentialAction":[{"@type":"SearchAction","target":{"@type":"EntryPoint","urlTemplate":"https:\/\/aventura-excursions.com\/?s={search_term_string}"},"query-input":{"@type":"PropertyValueSpecification","valueRequired":true,"valueName":"search_term_string"}}],"inLanguage":"de"}]}},"_links":{"self":[{"href":"https:\/\/aventura-excursions.com\/de\/wp-json\/wp\/v2\/product\/599","targetHints":{"allow":["GET"]}}],"collection":[{"href":"https:\/\/aventura-excursions.com\/de\/wp-json\/wp\/v2\/product"}],"about":[{"href":"https:\/\/aventura-excursions.com\/de\/wp-json\/wp\/v2\/types\/product"}],"wp:featuredmedia":[{"embeddable":true,"href":"https:\/\/aventura-excursions.com\/de\/wp-json\/wp\/v2\/media\/607"}],"wp:attachment":[{"href":"https:\/\/aventura-excursions.com\/de\/wp-json\/wp\/v2\/media?parent=599"}],"wp:term":[{"taxonomy":"product_brand","embeddable":true,"href":"https:\/\/aventura-excursions.com\/de\/wp-json\/wp\/v2\/product_brand?post=599"},{"taxonomy":"product_cat","embeddable":true,"href":"https:\/\/aventura-excursions.com\/de\/wp-json\/wp\/v2\/product_cat?post=599"},{"taxonomy":"product_tag","embeddable":true,"href":"https:\/\/aventura-excursions.com\/de\/wp-json\/wp\/v2\/product_tag?post=599"}],"curies":[{"name":"wp","href":"https:\/\/api.w.org\/{rel}","templated":true}]}}