{"id":613,"date":"2024-03-18T19:50:56","date_gmt":"2024-03-18T16:50:56","guid":{"rendered":"https:\/\/aventura-excursions.com\/?post_type=product&#038;p=613"},"modified":"2025-06-14T01:39:14","modified_gmt":"2025-06-13T22:39:14","slug":"teide-by-night","status":"publish","type":"product","link":"https:\/\/aventura-excursions.com\/de\/produkt\/teide-by-night\/","title":{"rendered":"Teide bei Nacht"},"content":{"rendered":"<h3>Beschreibung<\/h3>\n<p>\nSie werden erstaunt sein, wie anders die Welt des Teide im Schutz der Nacht aussieht. Sie k\u00f6nnen eins mit der Natur werden, indem Sie sich fast den Sternen n\u00e4hern und von kosmischen Gem\u00e4lden des Himmels umgeben sind. Ein professioneller Astronom zeigt Ihnen die Sternbilder durch ein Teleskop und erz\u00e4hlt Ihnen alles \u00fcber ihre Bedeutung und Geschichte. <\/p>\n<p>\nUnser Ausflug beginnt im S\u00fcden und dann geht es hinauf ins Herz Teneriffas, zum gro\u00dfen Vulkan Teide. Dort k\u00f6nnen Sie bei einem Glas Wein den atemberaubenden Sonnenuntergang mit Blick auf den Atlantischen Ozean beobachten. Wir erkunden den Nationalpark Teide und erfahren dann mit Hilfe eines professionellen F\u00fchrers mithilfe von Teleskopen etwas \u00fcber die Sterne, den Weltraum und das Universum.<\/p>\n<p><\/p>\n<h3>Sehensw\u00fcrdigkeiten<\/h3>\n<ul>\n<li>Nationalpark Teide<\/li>\n<li>Professioneller Astronom<\/li>\n<li>Leistungsstarke Teleskope<\/li>\n<li>Atemberaubender Sonnenuntergang<\/li>\n<\/ul>\n<p>\n<\/p>\n<h3>Einzelheiten<\/h3>\n<p>\n<strong><em>Abholung:<\/em><\/strong> um 15:00 \u2013 16:00 Uhr <\/p>\n<p>\n<strong><em>Dauer:<\/em><\/strong> 9 Stunden <\/p>\n<p>\n<strong><em>Inbegriffen:<\/em><\/strong><\/p>\n<ul>\n<li>abholung im S\u00fcden von Los Gigantes bis El Medano und im Norden von Puerto de la Cruz<\/li>\n<li>Decken und hei\u00dfe Getr\u00e4nke<\/li>\n<li>Teleskope<\/li>\n<li>professioneller Astronom<\/li>\n<\/ul>\n<p><p>\n<br \/>\n<strong><em>Bitte beachten Sie:<\/em><\/strong> Der auf dieser Seite angezeigte Zeitplan gilt ausschlie\u00dflich f\u00fcr Touren, die auf Englisch, Deutsch und Spanisch durchgef\u00fchrt werden.<\/p>\n<p>\nF\u00fcr Touren in anderen Sprachen kontaktieren Sie uns bitte per E-Mail unter <a href=\"mailto:info@aventura-excursions.com\" target=\"ask__mail\">info@aventura-excursions.com<\/a> oder telefonisch unter <a href=\"tel: 34647676812\" target=\"_blank\">+34 647 67 68 12<\/a>. Unser Team wird Ihnen gerne weiterhelfen.<\/p>","protected":false},"excerpt":{"rendered":"<div>\nErleben Sie einen unvergesslichen Ausflug ins Herz Teneriffas, zum n\u00e4chtlichen Vulkan Teide, indem Sie die Sterne durch die Teleskope betrachten und mit einem professionellen Guide an Ihrer Seite die majest\u00e4tische Aussicht auf den Atlantischen Ozean in den farbenfrohen Lichtern des Sonnenuntergangs genie\u00dfen.<\/p>\n<p>\n<br \/>\nW\u00e4hlen Sie zun\u00e4chst die Anzahl der Erwachsenen und Kinder (8\u201313 Jahre) und w\u00e4hlen Sie dann das Datum der Reise aus.\n<\/div>","protected":false},"featured_media":614,"template":"","meta":{"_acf_changed":false},"product_brand":[],"product_cat":[19],"product_tag":[],"class_list":{"0":"post-613","1":"product","2":"type-product","3":"status-publish","4":"has-post-thumbnail","6":"product_cat-bus-excursions","8":"first","9":"instock","10":"shipping-taxable","11":"product-type-grouped"},"acf":[],"yoast_head":"<!-- This site is optimized with the Yoast SEO plugin v25.6 - https:\/\/yoast.com\/wordpress\/plugins\/seo\/ -->\n<title>Teide by Night Tours in Tenerife - Aventura Excursions - Book Your Stargazing Adventure!<\/title>\n<meta name=\"description\" content=\"Experience Teide by Night tours in Tenerife. Check reviews and prices. Enjoy stargazing with telescopes and breathtaking sunsets over the Atlantic.\" \/>\n<meta name=\"robots\" content=\"index, follow, max-snippet:-1, max-image-preview:large, max-video-preview:-1\" \/>\n<link rel=\"canonical\" href=\"https:\/\/aventura-excursions.com\/de\/produkt\/teide-by-night\/\" \/>\n<meta property=\"og:locale\" content=\"de_DE\" \/>\n<meta property=\"og:type\" content=\"article\" \/>\n<meta property=\"og:title\" content=\"Teide by Night Tours in Tenerife - Aventura Excursions - Book Your Stargazing Adventure!\" \/>\n<meta property=\"og:description\" content=\"Experience Teide by Night tours in Tenerife. Check reviews and prices. Enjoy stargazing with telescopes and breathtaking sunsets over the Atlantic.\" \/>\n<meta property=\"og:url\" content=\"https:\/\/aventura-excursions.com\/de\/produkt\/teide-by-night\/\" \/>\n<meta property=\"og:site_name\" content=\"Aventura Excursions\" \/>\n<meta property=\"article:modified_time\" content=\"2025-06-13T22:39:14+00:00\" \/>\n<meta property=\"og:image\" content=\"https:\/\/aventura-excursions.com\/wp-content\/uploads\/2024\/03\/photo_2024-03-18_14-35-08-e1710781294954.jpg\" \/>\n\t<meta property=\"og:image:width\" content=\"748\" \/>\n\t<meta property=\"og:image:height\" content=\"701\" \/>\n\t<meta property=\"og:image:type\" content=\"image\/jpeg\" \/>\n<meta name=\"twitter:card\" content=\"summary_large_image\" \/>\n<meta name=\"twitter:label1\" content=\"Gesch\u00e4tzte Lesezeit\" \/>\n\t<meta name=\"twitter:data1\" content=\"2\u00a0Minuten\" \/>\n<!-- \/ Yoast SEO plugin. -->","yoast_head_json":{"title":"Teide by Night Tours in Tenerife - Aventura Excursions - Book Your Stargazing Adventure!","description":"Experience Teide by Night tours in Tenerife. Check reviews and prices. Enjoy stargazing with telescopes and breathtaking sunsets over the Atlantic.","robots":{"index":"index","follow":"follow","max-snippet":"max-snippet:-1","max-image-preview":"max-image-preview:large","max-video-preview":"max-video-preview:-1"},"canonical":"https:\/\/aventura-excursions.com\/de\/produkt\/teide-by-night\/","og_locale":"de_DE","og_type":"article","og_title":"Teide by Night Tours in Tenerife - Aventura Excursions - Book Your Stargazing Adventure!","og_description":"Experience Teide by Night tours in Tenerife. Check reviews and prices. Enjoy stargazing with telescopes and breathtaking sunsets over the Atlantic.","og_url":"https:\/\/aventura-excursions.com\/de\/produkt\/teide-by-night\/","og_site_name":"Aventura Excursions","article_modified_time":"2025-06-13T22:39:14+00:00","og_image":[{"width":748,"height":701,"url":"https:\/\/aventura-excursions.com\/wp-content\/uploads\/2024\/03\/photo_2024-03-18_14-35-08-e1710781294954.jpg","type":"image\/jpeg"}],"twitter_card":"summary_large_image","twitter_misc":{"Gesch\u00e4tzte Lesezeit":"2\u00a0Minuten"},"schema":{"@context":"https:\/\/schema.org","@graph":[{"@type":"WebPage","@id":"https:\/\/aventura-excursions.com\/product\/teide-by-night\/","url":"https:\/\/aventura-excursions.com\/product\/teide-by-night\/","name":"Teide by Night Tours in Tenerife - Aventura Excursions - Book Your Stargazing Adventure!","isPartOf":{"@id":"https:\/\/aventura-excursions.com\/#website"},"primaryImageOfPage":{"@id":"https:\/\/aventura-excursions.com\/product\/teide-by-night\/#primaryimage"},"image":{"@id":"https:\/\/aventura-excursions.com\/product\/teide-by-night\/#primaryimage"},"thumbnailUrl":"https:\/\/aventura-excursions.com\/wp-content\/uploads\/2024\/03\/photo_2024-03-18_14-35-08-e1710781294954.jpg","datePublished":"2024-03-18T16:50:56+00:00","dateModified":"2025-06-13T22:39:14+00:00","description":"Experience Teide by Night tours in Tenerife. Check reviews and prices. Enjoy stargazing with telescopes and breathtaking sunsets over the Atlantic.","breadcrumb":{"@id":"https:\/\/aventura-excursions.com\/product\/teide-by-night\/#breadcrumb"},"inLanguage":"de","potentialAction":[{"@type":"ReadAction","target":["https:\/\/aventura-excursions.com\/product\/teide-by-night\/"]}]},{"@type":"ImageObject","inLanguage":"de","@id":"https:\/\/aventura-excursions.com\/product\/teide-by-night\/#primaryimage","url":"https:\/\/aventura-excursions.com\/wp-content\/uploads\/2024\/03\/photo_2024-03-18_14-35-08-e1710781294954.jpg","contentUrl":"https:\/\/aventura-excursions.com\/wp-content\/uploads\/2024\/03\/photo_2024-03-18_14-35-08-e1710781294954.jpg","width":748,"height":701},{"@type":"BreadcrumbList","@id":"https:\/\/aventura-excursions.com\/product\/teide-by-night\/#breadcrumb","itemListElement":[{"@type":"ListItem","position":1,"name":"Tours","item":"https:\/\/aventura-excursions.com\/tours\/"},{"@type":"ListItem","position":2,"name":"Teide by Night"}]},{"@type":"WebSite","@id":"https:\/\/aventura-excursions.com\/#website","url":"https:\/\/aventura-excursions.com\/","name":"Aventura Excursions","description":"Aventura Excursions","potentialAction":[{"@type":"SearchAction","target":{"@type":"EntryPoint","urlTemplate":"https:\/\/aventura-excursions.com\/?s={search_term_string}"},"query-input":{"@type":"PropertyValueSpecification","valueRequired":true,"valueName":"search_term_string"}}],"inLanguage":"de"}]}},"_links":{"self":[{"href":"https:\/\/aventura-excursions.com\/de\/wp-json\/wp\/v2\/product\/613","targetHints":{"allow":["GET"]}}],"collection":[{"href":"https:\/\/aventura-excursions.com\/de\/wp-json\/wp\/v2\/product"}],"about":[{"href":"https:\/\/aventura-excursions.com\/de\/wp-json\/wp\/v2\/types\/product"}],"wp:featuredmedia":[{"embeddable":true,"href":"https:\/\/aventura-excursions.com\/de\/wp-json\/wp\/v2\/media\/614"}],"wp:attachment":[{"href":"https:\/\/aventura-excursions.com\/de\/wp-json\/wp\/v2\/media?parent=613"}],"wp:term":[{"taxonomy":"product_brand","embeddable":true,"href":"https:\/\/aventura-excursions.com\/de\/wp-json\/wp\/v2\/product_brand?post=613"},{"taxonomy":"product_cat","embeddable":true,"href":"https:\/\/aventura-excursions.com\/de\/wp-json\/wp\/v2\/product_cat?post=613"},{"taxonomy":"product_tag","embeddable":true,"href":"https:\/\/aventura-excursions.com\/de\/wp-json\/wp\/v2\/product_tag?post=613"}],"curies":[{"name":"wp","href":"https:\/\/api.w.org\/{rel}","templated":true}]}}