{"id":631,"date":"2024-03-19T20:27:31","date_gmt":"2024-03-19T17:27:31","guid":{"rendered":"https:\/\/aventura-excursions.com\/?post_type=product&#038;p=631"},"modified":"2025-09-16T15:59:34","modified_gmt":"2025-09-16T12:59:34","slug":"jet-ski-safari","status":"publish","type":"product","link":"https:\/\/aventura-excursions.com\/de\/produkt\/jet-ski-safari\/","title":{"rendered":"Jet-Ski-Safari"},"content":{"rendered":"<h3>Beschreibung<\/h3>\n<p>\nGenie\u00dfen Sie den Jetski-Ausflug, der Ihnen ein Abenteuer voller Spa\u00df und Spannung bietet. Mit hoher Geschwindigkeit erkunden Sie das Meer und entdecken dabei den Panoramablick auf die felsige K\u00fcste. Es besteht auch die M\u00f6glichkeit, dass Sie unterwegs Delfine oder Wale sehen. Halten Sie die Augen offen, Sie wissen nie, was Sie im Meer erwartet! Es gibt 1- und 2-st\u00fcndige Touren, die alle von einem professionellen Ausbilder in einem Boot geleitet werden. Die Safari beginnt im Hafen von Las Galletas und f\u00fchrt entlang der wundersch\u00f6nen Klippen von Palm-Mar. Der Preis ist f\u00fcr Einzel- und Doppel-Jetskis gleich.<\/p>\n<p>\n<\/p>\n<h3>Sehensw\u00fcrdigkeiten<\/h3>\n<ul>\n<li>Gef\u00fchrte Safari<\/li>\n<li>Panoramaaussichten<\/li>\n<li>Adrenalin<\/li>\n<li>Abholung vom Hotel<\/li>\n<\/ul>\n<p>\n<\/p>\n<h3>Einzelheiten<\/h3>\n<p>\n<strong>Beginn:<\/strong> <br \/>\n10:00, 12:00, 14:00, 16:00 <\/p>\n<p>\n<strong>Mindestgr\u00f6\u00dfe:<\/strong> <br \/>\n120 cm <\/p>\n<p>\n<strong>Maximales Gewicht:<\/strong> <br \/>\nsingle jet ski &#8211; 120 kg,<br \/> <br \/>\ndouble jet ski &#8211; 160 kg <\/p>\n<p>\n<strong>Hafen:<\/strong><br \/>\nLas Galletas<\/p>\n<p>\n<strong>Transport:<\/strong><br \/>\nKostenlose Abholung von Los Cristianos, Las Americas, Costa Adeje<\/p>\n<p><p>\n<\/p>\n<h3>Erm\u00e4\u00dfigtes Paket Jet Ski + SUP<\/h3>\n<p>\nVerdoppeln Sie den Spa\u00df mit unserem erm\u00e4\u00dfigten Paket aus Jetski-Safari + SUP-Unterricht! Erleben Sie den Nervenkitzel einer Hochgeschwindigkeits-Jet-Ski-Safari und beherrschen Sie die Kunst des Stand-Up-Paddleboardings (SUP) mit unserem Sonderangebot. Weitere Informationen finden Sie hier: <a href=\"https:\/\/aventura-excursions.com\/de\/produkt\/water-package\/\"><strong><em>Wasserpaket f\u00fcr 2<\/em><\/strong><\/a><\/p>","protected":false},"excerpt":{"rendered":"<div>\n<p>Erleben Sie ein aufregendes Wasserabenteuer mit einem Jetski entlang der S\u00fcdk\u00fcste Teneriffas. <\/p>\n<p>\n<br \/>\nW\u00e4hlen Sie Einzel-\/Doppel-Jetski und 1- oder 2-st\u00fcndige Fahrt. W\u00e4hlen Sie dann das Datum der Jetski-Safari aus.\n<\/div>","protected":false},"featured_media":638,"template":"","meta":{"_acf_changed":false},"product_brand":[],"product_cat":[21],"product_tag":[],"class_list":{"0":"post-631","1":"product","2":"type-product","3":"status-publish","4":"has-post-thumbnail","6":"product_cat-activities","8":"first","9":"instock","10":"sale","11":"shipping-taxable","12":"product-type-grouped"},"acf":[],"yoast_head":"<!-- This site is optimized with the Yoast SEO plugin v25.6 - https:\/\/yoast.com\/wordpress\/plugins\/seo\/ -->\n<title>Jet Ski Safari in Tenerife - Aventura Excursions - Book Your Adventure<\/title>\n<meta name=\"description\" content=\"Exciting Jet Ski Safari in Tenerife! Check reviews, prices, and ratings on our website. Book now to see dolphins, whales, and sea turtles.\" \/>\n<meta name=\"robots\" content=\"index, follow, max-snippet:-1, max-image-preview:large, max-video-preview:-1\" \/>\n<link rel=\"canonical\" href=\"https:\/\/aventura-excursions.com\/de\/produkt\/jet-ski-safari\/\" \/>\n<meta property=\"og:locale\" content=\"de_DE\" \/>\n<meta property=\"og:type\" content=\"article\" \/>\n<meta property=\"og:title\" content=\"Jet Ski Safari in Tenerife - Aventura Excursions - Book Your Adventure\" \/>\n<meta property=\"og:description\" content=\"Exciting Jet Ski Safari in Tenerife! Check reviews, prices, and ratings on our website. Book now to see dolphins, whales, and sea turtles.\" \/>\n<meta property=\"og:url\" content=\"https:\/\/aventura-excursions.com\/de\/produkt\/jet-ski-safari\/\" \/>\n<meta property=\"og:site_name\" content=\"Aventura Excursions\" \/>\n<meta property=\"article:modified_time\" content=\"2025-09-16T12:59:34+00:00\" \/>\n<meta property=\"og:image\" content=\"https:\/\/aventura-excursions.com\/wp-content\/uploads\/2024\/03\/pexels-pixabay-33046.jpg\" \/>\n\t<meta property=\"og:image:width\" content=\"1760\" \/>\n\t<meta property=\"og:image:height\" content=\"1173\" \/>\n\t<meta property=\"og:image:type\" content=\"image\/jpeg\" \/>\n<meta name=\"twitter:card\" content=\"summary_large_image\" \/>\n<meta name=\"twitter:label1\" content=\"Gesch\u00e4tzte Lesezeit\" \/>\n\t<meta name=\"twitter:data1\" content=\"2\u00a0Minuten\" \/>\n<!-- \/ Yoast SEO plugin. -->","yoast_head_json":{"title":"Jet Ski Safari in Tenerife - Aventura Excursions - Book Your Adventure","description":"Exciting Jet Ski Safari in Tenerife! Check reviews, prices, and ratings on our website. Book now to see dolphins, whales, and sea turtles.","robots":{"index":"index","follow":"follow","max-snippet":"max-snippet:-1","max-image-preview":"max-image-preview:large","max-video-preview":"max-video-preview:-1"},"canonical":"https:\/\/aventura-excursions.com\/de\/produkt\/jet-ski-safari\/","og_locale":"de_DE","og_type":"article","og_title":"Jet Ski Safari in Tenerife - Aventura Excursions - Book Your Adventure","og_description":"Exciting Jet Ski Safari in Tenerife! Check reviews, prices, and ratings on our website. Book now to see dolphins, whales, and sea turtles.","og_url":"https:\/\/aventura-excursions.com\/de\/produkt\/jet-ski-safari\/","og_site_name":"Aventura Excursions","article_modified_time":"2025-09-16T12:59:34+00:00","og_image":[{"width":1760,"height":1173,"url":"https:\/\/aventura-excursions.com\/wp-content\/uploads\/2024\/03\/pexels-pixabay-33046.jpg","type":"image\/jpeg"}],"twitter_card":"summary_large_image","twitter_misc":{"Gesch\u00e4tzte Lesezeit":"2\u00a0Minuten"},"schema":{"@context":"https:\/\/schema.org","@graph":[{"@type":"WebPage","@id":"https:\/\/aventura-excursions.com\/product\/jet-ski-safari\/","url":"https:\/\/aventura-excursions.com\/product\/jet-ski-safari\/","name":"Jet Ski Safari in Tenerife - Aventura Excursions - Book Your Adventure","isPartOf":{"@id":"https:\/\/aventura-excursions.com\/#website"},"primaryImageOfPage":{"@id":"https:\/\/aventura-excursions.com\/product\/jet-ski-safari\/#primaryimage"},"image":{"@id":"https:\/\/aventura-excursions.com\/product\/jet-ski-safari\/#primaryimage"},"thumbnailUrl":"https:\/\/aventura-excursions.com\/wp-content\/uploads\/2024\/03\/pexels-pixabay-33046.jpg","datePublished":"2024-03-19T17:27:31+00:00","dateModified":"2025-09-16T12:59:34+00:00","description":"Exciting Jet Ski Safari in Tenerife! Check reviews, prices, and ratings on our website. Book now to see dolphins, whales, and sea turtles.","breadcrumb":{"@id":"https:\/\/aventura-excursions.com\/product\/jet-ski-safari\/#breadcrumb"},"inLanguage":"de","potentialAction":[{"@type":"ReadAction","target":["https:\/\/aventura-excursions.com\/product\/jet-ski-safari\/"]}]},{"@type":"ImageObject","inLanguage":"de","@id":"https:\/\/aventura-excursions.com\/product\/jet-ski-safari\/#primaryimage","url":"https:\/\/aventura-excursions.com\/wp-content\/uploads\/2024\/03\/pexels-pixabay-33046.jpg","contentUrl":"https:\/\/aventura-excursions.com\/wp-content\/uploads\/2024\/03\/pexels-pixabay-33046.jpg","width":1760,"height":1173},{"@type":"BreadcrumbList","@id":"https:\/\/aventura-excursions.com\/product\/jet-ski-safari\/#breadcrumb","itemListElement":[{"@type":"ListItem","position":1,"name":"Tours","item":"https:\/\/aventura-excursions.com\/tours\/"},{"@type":"ListItem","position":2,"name":"Jet Ski Safari"}]},{"@type":"WebSite","@id":"https:\/\/aventura-excursions.com\/#website","url":"https:\/\/aventura-excursions.com\/","name":"Aventura Excursions","description":"Aventura Excursions","potentialAction":[{"@type":"SearchAction","target":{"@type":"EntryPoint","urlTemplate":"https:\/\/aventura-excursions.com\/?s={search_term_string}"},"query-input":{"@type":"PropertyValueSpecification","valueRequired":true,"valueName":"search_term_string"}}],"inLanguage":"de"}]}},"_links":{"self":[{"href":"https:\/\/aventura-excursions.com\/de\/wp-json\/wp\/v2\/product\/631","targetHints":{"allow":["GET"]}}],"collection":[{"href":"https:\/\/aventura-excursions.com\/de\/wp-json\/wp\/v2\/product"}],"about":[{"href":"https:\/\/aventura-excursions.com\/de\/wp-json\/wp\/v2\/types\/product"}],"wp:featuredmedia":[{"embeddable":true,"href":"https:\/\/aventura-excursions.com\/de\/wp-json\/wp\/v2\/media\/638"}],"wp:attachment":[{"href":"https:\/\/aventura-excursions.com\/de\/wp-json\/wp\/v2\/media?parent=631"}],"wp:term":[{"taxonomy":"product_brand","embeddable":true,"href":"https:\/\/aventura-excursions.com\/de\/wp-json\/wp\/v2\/product_brand?post=631"},{"taxonomy":"product_cat","embeddable":true,"href":"https:\/\/aventura-excursions.com\/de\/wp-json\/wp\/v2\/product_cat?post=631"},{"taxonomy":"product_tag","embeddable":true,"href":"https:\/\/aventura-excursions.com\/de\/wp-json\/wp\/v2\/product_tag?post=631"}],"curies":[{"name":"wp","href":"https:\/\/api.w.org\/{rel}","templated":true}]}}