{"id":686,"date":"2024-03-21T18:48:03","date_gmt":"2024-03-21T15:48:03","guid":{"rendered":"https:\/\/aventura-excursions.com\/?post_type=product&#038;p=686"},"modified":"2024-05-28T18:44:20","modified_gmt":"2024-05-28T15:44:20","slug":"jungle-park","status":"publish","type":"product","link":"https:\/\/aventura-excursions.com\/de\/produkt\/jungle-park\/","title":{"rendered":"Jungle Park"},"content":{"rendered":"<h3>Beschreibung<\/h3>\n<p>\nErleben Sie ein fantastisches Abenteuer im Dschungelpark mit exotischen Tieren! Spazieren Sie \u00fcber h\u00e4ngende Holzbr\u00fccken, erkunden Sie Wasserf\u00e4lle und Tunnel, erleben Sie Bobfahrten, faszinierende Vogel- und Seel\u00f6wendarbietungen und unz\u00e4hlige andere Attraktionen auf Ihrer Reise. Auf einer Fl\u00e4che von 75.000 m\u00b2 k\u00f6nnen Sie den ganzen Tag mit Ihrer Familie durch die Umgebung wandern und \u00fcber 500 Tiere beobachten. Sie haben sogar die M\u00f6glichkeit, mit ihnen zu interagieren!<\/p>\n<p>\nDon&#8217;t miss the park&#8217;s spectacular exhibitions and shows: <strong>Raubv\u00f6gel<\/strong> , darunter Falken, Geier und Adler, <strong>exotische V\u00f6gel<\/strong> mit einer Vielzahl bunter Papageien, aufregende Auff\u00fchrungen von <strong>Seel\u00f6wen<\/strong> und <strong>Pinguin-Mittagessen,<\/strong> bei dem Sie diese sch\u00f6nen Tiere f\u00fcttern k\u00f6nnen. <\/p>\n<p>Ein zus\u00e4tzlicher Vorteil des Jungle Parks ist seine Lage im S\u00fcden in der N\u00e4he der wichtigsten Touristengebiete Los Cristianos und Las Americas.<\/p>\n<h3><\/h3>\n<h3>Sehensw\u00fcrdigkeiten<\/h3>\n<ul>\n<li>Vogel- und Seel\u00f6wenshow<\/li>\n<li>Perfekt f\u00fcr Familien mit Kindern<\/li>\n<li>H\u00e4ngebr\u00fccken und exotische Pflanzen<\/li>\n<li>\u00dcber 500 Tiere<\/li>\n<li>Bars und Restaurants auf dem Territorium des Parks<\/li>\n<\/ul>\n<p><h3>Einzelheiten<\/h3>\n<p>\n<em><strong>\u00d6ffnungszeiten:<\/strong><\/em> 10:00 &#8211; 17:30 <\/p>\n<p><em><strong>Standort:<\/strong><\/em> Arona (im S\u00fcden von Teneriffa)<\/p>\n<p>Gegen Aufpreis k\u00f6nnen Sie mit Seel\u00f6wen schwimmen<\/p>\n<p><h3>Zwei Parks mit Rabatt<\/h3>\n<p class=\" translation-block\">Wenn Sie planen, sowohl den Jungle Park als auch das <a href=\"https:\/\/aventura-excursions.com\/de\/produkt\/aqualand\/\" target=\"_self\"><strong>Aqualand<\/strong><\/a> zu besuchen, k\u00f6nnen Sie ein erm\u00e4\u00dfigtes Paket mit zwei Tickets kaufen und 8 Euro pro Person sparen!<\/p>\n<p>Weitere Informationen finden Sie hier: <a href=\"https:\/\/aventura-excursions.com\/de\/produkt\/two-parks\/\"><strong>Zwei Parks<\/strong><\/a><\/p>","protected":false},"excerpt":{"rendered":"<div>\n<p>Erkunden Sie den Jungle Park im S\u00fcden Teneriffas mit \u00fcber 500 Tieren, aufregenden Vogel- und Seel\u00f6wenshows und einer vielf\u00e4ltigen Tierwelt in einer Dschungelumgebung, nur 15 Minuten von den Resorts Los Cristianos und Las Americas entfernt.<\/p>\n<p>\n<br \/>\nW\u00e4hlen Sie die Anzahl der Erwachsenen, Kinder (5\u201310 Jahre), Kleinkinder (3\u20134 Jahre) und Babys (0\u20132 Jahre).<\/p>\n<\/div>","protected":false},"featured_media":710,"template":"","meta":{"_acf_changed":false},"product_brand":[],"product_cat":[20],"product_tag":[],"class_list":{"0":"post-686","1":"product","2":"type-product","3":"status-publish","4":"has-post-thumbnail","6":"product_cat-parks","8":"first","9":"instock","10":"shipping-taxable","11":"product-type-grouped"},"acf":[],"yoast_head":"<!-- This site is optimized with the Yoast SEO plugin v25.6 - https:\/\/yoast.com\/wordpress\/plugins\/seo\/ -->\n<title>Jungle Park in Tenerife - Aventura Excursions - Best Prices, Book Tickets Now<\/title>\n<meta name=\"description\" content=\"Explore Jungle Park Tenerife! Check reviews, prices, and ratings. Book your adventure today to see exotic animals, thrilling shows, and beautiful wildlife\" \/>\n<meta name=\"robots\" content=\"index, follow, max-snippet:-1, max-image-preview:large, max-video-preview:-1\" \/>\n<link rel=\"canonical\" href=\"https:\/\/aventura-excursions.com\/de\/produkt\/jungle-park\/\" \/>\n<meta property=\"og:locale\" content=\"de_DE\" \/>\n<meta property=\"og:type\" content=\"article\" \/>\n<meta property=\"og:title\" content=\"Jungle Park in Tenerife - Aventura Excursions - Best Prices, Book Tickets Now\" \/>\n<meta property=\"og:description\" content=\"Explore Jungle Park Tenerife! Check reviews, prices, and ratings. Book your adventure today to see exotic animals, thrilling shows, and beautiful wildlife\" \/>\n<meta property=\"og:url\" content=\"https:\/\/aventura-excursions.com\/de\/produkt\/jungle-park\/\" \/>\n<meta property=\"og:site_name\" content=\"Aventura Excursions\" \/>\n<meta property=\"article:modified_time\" content=\"2024-05-28T15:44:20+00:00\" \/>\n<meta property=\"og:image\" content=\"https:\/\/aventura-excursions.com\/wp-content\/uploads\/2024\/03\/photo_1_2024-03-21_16-53-29-e1711041025371.jpg\" \/>\n\t<meta property=\"og:image:width\" content=\"920\" \/>\n\t<meta property=\"og:image:height\" content=\"495\" \/>\n\t<meta property=\"og:image:type\" content=\"image\/jpeg\" \/>\n<meta name=\"twitter:card\" content=\"summary_large_image\" \/>\n<meta name=\"twitter:label1\" content=\"Gesch\u00e4tzte Lesezeit\" \/>\n\t<meta name=\"twitter:data1\" content=\"2\u00a0Minuten\" \/>\n<!-- \/ Yoast SEO plugin. -->","yoast_head_json":{"title":"Jungle Park in Tenerife - Aventura Excursions - Best Prices, Book Tickets Now","description":"Explore Jungle Park Tenerife! Check reviews, prices, and ratings. Book your adventure today to see exotic animals, thrilling shows, and beautiful wildlife","robots":{"index":"index","follow":"follow","max-snippet":"max-snippet:-1","max-image-preview":"max-image-preview:large","max-video-preview":"max-video-preview:-1"},"canonical":"https:\/\/aventura-excursions.com\/de\/produkt\/jungle-park\/","og_locale":"de_DE","og_type":"article","og_title":"Jungle Park in Tenerife - Aventura Excursions - Best Prices, Book Tickets Now","og_description":"Explore Jungle Park Tenerife! Check reviews, prices, and ratings. Book your adventure today to see exotic animals, thrilling shows, and beautiful wildlife","og_url":"https:\/\/aventura-excursions.com\/de\/produkt\/jungle-park\/","og_site_name":"Aventura Excursions","article_modified_time":"2024-05-28T15:44:20+00:00","og_image":[{"width":920,"height":495,"url":"https:\/\/aventura-excursions.com\/wp-content\/uploads\/2024\/03\/photo_1_2024-03-21_16-53-29-e1711041025371.jpg","type":"image\/jpeg"}],"twitter_card":"summary_large_image","twitter_misc":{"Gesch\u00e4tzte Lesezeit":"2\u00a0Minuten"},"schema":{"@context":"https:\/\/schema.org","@graph":[{"@type":"WebPage","@id":"https:\/\/aventura-excursions.com\/product\/jungle-park\/","url":"https:\/\/aventura-excursions.com\/product\/jungle-park\/","name":"Jungle Park in Tenerife - Aventura Excursions - Best Prices, Book Tickets Now","isPartOf":{"@id":"https:\/\/aventura-excursions.com\/#website"},"primaryImageOfPage":{"@id":"https:\/\/aventura-excursions.com\/product\/jungle-park\/#primaryimage"},"image":{"@id":"https:\/\/aventura-excursions.com\/product\/jungle-park\/#primaryimage"},"thumbnailUrl":"https:\/\/aventura-excursions.com\/wp-content\/uploads\/2024\/03\/photo_1_2024-03-21_16-53-29-e1711041025371.jpg","datePublished":"2024-03-21T15:48:03+00:00","dateModified":"2024-05-28T15:44:20+00:00","description":"Explore Jungle Park Tenerife! Check reviews, prices, and ratings. Book your adventure today to see exotic animals, thrilling shows, and beautiful wildlife","breadcrumb":{"@id":"https:\/\/aventura-excursions.com\/product\/jungle-park\/#breadcrumb"},"inLanguage":"de","potentialAction":[{"@type":"ReadAction","target":["https:\/\/aventura-excursions.com\/product\/jungle-park\/"]}]},{"@type":"ImageObject","inLanguage":"de","@id":"https:\/\/aventura-excursions.com\/product\/jungle-park\/#primaryimage","url":"https:\/\/aventura-excursions.com\/wp-content\/uploads\/2024\/03\/photo_1_2024-03-21_16-53-29-e1711041025371.jpg","contentUrl":"https:\/\/aventura-excursions.com\/wp-content\/uploads\/2024\/03\/photo_1_2024-03-21_16-53-29-e1711041025371.jpg","width":920,"height":495},{"@type":"BreadcrumbList","@id":"https:\/\/aventura-excursions.com\/product\/jungle-park\/#breadcrumb","itemListElement":[{"@type":"ListItem","position":1,"name":"Tours","item":"https:\/\/aventura-excursions.com\/tours\/"},{"@type":"ListItem","position":2,"name":"Jungle Park"}]},{"@type":"WebSite","@id":"https:\/\/aventura-excursions.com\/#website","url":"https:\/\/aventura-excursions.com\/","name":"Aventura Excursions","description":"Aventura Excursions","potentialAction":[{"@type":"SearchAction","target":{"@type":"EntryPoint","urlTemplate":"https:\/\/aventura-excursions.com\/?s={search_term_string}"},"query-input":{"@type":"PropertyValueSpecification","valueRequired":true,"valueName":"search_term_string"}}],"inLanguage":"de"}]}},"_links":{"self":[{"href":"https:\/\/aventura-excursions.com\/de\/wp-json\/wp\/v2\/product\/686","targetHints":{"allow":["GET"]}}],"collection":[{"href":"https:\/\/aventura-excursions.com\/de\/wp-json\/wp\/v2\/product"}],"about":[{"href":"https:\/\/aventura-excursions.com\/de\/wp-json\/wp\/v2\/types\/product"}],"wp:featuredmedia":[{"embeddable":true,"href":"https:\/\/aventura-excursions.com\/de\/wp-json\/wp\/v2\/media\/710"}],"wp:attachment":[{"href":"https:\/\/aventura-excursions.com\/de\/wp-json\/wp\/v2\/media?parent=686"}],"wp:term":[{"taxonomy":"product_brand","embeddable":true,"href":"https:\/\/aventura-excursions.com\/de\/wp-json\/wp\/v2\/product_brand?post=686"},{"taxonomy":"product_cat","embeddable":true,"href":"https:\/\/aventura-excursions.com\/de\/wp-json\/wp\/v2\/product_cat?post=686"},{"taxonomy":"product_tag","embeddable":true,"href":"https:\/\/aventura-excursions.com\/de\/wp-json\/wp\/v2\/product_tag?post=686"}],"curies":[{"name":"wp","href":"https:\/\/api.w.org\/{rel}","templated":true}]}}