{"id":893,"date":"2024-03-23T18:17:29","date_gmt":"2024-03-23T15:17:29","guid":{"rendered":"https:\/\/aventura-excursions.com\/?post_type=product&#038;p=893"},"modified":"2024-05-29T14:07:16","modified_gmt":"2024-05-29T11:07:16","slug":"castillo-san-miguel","status":"publish","type":"product","link":"https:\/\/aventura-excursions.com\/de\/produkt\/castillo-san-miguel\/","title":{"rendered":"Burg San Miguel"},"content":{"rendered":"<h3>Beschreibung<\/h3>\n<p>\nBereiten Sie sich auf eine Zeitreise in die Zeit der Ritter, des K\u00f6nigshauses und des Zaubers bei der Castillo San Miguel Show auf Teneriffa vor! Die aus kanarischem Canto-Stein erbaute Burg San Miguel ist ber\u00fchmt f\u00fcr ihre T\u00fcrme, die den Besuchern eine authentische mittelalterliche Umgebung bieten. Eingebettet in die Mauern eines majest\u00e4tischen Schlosses vereint dieses einzigartige Erlebnis Geschichte, Unterhaltung und k\u00f6stliches Essen. Sie werden Zeuge einer atemberaubenden Darbietung gepanzerter Ritter, die in epischen Schlachten ihr K\u00f6nnen und ihren Mut unter Beweis stellen. Ihr Ritter wird im Turnier Ihre Unterst\u00fctzung brauchen, also denken Sie daran, ihn aufzuheitern. Ihnen wird Abendessen und Wein serviert, w\u00e4hrend Sie viel Spa\u00df daran haben, Teil dieser mittelalterlichen Spektakel zu sein.<\/p>\n<h3><\/h3>\n<h3>Sehensw\u00fcrdigkeiten<\/h3>\n<ul>\n<li>Mittelalterliche Auff\u00fchrung<\/li>\n<li>Authentisches mittelalterliches Abendessen<\/li>\n<li>Aktive Teilnahme an der Show<\/li>\n<\/ul>\n<h3>Einzelheiten<\/h3>\n<p>\n<strong><em>Beginnstunde:<\/em><\/strong> 18:30<\/p>\n<p>\n<strong><em>Standort:<\/em><\/strong> San Miguel (10 Minuten von Los Cristianos entfernt)<\/p>\n<p>\n<strong><em>Inbegriffen:<\/em><\/strong><\/p>\n<ul>\n<li>Abendessen<\/li>\n<li>mittelalterliche Kleidungsst\u00fccke<\/li>\n<\/ul>\n<p>\n<strong><em>Nicht inbegriffen:<\/em><\/strong> Abholung vom Hotel<\/p>\n<p>\n<\/p>\n<h3>Transport<\/h3>\n<p class=\" translation-block\">Sie k\u00f6nnen entweder bei uns ein <a href=\"https:\/\/aventura-excursions.com\/de\/produkt\/rent-a-car\/\" target=\"_self\"><strong><em>Auto mieten<\/em><\/strong><\/a> und auf eigene Faust zur Burg San Miguel fahren oder einen Transfer von Ihrem Hotel buchen. Diese Option wird Ihnen bei der Buchung der Show angezeigt. Der Transfer erfolgt in allen touristischen Gebieten Teneriffas, einschlie\u00dflich Los Gigantes, Golf del Sur und Puerto de la Cruz.<\/p>","protected":false},"excerpt":{"rendered":"<div>\n<p>Tauchen Sie ein in mittelalterliche Pracht bei der Castillo San Miguel Show auf Teneriffa, wo Sie die Atmosph\u00e4re eines mittelalterlichen Festes und spannende Turniere genie\u00dfen k\u00f6nnen. <\/p>\n<p>\nW\u00e4hlen Sie zun\u00e4chst eine der Optionen: Nur Ticket oder Ticket + Transfer.<br \/>\nW\u00e4hlen Sie dann die Anzahl der Erwachsenen, Kinder (3\u201313 Jahre) und Kleinkinder (0\u20132 Jahre) aus.\n<\/div>","protected":false},"featured_media":903,"template":"","meta":{"_acf_changed":false},"product_brand":[],"product_cat":[22],"product_tag":[],"class_list":{"0":"post-893","1":"product","2":"type-product","3":"status-publish","4":"has-post-thumbnail","6":"product_cat-shows","8":"first","9":"instock","10":"shipping-taxable","11":"product-type-grouped"},"acf":[],"yoast_head":"<!-- This site is optimized with the Yoast SEO plugin v25.6 - https:\/\/yoast.com\/wordpress\/plugins\/seo\/ -->\n<title>Visit San Miguel castle Show Tenerife - Aventura Excursions - Book a Knight Tournament!<\/title>\n<meta name=\"description\" content=\"Experience the San Miguel Castle Show in Tenerife! Check reviews, prices, and ratings. Enjoy thrilling knight tournaments and an authentic medieval feast.\" \/>\n<meta name=\"robots\" content=\"index, follow, max-snippet:-1, max-image-preview:large, max-video-preview:-1\" \/>\n<link rel=\"canonical\" href=\"https:\/\/aventura-excursions.com\/de\/produkt\/castillo-san-miguel\/\" \/>\n<meta property=\"og:locale\" content=\"de_DE\" \/>\n<meta property=\"og:type\" content=\"article\" \/>\n<meta property=\"og:title\" content=\"Visit San Miguel castle Show Tenerife - Aventura Excursions - Book a Knight Tournament!\" \/>\n<meta property=\"og:description\" content=\"Experience the San Miguel Castle Show in Tenerife! Check reviews, prices, and ratings. Enjoy thrilling knight tournaments and an authentic medieval feast.\" \/>\n<meta property=\"og:url\" content=\"https:\/\/aventura-excursions.com\/de\/produkt\/castillo-san-miguel\/\" \/>\n<meta property=\"og:site_name\" content=\"Aventura Excursions\" \/>\n<meta property=\"article:modified_time\" content=\"2024-05-29T11:07:16+00:00\" \/>\n<meta property=\"og:image\" content=\"https:\/\/aventura-excursions.com\/wp-content\/uploads\/2024\/03\/photo_2024-03-23_17-35-54.jpg\" \/>\n\t<meta property=\"og:image:width\" content=\"1280\" \/>\n\t<meta property=\"og:image:height\" content=\"960\" \/>\n\t<meta property=\"og:image:type\" content=\"image\/jpeg\" \/>\n<meta name=\"twitter:card\" content=\"summary_large_image\" \/>\n<meta name=\"twitter:label1\" content=\"Gesch\u00e4tzte Lesezeit\" \/>\n\t<meta name=\"twitter:data1\" content=\"2\u00a0Minuten\" \/>\n<!-- \/ Yoast SEO plugin. -->","yoast_head_json":{"title":"Visit San Miguel castle Show Tenerife - Aventura Excursions - Book a Knight Tournament!","description":"Experience the San Miguel Castle Show in Tenerife! Check reviews, prices, and ratings. Enjoy thrilling knight tournaments and an authentic medieval feast.","robots":{"index":"index","follow":"follow","max-snippet":"max-snippet:-1","max-image-preview":"max-image-preview:large","max-video-preview":"max-video-preview:-1"},"canonical":"https:\/\/aventura-excursions.com\/de\/produkt\/castillo-san-miguel\/","og_locale":"de_DE","og_type":"article","og_title":"Visit San Miguel castle Show Tenerife - Aventura Excursions - Book a Knight Tournament!","og_description":"Experience the San Miguel Castle Show in Tenerife! Check reviews, prices, and ratings. Enjoy thrilling knight tournaments and an authentic medieval feast.","og_url":"https:\/\/aventura-excursions.com\/de\/produkt\/castillo-san-miguel\/","og_site_name":"Aventura Excursions","article_modified_time":"2024-05-29T11:07:16+00:00","og_image":[{"width":1280,"height":960,"url":"https:\/\/aventura-excursions.com\/wp-content\/uploads\/2024\/03\/photo_2024-03-23_17-35-54.jpg","type":"image\/jpeg"}],"twitter_card":"summary_large_image","twitter_misc":{"Gesch\u00e4tzte Lesezeit":"2\u00a0Minuten"},"schema":{"@context":"https:\/\/schema.org","@graph":[{"@type":"WebPage","@id":"https:\/\/aventura-excursions.com\/product\/castillo-san-miguel\/","url":"https:\/\/aventura-excursions.com\/product\/castillo-san-miguel\/","name":"Visit San Miguel castle Show Tenerife - Aventura Excursions - Book a Knight Tournament!","isPartOf":{"@id":"https:\/\/aventura-excursions.com\/#website"},"primaryImageOfPage":{"@id":"https:\/\/aventura-excursions.com\/product\/castillo-san-miguel\/#primaryimage"},"image":{"@id":"https:\/\/aventura-excursions.com\/product\/castillo-san-miguel\/#primaryimage"},"thumbnailUrl":"https:\/\/aventura-excursions.com\/wp-content\/uploads\/2024\/03\/photo_2024-03-23_17-35-54.jpg","datePublished":"2024-03-23T15:17:29+00:00","dateModified":"2024-05-29T11:07:16+00:00","description":"Experience the San Miguel Castle Show in Tenerife! Check reviews, prices, and ratings. Enjoy thrilling knight tournaments and an authentic medieval feast.","breadcrumb":{"@id":"https:\/\/aventura-excursions.com\/product\/castillo-san-miguel\/#breadcrumb"},"inLanguage":"de","potentialAction":[{"@type":"ReadAction","target":["https:\/\/aventura-excursions.com\/product\/castillo-san-miguel\/"]}]},{"@type":"ImageObject","inLanguage":"de","@id":"https:\/\/aventura-excursions.com\/product\/castillo-san-miguel\/#primaryimage","url":"https:\/\/aventura-excursions.com\/wp-content\/uploads\/2024\/03\/photo_2024-03-23_17-35-54.jpg","contentUrl":"https:\/\/aventura-excursions.com\/wp-content\/uploads\/2024\/03\/photo_2024-03-23_17-35-54.jpg","width":1280,"height":960},{"@type":"BreadcrumbList","@id":"https:\/\/aventura-excursions.com\/product\/castillo-san-miguel\/#breadcrumb","itemListElement":[{"@type":"ListItem","position":1,"name":"Tours","item":"https:\/\/aventura-excursions.com\/tours\/"},{"@type":"ListItem","position":2,"name":"San Miguel castle"}]},{"@type":"WebSite","@id":"https:\/\/aventura-excursions.com\/#website","url":"https:\/\/aventura-excursions.com\/","name":"Aventura Excursions","description":"Aventura Excursions","potentialAction":[{"@type":"SearchAction","target":{"@type":"EntryPoint","urlTemplate":"https:\/\/aventura-excursions.com\/?s={search_term_string}"},"query-input":{"@type":"PropertyValueSpecification","valueRequired":true,"valueName":"search_term_string"}}],"inLanguage":"de"}]}},"_links":{"self":[{"href":"https:\/\/aventura-excursions.com\/de\/wp-json\/wp\/v2\/product\/893","targetHints":{"allow":["GET"]}}],"collection":[{"href":"https:\/\/aventura-excursions.com\/de\/wp-json\/wp\/v2\/product"}],"about":[{"href":"https:\/\/aventura-excursions.com\/de\/wp-json\/wp\/v2\/types\/product"}],"wp:featuredmedia":[{"embeddable":true,"href":"https:\/\/aventura-excursions.com\/de\/wp-json\/wp\/v2\/media\/903"}],"wp:attachment":[{"href":"https:\/\/aventura-excursions.com\/de\/wp-json\/wp\/v2\/media?parent=893"}],"wp:term":[{"taxonomy":"product_brand","embeddable":true,"href":"https:\/\/aventura-excursions.com\/de\/wp-json\/wp\/v2\/product_brand?post=893"},{"taxonomy":"product_cat","embeddable":true,"href":"https:\/\/aventura-excursions.com\/de\/wp-json\/wp\/v2\/product_cat?post=893"},{"taxonomy":"product_tag","embeddable":true,"href":"https:\/\/aventura-excursions.com\/de\/wp-json\/wp\/v2\/product_tag?post=893"}],"curies":[{"name":"wp","href":"https:\/\/api.w.org\/{rel}","templated":true}]}}