{"id":908,"date":"2024-03-24T01:22:56","date_gmt":"2024-03-23T22:22:56","guid":{"rendered":"https:\/\/aventura-excursions.com\/?post_type=product&#038;p=908"},"modified":"2024-05-29T14:23:31","modified_gmt":"2024-05-29T11:23:31","slug":"scandal-dinner-show","status":"publish","type":"product","link":"https:\/\/aventura-excursions.com\/de\/produkt\/scandal-dinner-show\/","title":{"rendered":"Scandal Show"},"content":{"rendered":"<h3>Beschreibung<\/h3>\n<p>\nTreten Sie ein in eine Welt voller Geheimnisse, Glamour und Spannung mit der Scandal Dinner Show auf Teneriffa \u2013 wo kulinarische K\u00f6stlichkeiten auf atemberaubende Unterhaltung treffen \u2013 f\u00fcr einen unvergesslichen Abend! Lassen Sie sich von der Atmosph\u00e4re dieser Show im Burlesque-Stil verzaubern. Die skandal\u00f6sen Darsteller entf\u00fchren Sie in eine Welt voller Intrigen und Aufregung und vereinen Theaterkunst, Tanz und Musik zu einem unglaublichen Erlebnis. Die erfahrenen K\u00f6che bereiten Drei-G\u00e4nge-Men\u00fcs zu und sorgen daf\u00fcr, dass Ihr kulinarisches Erlebnis ebenso fantastisch ist.<\/p>\n<h3><\/h3>\n<h3>Sehensw\u00fcrdigkeiten<\/h3>\n<ul>\n<li>Umwerfende Auftritte<\/li>\n<li>Gourmet-Genuss<\/li>\n<li>Skandal\u00f6se \u00dcberraschungen<\/li>\n<\/ul>\n<h3>Einzelheiten<\/h3>\n<p>\n<strong><em>Beginnstunde:<\/em><\/strong> 20:00<\/p>\n<p>\n<strong><em>Standort:<\/em><\/strong> Costa Adeje, GF Victoria hotel<\/p>\n<p>\n<strong><em>Mindestalter:<\/em><\/strong> 16 Jahre alt<\/p>\n<p>\nVegetarisches Men\u00fc verf\u00fcgbar<\/p>\n<p>\nDas Platinum-Ticket beinhaltet ein Glas Wein\/Erfrischungsgetr\u00e4nk und Tapas.<\/p>\n<p>","protected":false},"excerpt":{"rendered":"<div>\n<p>Ein pomp\u00f6ses Kabarett-Erlebnis, das Luxus und gewagte Unterhaltung bietet und einen unvergesslichen Abend und ein Abendessen verspricht, zubereitet von professionellen K\u00f6chen. <\/p>\n<p>\n<br \/>\nW\u00e4hlen Sie \u201eGolden\u201c, wenn Sie nur ein Ticket w\u00fcnschen.<br \/>\nSelect Platinum if you&#8217;d like to add drinks and tapas to the ticket.<br \/>\nW\u00e4hlen Sie dann die Anzahl der Erwachsenen und das Datum der Show aus.<\/p>\n<\/div>","protected":false},"featured_media":933,"template":"","meta":{"_acf_changed":false},"product_brand":[],"product_cat":[22],"product_tag":[],"class_list":{"0":"post-908","1":"product","2":"type-product","3":"status-publish","4":"has-post-thumbnail","6":"product_cat-shows","8":"first","9":"instock","10":"shipping-taxable","11":"product-type-grouped"},"acf":[],"yoast_head":"<!-- This site is optimized with the Yoast SEO plugin v25.6 - https:\/\/yoast.com\/wordpress\/plugins\/seo\/ -->\n<title>Visit Scandal Dinner Show in Tenerife - Aventura Excursions \u2013 Dazzling Night Out Awaits!<\/title>\n<meta name=\"description\" content=\"Enjoy the Scandal Dinner show in Tenerife with delicious dishes and exciting performances for an unforgettable evening! Check the reviews and prices.\" \/>\n<meta name=\"robots\" content=\"index, follow, max-snippet:-1, max-image-preview:large, max-video-preview:-1\" \/>\n<link rel=\"canonical\" href=\"https:\/\/aventura-excursions.com\/de\/produkt\/scandal-dinner-show\/\" \/>\n<meta property=\"og:locale\" content=\"de_DE\" \/>\n<meta property=\"og:type\" content=\"article\" \/>\n<meta property=\"og:title\" content=\"Visit Scandal Dinner Show in Tenerife - Aventura Excursions \u2013 Dazzling Night Out Awaits!\" \/>\n<meta property=\"og:description\" content=\"Enjoy the Scandal Dinner show in Tenerife with delicious dishes and exciting performances for an unforgettable evening! Check the reviews and prices.\" \/>\n<meta property=\"og:url\" content=\"https:\/\/aventura-excursions.com\/de\/produkt\/scandal-dinner-show\/\" \/>\n<meta property=\"og:site_name\" content=\"Aventura Excursions\" \/>\n<meta property=\"article:modified_time\" content=\"2024-05-29T11:23:31+00:00\" \/>\n<meta property=\"og:image\" content=\"https:\/\/aventura-excursions.com\/wp-content\/uploads\/2024\/03\/photo_2024-03-22_16-54-041.png\" \/>\n\t<meta property=\"og:image:width\" content=\"1023\" \/>\n\t<meta property=\"og:image:height\" content=\"809\" \/>\n\t<meta property=\"og:image:type\" content=\"image\/png\" \/>\n<meta name=\"twitter:card\" content=\"summary_large_image\" \/>\n<meta name=\"twitter:label1\" content=\"Gesch\u00e4tzte Lesezeit\" \/>\n\t<meta name=\"twitter:data1\" content=\"1\u00a0Minute\" \/>\n<!-- \/ Yoast SEO plugin. -->","yoast_head_json":{"title":"Visit Scandal Dinner Show in Tenerife - Aventura Excursions \u2013 Dazzling Night Out Awaits!","description":"Enjoy the Scandal Dinner show in Tenerife with delicious dishes and exciting performances for an unforgettable evening! Check the reviews and prices.","robots":{"index":"index","follow":"follow","max-snippet":"max-snippet:-1","max-image-preview":"max-image-preview:large","max-video-preview":"max-video-preview:-1"},"canonical":"https:\/\/aventura-excursions.com\/de\/produkt\/scandal-dinner-show\/","og_locale":"de_DE","og_type":"article","og_title":"Visit Scandal Dinner Show in Tenerife - Aventura Excursions \u2013 Dazzling Night Out Awaits!","og_description":"Enjoy the Scandal Dinner show in Tenerife with delicious dishes and exciting performances for an unforgettable evening! Check the reviews and prices.","og_url":"https:\/\/aventura-excursions.com\/de\/produkt\/scandal-dinner-show\/","og_site_name":"Aventura Excursions","article_modified_time":"2024-05-29T11:23:31+00:00","og_image":[{"width":1023,"height":809,"url":"https:\/\/aventura-excursions.com\/wp-content\/uploads\/2024\/03\/photo_2024-03-22_16-54-041.png","type":"image\/png"}],"twitter_card":"summary_large_image","twitter_misc":{"Gesch\u00e4tzte Lesezeit":"1\u00a0Minute"},"schema":{"@context":"https:\/\/schema.org","@graph":[{"@type":"WebPage","@id":"https:\/\/aventura-excursions.com\/product\/scandal-dinner-show\/","url":"https:\/\/aventura-excursions.com\/product\/scandal-dinner-show\/","name":"Visit Scandal Dinner Show in Tenerife - Aventura Excursions \u2013 Dazzling Night Out Awaits!","isPartOf":{"@id":"https:\/\/aventura-excursions.com\/#website"},"primaryImageOfPage":{"@id":"https:\/\/aventura-excursions.com\/product\/scandal-dinner-show\/#primaryimage"},"image":{"@id":"https:\/\/aventura-excursions.com\/product\/scandal-dinner-show\/#primaryimage"},"thumbnailUrl":"https:\/\/aventura-excursions.com\/wp-content\/uploads\/2024\/03\/photo_2024-03-22_16-54-041.png","datePublished":"2024-03-23T22:22:56+00:00","dateModified":"2024-05-29T11:23:31+00:00","description":"Enjoy the Scandal Dinner show in Tenerife with delicious dishes and exciting performances for an unforgettable evening! Check the reviews and prices.","breadcrumb":{"@id":"https:\/\/aventura-excursions.com\/product\/scandal-dinner-show\/#breadcrumb"},"inLanguage":"de","potentialAction":[{"@type":"ReadAction","target":["https:\/\/aventura-excursions.com\/product\/scandal-dinner-show\/"]}]},{"@type":"ImageObject","inLanguage":"de","@id":"https:\/\/aventura-excursions.com\/product\/scandal-dinner-show\/#primaryimage","url":"https:\/\/aventura-excursions.com\/wp-content\/uploads\/2024\/03\/photo_2024-03-22_16-54-041.png","contentUrl":"https:\/\/aventura-excursions.com\/wp-content\/uploads\/2024\/03\/photo_2024-03-22_16-54-041.png","width":1023,"height":809},{"@type":"BreadcrumbList","@id":"https:\/\/aventura-excursions.com\/product\/scandal-dinner-show\/#breadcrumb","itemListElement":[{"@type":"ListItem","position":1,"name":"Tours","item":"https:\/\/aventura-excursions.com\/tours\/"},{"@type":"ListItem","position":2,"name":"Scandal Dinner Show"}]},{"@type":"WebSite","@id":"https:\/\/aventura-excursions.com\/#website","url":"https:\/\/aventura-excursions.com\/","name":"Aventura Excursions","description":"Aventura Excursions","potentialAction":[{"@type":"SearchAction","target":{"@type":"EntryPoint","urlTemplate":"https:\/\/aventura-excursions.com\/?s={search_term_string}"},"query-input":{"@type":"PropertyValueSpecification","valueRequired":true,"valueName":"search_term_string"}}],"inLanguage":"de"}]}},"_links":{"self":[{"href":"https:\/\/aventura-excursions.com\/de\/wp-json\/wp\/v2\/product\/908","targetHints":{"allow":["GET"]}}],"collection":[{"href":"https:\/\/aventura-excursions.com\/de\/wp-json\/wp\/v2\/product"}],"about":[{"href":"https:\/\/aventura-excursions.com\/de\/wp-json\/wp\/v2\/types\/product"}],"wp:featuredmedia":[{"embeddable":true,"href":"https:\/\/aventura-excursions.com\/de\/wp-json\/wp\/v2\/media\/933"}],"wp:attachment":[{"href":"https:\/\/aventura-excursions.com\/de\/wp-json\/wp\/v2\/media?parent=908"}],"wp:term":[{"taxonomy":"product_brand","embeddable":true,"href":"https:\/\/aventura-excursions.com\/de\/wp-json\/wp\/v2\/product_brand?post=908"},{"taxonomy":"product_cat","embeddable":true,"href":"https:\/\/aventura-excursions.com\/de\/wp-json\/wp\/v2\/product_cat?post=908"},{"taxonomy":"product_tag","embeddable":true,"href":"https:\/\/aventura-excursions.com\/de\/wp-json\/wp\/v2\/product_tag?post=908"}],"curies":[{"name":"wp","href":"https:\/\/api.w.org\/{rel}","templated":true}]}}