{"id":942,"date":"2024-03-24T20:38:20","date_gmt":"2024-03-24T17:38:20","guid":{"rendered":"https:\/\/aventura-excursions.com\/?post_type=product&#038;p=942"},"modified":"2024-05-29T16:56:44","modified_gmt":"2024-05-29T13:56:44","slug":"surfing","status":"publish","type":"product","link":"https:\/\/aventura-excursions.com\/de\/produkt\/surfing\/","title":{"rendered":"Surfen"},"content":{"rendered":"<h3>Beschreibung<\/h3>\n<p>\nUnsere Kurse eignen sich perfekt f\u00fcr alle K\u00f6nnensstufen und sollen Ihnen dabei helfen, den Nervenkitzel des Surfens in einer sicheren und unterst\u00fctzenden Umgebung zu erleben. Unsere zertifizierten Surflehrer bieten individuelle Anleitungen, damit Sie im Handumdrehen aufstehen und Ihre erste Welle reiten k\u00f6nnen.<\/p>\n<p>\nEs handelt sich um eine 2,5-st\u00fcndige Lektion, die aus Theorie, Wasserpraxis und Analyse der w\u00e4hrend der \u00dcbung gemachten Bildfehler besteht. Die Surfschule liegt mitten im touristischen Zentrum von Las Americas und hat einen einfachen Zugang zum Wasser. Eine wundervolle Umgebung, ein freundlicher Lehrer und ein tolles Abenteuer auf den Wellen machen es zu einer unterhaltsamen und unvergesslichen Aktivit\u00e4t f\u00fcr alle!<\/p>\n<p>\n<\/p>\n<h3>Sehensw\u00fcrdigkeiten<\/h3>\n<ul>\n<li>Bester Surfplatz im S\u00fcden<\/li>\n<li>Wellen das ganze Jahr \u00fcber<\/li>\n<li>Professioneller Ausbilder<\/li>\n<li>Ausr\u00fcstung in einwandfreiem Zustand<\/li>\n<\/ul>\n<p>\n<\/p>\n<h3>Einzelheiten<\/h3>\n<p>\nTreffpunkt in Las Americas <br \/>\nArbeitszeiten: von 07:00 bis 16:00 Uhr <br \/>\nNeoprenanz\u00fcge und Versicherung inklusive <\/p>","protected":false},"excerpt":{"rendered":"<div>\nFangen Sie die Welle mit unseren Surfkursen und entdecken Sie die Freude an diesem aufregenden Sport! Perfekt f\u00fcr alle Altersgruppen und K\u00f6nnensstufen.<\/p>\n<p>\n<br \/>\nW\u00e4hlen Sie die Anzahl der Unterrichtsstunden und das Datum der ersten Unterrichtsstunde aus.\n<\/div>","protected":false},"featured_media":948,"template":"","meta":{"_acf_changed":false},"product_brand":[],"product_cat":[21],"product_tag":[],"class_list":{"0":"post-942","1":"product","2":"type-product","3":"status-publish","4":"has-post-thumbnail","6":"product_cat-activities","8":"first","9":"instock","10":"sale","11":"shipping-taxable","12":"product-type-grouped"},"acf":[],"yoast_head":"<!-- This site is optimized with the Yoast SEO plugin v25.6 - https:\/\/yoast.com\/wordpress\/plugins\/seo\/ -->\n<title>Surfing Lessons in Tenerife - Aventura Excursions - Book Your Surf Adventure Now!<\/title>\n<meta name=\"description\" content=\"Join our surfing lessons in Tenerife. Check reviews and prices. Perfect for all ages and skill levels with professional instructors and year-round waves\" \/>\n<meta name=\"robots\" content=\"index, follow, max-snippet:-1, max-image-preview:large, max-video-preview:-1\" \/>\n<link rel=\"canonical\" href=\"https:\/\/aventura-excursions.com\/de\/produkt\/surfing\/\" \/>\n<meta property=\"og:locale\" content=\"de_DE\" \/>\n<meta property=\"og:type\" content=\"article\" \/>\n<meta property=\"og:title\" content=\"Surfing Lessons in Tenerife - Aventura Excursions - Book Your Surf Adventure Now!\" \/>\n<meta property=\"og:description\" content=\"Join our surfing lessons in Tenerife. Check reviews and prices. Perfect for all ages and skill levels with professional instructors and year-round waves\" \/>\n<meta property=\"og:url\" content=\"https:\/\/aventura-excursions.com\/de\/produkt\/surfing\/\" \/>\n<meta property=\"og:site_name\" content=\"Aventura Excursions\" \/>\n<meta property=\"article:modified_time\" content=\"2024-05-29T13:56:44+00:00\" \/>\n<meta property=\"og:image\" content=\"https:\/\/aventura-excursions.com\/wp-content\/uploads\/2024\/03\/Image008f1.png\" \/>\n\t<meta property=\"og:image:width\" content=\"964\" \/>\n\t<meta property=\"og:image:height\" content=\"620\" \/>\n\t<meta property=\"og:image:type\" content=\"image\/png\" \/>\n<meta name=\"twitter:card\" content=\"summary_large_image\" \/>\n<meta name=\"twitter:label1\" content=\"Gesch\u00e4tzte Lesezeit\" \/>\n\t<meta name=\"twitter:data1\" content=\"1\u00a0Minute\" \/>\n<!-- \/ Yoast SEO plugin. -->","yoast_head_json":{"title":"Surfing Lessons in Tenerife - Aventura Excursions - Book Your Surf Adventure Now!","description":"Join our surfing lessons in Tenerife. Check reviews and prices. Perfect for all ages and skill levels with professional instructors and year-round waves","robots":{"index":"index","follow":"follow","max-snippet":"max-snippet:-1","max-image-preview":"max-image-preview:large","max-video-preview":"max-video-preview:-1"},"canonical":"https:\/\/aventura-excursions.com\/de\/produkt\/surfing\/","og_locale":"de_DE","og_type":"article","og_title":"Surfing Lessons in Tenerife - Aventura Excursions - Book Your Surf Adventure Now!","og_description":"Join our surfing lessons in Tenerife. Check reviews and prices. Perfect for all ages and skill levels with professional instructors and year-round waves","og_url":"https:\/\/aventura-excursions.com\/de\/produkt\/surfing\/","og_site_name":"Aventura Excursions","article_modified_time":"2024-05-29T13:56:44+00:00","og_image":[{"width":964,"height":620,"url":"https:\/\/aventura-excursions.com\/wp-content\/uploads\/2024\/03\/Image008f1.png","type":"image\/png"}],"twitter_card":"summary_large_image","twitter_misc":{"Gesch\u00e4tzte Lesezeit":"1\u00a0Minute"},"schema":{"@context":"https:\/\/schema.org","@graph":[{"@type":"WebPage","@id":"https:\/\/aventura-excursions.com\/product\/surfing\/","url":"https:\/\/aventura-excursions.com\/product\/surfing\/","name":"Surfing Lessons in Tenerife - Aventura Excursions - Book Your Surf Adventure Now!","isPartOf":{"@id":"https:\/\/aventura-excursions.com\/#website"},"primaryImageOfPage":{"@id":"https:\/\/aventura-excursions.com\/product\/surfing\/#primaryimage"},"image":{"@id":"https:\/\/aventura-excursions.com\/product\/surfing\/#primaryimage"},"thumbnailUrl":"https:\/\/aventura-excursions.com\/wp-content\/uploads\/2024\/03\/Image008f1.png","datePublished":"2024-03-24T17:38:20+00:00","dateModified":"2024-05-29T13:56:44+00:00","description":"Join our surfing lessons in Tenerife. Check reviews and prices. Perfect for all ages and skill levels with professional instructors and year-round waves","breadcrumb":{"@id":"https:\/\/aventura-excursions.com\/product\/surfing\/#breadcrumb"},"inLanguage":"de","potentialAction":[{"@type":"ReadAction","target":["https:\/\/aventura-excursions.com\/product\/surfing\/"]}]},{"@type":"ImageObject","inLanguage":"de","@id":"https:\/\/aventura-excursions.com\/product\/surfing\/#primaryimage","url":"https:\/\/aventura-excursions.com\/wp-content\/uploads\/2024\/03\/Image008f1.png","contentUrl":"https:\/\/aventura-excursions.com\/wp-content\/uploads\/2024\/03\/Image008f1.png","width":964,"height":620},{"@type":"BreadcrumbList","@id":"https:\/\/aventura-excursions.com\/product\/surfing\/#breadcrumb","itemListElement":[{"@type":"ListItem","position":1,"name":"Tours","item":"https:\/\/aventura-excursions.com\/tours\/"},{"@type":"ListItem","position":2,"name":"Surfing"}]},{"@type":"WebSite","@id":"https:\/\/aventura-excursions.com\/#website","url":"https:\/\/aventura-excursions.com\/","name":"Aventura Excursions","description":"Aventura Excursions","potentialAction":[{"@type":"SearchAction","target":{"@type":"EntryPoint","urlTemplate":"https:\/\/aventura-excursions.com\/?s={search_term_string}"},"query-input":{"@type":"PropertyValueSpecification","valueRequired":true,"valueName":"search_term_string"}}],"inLanguage":"de"}]}},"_links":{"self":[{"href":"https:\/\/aventura-excursions.com\/de\/wp-json\/wp\/v2\/product\/942","targetHints":{"allow":["GET"]}}],"collection":[{"href":"https:\/\/aventura-excursions.com\/de\/wp-json\/wp\/v2\/product"}],"about":[{"href":"https:\/\/aventura-excursions.com\/de\/wp-json\/wp\/v2\/types\/product"}],"wp:featuredmedia":[{"embeddable":true,"href":"https:\/\/aventura-excursions.com\/de\/wp-json\/wp\/v2\/media\/948"}],"wp:attachment":[{"href":"https:\/\/aventura-excursions.com\/de\/wp-json\/wp\/v2\/media?parent=942"}],"wp:term":[{"taxonomy":"product_brand","embeddable":true,"href":"https:\/\/aventura-excursions.com\/de\/wp-json\/wp\/v2\/product_brand?post=942"},{"taxonomy":"product_cat","embeddable":true,"href":"https:\/\/aventura-excursions.com\/de\/wp-json\/wp\/v2\/product_cat?post=942"},{"taxonomy":"product_tag","embeddable":true,"href":"https:\/\/aventura-excursions.com\/de\/wp-json\/wp\/v2\/product_tag?post=942"}],"curies":[{"name":"wp","href":"https:\/\/api.w.org\/{rel}","templated":true}]}}