{"id":8,"date":"2023-06-16T06:13:30","date_gmt":"2023-06-16T06:13:30","guid":{"rendered":"https:\/\/aventura-excursions.com\/?page_id=8"},"modified":"2025-07-23T13:44:27","modified_gmt":"2025-07-23T10:44:27","slug":"best-tours-in-tenerife-with-10-off-aventura-excursions-book-online-and-do-not-wait-in-the-line","status":"publish","type":"page","link":"https:\/\/aventura-excursions.com\/es\/","title":{"rendered":"Index"},"content":{"rendered":"<div class=\"why__left\">\n<h2 class=\"h2_title why__title\">C\u00f3mo hacer una reserva en l\u00ednea<\/h2>\n<div class=\"why__text\">\n<p>After following the link &#8220;Book Now&#8221; you fill out a short form where you choose the trip and indicate the pick up place and some other details. Then you proceed with the payment by card. And the booking is made!<\/p>\n<p>\nRecibir\u00e1s un correo electr\u00f3nico de confirmaci\u00f3n autom\u00e1tica con toda la informaci\u00f3n de la reserva. Posteriormente te enviaremos otro correo electr\u00f3nico para acordar la hora de encuentro y explicarte todo lo necesario para las excursiones elegidas.<\/p>\n<\/div>\n<\/div>\n<div class=\"why__right\">\n<div class=\"why__img\"><img decoding=\"async\" src=\"\/wp-content\/uploads\/2024\/05\/lady.jpg\" alt=\"\" \/><\/div>\n<\/div>","protected":false},"excerpt":{"rendered":"<p>How to make an online booking After following the link &#8220;Book Now&#8221; you fill out a short form where you choose the trip and indicate the pick up place and some other details. Then you proceed with the payment by card. And the booking is made! You will get an automatic confirmation email with all [&hellip;]<\/p>","protected":false},"author":1,"featured_media":0,"parent":0,"menu_order":0,"comment_status":"closed","ping_status":"closed","template":"pages\/index.php","meta":{"_acf_changed":false,"footnotes":""},"class_list":["post-8","page","type-page","status-publish","hentry"],"acf":[],"yoast_head":"<!-- This site is optimized with the Yoast SEO plugin v25.6 - https:\/\/yoast.com\/wordpress\/plugins\/seo\/ -->\n<title>Best tours &amp; Activities in Tenerife \u2014 Aventura Excursions | Book with 10% off<\/title>\n<meta name=\"description\" content=\"Explore top Tenerife tours and activities with Aventura Excursions. Check reviews, prices, and ratings. Unique experiences await!\" \/>\n<meta name=\"robots\" content=\"index, follow, max-snippet:-1, max-image-preview:large, max-video-preview:-1\" \/>\n<link rel=\"canonical\" href=\"https:\/\/aventura-excursions.com\/es\/\" \/>\n<meta property=\"og:locale\" content=\"es_ES\" \/>\n<meta property=\"og:type\" content=\"article\" \/>\n<meta property=\"og:title\" content=\"Best tours &amp; Activities in Tenerife \u2014 Aventura Excursions | Book with 10% off\" \/>\n<meta property=\"og:description\" content=\"Explore top Tenerife tours and activities with Aventura Excursions. Check reviews, prices, and ratings. Unique experiences await!\" \/>\n<meta property=\"og:url\" content=\"https:\/\/aventura-excursions.com\/es\/\" \/>\n<meta property=\"og:site_name\" content=\"Aventura Excursions\" \/>\n<meta property=\"article:modified_time\" content=\"2025-07-23T10:44:27+00:00\" \/>\n<meta name=\"twitter:card\" content=\"summary_large_image\" \/>\n<meta name=\"twitter:label1\" content=\"Tiempo de lectura\" \/>\n\t<meta name=\"twitter:data1\" content=\"1 minuto\" \/>\n<!-- \/ Yoast SEO plugin. -->","yoast_head_json":{"title":"Best tours & Activities in Tenerife \u2014 Aventura Excursions | Book with 10% off","description":"Explore top Tenerife tours and activities with Aventura Excursions. Check reviews, prices, and ratings. Unique experiences await!","robots":{"index":"index","follow":"follow","max-snippet":"max-snippet:-1","max-image-preview":"max-image-preview:large","max-video-preview":"max-video-preview:-1"},"canonical":"https:\/\/aventura-excursions.com\/es\/","og_locale":"es_ES","og_type":"article","og_title":"Best tours & Activities in Tenerife \u2014 Aventura Excursions | Book with 10% off","og_description":"Explore top Tenerife tours and activities with Aventura Excursions. Check reviews, prices, and ratings. Unique experiences await!","og_url":"https:\/\/aventura-excursions.com\/es\/","og_site_name":"Aventura Excursions","article_modified_time":"2025-07-23T10:44:27+00:00","twitter_card":"summary_large_image","twitter_misc":{"Tiempo de lectura":"1 minuto"},"schema":{"@context":"https:\/\/schema.org","@graph":[{"@type":"WebPage","@id":"https:\/\/aventura-excursions.com\/","url":"https:\/\/aventura-excursions.com\/","name":"Best tours & Activities in Tenerife \u2014 Aventura Excursions | Book with 10% off","isPartOf":{"@id":"https:\/\/aventura-excursions.com\/#website"},"datePublished":"2023-06-16T06:13:30+00:00","dateModified":"2025-07-23T10:44:27+00:00","description":"Explore top Tenerife tours and activities with Aventura Excursions. Check reviews, prices, and ratings. Unique experiences await!","inLanguage":"es","potentialAction":[{"@type":"ReadAction","target":["https:\/\/aventura-excursions.com\/"]}]},{"@type":"WebSite","@id":"https:\/\/aventura-excursions.com\/#website","url":"https:\/\/aventura-excursions.com\/","name":"Aventura Excursions","description":"Aventura Excursions","potentialAction":[{"@type":"SearchAction","target":{"@type":"EntryPoint","urlTemplate":"https:\/\/aventura-excursions.com\/?s={search_term_string}"},"query-input":{"@type":"PropertyValueSpecification","valueRequired":true,"valueName":"search_term_string"}}],"inLanguage":"es"}]}},"_links":{"self":[{"href":"https:\/\/aventura-excursions.com\/es\/wp-json\/wp\/v2\/pages\/8","targetHints":{"allow":["GET"]}}],"collection":[{"href":"https:\/\/aventura-excursions.com\/es\/wp-json\/wp\/v2\/pages"}],"about":[{"href":"https:\/\/aventura-excursions.com\/es\/wp-json\/wp\/v2\/types\/page"}],"author":[{"embeddable":true,"href":"https:\/\/aventura-excursions.com\/es\/wp-json\/wp\/v2\/users\/1"}],"replies":[{"embeddable":true,"href":"https:\/\/aventura-excursions.com\/es\/wp-json\/wp\/v2\/comments?post=8"}],"version-history":[{"count":13,"href":"https:\/\/aventura-excursions.com\/es\/wp-json\/wp\/v2\/pages\/8\/revisions"}],"predecessor-version":[{"id":1742,"href":"https:\/\/aventura-excursions.com\/es\/wp-json\/wp\/v2\/pages\/8\/revisions\/1742"}],"wp:attachment":[{"href":"https:\/\/aventura-excursions.com\/es\/wp-json\/wp\/v2\/media?parent=8"}],"curies":[{"name":"wp","href":"https:\/\/api.w.org\/{rel}","templated":true}]}}