{"id":1099,"date":"2024-03-26T18:59:13","date_gmt":"2024-03-26T15:59:13","guid":{"rendered":"https:\/\/aventura-excursions.com\/?post_type=product&#038;p=1099"},"modified":"2025-07-10T00:41:55","modified_gmt":"2025-07-09T21:41:55","slug":"private-boat-trip","status":"publish","type":"product","link":"https:\/\/aventura-excursions.com\/es\/producto\/private-boat-trip\/","title":{"rendered":"Paseo en barco privado"},"content":{"rendered":"<h3>Descripci\u00f3n<\/h3>\n<p>\nCon nuestro recorrido en barco privado, disfrutar\u00e1s de una relajante excursi\u00f3n, descubrir\u00e1s hermosos paisajes, tomar\u00e1s el sol y practicar\u00e1s snorkel. Es una gran actividad para pasar tiempo con toda tu familia, amigos o pareja. Un d\u00eda en el mar conectando con la naturaleza y explorando rincones escondidos de Tenerife, e incluso la posibilidad de ver calderones en el camino, todo esto lo puedes esperar de un par de horas con nosotros.<\/p>\n<h3> Nuestros barcos<\/h3>\n<p>\nTanto las lanchas r\u00e1pidas como los catamaranes son excelentes opciones para los turistas: las lanchas r\u00e1pidas ofrecen una aventura emocionante y trepidante, mientras que los catamaranes son una forma c\u00f3moda y panor\u00e1mica de disfrutar del agua.<\/p>\n<p><\/p>\n<p>\n<strong>Lancha r\u00e1pida<\/strong><\/p>\n<p>\n<img loading=\"lazy\" decoding=\"async\" src=\"https:\/\/aventura-excursions.com\/wp-content\/uploads\/2024\/03\/boat.jpg__640x480_q85_crop_subsampling-2_upscale-300x225.jpg\" alt=\"Speed boat\" width=\"300\" height=\"225\" class=\"size-medium wp-image-2656\" srcset=\"https:\/\/aventura-excursions.com\/wp-content\/uploads\/2024\/03\/boat.jpg__640x480_q85_crop_subsampling-2_upscale-300x225.jpg 300w, https:\/\/aventura-excursions.com\/wp-content\/uploads\/2024\/03\/boat.jpg__640x480_q85_crop_subsampling-2_upscale-16x12.jpg 16w, https:\/\/aventura-excursions.com\/wp-content\/uploads\/2024\/03\/boat.jpg__640x480_q85_crop_subsampling-2_upscale-600x450.jpg 600w, https:\/\/aventura-excursions.com\/wp-content\/uploads\/2024\/03\/boat.jpg__640x480_q85_crop_subsampling-2_upscale.jpg 640w\" sizes=\"auto, (max-width: 300px) 100vw, 300px\" \/><\/p>\n<p>\n<\/p>\n<p><strong>Catamaran<\/strong><\/p>\n<p>\n<img loading=\"lazy\" decoding=\"async\" src=\"https:\/\/aventura-excursions.com\/wp-content\/uploads\/2024\/03\/DJI_0660-300x225.jpg\" alt=\"Catamaran\" width=\"300\" height=\"225\" class=\"size-medium wp-image-2657\" srcset=\"https:\/\/aventura-excursions.com\/wp-content\/uploads\/2024\/03\/DJI_0660-300x225.jpg 300w, https:\/\/aventura-excursions.com\/wp-content\/uploads\/2024\/03\/DJI_0660-1024x768.jpg 1024w, https:\/\/aventura-excursions.com\/wp-content\/uploads\/2024\/03\/DJI_0660-768x576.jpg 768w, https:\/\/aventura-excursions.com\/wp-content\/uploads\/2024\/03\/DJI_0660-1536x1152.jpg 1536w, https:\/\/aventura-excursions.com\/wp-content\/uploads\/2024\/03\/DJI_0660-2048x1536.jpg 2048w, https:\/\/aventura-excursions.com\/wp-content\/uploads\/2024\/03\/DJI_0660-16x12.jpg 16w, https:\/\/aventura-excursions.com\/wp-content\/uploads\/2024\/03\/DJI_0660-600x450.jpg 600w\" sizes=\"auto, (max-width: 300px) 100vw, 300px\" \/>\n<\/p>\n<p><\/p>\n<h3>Puntos de inter\u00e9s<\/h3>\n<ul>\n<li>Tour privado<\/li>\n<li>Vistas panor\u00e1micas<\/li>\n<li>Snorkel en el mar<\/li>\n<li>Oportunidad de encontrar ballenas<\/li>\n<\/ul>\n<p><\/p>\n<h3>Detalles<\/h3>\n<p>\nPodr\u00e1s elegir la hora de inicio y la duraci\u00f3n de tu paseo en barco <br \/>\nPunto de salida: Las Galletas para Speed Boat y Costa Adeje para Catamar\u00e1n <br \/>\nM\u00e1ximo 11 pasajeros <br \/>\nRefrescos, cerveza, snacks incluidos<\/p>","protected":false},"excerpt":{"rendered":"<div>\n<p>Join our private boat tour for a relaxing day of sun, sea, snorkeling, and the chance to spot pilot whales! Perfect for families, friends, or couples looking to explore Tenerife&#8217;s hidden gems in just a few hours or more. <\/p>\n<p>\n<br \/>\nSelecciona tu opci\u00f3n preferida.<\/p>\n<p>\nPuede agregar horas adicionales para extender el recorrido de 3 horas.\n<\/p><\/div>","protected":false},"featured_media":1686,"template":"","meta":{"_acf_changed":false},"product_brand":[],"product_cat":[21],"product_tag":[],"class_list":{"0":"post-1099","1":"product","2":"type-product","3":"status-publish","4":"has-post-thumbnail","6":"product_cat-activities","8":"first","9":"instock","10":"sale","11":"shipping-taxable","12":"product-type-grouped"},"acf":[],"yoast_head":"<!-- This site is optimized with the Yoast SEO plugin v25.6 - https:\/\/yoast.com\/wordpress\/plugins\/seo\/ -->\n<title>Private Boat Trip in Tenerife - Aventura Excursions - Book Your Sea Adventure Today!<\/title>\n<meta name=\"description\" content=\"Enjoy a private boat tour in Tenerife. Check reviews and prices. Snorkeling and marine animal watching. Perfect for families, friends, and couples.\" \/>\n<meta name=\"robots\" content=\"index, follow, max-snippet:-1, max-image-preview:large, max-video-preview:-1\" \/>\n<link rel=\"canonical\" href=\"https:\/\/aventura-excursions.com\/es\/producto\/private-boat-trip\/\" \/>\n<meta property=\"og:locale\" content=\"es_ES\" \/>\n<meta property=\"og:type\" content=\"article\" \/>\n<meta property=\"og:title\" content=\"Private Boat Trip in Tenerife - Aventura Excursions - Book Your Sea Adventure Today!\" \/>\n<meta property=\"og:description\" content=\"Enjoy a private boat tour in Tenerife. Check reviews and prices. Snorkeling and marine animal watching. Perfect for families, friends, and couples.\" \/>\n<meta property=\"og:url\" content=\"https:\/\/aventura-excursions.com\/es\/producto\/private-boat-trip\/\" \/>\n<meta property=\"og:site_name\" content=\"Aventura Excursions\" \/>\n<meta property=\"article:modified_time\" content=\"2025-07-09T21:41:55+00:00\" \/>\n<meta property=\"og:image\" content=\"https:\/\/aventura-excursions.com\/wp-content\/uploads\/2024\/03\/boat-_1.jpg\" \/>\n\t<meta property=\"og:image:width\" content=\"800\" \/>\n\t<meta property=\"og:image:height\" content=\"600\" \/>\n\t<meta property=\"og:image:type\" content=\"image\/jpeg\" \/>\n<meta name=\"twitter:card\" content=\"summary_large_image\" \/>\n<meta name=\"twitter:label1\" content=\"Tiempo de lectura\" \/>\n\t<meta name=\"twitter:data1\" content=\"2 minutos\" \/>\n<!-- \/ Yoast SEO plugin. -->","yoast_head_json":{"title":"Private Boat Trip in Tenerife - Aventura Excursions - Book Your Sea Adventure Today!","description":"Enjoy a private boat tour in Tenerife. Check reviews and prices. Snorkeling and marine animal watching. Perfect for families, friends, and couples.","robots":{"index":"index","follow":"follow","max-snippet":"max-snippet:-1","max-image-preview":"max-image-preview:large","max-video-preview":"max-video-preview:-1"},"canonical":"https:\/\/aventura-excursions.com\/es\/producto\/private-boat-trip\/","og_locale":"es_ES","og_type":"article","og_title":"Private Boat Trip in Tenerife - Aventura Excursions - Book Your Sea Adventure Today!","og_description":"Enjoy a private boat tour in Tenerife. Check reviews and prices. Snorkeling and marine animal watching. Perfect for families, friends, and couples.","og_url":"https:\/\/aventura-excursions.com\/es\/producto\/private-boat-trip\/","og_site_name":"Aventura Excursions","article_modified_time":"2025-07-09T21:41:55+00:00","og_image":[{"width":800,"height":600,"url":"https:\/\/aventura-excursions.com\/wp-content\/uploads\/2024\/03\/boat-_1.jpg","type":"image\/jpeg"}],"twitter_card":"summary_large_image","twitter_misc":{"Tiempo de lectura":"2 minutos"},"schema":{"@context":"https:\/\/schema.org","@graph":[{"@type":"WebPage","@id":"https:\/\/aventura-excursions.com\/product\/private-boat-trip\/","url":"https:\/\/aventura-excursions.com\/product\/private-boat-trip\/","name":"Private Boat Trip in Tenerife - Aventura Excursions - Book Your Sea Adventure Today!","isPartOf":{"@id":"https:\/\/aventura-excursions.com\/#website"},"primaryImageOfPage":{"@id":"https:\/\/aventura-excursions.com\/product\/private-boat-trip\/#primaryimage"},"image":{"@id":"https:\/\/aventura-excursions.com\/product\/private-boat-trip\/#primaryimage"},"thumbnailUrl":"https:\/\/aventura-excursions.com\/wp-content\/uploads\/2024\/03\/boat-_1.jpg","datePublished":"2024-03-26T15:59:13+00:00","dateModified":"2025-07-09T21:41:55+00:00","description":"Enjoy a private boat tour in Tenerife. Check reviews and prices. Snorkeling and marine animal watching. Perfect for families, friends, and couples.","breadcrumb":{"@id":"https:\/\/aventura-excursions.com\/product\/private-boat-trip\/#breadcrumb"},"inLanguage":"es","potentialAction":[{"@type":"ReadAction","target":["https:\/\/aventura-excursions.com\/product\/private-boat-trip\/"]}]},{"@type":"ImageObject","inLanguage":"es","@id":"https:\/\/aventura-excursions.com\/product\/private-boat-trip\/#primaryimage","url":"https:\/\/aventura-excursions.com\/wp-content\/uploads\/2024\/03\/boat-_1.jpg","contentUrl":"https:\/\/aventura-excursions.com\/wp-content\/uploads\/2024\/03\/boat-_1.jpg","width":800,"height":600},{"@type":"BreadcrumbList","@id":"https:\/\/aventura-excursions.com\/product\/private-boat-trip\/#breadcrumb","itemListElement":[{"@type":"ListItem","position":1,"name":"Tours","item":"https:\/\/aventura-excursions.com\/tours\/"},{"@type":"ListItem","position":2,"name":"Private Boat Trip"}]},{"@type":"WebSite","@id":"https:\/\/aventura-excursions.com\/#website","url":"https:\/\/aventura-excursions.com\/","name":"Aventura Excursions","description":"Aventura Excursions","potentialAction":[{"@type":"SearchAction","target":{"@type":"EntryPoint","urlTemplate":"https:\/\/aventura-excursions.com\/?s={search_term_string}"},"query-input":{"@type":"PropertyValueSpecification","valueRequired":true,"valueName":"search_term_string"}}],"inLanguage":"es"}]}},"_links":{"self":[{"href":"https:\/\/aventura-excursions.com\/es\/wp-json\/wp\/v2\/product\/1099","targetHints":{"allow":["GET"]}}],"collection":[{"href":"https:\/\/aventura-excursions.com\/es\/wp-json\/wp\/v2\/product"}],"about":[{"href":"https:\/\/aventura-excursions.com\/es\/wp-json\/wp\/v2\/types\/product"}],"wp:featuredmedia":[{"embeddable":true,"href":"https:\/\/aventura-excursions.com\/es\/wp-json\/wp\/v2\/media\/1686"}],"wp:attachment":[{"href":"https:\/\/aventura-excursions.com\/es\/wp-json\/wp\/v2\/media?parent=1099"}],"wp:term":[{"taxonomy":"product_brand","embeddable":true,"href":"https:\/\/aventura-excursions.com\/es\/wp-json\/wp\/v2\/product_brand?post=1099"},{"taxonomy":"product_cat","embeddable":true,"href":"https:\/\/aventura-excursions.com\/es\/wp-json\/wp\/v2\/product_cat?post=1099"},{"taxonomy":"product_tag","embeddable":true,"href":"https:\/\/aventura-excursions.com\/es\/wp-json\/wp\/v2\/product_tag?post=1099"}],"curies":[{"name":"wp","href":"https:\/\/api.w.org\/{rel}","templated":true}]}}