{"id":1111,"date":"2024-03-27T01:24:04","date_gmt":"2024-03-26T22:24:04","guid":{"rendered":"https:\/\/aventura-excursions.com\/?post_type=product&#038;p=1111"},"modified":"2024-10-22T15:20:32","modified_gmt":"2024-10-22T12:20:32","slug":"loro-park","status":"publish","type":"product","link":"https:\/\/aventura-excursions.com\/es\/producto\/loro-park\/","title":{"rendered":"Loro Parque"},"content":{"rendered":"<h3>Descripci\u00f3n<\/h3>\n<p>\nVisit one of the most famous zoos in the world!<br \/>\nLoro Park is a beautifully decorated theme park where you can have a great time with your family or friends. It offers you a full day of excitement watching animals and discovering Thai architecture and exotic plants. One of the highlights of the visit to Loro park is its shows that have brought it a world-wide fame. Orca show is number one for its popularity. People of all countries come to Tenerife to see it with their own eyes. The other 3 shows can&#8217;t be overpraised neither: sea lions, parrots and dolphins make a great impression on each visitor of their performance.<\/p>\n<p>\nRecuerda visitar <strong><em>Planet Penguin<\/em><\/strong>, a place with a real iceberg that has become a home for hundreds of penguins. It is considered to be the best representation of penguins&#8217; natural habitat in the world.<\/p>\n<p>\n<strong><em>La Gruta<\/em><\/strong> te lleva al mundo secreto de los murci\u00e9lagos. Estas criaturas nocturnas viven en una cueva recreada y totalmente insonorizada debido a su naturaleza sensible.<\/p>\n<p>\nLos visitantes m\u00e1s j\u00f3venes tambi\u00e9n pueden disfrutar de su tiempo en <strong><em>Kinderlandia<\/em><\/strong>, un lugar que se asemeja a una aldea africana donde los ni\u00f1os pueden trepar a caba\u00f1as y \u00e1rboles, balancear en puentes colgantes y jugar en la jungla.<\/p>\n<h3><\/h3>\n<h3>Puntos de inter\u00e9s<\/h3>\n<ul>\n<li>Espect\u00e1culos con animales: Orcas, Delfines, Leones Marinos, Loros.<\/li>\n<li>Planet Penguin<\/li>\n<li>M\u00e1s de 100 especies de plantas ex\u00f3ticas.<\/li>\n<li>Acuario con 12 exposiciones diferentes y t\u00fanel con tiburones.<\/li>\n<li>La mayor colecci\u00f3n de loros del mundo.<\/li>\n<\/ul>\n<h3>Detalles<\/h3>\n<p>\n<em><strong>Horario de apertura:<\/strong><\/em> 09:30 \u2013 17:30<\/p>\n<p>\n <em><strong>Ubicaci\u00f3n:<\/strong><\/em> Puerto de la Cruz (Norte de Tenerife)<\/p>\n<h3>Transporte<\/h3>\n<p>Si est\u00e1s en el Sur de Tenerife, puedes reservar un transfer que recoja a los turistas en los hoteles y vaya directamente al Loro Parque. Hay dos tipos de autobuses: transfer regular y express.<\/p>\n<p><em><strong>El express<\/strong> <\/em>para en: H10 Costa Adeje, the Duke Shop, Bahia Fa\u00f1abe Suits, CC Fa\u00f1abe Plaza, Allsun Hibiscos, Ole Tropical Playa, Best Tenerife, Columbus, Sol Tenerife, Paradise Park. Recoge pasajeros solo en 2-4 paradas y se dirige al Puerto de La Cruz. Si ves que tu hotel est\u00e1 cerca de una de estas paradas de autob\u00fas, mejor elige esta opci\u00f3n.<\/p>\n<p>El resto del Sur de Tenerife (desde Los Gigantes hasta el M\u00e9dano) se recoge mediante un <em><strong>transfer regular<\/strong><\/em> con la \u00fanica diferencia de que puede tardar m\u00e1s en recoger a todos los clientes.<\/p>\n<p>Se tarda aproximadamente 1,5 horas en llegar al Puerto de La Cruz. La hora de regreso se concretar\u00e1 en el autob\u00fas. Normalmente es alrededor de las 16:30, por lo que puedes pasar todo el d\u00eda en el Loro Parque y ver todos los espect\u00e1culos.<\/p>\n<p>Si quieres <a href=\"https:\/\/aventura-excursions.com\/es\/producto\/rent-a-car\/\"><strong>alquilar un coche<\/strong><\/a>, puedes ir al Loro Parque por tu cuenta. Hay un aparcamiento de pago junto a la entrada del parque. Ojo, que en temporada alta suele llenarse hasta las 10:00.<\/p>\n<h3>Twin ticket: dos parques con descuento<\/h3>\n<p>\u00bfQuieres visitar tanto el Loro Park como el <a href=\"https:\/\/aventura-excursions.com\/es\/producto\/siam-park\/\"><strong>Siam Park,<\/strong><\/a> uno de los parques acu\u00e1ticos m\u00e1s famosos del mundo? \u00a1Consigue un billete doble con descuento!<br \/>\n<br \/>Ver m\u00e1s informaci\u00f3n aqu\u00ed: <a href=\"https:\/\/aventura-excursions.com\/es\/producto\/twin-ticket\/\"><strong>Twin ticket<\/strong><\/a><\/p>","protected":false},"excerpt":{"rendered":"<p>A visit to this world-wide famous zoo is a captivating experience to discover its lovely animals, entertaining shows and exuberant tropical vegetation. It&#8217;s a must for anyone interested in wildlife and nature.<\/p>\n<p>Primero selecciona una de las opciones: s\u00f3lo billete o billete + traslado desde el sur de Tenerife<br \/>Luego selecciona la cantidad de adultos y ni\u00f1os (3-11 a\u00f1os).\nLa entrada para beb\u00e9s (0-2 a\u00f1os) es gratuita.<\/p>","protected":false},"featured_media":429,"template":"","meta":{"_acf_changed":false},"product_brand":[],"product_cat":[20],"product_tag":[],"class_list":{"0":"post-1111","1":"product","2":"type-product","3":"status-publish","4":"has-post-thumbnail","6":"product_cat-parks","8":"first","9":"instock","10":"shipping-taxable","11":"product-type-grouped"},"acf":[],"yoast_head":"<!-- This site is optimized with the Yoast SEO plugin v25.6 - https:\/\/yoast.com\/wordpress\/plugins\/seo\/ -->\n<title>Visit Loro Park in Tenerife - Aventura Excursions - Book Tickets Now for Best Experience!<\/title>\n<meta name=\"description\" content=\"Explore Loro Park: Check reviews, prices, and ratings. Enjoy exciting animal shows, beautiful Thai architecture, and lush tropical vegetation. Book now!\" \/>\n<meta name=\"robots\" content=\"index, follow, max-snippet:-1, max-image-preview:large, max-video-preview:-1\" \/>\n<link rel=\"canonical\" href=\"https:\/\/aventura-excursions.com\/es\/producto\/loro-park\/\" \/>\n<meta property=\"og:locale\" content=\"es_ES\" \/>\n<meta property=\"og:type\" content=\"article\" \/>\n<meta property=\"og:title\" content=\"Visit Loro Park in Tenerife - Aventura Excursions - Book Tickets Now for Best Experience!\" \/>\n<meta property=\"og:description\" content=\"Explore Loro Park: Check reviews, prices, and ratings. Enjoy exciting animal shows, beautiful Thai architecture, and lush tropical vegetation. Book now!\" \/>\n<meta property=\"og:url\" content=\"https:\/\/aventura-excursions.com\/es\/producto\/loro-park\/\" \/>\n<meta property=\"og:site_name\" content=\"Aventura Excursions\" \/>\n<meta property=\"article:modified_time\" content=\"2024-10-22T12:20:32+00:00\" \/>\n<meta property=\"og:image\" content=\"https:\/\/aventura-excursions.com\/wp-content\/uploads\/2023\/08\/poster-cabecera-min1.jpg\" \/>\n\t<meta property=\"og:image:width\" content=\"889\" \/>\n\t<meta property=\"og:image:height\" content=\"500\" \/>\n\t<meta property=\"og:image:type\" content=\"image\/jpeg\" \/>\n<meta name=\"twitter:card\" content=\"summary_large_image\" \/>\n<meta name=\"twitter:label1\" content=\"Tiempo de lectura\" \/>\n\t<meta name=\"twitter:data1\" content=\"3 minutos\" \/>\n<!-- \/ Yoast SEO plugin. -->","yoast_head_json":{"title":"Visit Loro Park in Tenerife - Aventura Excursions - Book Tickets Now for Best Experience!","description":"Explore Loro Park: Check reviews, prices, and ratings. Enjoy exciting animal shows, beautiful Thai architecture, and lush tropical vegetation. Book now!","robots":{"index":"index","follow":"follow","max-snippet":"max-snippet:-1","max-image-preview":"max-image-preview:large","max-video-preview":"max-video-preview:-1"},"canonical":"https:\/\/aventura-excursions.com\/es\/producto\/loro-park\/","og_locale":"es_ES","og_type":"article","og_title":"Visit Loro Park in Tenerife - Aventura Excursions - Book Tickets Now for Best Experience!","og_description":"Explore Loro Park: Check reviews, prices, and ratings. Enjoy exciting animal shows, beautiful Thai architecture, and lush tropical vegetation. Book now!","og_url":"https:\/\/aventura-excursions.com\/es\/producto\/loro-park\/","og_site_name":"Aventura Excursions","article_modified_time":"2024-10-22T12:20:32+00:00","og_image":[{"width":889,"height":500,"url":"https:\/\/aventura-excursions.com\/wp-content\/uploads\/2023\/08\/poster-cabecera-min1.jpg","type":"image\/jpeg"}],"twitter_card":"summary_large_image","twitter_misc":{"Tiempo de lectura":"3 minutos"},"schema":{"@context":"https:\/\/schema.org","@graph":[{"@type":"WebPage","@id":"https:\/\/aventura-excursions.com\/product\/loro-park\/","url":"https:\/\/aventura-excursions.com\/product\/loro-park\/","name":"Visit Loro Park in Tenerife - Aventura Excursions - Book Tickets Now for Best Experience!","isPartOf":{"@id":"https:\/\/aventura-excursions.com\/#website"},"primaryImageOfPage":{"@id":"https:\/\/aventura-excursions.com\/product\/loro-park\/#primaryimage"},"image":{"@id":"https:\/\/aventura-excursions.com\/product\/loro-park\/#primaryimage"},"thumbnailUrl":"https:\/\/aventura-excursions.com\/wp-content\/uploads\/2023\/08\/poster-cabecera-min1.jpg","datePublished":"2024-03-26T22:24:04+00:00","dateModified":"2024-10-22T12:20:32+00:00","description":"Explore Loro Park: Check reviews, prices, and ratings. Enjoy exciting animal shows, beautiful Thai architecture, and lush tropical vegetation. Book now!","breadcrumb":{"@id":"https:\/\/aventura-excursions.com\/product\/loro-park\/#breadcrumb"},"inLanguage":"es","potentialAction":[{"@type":"ReadAction","target":["https:\/\/aventura-excursions.com\/product\/loro-park\/"]}]},{"@type":"ImageObject","inLanguage":"es","@id":"https:\/\/aventura-excursions.com\/product\/loro-park\/#primaryimage","url":"https:\/\/aventura-excursions.com\/wp-content\/uploads\/2023\/08\/poster-cabecera-min1.jpg","contentUrl":"https:\/\/aventura-excursions.com\/wp-content\/uploads\/2023\/08\/poster-cabecera-min1.jpg","width":889,"height":500},{"@type":"BreadcrumbList","@id":"https:\/\/aventura-excursions.com\/product\/loro-park\/#breadcrumb","itemListElement":[{"@type":"ListItem","position":1,"name":"Tours","item":"https:\/\/aventura-excursions.com\/tours\/"},{"@type":"ListItem","position":2,"name":"Loro Park"}]},{"@type":"WebSite","@id":"https:\/\/aventura-excursions.com\/#website","url":"https:\/\/aventura-excursions.com\/","name":"Aventura Excursions","description":"Aventura Excursions","potentialAction":[{"@type":"SearchAction","target":{"@type":"EntryPoint","urlTemplate":"https:\/\/aventura-excursions.com\/?s={search_term_string}"},"query-input":{"@type":"PropertyValueSpecification","valueRequired":true,"valueName":"search_term_string"}}],"inLanguage":"es"}]}},"_links":{"self":[{"href":"https:\/\/aventura-excursions.com\/es\/wp-json\/wp\/v2\/product\/1111","targetHints":{"allow":["GET"]}}],"collection":[{"href":"https:\/\/aventura-excursions.com\/es\/wp-json\/wp\/v2\/product"}],"about":[{"href":"https:\/\/aventura-excursions.com\/es\/wp-json\/wp\/v2\/types\/product"}],"wp:featuredmedia":[{"embeddable":true,"href":"https:\/\/aventura-excursions.com\/es\/wp-json\/wp\/v2\/media\/429"}],"wp:attachment":[{"href":"https:\/\/aventura-excursions.com\/es\/wp-json\/wp\/v2\/media?parent=1111"}],"wp:term":[{"taxonomy":"product_brand","embeddable":true,"href":"https:\/\/aventura-excursions.com\/es\/wp-json\/wp\/v2\/product_brand?post=1111"},{"taxonomy":"product_cat","embeddable":true,"href":"https:\/\/aventura-excursions.com\/es\/wp-json\/wp\/v2\/product_cat?post=1111"},{"taxonomy":"product_tag","embeddable":true,"href":"https:\/\/aventura-excursions.com\/es\/wp-json\/wp\/v2\/product_tag?post=1111"}],"curies":[{"name":"wp","href":"https:\/\/api.w.org\/{rel}","templated":true}]}}