{"id":1113,"date":"2024-03-27T01:41:48","date_gmt":"2024-03-26T22:41:48","guid":{"rendered":"https:\/\/aventura-excursions.com\/?post_type=product&#038;p=1113"},"modified":"2025-10-19T00:04:03","modified_gmt":"2025-10-18T21:04:03","slug":"teide-masca","status":"publish","type":"product","link":"https:\/\/aventura-excursions.com\/es\/producto\/teide-masca\/","title":{"rendered":"Teide Masca"},"content":{"rendered":"<h3>Descripci\u00f3n<\/h3>\n<p>\nDescubra las vistas m\u00e1s impresionantes de Tenerife y visite los pueblos tradicionales canarios.<\/p>\n<p>First, we head to the volcano Teide, the tallest mount in Spain, and enjoy a walk in the Teide National<br \/>\nPark.<\/p>\n<p>\nLuego descendemos a la costa norte por el valle de La Orotava y visitamos Icod de Los Vinos con su legendario arbol Drago, que tiene alrededor de 800 a\u00f1os.<\/p>\n<p>\nNuestra siguiente parada es en Garachico, un peque\u00f1o y pintoresco pueblo costero que fue un importante puerto y la primera capital de Tenerife. Pero lamentablemente fue destruida dos veces por erupciones volc\u00e1nicas. Aqu\u00ed podr\u00e1s pasear por el centro hist\u00f3rico y admirar piscinas naturales formadas de lava seca. <\/p>\n<p>\nFinalmente, nos embarcamos en una experiencia m\u00e1gica en el Valle de Masca, que sol\u00eda ser escondite de piratas. Una carretera impresionante, un peque\u00f1o pueblo milagrosamente construido entre las rocas y una abundante vegetaci\u00f3n definitivamente dejar\u00e1n los recuerdos m\u00e1s fuertes de su estancia en Tenerife.<\/p>\n<p>\n<\/p>\n<h3><\/h3>\n<h3>Puntos de inter\u00e9s<\/h3>\n<ul>\n<li>Parque Nacional del Teide<\/li>\n<li>Icod de Los Vinos<\/li>\n<li>Garachico<\/li>\n<li>Valle de Masca<\/li>\n<\/ul>\n<p>\n<\/p>\n<h3>Detalles<\/h3>\n<p>\n<strong><em>Recogida:<\/em><\/strong> alrededor de las 08:00<\/p>\n<p>\n<strong><em>Duraci\u00f3n:<\/em><\/strong> 9 horas<\/p>\n<p>\n<strong><em>Incluido:<\/em><\/strong> <\/p>\n<ul>\n<li>pick up in the South from Los Gigantes to Los Cristianos and in the North from Puerto de la Cruz<\/li>\n<li>gu\u00eda profesional<\/li>\n<\/ul>\n<p>\n<br \/><strong><em>No incluido:<\/em><\/strong> almuerzo (habr\u00e1 una parada en un restaurante tradicional) <\/p>\n<p>\n<br \/>\n<strong><em>Nota:<\/em><\/strong> El horario que aparece en esta p\u00e1gina se aplica exclusivamente a las visitas realizadas en ingl\u00e9s y espa\u00f1ol.<\/p>\n<p>\nPara visitas en otros idiomas, o si desea que le recojamos en una zona que no figura en la lista, p\u00f3ngase en contacto con nosotros por correo electr\u00f3nico en info@aventura-excursions.com <a href=\"mailto:info@aventura-excursions.com\" target=\"ask__mail\">info@aventura-excursions.com<\/a> o por tel\u00e9fono en <a href=\"tel: 34647676812\" target=\"_blank\">+34 647 67 68 12<\/a>. Nuestro equipo estar\u00e1 encantado de ayudarle.<\/p>","protected":false},"excerpt":{"rendered":"<div>\nThe Teide Masca tour reveals breathtaking views of Mount Teide, the volcanic landscape, and the charming village of Masca, nestled amidst dramatic cliffs and known as a great example of traditional Canarian life. It is one of the &#8220;musts&#8221; of Tenerife and a memorable experience for the whole family not to be missed.<\/p>\n<p>\nEn primer lugar, elige si est\u00e1s en el Sur (recogida disponible desde Los Gigantes hasta Los Cristianos) o en Puerto de la Cruz. Selecciona el n\u00famero de adultos, ni\u00f1os (2-11 a\u00f1os) y beb\u00e9s (0-1 a\u00f1o) y, a continuaci\u00f3n, la fecha del viaje.\n<\/div>","protected":false},"featured_media":432,"template":"","meta":{"_acf_changed":false},"product_brand":[],"product_cat":[19],"product_tag":[],"class_list":{"0":"post-1113","1":"product","2":"type-product","3":"status-publish","4":"has-post-thumbnail","6":"product_cat-bus-excursions","8":"first","9":"instock","10":"sale","11":"shipping-taxable","12":"product-type-grouped"},"acf":[],"yoast_head":"<!-- This site is optimized with the Yoast SEO plugin v25.6 - https:\/\/yoast.com\/wordpress\/plugins\/seo\/ -->\n<title>Teide Masca Tours in Tenerife - Aventura Excursions - Book Now for Unforgettable Views!<\/title>\n<meta name=\"description\" content=\"Explore Teide Masca tours in Tenerife. Check reviews, prices, ratings. Discover stunning landscapes, traditional villages, and volcanic scenery with family\" \/>\n<meta name=\"robots\" content=\"index, follow, max-snippet:-1, max-image-preview:large, max-video-preview:-1\" \/>\n<link rel=\"canonical\" href=\"https:\/\/aventura-excursions.com\/es\/producto\/teide-masca\/\" \/>\n<meta property=\"og:locale\" content=\"es_ES\" \/>\n<meta property=\"og:type\" content=\"article\" \/>\n<meta property=\"og:title\" content=\"Teide Masca Tours in Tenerife - Aventura Excursions - Book Now for Unforgettable Views!\" \/>\n<meta property=\"og:description\" content=\"Explore Teide Masca tours in Tenerife. Check reviews, prices, ratings. Discover stunning landscapes, traditional villages, and volcanic scenery with family\" \/>\n<meta property=\"og:url\" content=\"https:\/\/aventura-excursions.com\/es\/producto\/teide-masca\/\" \/>\n<meta property=\"og:site_name\" content=\"Aventura Excursions\" \/>\n<meta property=\"article:modified_time\" content=\"2025-10-18T21:04:03+00:00\" \/>\n<meta property=\"og:image\" content=\"https:\/\/aventura-excursions.com\/wp-content\/uploads\/2024\/02\/el-parque-nacional-del-teide-floracion-del-tajinaste-t.jpg.webp\" \/>\n\t<meta property=\"og:image:width\" content=\"680\" \/>\n\t<meta property=\"og:image:height\" content=\"408\" \/>\n\t<meta property=\"og:image:type\" content=\"image\/webp\" \/>\n<meta name=\"twitter:card\" content=\"summary_large_image\" \/>\n<meta name=\"twitter:label1\" content=\"Tiempo de lectura\" \/>\n\t<meta name=\"twitter:data1\" content=\"2 minutos\" \/>\n<!-- \/ Yoast SEO plugin. -->","yoast_head_json":{"title":"Teide Masca Tours in Tenerife - Aventura Excursions - Book Now for Unforgettable Views!","description":"Explore Teide Masca tours in Tenerife. Check reviews, prices, ratings. Discover stunning landscapes, traditional villages, and volcanic scenery with family","robots":{"index":"index","follow":"follow","max-snippet":"max-snippet:-1","max-image-preview":"max-image-preview:large","max-video-preview":"max-video-preview:-1"},"canonical":"https:\/\/aventura-excursions.com\/es\/producto\/teide-masca\/","og_locale":"es_ES","og_type":"article","og_title":"Teide Masca Tours in Tenerife - Aventura Excursions - Book Now for Unforgettable Views!","og_description":"Explore Teide Masca tours in Tenerife. Check reviews, prices, ratings. Discover stunning landscapes, traditional villages, and volcanic scenery with family","og_url":"https:\/\/aventura-excursions.com\/es\/producto\/teide-masca\/","og_site_name":"Aventura Excursions","article_modified_time":"2025-10-18T21:04:03+00:00","og_image":[{"width":680,"height":408,"url":"https:\/\/aventura-excursions.com\/wp-content\/uploads\/2024\/02\/el-parque-nacional-del-teide-floracion-del-tajinaste-t.jpg.webp","type":"image\/webp"}],"twitter_card":"summary_large_image","twitter_misc":{"Tiempo de lectura":"2 minutos"},"schema":{"@context":"https:\/\/schema.org","@graph":[{"@type":"WebPage","@id":"https:\/\/aventura-excursions.com\/product\/teide-masca\/","url":"https:\/\/aventura-excursions.com\/product\/teide-masca\/","name":"Teide Masca Tours in Tenerife - Aventura Excursions - Book Now for Unforgettable Views!","isPartOf":{"@id":"https:\/\/aventura-excursions.com\/#website"},"primaryImageOfPage":{"@id":"https:\/\/aventura-excursions.com\/product\/teide-masca\/#primaryimage"},"image":{"@id":"https:\/\/aventura-excursions.com\/product\/teide-masca\/#primaryimage"},"thumbnailUrl":"https:\/\/aventura-excursions.com\/wp-content\/uploads\/2024\/02\/el-parque-nacional-del-teide-floracion-del-tajinaste-t.jpg.webp","datePublished":"2024-03-26T22:41:48+00:00","dateModified":"2025-10-18T21:04:03+00:00","description":"Explore Teide Masca tours in Tenerife. Check reviews, prices, ratings. Discover stunning landscapes, traditional villages, and volcanic scenery with family","breadcrumb":{"@id":"https:\/\/aventura-excursions.com\/product\/teide-masca\/#breadcrumb"},"inLanguage":"es","potentialAction":[{"@type":"ReadAction","target":["https:\/\/aventura-excursions.com\/product\/teide-masca\/"]}]},{"@type":"ImageObject","inLanguage":"es","@id":"https:\/\/aventura-excursions.com\/product\/teide-masca\/#primaryimage","url":"https:\/\/aventura-excursions.com\/wp-content\/uploads\/2024\/02\/el-parque-nacional-del-teide-floracion-del-tajinaste-t.jpg.webp","contentUrl":"https:\/\/aventura-excursions.com\/wp-content\/uploads\/2024\/02\/el-parque-nacional-del-teide-floracion-del-tajinaste-t.jpg.webp","width":680,"height":408},{"@type":"BreadcrumbList","@id":"https:\/\/aventura-excursions.com\/product\/teide-masca\/#breadcrumb","itemListElement":[{"@type":"ListItem","position":1,"name":"Tours","item":"https:\/\/aventura-excursions.com\/tours\/"},{"@type":"ListItem","position":2,"name":"Teide Masca"}]},{"@type":"WebSite","@id":"https:\/\/aventura-excursions.com\/#website","url":"https:\/\/aventura-excursions.com\/","name":"Aventura Excursions","description":"Aventura Excursions","potentialAction":[{"@type":"SearchAction","target":{"@type":"EntryPoint","urlTemplate":"https:\/\/aventura-excursions.com\/?s={search_term_string}"},"query-input":{"@type":"PropertyValueSpecification","valueRequired":true,"valueName":"search_term_string"}}],"inLanguage":"es"}]}},"_links":{"self":[{"href":"https:\/\/aventura-excursions.com\/es\/wp-json\/wp\/v2\/product\/1113","targetHints":{"allow":["GET"]}}],"collection":[{"href":"https:\/\/aventura-excursions.com\/es\/wp-json\/wp\/v2\/product"}],"about":[{"href":"https:\/\/aventura-excursions.com\/es\/wp-json\/wp\/v2\/types\/product"}],"wp:featuredmedia":[{"embeddable":true,"href":"https:\/\/aventura-excursions.com\/es\/wp-json\/wp\/v2\/media\/432"}],"wp:attachment":[{"href":"https:\/\/aventura-excursions.com\/es\/wp-json\/wp\/v2\/media?parent=1113"}],"wp:term":[{"taxonomy":"product_brand","embeddable":true,"href":"https:\/\/aventura-excursions.com\/es\/wp-json\/wp\/v2\/product_brand?post=1113"},{"taxonomy":"product_cat","embeddable":true,"href":"https:\/\/aventura-excursions.com\/es\/wp-json\/wp\/v2\/product_cat?post=1113"},{"taxonomy":"product_tag","embeddable":true,"href":"https:\/\/aventura-excursions.com\/es\/wp-json\/wp\/v2\/product_tag?post=1113"}],"curies":[{"name":"wp","href":"https:\/\/api.w.org\/{rel}","templated":true}]}}