{"id":1153,"date":"2024-03-30T23:16:04","date_gmt":"2024-03-30T20:16:04","guid":{"rendered":"https:\/\/aventura-excursions.com\/?post_type=product&#038;p=1153"},"modified":"2024-05-28T18:56:09","modified_gmt":"2024-05-28T15:56:09","slug":"kayaking-snorkeling","status":"publish","type":"product","link":"https:\/\/aventura-excursions.com\/es\/producto\/kayaking-snorkeling\/","title":{"rendered":"Kayaking &#038; Snorkeling"},"content":{"rendered":"<h3>Descripci\u00f3n<\/h3>\n<p>\nDescubre la emoci\u00f3n del kayak en Tenerife, donde te esperan aguas cristalinas, espectaculares costas volc\u00e1nicas y una impresionante vida marina. El recorrido comienza en la playa de Rays Bay en Los Cristianos y se dirige hacia los majestuosos acantilados de Palm Mar. All\u00ed paramos durante media hora para hacer snorkel en el lugar donde viven preciosas tortugas canarias. Tendremos una gran oportunidad de observar el mundo submarino y conocer una variedad de vida marina. Si tenemos suerte, tambi\u00e9n nos encontraremos con delfines en el camino de regreso a Los Cristianos.<\/p>\n<p>Hacer kayak es una buena manera de pasar un d\u00eda en familia, descubriendo la diversi\u00f3n de este maravilloso deporte y la belleza de Tenerife. Tambi\u00e9n es una experiencia \u00fatil para los ni\u00f1os, ya que aprenden sobre la vida marina y el oc\u00e9ano.<\/p>\n<p>\n<\/p>\n<h3>Puntos de inter\u00e9s<\/h3>\n<ul>\n<li>Tortugas y delfines<\/li>\n<li>Espectaculares vistas al mar<\/li>\n<li>Equipo experto<\/li>\n<li>Snorkel guiado por un instructor experimentado<\/li>\n<\/ul>\n<p>\n<\/p>\n<h3>Detalles<\/h3>\n<p>\nDos tipos de tours: solo kayak (sin snorkel) y kayak + snorkel<br \/>\nPunto de partida: Los Cristianos<br \/>\nHora de inicio: 10:00, 12:30, 14:00<br \/>\nDuraci\u00f3n: 2 horas en el agua \/ 3 horas en total<br \/>\nCapacidad m\u00e1xima de un kayak: 2 adultos y 2 ni\u00f1os<br \/>\nTraje de neopreno, escarpines, chaleco salvavidas, kit de snorkel incluido<br \/>\nComida no incluida<\/p>\n<p>\n<\/p>\n<h3>Recogida<\/h3>\n<p>\nRecogida en el Sur de Tenerife: 2 euros por persona<br \/>\n<br \/>En el Oeste de Tenerife 15 euros por coche (ida y vuelta, hasta 8 personas): Puerto Santiago, Playa la Arena, Alcal\u00e1 y Playa San Juan.<\/p>\n<p>\n<\/p>\n<h3>Paquete con descuento: Para Familias Con Ni\u00f1os <\/h3>\n<p>\nBook a kayak tour together with a boat trip and Twin ticket to Loro and Siam parks and get a special discount for the package. It&#8217;s a perfect combination to spend your vacations in Tenerife with your family. Read more information here: <a href=\"https:\/\/aventura-excursions.com\/es\/producto\/for-families-with-kids\/\"><strong><em>Para familias con ni\u00f1os<\/em><\/strong><\/a><\/p>","protected":false},"excerpt":{"rendered":"<div>\nJoin us for an unforgettable kayak tour along the island&#8217;s breathtaking coastline, where you might even spot dolphins and sea turtles.<\/p>\n<p>Elige un tour en kayak con o sin snorkel, el n\u00famero de adultos y ni\u00f1os (6-10 a\u00f1os) y la fecha. Por favor, elige el transporte si necesitas que te recojan.\n<\/div>","protected":false},"featured_media":1156,"template":"","meta":{"_acf_changed":false},"product_brand":[],"product_cat":[21],"product_tag":[124,128,127,130,122,125,129,123,126],"class_list":{"0":"post-1153","1":"product","2":"type-product","3":"status-publish","4":"has-post-thumbnail","6":"product_cat-activities","7":"product_tag-canoe-tenerife","8":"product_tag-kayak-excursion-tenerife","9":"product_tag-kayak-palmmar","10":"product_tag-kayak-school-los-cristianos","11":"product_tag-kayak-tenerife","12":"product_tag-kayak-tours-los-cristianos","13":"product_tag-kayak-with-kids-tenerife","14":"product_tag-kayaking-tenerife","15":"product_tag-snorkeling-with-turtles","17":"first","18":"instock","19":"sale","20":"shipping-taxable","21":"product-type-grouped"},"acf":[],"yoast_head":"<!-- This site is optimized with the Yoast SEO plugin v25.6 - https:\/\/yoast.com\/wordpress\/plugins\/seo\/ -->\n<title>Kayaking &amp; Snorkeling in Tenerife - Aventura Excursions | Book Your Adventure Today!<\/title>\n<meta name=\"description\" content=\"Join our Kayaking &amp; Snorkeling tour in Tenerife! Check reviews, prices, and ratings. Spot dolphins and turtles. Book now for an unforgettable experience!\" \/>\n<meta name=\"robots\" content=\"index, follow, max-snippet:-1, max-image-preview:large, max-video-preview:-1\" \/>\n<link rel=\"canonical\" href=\"https:\/\/aventura-excursions.com\/es\/producto\/kayaking-snorkeling\/\" \/>\n<meta property=\"og:locale\" content=\"es_ES\" \/>\n<meta property=\"og:type\" content=\"article\" \/>\n<meta property=\"og:title\" content=\"Kayaking &amp; Snorkeling in Tenerife - Aventura Excursions | Book Your Adventure Today!\" \/>\n<meta property=\"og:description\" content=\"Join our Kayaking &amp; Snorkeling tour in Tenerife! Check reviews, prices, and ratings. Spot dolphins and turtles. Book now for an unforgettable experience!\" \/>\n<meta property=\"og:url\" content=\"https:\/\/aventura-excursions.com\/es\/producto\/kayaking-snorkeling\/\" \/>\n<meta property=\"og:site_name\" content=\"Aventura Excursions\" \/>\n<meta property=\"article:modified_time\" content=\"2024-05-28T15:56:09+00:00\" \/>\n<meta property=\"og:image\" content=\"https:\/\/aventura-excursions.com\/wp-content\/uploads\/2024\/03\/1T0A0418.jpg\" \/>\n\t<meta property=\"og:image:width\" content=\"960\" \/>\n\t<meta property=\"og:image:height\" content=\"640\" \/>\n\t<meta property=\"og:image:type\" content=\"image\/jpeg\" \/>\n<meta name=\"twitter:card\" content=\"summary_large_image\" \/>\n<meta name=\"twitter:label1\" content=\"Tiempo de lectura\" \/>\n\t<meta name=\"twitter:data1\" content=\"2 minutos\" \/>\n<!-- \/ Yoast SEO plugin. -->","yoast_head_json":{"title":"Kayaking & Snorkeling in Tenerife - Aventura Excursions | Book Your Adventure Today!","description":"Join our Kayaking & Snorkeling tour in Tenerife! Check reviews, prices, and ratings. Spot dolphins and turtles. Book now for an unforgettable experience!","robots":{"index":"index","follow":"follow","max-snippet":"max-snippet:-1","max-image-preview":"max-image-preview:large","max-video-preview":"max-video-preview:-1"},"canonical":"https:\/\/aventura-excursions.com\/es\/producto\/kayaking-snorkeling\/","og_locale":"es_ES","og_type":"article","og_title":"Kayaking & Snorkeling in Tenerife - Aventura Excursions | Book Your Adventure Today!","og_description":"Join our Kayaking & Snorkeling tour in Tenerife! Check reviews, prices, and ratings. Spot dolphins and turtles. Book now for an unforgettable experience!","og_url":"https:\/\/aventura-excursions.com\/es\/producto\/kayaking-snorkeling\/","og_site_name":"Aventura Excursions","article_modified_time":"2024-05-28T15:56:09+00:00","og_image":[{"width":960,"height":640,"url":"https:\/\/aventura-excursions.com\/wp-content\/uploads\/2024\/03\/1T0A0418.jpg","type":"image\/jpeg"}],"twitter_card":"summary_large_image","twitter_misc":{"Tiempo de lectura":"2 minutos"},"schema":{"@context":"https:\/\/schema.org","@graph":[{"@type":"WebPage","@id":"https:\/\/aventura-excursions.com\/product\/kayaking-snorkeling\/","url":"https:\/\/aventura-excursions.com\/product\/kayaking-snorkeling\/","name":"Kayaking & Snorkeling in Tenerife - Aventura Excursions | Book Your Adventure Today!","isPartOf":{"@id":"https:\/\/aventura-excursions.com\/#website"},"primaryImageOfPage":{"@id":"https:\/\/aventura-excursions.com\/product\/kayaking-snorkeling\/#primaryimage"},"image":{"@id":"https:\/\/aventura-excursions.com\/product\/kayaking-snorkeling\/#primaryimage"},"thumbnailUrl":"https:\/\/aventura-excursions.com\/wp-content\/uploads\/2024\/03\/1T0A0418.jpg","datePublished":"2024-03-30T20:16:04+00:00","dateModified":"2024-05-28T15:56:09+00:00","description":"Join our Kayaking & Snorkeling tour in Tenerife! Check reviews, prices, and ratings. Spot dolphins and turtles. Book now for an unforgettable experience!","breadcrumb":{"@id":"https:\/\/aventura-excursions.com\/product\/kayaking-snorkeling\/#breadcrumb"},"inLanguage":"es","potentialAction":[{"@type":"ReadAction","target":["https:\/\/aventura-excursions.com\/product\/kayaking-snorkeling\/"]}]},{"@type":"ImageObject","inLanguage":"es","@id":"https:\/\/aventura-excursions.com\/product\/kayaking-snorkeling\/#primaryimage","url":"https:\/\/aventura-excursions.com\/wp-content\/uploads\/2024\/03\/1T0A0418.jpg","contentUrl":"https:\/\/aventura-excursions.com\/wp-content\/uploads\/2024\/03\/1T0A0418.jpg","width":960,"height":640},{"@type":"BreadcrumbList","@id":"https:\/\/aventura-excursions.com\/product\/kayaking-snorkeling\/#breadcrumb","itemListElement":[{"@type":"ListItem","position":1,"name":"Tours","item":"https:\/\/aventura-excursions.com\/tours\/"},{"@type":"ListItem","position":2,"name":"Kayaking &#038; Snorkeling"}]},{"@type":"WebSite","@id":"https:\/\/aventura-excursions.com\/#website","url":"https:\/\/aventura-excursions.com\/","name":"Aventura Excursions","description":"Aventura Excursions","potentialAction":[{"@type":"SearchAction","target":{"@type":"EntryPoint","urlTemplate":"https:\/\/aventura-excursions.com\/?s={search_term_string}"},"query-input":{"@type":"PropertyValueSpecification","valueRequired":true,"valueName":"search_term_string"}}],"inLanguage":"es"}]}},"_links":{"self":[{"href":"https:\/\/aventura-excursions.com\/es\/wp-json\/wp\/v2\/product\/1153","targetHints":{"allow":["GET"]}}],"collection":[{"href":"https:\/\/aventura-excursions.com\/es\/wp-json\/wp\/v2\/product"}],"about":[{"href":"https:\/\/aventura-excursions.com\/es\/wp-json\/wp\/v2\/types\/product"}],"wp:featuredmedia":[{"embeddable":true,"href":"https:\/\/aventura-excursions.com\/es\/wp-json\/wp\/v2\/media\/1156"}],"wp:attachment":[{"href":"https:\/\/aventura-excursions.com\/es\/wp-json\/wp\/v2\/media?parent=1153"}],"wp:term":[{"taxonomy":"product_brand","embeddable":true,"href":"https:\/\/aventura-excursions.com\/es\/wp-json\/wp\/v2\/product_brand?post=1153"},{"taxonomy":"product_cat","embeddable":true,"href":"https:\/\/aventura-excursions.com\/es\/wp-json\/wp\/v2\/product_cat?post=1153"},{"taxonomy":"product_tag","embeddable":true,"href":"https:\/\/aventura-excursions.com\/es\/wp-json\/wp\/v2\/product_tag?post=1153"}],"curies":[{"name":"wp","href":"https:\/\/api.w.org\/{rel}","templated":true}]}}