{"id":1166,"date":"2024-03-31T02:04:40","date_gmt":"2024-03-30T23:04:40","guid":{"rendered":"https:\/\/aventura-excursions.com\/?post_type=product&#038;p=1166"},"modified":"2024-05-29T16:52:10","modified_gmt":"2024-05-29T13:52:10","slug":"stand-up-paddle","status":"publish","type":"product","link":"https:\/\/aventura-excursions.com\/es\/producto\/stand-up-paddle\/","title":{"rendered":"Paddle Surf"},"content":{"rendered":"<h3>Descripci\u00f3n<\/h3>\n<p>\n\u00a1Bienvenido a una nueva era de deportes acu\u00e1ticos con Paddle Surf! Te ofrecemos una aventura \u00fanica en la costa de Los Cristianos. Este apasionante deporte se ha ganado los corazones de personas de todo el mundo y ahora tienes la oportunidad de unirte a nosotros en este apasionante viaje. El paddle surf se puede practicar de pie, arrodillado o sentado. Durante el viaje en paddleboard, observamos la hermosa costa de Tenerife.<\/p>\n<p>\nUna clase de SUP tiene una duraci\u00f3n de 2 horas: una hora con un instructor que te ense\u00f1a t\u00e9cnicas de remo, y una hora de tiempo libre durante la cual practicas tus nuevas habilidades y disfrutas de las hermosas vistas al mismo tiempo. Se ofrece un descuento especial para parejas. Los surfistas avanzados o los invitados que hayan completado nuestra formaci\u00f3n pueden alquilar una tabla.<\/p>\n<p>\n<\/p>\n<h3>Puntos de inter\u00e9s<\/h3>\n<ul>\n<li>Para todos los niveles<\/li>\n<li>Uno de los mejores lugares para practicar SUP<\/li>\n<li>Espectaculares vistas al mar<\/li>\n<\/ul>\n<p>\n<\/p>\n<h3>Detalles<\/h3>\n<p>\nPunto de partida: Los Cristianos<br \/>\nHora de inicio: 10:00, 12:30, 15:00<br \/>\nDuraci\u00f3n: 2 horas<br \/>\nOpciones: lecciones para principiantes y alquiler de la tabla para paddlers seguros<\/p>\n<p>\n<\/p>\n<h3>Transporte<\/h3>\n<p>\nLa recogida en el Sur de Tenerife cuesta 2 euros por persona: desde Callao Salvaje hasta el M\u00e9dano.<br \/>\nRecogida en Puerto Santiago, Playa la Arena: 15 euros por el coche (m\u00e1ximo 8 pax). <\/p>","protected":false},"excerpt":{"rendered":"<div>\nEsta emocionante aventura en las bah\u00edas de Los Cristianos ha capturado los corazones de muchos hu\u00e9spedes de la isla. Y ahora tienes la oportunidad de unirte a una clase de SUP con nosotros. \u00bfNo tienes experiencia? \u00a1Ning\u00fan problema! Nuestros instructores expertos brindan orientaci\u00f3n f\u00e1cil de seguir, lo que garantiza que te sientas seguro y c\u00f3modo en el agua.<\/p>\n<p>\n<br \/>\nSi no tienes experiencia o tienes poca experiencia, elige una lecci\u00f3n para 1 o 2 personas.<br \/>\nSi eres avanzado en SUP y te sientes seguro en el oc\u00e9ano, puedes optar por el alquiler de la tabla durante 2 horas.\n<\/div>","protected":false},"featured_media":1171,"template":"","meta":{"_acf_changed":false},"product_brand":[],"product_cat":[21],"product_tag":[],"class_list":{"0":"post-1166","1":"product","2":"type-product","3":"status-publish","4":"has-post-thumbnail","6":"product_cat-activities","8":"first","9":"instock","10":"sale","11":"shipping-taxable","12":"product-type-grouped"},"acf":[],"yoast_head":"<!-- This site is optimized with the Yoast SEO plugin v25.6 - https:\/\/yoast.com\/wordpress\/plugins\/seo\/ -->\n<title>Stand Up Paddle in Tenerife - Aventura Excursions Book Your SUP Adventure Today!<\/title>\n<meta name=\"description\" content=\"Join our Stand Up Paddle tours in Tenerife. Check reviews, prices, and ratings for the best SUP lessons and rentals. Perfect for all skill levels.\" \/>\n<meta name=\"robots\" content=\"index, follow, max-snippet:-1, max-image-preview:large, max-video-preview:-1\" \/>\n<link rel=\"canonical\" href=\"https:\/\/aventura-excursions.com\/es\/producto\/stand-up-paddle\/\" \/>\n<meta property=\"og:locale\" content=\"es_ES\" \/>\n<meta property=\"og:type\" content=\"article\" \/>\n<meta property=\"og:title\" content=\"Stand Up Paddle in Tenerife - Aventura Excursions Book Your SUP Adventure Today!\" \/>\n<meta property=\"og:description\" content=\"Join our Stand Up Paddle tours in Tenerife. Check reviews, prices, and ratings for the best SUP lessons and rentals. Perfect for all skill levels.\" \/>\n<meta property=\"og:url\" content=\"https:\/\/aventura-excursions.com\/es\/producto\/stand-up-paddle\/\" \/>\n<meta property=\"og:site_name\" content=\"Aventura Excursions\" \/>\n<meta property=\"article:modified_time\" content=\"2024-05-29T13:52:10+00:00\" \/>\n<meta property=\"og:image\" content=\"https:\/\/aventura-excursions.com\/wp-content\/uploads\/2024\/03\/IMG_221577.jpg\" \/>\n\t<meta property=\"og:image:width\" content=\"930\" \/>\n\t<meta property=\"og:image:height\" content=\"692\" \/>\n\t<meta property=\"og:image:type\" content=\"image\/jpeg\" \/>\n<meta name=\"twitter:card\" content=\"summary_large_image\" \/>\n<meta name=\"twitter:label1\" content=\"Tiempo de lectura\" \/>\n\t<meta name=\"twitter:data1\" content=\"2 minutos\" \/>\n<!-- \/ Yoast SEO plugin. -->","yoast_head_json":{"title":"Stand Up Paddle in Tenerife - Aventura Excursions Book Your SUP Adventure Today!","description":"Join our Stand Up Paddle tours in Tenerife. Check reviews, prices, and ratings for the best SUP lessons and rentals. Perfect for all skill levels.","robots":{"index":"index","follow":"follow","max-snippet":"max-snippet:-1","max-image-preview":"max-image-preview:large","max-video-preview":"max-video-preview:-1"},"canonical":"https:\/\/aventura-excursions.com\/es\/producto\/stand-up-paddle\/","og_locale":"es_ES","og_type":"article","og_title":"Stand Up Paddle in Tenerife - Aventura Excursions Book Your SUP Adventure Today!","og_description":"Join our Stand Up Paddle tours in Tenerife. Check reviews, prices, and ratings for the best SUP lessons and rentals. Perfect for all skill levels.","og_url":"https:\/\/aventura-excursions.com\/es\/producto\/stand-up-paddle\/","og_site_name":"Aventura Excursions","article_modified_time":"2024-05-29T13:52:10+00:00","og_image":[{"width":930,"height":692,"url":"https:\/\/aventura-excursions.com\/wp-content\/uploads\/2024\/03\/IMG_221577.jpg","type":"image\/jpeg"}],"twitter_card":"summary_large_image","twitter_misc":{"Tiempo de lectura":"2 minutos"},"schema":{"@context":"https:\/\/schema.org","@graph":[{"@type":"WebPage","@id":"https:\/\/aventura-excursions.com\/product\/stand-up-paddle\/","url":"https:\/\/aventura-excursions.com\/product\/stand-up-paddle\/","name":"Stand Up Paddle in Tenerife - Aventura Excursions Book Your SUP Adventure Today!","isPartOf":{"@id":"https:\/\/aventura-excursions.com\/#website"},"primaryImageOfPage":{"@id":"https:\/\/aventura-excursions.com\/product\/stand-up-paddle\/#primaryimage"},"image":{"@id":"https:\/\/aventura-excursions.com\/product\/stand-up-paddle\/#primaryimage"},"thumbnailUrl":"https:\/\/aventura-excursions.com\/wp-content\/uploads\/2024\/03\/IMG_221577.jpg","datePublished":"2024-03-30T23:04:40+00:00","dateModified":"2024-05-29T13:52:10+00:00","description":"Join our Stand Up Paddle tours in Tenerife. Check reviews, prices, and ratings for the best SUP lessons and rentals. Perfect for all skill levels.","breadcrumb":{"@id":"https:\/\/aventura-excursions.com\/product\/stand-up-paddle\/#breadcrumb"},"inLanguage":"es","potentialAction":[{"@type":"ReadAction","target":["https:\/\/aventura-excursions.com\/product\/stand-up-paddle\/"]}]},{"@type":"ImageObject","inLanguage":"es","@id":"https:\/\/aventura-excursions.com\/product\/stand-up-paddle\/#primaryimage","url":"https:\/\/aventura-excursions.com\/wp-content\/uploads\/2024\/03\/IMG_221577.jpg","contentUrl":"https:\/\/aventura-excursions.com\/wp-content\/uploads\/2024\/03\/IMG_221577.jpg","width":930,"height":692},{"@type":"BreadcrumbList","@id":"https:\/\/aventura-excursions.com\/product\/stand-up-paddle\/#breadcrumb","itemListElement":[{"@type":"ListItem","position":1,"name":"Tours","item":"https:\/\/aventura-excursions.com\/tours\/"},{"@type":"ListItem","position":2,"name":"Stand Up Paddle"}]},{"@type":"WebSite","@id":"https:\/\/aventura-excursions.com\/#website","url":"https:\/\/aventura-excursions.com\/","name":"Aventura Excursions","description":"Aventura Excursions","potentialAction":[{"@type":"SearchAction","target":{"@type":"EntryPoint","urlTemplate":"https:\/\/aventura-excursions.com\/?s={search_term_string}"},"query-input":{"@type":"PropertyValueSpecification","valueRequired":true,"valueName":"search_term_string"}}],"inLanguage":"es"}]}},"_links":{"self":[{"href":"https:\/\/aventura-excursions.com\/es\/wp-json\/wp\/v2\/product\/1166","targetHints":{"allow":["GET"]}}],"collection":[{"href":"https:\/\/aventura-excursions.com\/es\/wp-json\/wp\/v2\/product"}],"about":[{"href":"https:\/\/aventura-excursions.com\/es\/wp-json\/wp\/v2\/types\/product"}],"wp:featuredmedia":[{"embeddable":true,"href":"https:\/\/aventura-excursions.com\/es\/wp-json\/wp\/v2\/media\/1171"}],"wp:attachment":[{"href":"https:\/\/aventura-excursions.com\/es\/wp-json\/wp\/v2\/media?parent=1166"}],"wp:term":[{"taxonomy":"product_brand","embeddable":true,"href":"https:\/\/aventura-excursions.com\/es\/wp-json\/wp\/v2\/product_brand?post=1166"},{"taxonomy":"product_cat","embeddable":true,"href":"https:\/\/aventura-excursions.com\/es\/wp-json\/wp\/v2\/product_cat?post=1166"},{"taxonomy":"product_tag","embeddable":true,"href":"https:\/\/aventura-excursions.com\/es\/wp-json\/wp\/v2\/product_tag?post=1166"}],"curies":[{"name":"wp","href":"https:\/\/api.w.org\/{rel}","templated":true}]}}