{"id":1210,"date":"2024-04-01T17:01:05","date_gmt":"2024-04-01T14:01:05","guid":{"rendered":"https:\/\/aventura-excursions.com\/?post_type=product&#038;p=1210"},"modified":"2024-07-24T16:30:11","modified_gmt":"2024-07-24T13:30:11","slug":"diving-courses","status":"publish","type":"product","link":"https:\/\/aventura-excursions.com\/es\/producto\/diving-courses\/","title":{"rendered":"Cursos de Buceo"},"content":{"rendered":"<div>\n<p><h3>Descripci\u00f3n<\/h3>\n<p>\nNuestra escuela de submarinismo trabaja con las federaciones de buceo m\u00e1s grandes y conocidas, PADI y SSI. Al completar un curso con nosotros, recibir\u00e1s un certificado que ser\u00e1 f\u00e1cilmente reconocido en cualquier centro de buceo del mundo, donde sea que elijas bucear. Un curso de buceo es una aventura apasionante que te ayudar\u00e1 a abrir la puerta a otro mundo.<\/p>\n<p><\/p>\n<h3>Puntos de inter\u00e9s<\/h3>\n<ul>\n<li>Cursos y especialidades hasta Divemaster<\/li>\n<li>Instructores profesionales<\/li>\n<li>Elearning y formaci\u00f3n pr\u00e1ctica<\/li>\n<li>Equipamiento moderno y bien mantenido<\/li>\n<\/ul>\n<p><\/p>\n<h3>Detalles<\/h3>\n<p>\nUbicaci\u00f3n: Los Cristianos \/ Puerto Col\u00f3n<br \/>\nHora de inicio: 09:00<br \/>\nEquipo, seguro, certificaci\u00f3n incluida<br \/>\nCursos SSI y PADI<\/p>\n<p>\nLa recogida en el Sur de Tenerife cuesta 2 euros por persona: desde Callao Salvaje hasta el M\u00e9dano.<br \/>\nRecogida en Puerto Santiago, Playa la Arena: 15 euros por el coche (m\u00e1ximo 8 pax).<\/p>\n<p><\/p>\n<h3>Open Water Diver<\/h3>\n<p>\nEste curso es el primer paso y el curso de buceo m\u00e1s famoso del mundo. El certificado OWD te permite bucear con un compa\u00f1ero a profundidades de hasta 18 metros en cualquier parte del mundo. El curso se desarrolla durante 2 d\u00edas y consta de 3 partes:<\/p>\n<p>\n&#8211; Theory (elearning): you will learn the equipment, safety basics and basic rules on how to move underwater. You can comfortably complete this part at home a few days before the course starts, from your computer.<\/p>\n<p>\n&#8211; Underwater and surface exercises: these exercises will help you to feel confident underwater and to cope with the different types of problems that can occur during a dive.<\/p>\n<p>\n&#8211; Once we have finished the exercises, we will make 4 dives, during which we will continue to practice everything we have learned before.<\/p>\n<p class=\" translation-block\"><strong>Duraci\u00f3n:<\/strong> 2-3 d\u00edas<br>\n<strong>Requisitos:<\/strong> no hay<br>\n<strong>Edad m\u00ednima:<\/strong> 10 a\u00f1os<\/p>\n<p><\/p>\n<h3>Scuba Diver<\/h3>\n<p>\nIf you don&#8217;t have enough time to complete the full Open Water course, you can opt for the PADI\/SSI Scuba Diver course, which is a shortened version of the OWD course and only takes 1 day. You can then upgrade your license to Open Water Diver at any PADI dive center in the world. The Scuba Diver license allows you to dive to depths of up to 12 meters.<\/p>\n<p>\n<strong>Duraci\u00f3n:<\/strong> 1-2 d\u00edas<br \/>\n<strong>Requisitos:<\/strong> no hay<br \/>\n<strong>Edad m\u00ednima:<\/strong> 10 a\u00f1os<\/p>\n<p><\/p>\n<h3>Advanced Open Water Diver<\/h3>\n<p>\nEste es un curso avanzado para aquellos que ya tienen un certificado OWD o equivalente. Durante el curso se realizan 5 inmersiones, durante las cuales practicamos diversas habilidades. Al finalizar el curso AOWD, el buceador puede sumergirse hasta 30 metros. Puedes combinar este curso con otras inmersiones programadas, para mejorar tus habilidades. Puede inscribirse en el curso tan pronto como haya completado el curso OWD.<\/p>\n<p>\n<strong>Duraci\u00f3n:<\/strong> 2-3 d\u00edas<br \/>\n<strong>Requisitos:<\/strong> Certificado OWD<br \/>\n<strong>Edad m\u00ednima:<\/strong> 10 a\u00f1os<\/p>\n<p><\/p>\n<h3>Night Diver<\/h3>\n<p>\nPor la noche, los buceadores pueden ver lo que est\u00e1 oculto a sus ojos durante el d\u00eda. En las inmersiones nocturnas observamos el comportamiento de los animales, que cambia a medida que oscurece. En el curso Night Diver te ense\u00f1aremos a bucear de forma segura y c\u00f3moda en condiciones de visibilidad limitada. El curso incluye una sesi\u00f3n te\u00f3rica y 3 inmersiones nocturnas en el oc\u00e9ano.<\/p>\n<p>\n<strong>Duraci\u00f3n:<\/strong> 3 d\u00edas<br \/>\n<strong>Requisitos:<\/strong> Certificado OWD<br \/>\n<strong>Edad m\u00ednima:<\/strong> 18 a\u00f1os<\/p>\n<p><\/p>\n<h3>Wreck Diver<\/h3>\n<p>\nEl buceo en pecios se ha convertido en una pasi\u00f3n para muchos buceadores de todo el mundo. Bajo el agua podremos explorar barcos, aviones, tanques, coches y excavadoras. En este curso, aprender\u00e1 c\u00f3mo bucear y penetrar con seguridad en pecios. La formaci\u00f3n incluye teor\u00eda y 4 inmersiones cerca de los restos del naufragio.<\/p>\n<p>\n<strong>Duraci\u00f3n:<\/strong> 2 d\u00edas<br \/>\n<strong>Requisitos:<\/strong> Certificado OWD<br \/>\n<strong>Edad m\u00ednima:<\/strong> 15 a\u00f1os<\/p>\n<p><\/p>\n<h3>Deep Diver<\/h3>\n<p>\nDeep Diver es una especialidad para buceadores AOWD, que te permite mejorar tus habilidades y sumergirte hasta 40 metros. Esta es la profundidad m\u00e1xima permitida para el buceo recreativo. Durante el curso Deep Diver, aprender\u00e1 sobre los efectos fisiol\u00f3gicos, los procedimientos de planificaci\u00f3n y los detalles del equipo. Aprender\u00e1 t\u00e9cnicas de gesti\u00f3n de gases, afrontando peligros potenciales y emergencias. El precio del curso incluye 4 inmersiones en el oc\u00e9ano.<\/p>\n<p>\n<strong>Duraci\u00f3n:<\/strong> 2 d\u00edas<br \/>\n<strong>Requisitos: <\/strong>Certificado AOWD<br \/>\n<strong>Edad m\u00ednima:<\/strong> 15 a\u00f1os\n<\/div>","protected":false},"excerpt":{"rendered":"<div>\n<p>\nEntra en el mundo del buceo y completa un curso con nosotros. Nuestros programas de ense\u00f1anza cubren todos los niveles, desde habilidades b\u00e1sicas de buceo hasta t\u00e9cnicas especializadas como buceo nocturno y en pecios y nivel profesional de divemaster.<\/p>\n<p><\/p>\n<p>Selecciona el curso y opciones adicionales si es necesario: fotograf\u00edas, recogida en el Sur de Tenerife o Playa la Arena. Luego seleccione la fecha para iniciar el curso.<\/p>\n<\/div>","protected":false},"featured_media":1213,"template":"","meta":{"_acf_changed":false},"product_brand":[],"product_cat":[21],"product_tag":[],"class_list":{"0":"post-1210","1":"product","2":"type-product","3":"status-publish","4":"has-post-thumbnail","6":"product_cat-activities","8":"first","9":"instock","10":"sale","11":"shipping-taxable","12":"product-type-grouped"},"acf":[],"yoast_head":"<!-- This site is optimized with the Yoast SEO plugin v25.6 - https:\/\/yoast.com\/wordpress\/plugins\/seo\/ -->\n<title>Diving Courses - Aventura Excursions in Tenerife | Learn to Dive | PADI or SSI | Book now<\/title>\n<meta name=\"description\" content=\"Discover scuba diving in Tenerife! From basic skills to advanced PADI and SSI certifications. Check prices, reviews, and book your diving course today!\" \/>\n<meta name=\"robots\" content=\"index, follow, max-snippet:-1, max-image-preview:large, max-video-preview:-1\" \/>\n<link rel=\"canonical\" href=\"https:\/\/aventura-excursions.com\/es\/producto\/diving-courses\/\" \/>\n<meta property=\"og:locale\" content=\"es_ES\" \/>\n<meta property=\"og:type\" content=\"article\" \/>\n<meta property=\"og:title\" content=\"Diving Courses - Aventura Excursions in Tenerife | Learn to Dive | PADI or SSI | Book now\" \/>\n<meta property=\"og:description\" content=\"Discover scuba diving in Tenerife! From basic skills to advanced PADI and SSI certifications. Check prices, reviews, and book your diving course today!\" \/>\n<meta property=\"og:url\" content=\"https:\/\/aventura-excursions.com\/es\/producto\/diving-courses\/\" \/>\n<meta property=\"og:site_name\" content=\"Aventura Excursions\" \/>\n<meta property=\"article:modified_time\" content=\"2024-07-24T13:30:11+00:00\" \/>\n<meta property=\"og:image\" content=\"https:\/\/aventura-excursions.com\/wp-content\/uploads\/2024\/04\/21106856_737374579784137_766626476876553897_n.jpg\" \/>\n\t<meta property=\"og:image:width\" content=\"960\" \/>\n\t<meta property=\"og:image:height\" content=\"640\" \/>\n\t<meta property=\"og:image:type\" content=\"image\/jpeg\" \/>\n<meta name=\"twitter:card\" content=\"summary_large_image\" \/>\n<meta name=\"twitter:label1\" content=\"Tiempo de lectura\" \/>\n\t<meta name=\"twitter:data1\" content=\"4 minutos\" \/>\n<!-- \/ Yoast SEO plugin. -->","yoast_head_json":{"title":"Diving Courses - Aventura Excursions in Tenerife | Learn to Dive | PADI or SSI | Book now","description":"Discover scuba diving in Tenerife! From basic skills to advanced PADI and SSI certifications. Check prices, reviews, and book your diving course today!","robots":{"index":"index","follow":"follow","max-snippet":"max-snippet:-1","max-image-preview":"max-image-preview:large","max-video-preview":"max-video-preview:-1"},"canonical":"https:\/\/aventura-excursions.com\/es\/producto\/diving-courses\/","og_locale":"es_ES","og_type":"article","og_title":"Diving Courses - Aventura Excursions in Tenerife | Learn to Dive | PADI or SSI | Book now","og_description":"Discover scuba diving in Tenerife! From basic skills to advanced PADI and SSI certifications. Check prices, reviews, and book your diving course today!","og_url":"https:\/\/aventura-excursions.com\/es\/producto\/diving-courses\/","og_site_name":"Aventura Excursions","article_modified_time":"2024-07-24T13:30:11+00:00","og_image":[{"width":960,"height":640,"url":"https:\/\/aventura-excursions.com\/wp-content\/uploads\/2024\/04\/21106856_737374579784137_766626476876553897_n.jpg","type":"image\/jpeg"}],"twitter_card":"summary_large_image","twitter_misc":{"Tiempo de lectura":"4 minutos"},"schema":{"@context":"https:\/\/schema.org","@graph":[{"@type":"WebPage","@id":"https:\/\/aventura-excursions.com\/product\/diving-courses\/","url":"https:\/\/aventura-excursions.com\/product\/diving-courses\/","name":"Diving Courses - Aventura Excursions in Tenerife | Learn to Dive | PADI or SSI | Book now","isPartOf":{"@id":"https:\/\/aventura-excursions.com\/#website"},"primaryImageOfPage":{"@id":"https:\/\/aventura-excursions.com\/product\/diving-courses\/#primaryimage"},"image":{"@id":"https:\/\/aventura-excursions.com\/product\/diving-courses\/#primaryimage"},"thumbnailUrl":"https:\/\/aventura-excursions.com\/wp-content\/uploads\/2024\/04\/21106856_737374579784137_766626476876553897_n.jpg","datePublished":"2024-04-01T14:01:05+00:00","dateModified":"2024-07-24T13:30:11+00:00","description":"Discover scuba diving in Tenerife! From basic skills to advanced PADI and SSI certifications. Check prices, reviews, and book your diving course today!","breadcrumb":{"@id":"https:\/\/aventura-excursions.com\/product\/diving-courses\/#breadcrumb"},"inLanguage":"es","potentialAction":[{"@type":"ReadAction","target":["https:\/\/aventura-excursions.com\/product\/diving-courses\/"]}]},{"@type":"ImageObject","inLanguage":"es","@id":"https:\/\/aventura-excursions.com\/product\/diving-courses\/#primaryimage","url":"https:\/\/aventura-excursions.com\/wp-content\/uploads\/2024\/04\/21106856_737374579784137_766626476876553897_n.jpg","contentUrl":"https:\/\/aventura-excursions.com\/wp-content\/uploads\/2024\/04\/21106856_737374579784137_766626476876553897_n.jpg","width":960,"height":640},{"@type":"BreadcrumbList","@id":"https:\/\/aventura-excursions.com\/product\/diving-courses\/#breadcrumb","itemListElement":[{"@type":"ListItem","position":1,"name":"Tours","item":"https:\/\/aventura-excursions.com\/tours\/"},{"@type":"ListItem","position":2,"name":"Diving Courses"}]},{"@type":"WebSite","@id":"https:\/\/aventura-excursions.com\/#website","url":"https:\/\/aventura-excursions.com\/","name":"Aventura Excursions","description":"Aventura Excursions","potentialAction":[{"@type":"SearchAction","target":{"@type":"EntryPoint","urlTemplate":"https:\/\/aventura-excursions.com\/?s={search_term_string}"},"query-input":{"@type":"PropertyValueSpecification","valueRequired":true,"valueName":"search_term_string"}}],"inLanguage":"es"}]}},"_links":{"self":[{"href":"https:\/\/aventura-excursions.com\/es\/wp-json\/wp\/v2\/product\/1210","targetHints":{"allow":["GET"]}}],"collection":[{"href":"https:\/\/aventura-excursions.com\/es\/wp-json\/wp\/v2\/product"}],"about":[{"href":"https:\/\/aventura-excursions.com\/es\/wp-json\/wp\/v2\/types\/product"}],"wp:featuredmedia":[{"embeddable":true,"href":"https:\/\/aventura-excursions.com\/es\/wp-json\/wp\/v2\/media\/1213"}],"wp:attachment":[{"href":"https:\/\/aventura-excursions.com\/es\/wp-json\/wp\/v2\/media?parent=1210"}],"wp:term":[{"taxonomy":"product_brand","embeddable":true,"href":"https:\/\/aventura-excursions.com\/es\/wp-json\/wp\/v2\/product_brand?post=1210"},{"taxonomy":"product_cat","embeddable":true,"href":"https:\/\/aventura-excursions.com\/es\/wp-json\/wp\/v2\/product_cat?post=1210"},{"taxonomy":"product_tag","embeddable":true,"href":"https:\/\/aventura-excursions.com\/es\/wp-json\/wp\/v2\/product_tag?post=1210"}],"curies":[{"name":"wp","href":"https:\/\/api.w.org\/{rel}","templated":true}]}}