{"id":1384,"date":"2024-04-19T22:59:48","date_gmt":"2024-04-19T19:59:48","guid":{"rendered":"https:\/\/aventura-excursions.com\/?post_type=product&#038;p=1384"},"modified":"2024-05-29T13:19:03","modified_gmt":"2024-05-29T10:19:03","slug":"photoshoot","status":"publish","type":"product","link":"https:\/\/aventura-excursions.com\/es\/producto\/photoshoot\/","title":{"rendered":"Sesi\u00f3n de fotos"},"content":{"rendered":"<h3>Descripci\u00f3n<\/h3>\n<p>\nBring home unforgettable memories from Tenerife with our photo tour! We&#8217;ll select one of the stunning locations for you to create the perfect shots with gorgeous island scenery. Pose before magnificent mountains, and volcanoes, among jungles, on picturesque beaches, and in cozy towns. This photo tour is suitable for couples, families, and those who prefer to travel alone.<\/p>\n<p>\nWe start before sunset to provide beautiful lighting for photography. Before the shoot, you&#8217;ll get helpful tips on posing to make you feel like a real star. With the help of our professional team of photographers, you will take away with you images, edited using professional software. We send photos with a link to the cloud within 2 days.<\/p>\n<p>\n<br \/>\nOfrecemos tres paquetes de sesiones de fotos:<\/p>\n<p>\n<strong>Est\u00e1ndar<\/strong> <br \/>\n3 horas, 50 fotograf\u00edas<\/p>\n<p>\n<strong>Especial<\/strong><br \/>\nRodaje de 4 horas en el volc\u00e1n Teide, bosques de laurisilva o paisajes de lava, etc. 50 fotograf\u00edas<\/p>\n<p>\n<strong>Por la isla <\/strong><br \/>\nRecorrido de 8 horas con diferentes lugares como fondo de la sesi\u00f3n fotogr\u00e1fica. 150 fotos<\/p>\n<p>\n<\/p>\n<h3>Puntos de inter\u00e9s<\/h3>\n<ul>\n<li>Captura recuerdos de tus vacaciones<\/li>\n<li>Impresionantes vistas de Tenerife como fondo para tus fotos<\/li>\n<li>Fot\u00f3grafo profesional<\/li>\n<\/ul>\n<p>\n<\/p>\n<h3>Detalles<\/h3>\n<p>\nLa hora de inicio puede ser diferente durante el a\u00f1o para conseguir una iluminaci\u00f3n perfecta para tus fotograf\u00edas.<\/p>\n<p>\nIncluye traslado desde Puerto Santiago a El M\u00e9dano. Te enviaremos un correo electr\u00f3nico con la hora exacta del encuentro. <\/p>\n<p>","protected":false},"excerpt":{"rendered":"<div>\n<p>\u00a1Descubre los impresionantes paisajes de Tenerife y deja que nuestros profesionales capturen tus recuerdos que disfrutar\u00e1s toda la vida! <\/p>\n<p>\n<br \/>\nSelecciona una sesi\u00f3n de fotos y la fecha.\n<\/div>","protected":false},"featured_media":1388,"template":"","meta":{"_acf_changed":false},"product_brand":[],"product_cat":[21],"product_tag":[],"class_list":{"0":"post-1384","1":"product","2":"type-product","3":"status-publish","4":"has-post-thumbnail","6":"product_cat-activities","8":"first","9":"instock","10":"sale","11":"shipping-taxable","12":"product-type-grouped"},"acf":[],"yoast_head":"<!-- This site is optimized with the Yoast SEO plugin v25.6 - https:\/\/yoast.com\/wordpress\/plugins\/seo\/ -->\n<title>Photoshoot in Tenerife - Aventura Excursions - Book Your Dream Photos Now!<\/title>\n<meta name=\"description\" content=\"Capture your Tenerife memories with a professional photoshoot. Check reviews, prices, and ratings. Stunning locations, expert photographers, fast retouching\" \/>\n<meta name=\"robots\" content=\"index, follow, max-snippet:-1, max-image-preview:large, max-video-preview:-1\" \/>\n<link rel=\"canonical\" href=\"https:\/\/aventura-excursions.com\/es\/producto\/photoshoot\/\" \/>\n<meta property=\"og:locale\" content=\"es_ES\" \/>\n<meta property=\"og:type\" content=\"article\" \/>\n<meta property=\"og:title\" content=\"Photoshoot in Tenerife - Aventura Excursions - Book Your Dream Photos Now!\" \/>\n<meta property=\"og:description\" content=\"Capture your Tenerife memories with a professional photoshoot. Check reviews, prices, and ratings. Stunning locations, expert photographers, fast retouching\" \/>\n<meta property=\"og:url\" content=\"https:\/\/aventura-excursions.com\/es\/producto\/photoshoot\/\" \/>\n<meta property=\"og:site_name\" content=\"Aventura Excursions\" \/>\n<meta property=\"article:modified_time\" content=\"2024-05-29T10:19:03+00:00\" \/>\n<meta property=\"og:image\" content=\"https:\/\/aventura-excursions.com\/wp-content\/uploads\/2024\/04\/Image008f21.jpg\" \/>\n\t<meta property=\"og:image:width\" content=\"960\" \/>\n\t<meta property=\"og:image:height\" content=\"640\" \/>\n\t<meta property=\"og:image:type\" content=\"image\/jpeg\" \/>\n<meta name=\"twitter:card\" content=\"summary_large_image\" \/>\n<meta name=\"twitter:label1\" content=\"Tiempo de lectura\" \/>\n\t<meta name=\"twitter:data1\" content=\"2 minutos\" \/>\n<!-- \/ Yoast SEO plugin. -->","yoast_head_json":{"title":"Photoshoot in Tenerife - Aventura Excursions - Book Your Dream Photos Now!","description":"Capture your Tenerife memories with a professional photoshoot. Check reviews, prices, and ratings. Stunning locations, expert photographers, fast retouching","robots":{"index":"index","follow":"follow","max-snippet":"max-snippet:-1","max-image-preview":"max-image-preview:large","max-video-preview":"max-video-preview:-1"},"canonical":"https:\/\/aventura-excursions.com\/es\/producto\/photoshoot\/","og_locale":"es_ES","og_type":"article","og_title":"Photoshoot in Tenerife - Aventura Excursions - Book Your Dream Photos Now!","og_description":"Capture your Tenerife memories with a professional photoshoot. Check reviews, prices, and ratings. Stunning locations, expert photographers, fast retouching","og_url":"https:\/\/aventura-excursions.com\/es\/producto\/photoshoot\/","og_site_name":"Aventura Excursions","article_modified_time":"2024-05-29T10:19:03+00:00","og_image":[{"width":960,"height":640,"url":"https:\/\/aventura-excursions.com\/wp-content\/uploads\/2024\/04\/Image008f21.jpg","type":"image\/jpeg"}],"twitter_card":"summary_large_image","twitter_misc":{"Tiempo de lectura":"2 minutos"},"schema":{"@context":"https:\/\/schema.org","@graph":[{"@type":"WebPage","@id":"https:\/\/aventura-excursions.com\/product\/photoshoot\/","url":"https:\/\/aventura-excursions.com\/product\/photoshoot\/","name":"Photoshoot in Tenerife - Aventura Excursions - Book Your Dream Photos Now!","isPartOf":{"@id":"https:\/\/aventura-excursions.com\/#website"},"primaryImageOfPage":{"@id":"https:\/\/aventura-excursions.com\/product\/photoshoot\/#primaryimage"},"image":{"@id":"https:\/\/aventura-excursions.com\/product\/photoshoot\/#primaryimage"},"thumbnailUrl":"https:\/\/aventura-excursions.com\/wp-content\/uploads\/2024\/04\/Image008f21.jpg","datePublished":"2024-04-19T19:59:48+00:00","dateModified":"2024-05-29T10:19:03+00:00","description":"Capture your Tenerife memories with a professional photoshoot. Check reviews, prices, and ratings. Stunning locations, expert photographers, fast retouching","breadcrumb":{"@id":"https:\/\/aventura-excursions.com\/product\/photoshoot\/#breadcrumb"},"inLanguage":"es","potentialAction":[{"@type":"ReadAction","target":["https:\/\/aventura-excursions.com\/product\/photoshoot\/"]}]},{"@type":"ImageObject","inLanguage":"es","@id":"https:\/\/aventura-excursions.com\/product\/photoshoot\/#primaryimage","url":"https:\/\/aventura-excursions.com\/wp-content\/uploads\/2024\/04\/Image008f21.jpg","contentUrl":"https:\/\/aventura-excursions.com\/wp-content\/uploads\/2024\/04\/Image008f21.jpg","width":960,"height":640},{"@type":"BreadcrumbList","@id":"https:\/\/aventura-excursions.com\/product\/photoshoot\/#breadcrumb","itemListElement":[{"@type":"ListItem","position":1,"name":"Tours","item":"https:\/\/aventura-excursions.com\/tours\/"},{"@type":"ListItem","position":2,"name":"Photoshoot"}]},{"@type":"WebSite","@id":"https:\/\/aventura-excursions.com\/#website","url":"https:\/\/aventura-excursions.com\/","name":"Aventura Excursions","description":"Aventura Excursions","potentialAction":[{"@type":"SearchAction","target":{"@type":"EntryPoint","urlTemplate":"https:\/\/aventura-excursions.com\/?s={search_term_string}"},"query-input":{"@type":"PropertyValueSpecification","valueRequired":true,"valueName":"search_term_string"}}],"inLanguage":"es"}]}},"_links":{"self":[{"href":"https:\/\/aventura-excursions.com\/es\/wp-json\/wp\/v2\/product\/1384","targetHints":{"allow":["GET"]}}],"collection":[{"href":"https:\/\/aventura-excursions.com\/es\/wp-json\/wp\/v2\/product"}],"about":[{"href":"https:\/\/aventura-excursions.com\/es\/wp-json\/wp\/v2\/types\/product"}],"wp:featuredmedia":[{"embeddable":true,"href":"https:\/\/aventura-excursions.com\/es\/wp-json\/wp\/v2\/media\/1388"}],"wp:attachment":[{"href":"https:\/\/aventura-excursions.com\/es\/wp-json\/wp\/v2\/media?parent=1384"}],"wp:term":[{"taxonomy":"product_brand","embeddable":true,"href":"https:\/\/aventura-excursions.com\/es\/wp-json\/wp\/v2\/product_brand?post=1384"},{"taxonomy":"product_cat","embeddable":true,"href":"https:\/\/aventura-excursions.com\/es\/wp-json\/wp\/v2\/product_cat?post=1384"},{"taxonomy":"product_tag","embeddable":true,"href":"https:\/\/aventura-excursions.com\/es\/wp-json\/wp\/v2\/product_tag?post=1384"}],"curies":[{"name":"wp","href":"https:\/\/api.w.org\/{rel}","templated":true}]}}