{"id":1407,"date":"2024-04-20T18:50:37","date_gmt":"2024-04-20T15:50:37","guid":{"rendered":"https:\/\/aventura-excursions.com\/?post_type=product&#038;p=1407"},"modified":"2025-09-10T15:53:34","modified_gmt":"2025-09-10T12:53:34","slug":"musts-of-tenerife","status":"publish","type":"product","link":"https:\/\/aventura-excursions.com\/es\/producto\/musts-of-tenerife\/","title":{"rendered":"Paquete \"Musts de Tenerife\""},"content":{"rendered":"<h3>Tours incluidos en el paquete<\/h3>\n<ul>\n<li><strong><em><a href=\"https:\/\/aventura-excursions.com\/es\/producto\/twin-ticket\/\">Twin Ticket:<\/a><\/em><\/strong> Loro Park (parque de animales) + Siam Park (parque acu\u00e1tico)<\/li>\n<li><strong><em><a href=\"https:\/\/aventura-excursions.com\/es\/producto\/teide-masca\/\">Teide Masca:<\/a><\/em><\/strong> Visita guiada en autob\u00fas (volc\u00e1n Teide, valle de Masca)<\/li>\n<li><strong><em><a href=\"https:\/\/aventura-excursions.com\/es\/producto\/snorkeling\/\">Snorkel 50 min:<\/a><\/em><\/strong> paseo en barco<\/li>\n<p>\n<\/p>\n<h3>Descripci\u00f3n<\/h3>\n<p>\nExperience the ultimate Tenerife adventure! Visit <strong><em><a href=\"https:\/\/aventura-excursions.com\/es\/producto\/siam-park\/\">Siam Park<\/a><\/em><\/strong> y <strong><em><a href=\"https:\/\/aventura-excursions.com\/es\/producto\/loro-park\/\">Loro Parque<\/a><\/em><\/strong> (Europe&#8217;s most famous attractions), go on a <strong><em><a href=\"https:\/\/aventura-excursions.com\/es\/producto\/teide-masca\/\">Teide Masca<\/a><\/em><\/strong> tour (majestic heights of Teide, the National Park, breathtaking Masca valley) and do <strong><em><a href=\"https:\/\/aventura-excursions.com\/es\/producto\/snorkeling\/\">snorkeling by boat<\/a><\/em><\/strong> . These are a very popular choice of tours to do in Tenerife and we have joined them into this fantastic package so that you could explore Tenerife at a better price and visit the must-see places.<\/p>\n<p>\nPuedes repartir este paquete en 4 d\u00edas diferentes en el orden que desees. Al realizar la reserva seleccionas el d\u00eda de inicio del paquete y posteriormente acordaremos contigo los d\u00edas de todos los tours incluidos en el paquete.<\/p>\n<p>\nBook this package and do the &#8220;musts&#8221; of Tenerife!<\/p>\n<p>\n<\/p>\n<h3>Detalles<\/h3>\n<p>\n<strong><em>Siam Park<\/em><\/strong><\/p>\n<p>\nHorario de verano: 10:00 \u2013 18:00<br \/>\nWinter opening hours: 10:00 &#8211; 17:00<br \/>\nUbicaci\u00f3n: Sur de Tenerife<\/p>\n<p>\n<strong><em>Loro Parque<\/em><\/strong><\/p>\n<p>\nHorario de apertura: 09:30 \u2013 17:30 <br \/>\nUbicaci\u00f3n: Norte de Tenerife<\/p>\n<p>\n<strong><em>Teide Masca<\/em><\/strong><\/p>\n<p>\nHora de inicio: alrededor de las 08:00 a.m.<br \/>\nDuraci\u00f3n: 9 horas <br \/>\nHabr\u00e1 una parada en un restaurante tradicional<br \/>\nComida no incluida<\/p>\n<p>\n<strong><em>Snorkel desde barco<\/em><\/strong><\/p>\n<p>\nDuraci\u00f3n: 2 horas (snorkel 50 minutos) <br \/>\nHora de inicio: 09:00, 12:00 <br \/>\nEdad m\u00ednima: 6 a\u00f1os <br \/>\nEquipo incluido: kits de snorkel, trajes y botas de neopreno, chalecos si es necesario<br \/>\nUbicaci\u00f3n: Puerto Col\u00f3n, Sur de Tenerife<\/p>\n<h3>Transporte<\/h3>\n<p>\n<strong><em>Parques Loro y Siam<\/em><\/strong><\/p>\n<p>Para que te resulte m\u00e1s f\u00e1cil planificar tu visita, ofrecemos un autob\u00fas a Siam Park desde Puerto de la Cruz y un autob\u00fas a Loro Park desde los pueblos tur\u00edsticos del sur (Las Am\u00e9ricas, Los Cristianos, etc.).<\/p>\n<p>Reserva <strong>Paquete Musts de Tenerife + Siam bus<\/strong>, si te alojas en Puerto de La Cruz.<br \/>\n<br \/>Reserva <strong>Paquete Musts de Tenerife + Loro bus<\/strong>, si te alojas ven el Sur.<\/p>\n<p> Hay un servicio gratuito de traslado en autob\u00fas Siam en el sur.<\/p>\n<p class=\" translation-block\">Tambi\u00e9n puedes <a href=\"https:\/\/aventura-excursions.com\/es\/producto\/rent-a-car\/\" target=\"_self\"><strong><em>alquilar un coche<\/em><\/strong><\/a> con nosotros e ir a los parques por tu cuenta. El \u00fanico inconveniente puede ser el estacionamiento lleno debido a la gran popularidad de ambos parques.<\/p>\n<p>\n<strong><em>Teide Masca<\/em><\/strong><\/p>\n<p>\nEl autob\u00fas te recoger\u00e1 en cualquier zona tur\u00edstica de Tenerife (en el Sur y en el Norte).<\/p>\n<p>\n<strong><em>Snorkel desde barco<\/em><\/strong><\/p>\n<p>\nLa recogida es 4 euros por persona en el Sur de Tenerife.<\/p>","protected":false},"excerpt":{"rendered":"<div>\n<p>\n\u00a1Visita Loro Park y Siam Park, explora el legendario Monte Teide con el Valle de Masca y observa la vida submarina mientras practicas snorkel desde un barco! \u00a1Una combinaci\u00f3n perfecta para descubrir Tenerife! <\/p>\n<p>\n<br \/>\nPrimero, elige si quieres comprar solo una entrada o necesitas un traslado a uno de los parques. Si est\u00e1s en el norte, elige el Paquete Musts de Tenerife + Siam bus. Si est\u00e1s en el sur, elige Paquete Musts de Tenerife + Loro bus.<\/p>\n<p>Luego, elige el n\u00famero de adultos y ni\u00f1os. Y, por \u00faltimo, selecciona el d\u00eda en el que quieres iniciar el paquete. Nos pondremos en contacto contigo para acordar d\u00edas y horarios de cada tour.\n<\/p><\/div>","protected":false},"featured_media":1557,"template":"","meta":{"_acf_changed":false},"product_brand":[],"product_cat":[142],"product_tag":[],"class_list":{"0":"post-1407","1":"product","2":"type-product","3":"status-publish","4":"has-post-thumbnail","6":"product_cat-special-offers","8":"first","9":"instock","10":"sale","11":"shipping-taxable","12":"product-type-grouped"},"acf":[],"yoast_head":"<!-- This site is optimized with the Yoast SEO plugin v25.6 - https:\/\/yoast.com\/wordpress\/plugins\/seo\/ -->\n<title>Musts of Tenerife with Aventura Excursions - Best Tours and activities<\/title>\n<meta name=\"description\" content=\"Explore Tenerife: visit Loro Park, Siam Park, Teide Masca, and snorkel with turtles. Check reviews, prices, and ratings. Book now for the best experience!\" \/>\n<meta name=\"robots\" content=\"index, follow, max-snippet:-1, max-image-preview:large, max-video-preview:-1\" \/>\n<link rel=\"canonical\" href=\"https:\/\/aventura-excursions.com\/es\/producto\/musts-of-tenerife\/\" \/>\n<meta property=\"og:locale\" content=\"es_ES\" \/>\n<meta property=\"og:type\" content=\"article\" \/>\n<meta property=\"og:title\" content=\"Musts of Tenerife with Aventura Excursions - Best Tours and activities\" \/>\n<meta property=\"og:description\" content=\"Explore Tenerife: visit Loro Park, Siam Park, Teide Masca, and snorkel with turtles. Check reviews, prices, and ratings. Book now for the best experience!\" \/>\n<meta property=\"og:url\" content=\"https:\/\/aventura-excursions.com\/es\/producto\/musts-of-tenerife\/\" \/>\n<meta property=\"og:site_name\" content=\"Aventura Excursions\" \/>\n<meta property=\"article:modified_time\" content=\"2025-09-10T12:53:34+00:00\" \/>\n<meta property=\"og:image\" content=\"https:\/\/aventura-excursions.com\/wp-content\/uploads\/2024\/04\/mot2.jpg\" \/>\n\t<meta property=\"og:image:width\" content=\"980\" \/>\n\t<meta property=\"og:image:height\" content=\"760\" \/>\n\t<meta property=\"og:image:type\" content=\"image\/jpeg\" \/>\n<meta name=\"twitter:card\" content=\"summary_large_image\" \/>\n<meta name=\"twitter:label1\" content=\"Tiempo de lectura\" \/>\n\t<meta name=\"twitter:data1\" content=\"2 minutos\" \/>\n<!-- \/ Yoast SEO plugin. -->","yoast_head_json":{"title":"Musts of Tenerife with Aventura Excursions - Best Tours and activities","description":"Explore Tenerife: visit Loro Park, Siam Park, Teide Masca, and snorkel with turtles. Check reviews, prices, and ratings. Book now for the best experience!","robots":{"index":"index","follow":"follow","max-snippet":"max-snippet:-1","max-image-preview":"max-image-preview:large","max-video-preview":"max-video-preview:-1"},"canonical":"https:\/\/aventura-excursions.com\/es\/producto\/musts-of-tenerife\/","og_locale":"es_ES","og_type":"article","og_title":"Musts of Tenerife with Aventura Excursions - Best Tours and activities","og_description":"Explore Tenerife: visit Loro Park, Siam Park, Teide Masca, and snorkel with turtles. Check reviews, prices, and ratings. Book now for the best experience!","og_url":"https:\/\/aventura-excursions.com\/es\/producto\/musts-of-tenerife\/","og_site_name":"Aventura Excursions","article_modified_time":"2025-09-10T12:53:34+00:00","og_image":[{"width":980,"height":760,"url":"https:\/\/aventura-excursions.com\/wp-content\/uploads\/2024\/04\/mot2.jpg","type":"image\/jpeg"}],"twitter_card":"summary_large_image","twitter_misc":{"Tiempo de lectura":"2 minutos"},"schema":{"@context":"https:\/\/schema.org","@graph":[{"@type":"WebPage","@id":"https:\/\/aventura-excursions.com\/product\/musts-of-tenerife\/","url":"https:\/\/aventura-excursions.com\/product\/musts-of-tenerife\/","name":"Musts of Tenerife with Aventura Excursions - Best Tours and activities","isPartOf":{"@id":"https:\/\/aventura-excursions.com\/#website"},"primaryImageOfPage":{"@id":"https:\/\/aventura-excursions.com\/product\/musts-of-tenerife\/#primaryimage"},"image":{"@id":"https:\/\/aventura-excursions.com\/product\/musts-of-tenerife\/#primaryimage"},"thumbnailUrl":"https:\/\/aventura-excursions.com\/wp-content\/uploads\/2024\/04\/mot2.jpg","datePublished":"2024-04-20T15:50:37+00:00","dateModified":"2025-09-10T12:53:34+00:00","description":"Explore Tenerife: visit Loro Park, Siam Park, Teide Masca, and snorkel with turtles. Check reviews, prices, and ratings. Book now for the best experience!","breadcrumb":{"@id":"https:\/\/aventura-excursions.com\/product\/musts-of-tenerife\/#breadcrumb"},"inLanguage":"es","potentialAction":[{"@type":"ReadAction","target":["https:\/\/aventura-excursions.com\/product\/musts-of-tenerife\/"]}]},{"@type":"ImageObject","inLanguage":"es","@id":"https:\/\/aventura-excursions.com\/product\/musts-of-tenerife\/#primaryimage","url":"https:\/\/aventura-excursions.com\/wp-content\/uploads\/2024\/04\/mot2.jpg","contentUrl":"https:\/\/aventura-excursions.com\/wp-content\/uploads\/2024\/04\/mot2.jpg","width":980,"height":760},{"@type":"BreadcrumbList","@id":"https:\/\/aventura-excursions.com\/product\/musts-of-tenerife\/#breadcrumb","itemListElement":[{"@type":"ListItem","position":1,"name":"Tours","item":"https:\/\/aventura-excursions.com\/tours\/"},{"@type":"ListItem","position":2,"name":"Musts of Tenerife"}]},{"@type":"WebSite","@id":"https:\/\/aventura-excursions.com\/#website","url":"https:\/\/aventura-excursions.com\/","name":"Aventura Excursions","description":"Aventura Excursions","potentialAction":[{"@type":"SearchAction","target":{"@type":"EntryPoint","urlTemplate":"https:\/\/aventura-excursions.com\/?s={search_term_string}"},"query-input":{"@type":"PropertyValueSpecification","valueRequired":true,"valueName":"search_term_string"}}],"inLanguage":"es"}]}},"_links":{"self":[{"href":"https:\/\/aventura-excursions.com\/es\/wp-json\/wp\/v2\/product\/1407","targetHints":{"allow":["GET"]}}],"collection":[{"href":"https:\/\/aventura-excursions.com\/es\/wp-json\/wp\/v2\/product"}],"about":[{"href":"https:\/\/aventura-excursions.com\/es\/wp-json\/wp\/v2\/types\/product"}],"wp:featuredmedia":[{"embeddable":true,"href":"https:\/\/aventura-excursions.com\/es\/wp-json\/wp\/v2\/media\/1557"}],"wp:attachment":[{"href":"https:\/\/aventura-excursions.com\/es\/wp-json\/wp\/v2\/media?parent=1407"}],"wp:term":[{"taxonomy":"product_brand","embeddable":true,"href":"https:\/\/aventura-excursions.com\/es\/wp-json\/wp\/v2\/product_brand?post=1407"},{"taxonomy":"product_cat","embeddable":true,"href":"https:\/\/aventura-excursions.com\/es\/wp-json\/wp\/v2\/product_cat?post=1407"},{"taxonomy":"product_tag","embeddable":true,"href":"https:\/\/aventura-excursions.com\/es\/wp-json\/wp\/v2\/product_tag?post=1407"}],"curies":[{"name":"wp","href":"https:\/\/api.w.org\/{rel}","templated":true}]}}