{"id":1438,"date":"2024-04-23T01:22:51","date_gmt":"2024-04-22T22:22:51","guid":{"rendered":"https:\/\/aventura-excursions.com\/?post_type=product&#038;p=1438"},"modified":"2025-09-10T15:37:55","modified_gmt":"2025-09-10T12:37:55","slug":"adrenaline-pack","status":"publish","type":"product","link":"https:\/\/aventura-excursions.com\/es\/producto\/adrenaline-pack\/","title":{"rendered":"Pack Adrenalina"},"content":{"rendered":"<h3>Tours incluidos en el paquete<\/h3>\n<ul>\n<li><a href=\"https:\/\/aventura-excursions.com\/es\/producto\/diving-for-beginners\/\"><strong><em>Bautismo de buceo 40 minutos<\/em><\/strong><\/a><\/li>\n<li><a href=\"https:\/\/aventura-excursions.com\/es\/producto\/kayaking-snorkeling\/\"><strong><em>Kayak + snorkel<\/em><\/strong><\/a><\/li>\n<li><a href=\"https:\/\/aventura-excursions.com\/es\/producto\/paragliding\/\"><strong><em>Parapente:<\/em><\/strong><\/a> Vuelo Plata\/Oro\/Platino<\/li>\n<\/ul>\n<p>\n<\/p>\n<h3>Descripci\u00f3n<\/h3>\n<p class=\" translation-block\">\u00bfQuieres tener unas vacaciones activas en Tenerife? \u00a1Est\u00e1s en la p\u00e1gina correcta! Este pack de adrenalina te dar\u00e1 esas emociones que est\u00e1s buscando. <strong><em><a href=\"https:\/\/aventura-excursions.com\/es\/producto\/diving-for-beginners\/\" target=\"_self\">El buceo<\/a><\/em><\/strong>, <strong><em><a href=\"https:\/\/aventura-excursions.com\/es\/producto\/kayaking-snorkeling\/\" target=\"_self\">el kayak<\/a><\/em><\/strong> y <strong><em><a href=\"https:\/\/aventura-excursions.com\/es\/producto\/paragliding\/\" target=\"_self\">el parapente<\/a><\/em><\/strong> son las actividades m\u00e1s populares en nuestra isla y nos complace decirte que puedes reservarlas todas con un descuento. Hay 3 opciones de vuelos en parapente que puedes elegir para formar el paquete de adrenalina con una prueba de buceo de 40 minutos y un recorrido en kayak + snorkel.<\/p>\n<p>\nPuedes elegir si quieres hacer el pack en 2 o 3 d\u00edas (se puede hacer kayak y buceo el mismo d\u00eda si lo deseas). Las fechas son totalmente flexibles, nos adaptaremos a tus necesidades.<\/p>\n<p>\n\u00a1Consigue adrenalina y recuerdos geniales de tus aventuras en Tenerife!<\/p>\n<p>\n<\/p>\n<h3>Detalles<\/h3>\n<p>\n<strong>Bautismo de buceo 40 min<\/strong><br \/>\nDuraci\u00f3n: 2,5 horas en total<br \/>\nHorario de inicio: 10:00, 12:30, 15:00<br \/>\nEdad m\u00ednima: 8 a\u00f1os<br \/>\nUbicaci\u00f3n: Los Cristianos<\/p>\n<p>\n<strong>Kayak + snorkel<\/strong><br \/>\nDuraci\u00f3n: 1,5 horas de kayak + 30 min de snorkel<br \/>\nHorario de inicio: 10:00, 12:30, 14:00<br \/>\nEdad m\u00ednima: 6 a\u00f1os<br \/>\nUbicaci\u00f3n: Los Cristianos<\/p>\n<p>\n<strong>Parapente<\/strong><br \/>\nDuraci\u00f3n: 2 horas en total<br \/>\nSilver Flight &#8211; 10-20 min<br \/>\nGolden Flight &#8211; 20-25 min<br \/>\nPlatinum Flight &#8211; 25-30 min (also includes acrobatic maneuvers)<br \/>\nHorario de inicio: 10:00, 12:00, 14:00, 16:00<br \/>\nPeso m\u00e1ximo: 110 kg<br \/>\nUbicaci\u00f3n: Sur de Tenerife, aterrizando en la playa de La Caleta<\/p>\n<p>\n<\/p>\n<h3>Transporte<\/h3>\n<p>\nLa recogida para buceo y kayak cuesta 4 euros por persona: desde Callao Salvaje hasta Golf del Sur.<br \/>\nRecogida en Puerto Santiago, Playa la Arena, El Medano: 15 euros por el coche (m\u00e1ximo 8 pax). <\/p>\n<p>\nLa recogida para el parapente es gratuita en el Sur de Tenerife.<\/p>","protected":false},"excerpt":{"rendered":"<div>\n<p>\u00a1Una gran aventura para todos los amantes de las emociones fuertes! Te esperan paseo en kayak con snorkel, prueba de buceo 40 min y vuelo en parapente.<\/p>\n<p>\nEdad m\u00ednima: 8 a\u00f1os<\/p>\n<p>\nSelecciona el paquete seg\u00fan el vuelo que desees: plata, oro o platino.<br \/>\nLuego seleccione el primer d\u00eda del paquete.<br \/>Tan pronto como recibamos tu reserva, nos comunicaremos contigo y acordaremos el horario de los tres tours.\n<\/div>","protected":false},"featured_media":1594,"template":"","meta":{"_acf_changed":false},"product_brand":[],"product_cat":[142],"product_tag":[],"class_list":{"0":"post-1438","1":"product","2":"type-product","3":"status-publish","4":"has-post-thumbnail","6":"product_cat-special-offers","8":"first","9":"instock","10":"sale","11":"shipping-taxable","12":"product-type-grouped"},"acf":[],"yoast_head":"<!-- This site is optimized with the Yoast SEO plugin v25.6 - https:\/\/yoast.com\/wordpress\/plugins\/seo\/ -->\n<title>Adrenaline Pack in Tenerife | Diving, Kayaking &amp; Paragliding - Book<\/title>\n<meta name=\"description\" content=\"Book the Adrenaline Pack in Tenerife! Includes diving, kayaking, and paragliding. Check prices and book now for an unforgettable adventure!\" \/>\n<meta name=\"robots\" content=\"index, follow, max-snippet:-1, max-image-preview:large, max-video-preview:-1\" \/>\n<link rel=\"canonical\" href=\"https:\/\/aventura-excursions.com\/es\/producto\/adrenaline-pack\/\" \/>\n<meta property=\"og:locale\" content=\"es_ES\" \/>\n<meta property=\"og:type\" content=\"article\" \/>\n<meta property=\"og:title\" content=\"Adrenaline Pack in Tenerife | Diving, Kayaking &amp; Paragliding - Book\" \/>\n<meta property=\"og:description\" content=\"Book the Adrenaline Pack in Tenerife! Includes diving, kayaking, and paragliding. Check prices and book now for an unforgettable adventure!\" \/>\n<meta property=\"og:url\" content=\"https:\/\/aventura-excursions.com\/es\/producto\/adrenaline-pack\/\" \/>\n<meta property=\"og:site_name\" content=\"Aventura Excursions\" \/>\n<meta property=\"article:modified_time\" content=\"2025-09-10T12:37:55+00:00\" \/>\n<meta property=\"og:image\" content=\"https:\/\/aventura-excursions.com\/wp-content\/uploads\/2024\/04\/pack.jpg\" \/>\n\t<meta property=\"og:image:width\" content=\"800\" \/>\n\t<meta property=\"og:image:height\" content=\"600\" \/>\n\t<meta property=\"og:image:type\" content=\"image\/jpeg\" \/>\n<meta name=\"twitter:card\" content=\"summary_large_image\" \/>\n<meta name=\"twitter:label1\" content=\"Tiempo de lectura\" \/>\n\t<meta name=\"twitter:data1\" content=\"2 minutos\" \/>\n<!-- \/ Yoast SEO plugin. -->","yoast_head_json":{"title":"Adrenaline Pack in Tenerife | Diving, Kayaking & Paragliding - Book","description":"Book the Adrenaline Pack in Tenerife! Includes diving, kayaking, and paragliding. Check prices and book now for an unforgettable adventure!","robots":{"index":"index","follow":"follow","max-snippet":"max-snippet:-1","max-image-preview":"max-image-preview:large","max-video-preview":"max-video-preview:-1"},"canonical":"https:\/\/aventura-excursions.com\/es\/producto\/adrenaline-pack\/","og_locale":"es_ES","og_type":"article","og_title":"Adrenaline Pack in Tenerife | Diving, Kayaking & Paragliding - Book","og_description":"Book the Adrenaline Pack in Tenerife! Includes diving, kayaking, and paragliding. Check prices and book now for an unforgettable adventure!","og_url":"https:\/\/aventura-excursions.com\/es\/producto\/adrenaline-pack\/","og_site_name":"Aventura Excursions","article_modified_time":"2025-09-10T12:37:55+00:00","og_image":[{"width":800,"height":600,"url":"https:\/\/aventura-excursions.com\/wp-content\/uploads\/2024\/04\/pack.jpg","type":"image\/jpeg"}],"twitter_card":"summary_large_image","twitter_misc":{"Tiempo de lectura":"2 minutos"},"schema":{"@context":"https:\/\/schema.org","@graph":[{"@type":"WebPage","@id":"https:\/\/aventura-excursions.com\/product\/adrenaline-pack\/","url":"https:\/\/aventura-excursions.com\/product\/adrenaline-pack\/","name":"Adrenaline Pack in Tenerife | Diving, Kayaking & Paragliding - Book","isPartOf":{"@id":"https:\/\/aventura-excursions.com\/#website"},"primaryImageOfPage":{"@id":"https:\/\/aventura-excursions.com\/product\/adrenaline-pack\/#primaryimage"},"image":{"@id":"https:\/\/aventura-excursions.com\/product\/adrenaline-pack\/#primaryimage"},"thumbnailUrl":"https:\/\/aventura-excursions.com\/wp-content\/uploads\/2024\/04\/pack.jpg","datePublished":"2024-04-22T22:22:51+00:00","dateModified":"2025-09-10T12:37:55+00:00","description":"Book the Adrenaline Pack in Tenerife! Includes diving, kayaking, and paragliding. Check prices and book now for an unforgettable adventure!","breadcrumb":{"@id":"https:\/\/aventura-excursions.com\/product\/adrenaline-pack\/#breadcrumb"},"inLanguage":"es","potentialAction":[{"@type":"ReadAction","target":["https:\/\/aventura-excursions.com\/product\/adrenaline-pack\/"]}]},{"@type":"ImageObject","inLanguage":"es","@id":"https:\/\/aventura-excursions.com\/product\/adrenaline-pack\/#primaryimage","url":"https:\/\/aventura-excursions.com\/wp-content\/uploads\/2024\/04\/pack.jpg","contentUrl":"https:\/\/aventura-excursions.com\/wp-content\/uploads\/2024\/04\/pack.jpg","width":800,"height":600},{"@type":"BreadcrumbList","@id":"https:\/\/aventura-excursions.com\/product\/adrenaline-pack\/#breadcrumb","itemListElement":[{"@type":"ListItem","position":1,"name":"Tours","item":"https:\/\/aventura-excursions.com\/tours\/"},{"@type":"ListItem","position":2,"name":"Adrenaline Pack"}]},{"@type":"WebSite","@id":"https:\/\/aventura-excursions.com\/#website","url":"https:\/\/aventura-excursions.com\/","name":"Aventura Excursions","description":"Aventura Excursions","potentialAction":[{"@type":"SearchAction","target":{"@type":"EntryPoint","urlTemplate":"https:\/\/aventura-excursions.com\/?s={search_term_string}"},"query-input":{"@type":"PropertyValueSpecification","valueRequired":true,"valueName":"search_term_string"}}],"inLanguage":"es"}]}},"_links":{"self":[{"href":"https:\/\/aventura-excursions.com\/es\/wp-json\/wp\/v2\/product\/1438","targetHints":{"allow":["GET"]}}],"collection":[{"href":"https:\/\/aventura-excursions.com\/es\/wp-json\/wp\/v2\/product"}],"about":[{"href":"https:\/\/aventura-excursions.com\/es\/wp-json\/wp\/v2\/types\/product"}],"wp:featuredmedia":[{"embeddable":true,"href":"https:\/\/aventura-excursions.com\/es\/wp-json\/wp\/v2\/media\/1594"}],"wp:attachment":[{"href":"https:\/\/aventura-excursions.com\/es\/wp-json\/wp\/v2\/media?parent=1438"}],"wp:term":[{"taxonomy":"product_brand","embeddable":true,"href":"https:\/\/aventura-excursions.com\/es\/wp-json\/wp\/v2\/product_brand?post=1438"},{"taxonomy":"product_cat","embeddable":true,"href":"https:\/\/aventura-excursions.com\/es\/wp-json\/wp\/v2\/product_cat?post=1438"},{"taxonomy":"product_tag","embeddable":true,"href":"https:\/\/aventura-excursions.com\/es\/wp-json\/wp\/v2\/product_tag?post=1438"}],"curies":[{"name":"wp","href":"https:\/\/api.w.org\/{rel}","templated":true}]}}