{"id":1439,"date":"2024-04-23T01:25:32","date_gmt":"2024-04-22T22:25:32","guid":{"rendered":"https:\/\/aventura-excursions.com\/?post_type=product&#038;p=1439"},"modified":"2025-09-16T15:45:21","modified_gmt":"2025-09-16T12:45:21","slug":"water-package","status":"publish","type":"product","link":"https:\/\/aventura-excursions.com\/es\/producto\/water-package\/","title":{"rendered":"Paquete de agua para 2"},"content":{"rendered":"<h3>Tours incluidos en el paquete<\/h3>\n<ul>\n<li><a href=\"https:\/\/aventura-excursions.com\/es\/producto\/jet-ski-safari\/\"><strong><em>Safari en moto de agua:<\/em><\/strong><\/a> visita guiada<\/li>\n<li><a href=\"https:\/\/aventura-excursions.com\/es\/producto\/stand-up-paddle\/\"><strong><em>Paddle Surf:<\/em><\/strong><\/a> clase con un instructor<\/li>\n<\/ul>\n<p>\n<\/p>\n<h3>Descripci\u00f3n<\/h3>\n<p class=\" translation-block\">\u00a1Un paquete para exploradores marinos! Disponemos de una oferta especial de <strong><em><a href=\"https:\/\/aventura-excursions.com\/es\/producto\/jet-ski-safari\/\" target=\"_self\">Safari en Motos de Agua<\/a><\/em><\/strong> y <strong><em><a href=\"https:\/\/aventura-excursions.com\/es\/producto\/stand-up-paddle\/\" target=\"_self\">Paddle Surf<\/a><\/em><\/strong> para dos personas. Disfruta de dos actividades populares en Tenerife y res\u00e9rvalas con descuento.<\/p>\n<p>Puedes realizar ambas actividades en un d\u00eda o en dos d\u00edas diferentes. Las fechas y horarios son flexibles. Despu\u00e9s de realizar la reserva, nos pondremos en contacto contigo para acordar las fechas y horarios del safari en Jet Ski y Paddle Surf.<\/p>\n<p>\u00a1Sum\u00e9rgete en la belleza de la naturaleza! <\/p>\n<p>\n<\/p>\n<h3>Detalles<\/h3>\n<p>\n<strong>Motos de agua<\/strong><\/p>\n<p>\nDuraci\u00f3n: 1 o 2 horas<br \/>\nHorario de inicio: 10:00, 12:00, 14:00, 16:00 <br \/>\nAltura m\u00ednima: 120 cm <br \/>\nMaximum weight: single jet ski &#8211; 120 kg, double jet ski &#8211; 160 kg <br \/>\nPuerto: Las Galletas<\/p>\n<p>\n<br \/>\n<strong>Paddle Surf<\/strong><\/p>\n<p>\nDuraci\u00f3n: 2 horas<br \/>\nHorario de inicio: 10:00, 12:00, 14:00 <br \/>\nEdad m\u00ednima: 10 a\u00f1os <br \/>\nUbicaci\u00f3n: Los Cristianos<\/p>\n<h3>Transporte<\/h3>\n<p>\n<strong>Motos de agua<\/strong>: recogida gratuita desde Los Cristianos, Las Am\u00e9ricas, Costa Adeje<\/p>\n<p>\n<strong>Paddle Surf<\/strong>: la recogida 4 euros por persona en el Sur de Tenerife<\/p>\n<p>\nSi te alojas en Puerto de la Cruz, podemos organizar la recogida en tu hotel por un suplemento.<\/p>","protected":false},"excerpt":{"rendered":"<div>\n<p>\u00a1Disfruta de emocionantes paseos en moto acu\u00e1tica y remo en el oc\u00e9ano! \u00a1Reserva nuestro Paquete Agua para dos personas y paga menos!  <\/p>\n<p>\n<br \/>\nSelecciona tu opci\u00f3n preferida y luego la fecha del primer tour. Al recibir la reserva, acordaremos contigo las fechas y horarios de ambos tours.<\/p>\n<\/div>","protected":false},"featured_media":1442,"template":"","meta":{"_acf_changed":false},"product_brand":[],"product_cat":[142],"product_tag":[],"class_list":{"0":"post-1439","1":"product","2":"type-product","3":"status-publish","4":"has-post-thumbnail","6":"product_cat-special-offers","8":"first","9":"instock","10":"sale","11":"shipping-taxable","12":"product-type-grouped"},"acf":[],"yoast_head":"<!-- This site is optimized with the Yoast SEO plugin v25.6 - https:\/\/yoast.com\/wordpress\/plugins\/seo\/ -->\n<title>Water Package for 2 : Jet Ski &amp; SUP in Tenerife - Aventura Excursions - Book Now!<\/title>\n<meta name=\"description\" content=\"Book our Water Package for 2 in Tenerife. Check reviews, prices, and ratings. Enjoy thrilling jet ski rides and stand up paddle board with a discount.\" \/>\n<meta name=\"robots\" content=\"index, follow, max-snippet:-1, max-image-preview:large, max-video-preview:-1\" \/>\n<link rel=\"canonical\" href=\"https:\/\/aventura-excursions.com\/es\/producto\/water-package\/\" \/>\n<meta property=\"og:locale\" content=\"es_ES\" \/>\n<meta property=\"og:type\" content=\"article\" \/>\n<meta property=\"og:title\" content=\"Water Package for 2 : Jet Ski &amp; SUP in Tenerife - Aventura Excursions - Book Now!\" \/>\n<meta property=\"og:description\" content=\"Book our Water Package for 2 in Tenerife. Check reviews, prices, and ratings. Enjoy thrilling jet ski rides and stand up paddle board with a discount.\" \/>\n<meta property=\"og:url\" content=\"https:\/\/aventura-excursions.com\/es\/producto\/water-package\/\" \/>\n<meta property=\"og:site_name\" content=\"Aventura Excursions\" \/>\n<meta property=\"article:modified_time\" content=\"2025-09-16T12:45:21+00:00\" \/>\n<meta property=\"og:image\" content=\"https:\/\/aventura-excursions.com\/wp-content\/uploads\/2024\/04\/water-pack.jpg\" \/>\n\t<meta property=\"og:image:width\" content=\"950\" \/>\n\t<meta property=\"og:image:height\" content=\"676\" \/>\n\t<meta property=\"og:image:type\" content=\"image\/jpeg\" \/>\n<meta name=\"twitter:card\" content=\"summary_large_image\" \/>\n<meta name=\"twitter:label1\" content=\"Tiempo de lectura\" \/>\n\t<meta name=\"twitter:data1\" content=\"2 minutos\" \/>\n<!-- \/ Yoast SEO plugin. -->","yoast_head_json":{"title":"Water Package for 2 : Jet Ski & SUP in Tenerife - Aventura Excursions - Book Now!","description":"Book our Water Package for 2 in Tenerife. Check reviews, prices, and ratings. Enjoy thrilling jet ski rides and stand up paddle board with a discount.","robots":{"index":"index","follow":"follow","max-snippet":"max-snippet:-1","max-image-preview":"max-image-preview:large","max-video-preview":"max-video-preview:-1"},"canonical":"https:\/\/aventura-excursions.com\/es\/producto\/water-package\/","og_locale":"es_ES","og_type":"article","og_title":"Water Package for 2 : Jet Ski & SUP in Tenerife - Aventura Excursions - Book Now!","og_description":"Book our Water Package for 2 in Tenerife. Check reviews, prices, and ratings. Enjoy thrilling jet ski rides and stand up paddle board with a discount.","og_url":"https:\/\/aventura-excursions.com\/es\/producto\/water-package\/","og_site_name":"Aventura Excursions","article_modified_time":"2025-09-16T12:45:21+00:00","og_image":[{"width":950,"height":676,"url":"https:\/\/aventura-excursions.com\/wp-content\/uploads\/2024\/04\/water-pack.jpg","type":"image\/jpeg"}],"twitter_card":"summary_large_image","twitter_misc":{"Tiempo de lectura":"2 minutos"},"schema":{"@context":"https:\/\/schema.org","@graph":[{"@type":"WebPage","@id":"https:\/\/aventura-excursions.com\/product\/water-package\/","url":"https:\/\/aventura-excursions.com\/product\/water-package\/","name":"Water Package for 2 : Jet Ski & SUP in Tenerife - Aventura Excursions - Book Now!","isPartOf":{"@id":"https:\/\/aventura-excursions.com\/#website"},"primaryImageOfPage":{"@id":"https:\/\/aventura-excursions.com\/product\/water-package\/#primaryimage"},"image":{"@id":"https:\/\/aventura-excursions.com\/product\/water-package\/#primaryimage"},"thumbnailUrl":"https:\/\/aventura-excursions.com\/wp-content\/uploads\/2024\/04\/water-pack.jpg","datePublished":"2024-04-22T22:25:32+00:00","dateModified":"2025-09-16T12:45:21+00:00","description":"Book our Water Package for 2 in Tenerife. Check reviews, prices, and ratings. Enjoy thrilling jet ski rides and stand up paddle board with a discount.","breadcrumb":{"@id":"https:\/\/aventura-excursions.com\/product\/water-package\/#breadcrumb"},"inLanguage":"es","potentialAction":[{"@type":"ReadAction","target":["https:\/\/aventura-excursions.com\/product\/water-package\/"]}]},{"@type":"ImageObject","inLanguage":"es","@id":"https:\/\/aventura-excursions.com\/product\/water-package\/#primaryimage","url":"https:\/\/aventura-excursions.com\/wp-content\/uploads\/2024\/04\/water-pack.jpg","contentUrl":"https:\/\/aventura-excursions.com\/wp-content\/uploads\/2024\/04\/water-pack.jpg","width":950,"height":676},{"@type":"BreadcrumbList","@id":"https:\/\/aventura-excursions.com\/product\/water-package\/#breadcrumb","itemListElement":[{"@type":"ListItem","position":1,"name":"Tours","item":"https:\/\/aventura-excursions.com\/tours\/"},{"@type":"ListItem","position":2,"name":"Water Package for 2"}]},{"@type":"WebSite","@id":"https:\/\/aventura-excursions.com\/#website","url":"https:\/\/aventura-excursions.com\/","name":"Aventura Excursions","description":"Aventura Excursions","potentialAction":[{"@type":"SearchAction","target":{"@type":"EntryPoint","urlTemplate":"https:\/\/aventura-excursions.com\/?s={search_term_string}"},"query-input":{"@type":"PropertyValueSpecification","valueRequired":true,"valueName":"search_term_string"}}],"inLanguage":"es"}]}},"_links":{"self":[{"href":"https:\/\/aventura-excursions.com\/es\/wp-json\/wp\/v2\/product\/1439","targetHints":{"allow":["GET"]}}],"collection":[{"href":"https:\/\/aventura-excursions.com\/es\/wp-json\/wp\/v2\/product"}],"about":[{"href":"https:\/\/aventura-excursions.com\/es\/wp-json\/wp\/v2\/types\/product"}],"wp:featuredmedia":[{"embeddable":true,"href":"https:\/\/aventura-excursions.com\/es\/wp-json\/wp\/v2\/media\/1442"}],"wp:attachment":[{"href":"https:\/\/aventura-excursions.com\/es\/wp-json\/wp\/v2\/media?parent=1439"}],"wp:term":[{"taxonomy":"product_brand","embeddable":true,"href":"https:\/\/aventura-excursions.com\/es\/wp-json\/wp\/v2\/product_brand?post=1439"},{"taxonomy":"product_cat","embeddable":true,"href":"https:\/\/aventura-excursions.com\/es\/wp-json\/wp\/v2\/product_cat?post=1439"},{"taxonomy":"product_tag","embeddable":true,"href":"https:\/\/aventura-excursions.com\/es\/wp-json\/wp\/v2\/product_tag?post=1439"}],"curies":[{"name":"wp","href":"https:\/\/api.w.org\/{rel}","templated":true}]}}