{"id":1448,"date":"2024-04-23T18:43:06","date_gmt":"2024-04-23T15:43:06","guid":{"rendered":"https:\/\/aventura-excursions.com\/?post_type=product&#038;p=1448"},"modified":"2025-09-10T15:48:36","modified_gmt":"2025-09-10T12:48:36","slug":"for-families-with-kids","status":"publish","type":"product","link":"https:\/\/aventura-excursions.com\/es\/producto\/for-families-with-kids\/","title":{"rendered":"Para familias con ni\u00f1os"},"content":{"rendered":"<div>\n<h3>Tours incluidos en el paquete<\/h3>\n<ul>\n<li><a href=\"https:\/\/aventura-excursions.com\/es\/producto\/siam-park\/\"><strong><em>Siam Park:<\/em><\/strong><\/a> parque acu\u00e1tico n\u00famero 1 en Europa<\/li>\n<li><strong><em><a href=\"https:\/\/aventura-excursions.com\/es\/producto\/loro-park\/\">Loro Park:<\/a><\/em><\/strong> famoso zoo con show de orcas<\/li>\n<li><strong><em><a href=\"https:\/\/aventura-excursions.com\/es\/producto\/kayaking-snorkeling\/\">Kayak + snorkel:<\/a><\/em><\/strong> ense\u00f1ando a los ni\u00f1os a hacer snorkel<\/li>\n<li><strong><em><a href=\"https:\/\/aventura-excursions.com\/es\/producto\/boat-trip-whale-watching\/\">Paseo en barco Viking:<\/a><\/em><\/strong> observar delfines; la mejor animaci\u00f3n infantil<\/li>\n<\/ul>\n<p><\/p>\n<h3>Descripci\u00f3n<\/h3>\n<p class=\" translation-block\">\u00a1Comparte tus emocionantes vacaciones con toda la familia! Hemos seleccionado para ti los tours m\u00e1s populares que reservan familias con ni\u00f1os en Tenerife y los hemos combinado en un paquete con descuento. Esta oferta especial incluye un <a href=\"https:\/\/aventura-excursions.com\/es\/producto\/twin-ticket\/\" target=\"_self\"><em><strong>Twin Ticket<\/strong><\/em><\/a> (Siam + Loro), un tour en <a href=\"https:\/\/aventura-excursions.com\/es\/producto\/kayaking-snorkeling\/\" target=\"_self\"><strong><em>kayak + snorkel<\/em><\/strong><\/a> y un viaje \u00fanico a bordo del <a href=\"https:\/\/aventura-excursions.com\/es\/producto\/boat-trip-whale-watching\/\" target=\"_self\"><strong><em>barco Viking<\/em><\/strong><\/a> con una animaci\u00f3n espectacular.<\/p>\n<p>Puedes elegir los d\u00edas que quieras para realizar cada actividad y en el orden que quieras. En cuanto recibamos tu reserva nos pondremos en contacto contigo para acordar los d\u00edas y horarios de las excursiones.<\/p>\n<p>\u00a1F\u00e1cil de planificar, a menor precio!<\/p>\n<p>\n<\/p>\n<h3>Detalles<\/h3>\n<p>\n<strong><em>Siam Park<\/em><\/strong><\/p>\n<p>Horario de verano: 10:00 \u2013 18:00<br \/>\nWinter opening hours: 10:00 &#8211; 17:00<br \/>\nUbicaci\u00f3n: Sur de Tenerife<\/p>\n<p><strong><em>Loro Parque<\/em><\/strong><\/p>\n<p>Horario de apertura: 09:30 \u2013 17:30<br \/>\nUbicaci\u00f3n: Norte de Tenerife<\/p>\n<p><strong><em>Recorrido en kayak<\/em><\/strong><\/p>\n<p>Horario de inicio: 10:00, 12:30, 14:00<br \/>\nUbicaci\u00f3n: Los Cristianos, Sur de Tenerife<\/p>\n<p><strong><em>Paseo en barco Viking<\/em><\/strong><\/p>\n<p>Horario de inicio: 11:00, 13:30<br \/>\nUbicaci\u00f3n: Los Cristianos, Sur de Tenerife<\/p>\n<p>\n<\/p>\n<h3>Transporte<\/h3>\n<p>\nPara que te resulte m\u00e1s f\u00e1cil planificar tu visita, ofrecemos un autob\u00fas a Siam Park desde Puerto de la Cruz y un autob\u00fas a Loro Park desde los pueblos tur\u00edsticos del sur (Las Am\u00e9ricas, Los Cristianos, etc.).<\/p>\n<p class=\" translation-block\">Reserva <strong>Paquete Familiar + Siam bus<\/strong>, si te alojas en Puerto de La Cruz.\n<br>Reserva <strong>Paquete Familiar + Loro bus<\/strong>, si te alojas en el Sur.<\/p>\n<p>Hay un servicio gratuito de traslado en autob\u00fas Siam en el sur.<\/p>\n<p class=\" translation-block\">Tambi\u00e9n puedes <a href=\"https:\/\/aventura-excursions.com\/es\/producto\/rent-a-car\/\" target=\"_self\"><strong><em>alquilar un coche<\/em><\/strong><\/a> con nosotros e ir a los parques por tu cuenta. El \u00fanico inconveniente puede ser el estacionamiento lleno debido a la gran popularidad de ambos parques.<\/p>\n<p>Para el recorrido en kayak la recogida en el Sur cuesta 4 euros por persona que pagas en la escuela de kayak.<\/p>\n<p>La recogida para el paseo en barco Viking es gratuita en el Sur de Tenerife.\n<\/p><\/div>","protected":false},"excerpt":{"rendered":"<div>\n<p>La opci\u00f3n m\u00e1s popular para familias con ni\u00f1os: Twin Ticket (Siam Park y Loro Park), excursi\u00f3n en kayak+snorkel y paseo en barco Vikingo.<\/p>\n<p>\nPrimero, elige si necesitas un traslado a uno de los parques o no.<\/p>\n<p>\nSi est\u00e1s en el Norte y necesitas transporte a Siam Park, elige Paquete Familiar + Siam bus.<\/p>\n<p>\nSi est\u00e1s en el Sur y necesitas transporte al Loro Parque, elige Paquete Familiar + Loro bus.<\/p>\n<p>\nElige el n\u00famero de adultos y ni\u00f1os y luego la fecha del primer tour. Al recibir la reserva, acordaremos contigo las fechas y horarios de todos los tours.\n<\/p><\/div>","protected":false},"featured_media":1620,"template":"","meta":{"_acf_changed":false},"product_brand":[],"product_cat":[142],"product_tag":[],"class_list":{"0":"post-1448","1":"product","2":"type-product","3":"status-publish","4":"has-post-thumbnail","6":"product_cat-special-offers","8":"first","9":"instock","10":"sale","11":"shipping-taxable","12":"product-type-grouped"},"acf":[],"yoast_head":"<!-- This site is optimized with the Yoast SEO plugin v25.6 - https:\/\/yoast.com\/wordpress\/plugins\/seo\/ -->\n<title>Tenerife Family Fun Package - Aventura Excursions | Book and Save 10%!<\/title>\n<meta name=\"description\" content=\"Book the best family tours in Tenerife! Get the Twin Ticket for Siam &amp; Loro Parks, kayaking, snorkeling, and Viking boat trip. Reserve your adventure now!\" \/>\n<meta name=\"robots\" content=\"index, follow, max-snippet:-1, max-image-preview:large, max-video-preview:-1\" \/>\n<link rel=\"canonical\" href=\"https:\/\/aventura-excursions.com\/es\/producto\/for-families-with-kids\/\" \/>\n<meta property=\"og:locale\" content=\"es_ES\" \/>\n<meta property=\"og:type\" content=\"article\" \/>\n<meta property=\"og:title\" content=\"Tenerife Family Fun Package - Aventura Excursions | Book and Save 10%!\" \/>\n<meta property=\"og:description\" content=\"Book the best family tours in Tenerife! Get the Twin Ticket for Siam &amp; Loro Parks, kayaking, snorkeling, and Viking boat trip. Reserve your adventure now!\" \/>\n<meta property=\"og:url\" content=\"https:\/\/aventura-excursions.com\/es\/producto\/for-families-with-kids\/\" \/>\n<meta property=\"og:site_name\" content=\"Aventura Excursions\" \/>\n<meta property=\"article:modified_time\" content=\"2025-09-10T12:48:36+00:00\" \/>\n<meta property=\"og:image\" content=\"https:\/\/aventura-excursions.com\/wp-content\/uploads\/2024\/04\/\u0414\u0438\u0437\u0430\u0439\u043d-\u0431\u0435\u0437-\u043d\u0430\u0437\u0432\u0430\u043d\u0438\u044f.jpg\" \/>\n\t<meta property=\"og:image:width\" content=\"800\" \/>\n\t<meta property=\"og:image:height\" content=\"600\" \/>\n\t<meta property=\"og:image:type\" content=\"image\/jpeg\" \/>\n<meta name=\"twitter:card\" content=\"summary_large_image\" \/>\n<meta name=\"twitter:label1\" content=\"Tiempo de lectura\" \/>\n\t<meta name=\"twitter:data1\" content=\"2 minutos\" \/>\n<!-- \/ Yoast SEO plugin. -->","yoast_head_json":{"title":"Tenerife Family Fun Package - Aventura Excursions | Book and Save 10%!","description":"Book the best family tours in Tenerife! Get the Twin Ticket for Siam & Loro Parks, kayaking, snorkeling, and Viking boat trip. Reserve your adventure now!","robots":{"index":"index","follow":"follow","max-snippet":"max-snippet:-1","max-image-preview":"max-image-preview:large","max-video-preview":"max-video-preview:-1"},"canonical":"https:\/\/aventura-excursions.com\/es\/producto\/for-families-with-kids\/","og_locale":"es_ES","og_type":"article","og_title":"Tenerife Family Fun Package - Aventura Excursions | Book and Save 10%!","og_description":"Book the best family tours in Tenerife! Get the Twin Ticket for Siam & Loro Parks, kayaking, snorkeling, and Viking boat trip. Reserve your adventure now!","og_url":"https:\/\/aventura-excursions.com\/es\/producto\/for-families-with-kids\/","og_site_name":"Aventura Excursions","article_modified_time":"2025-09-10T12:48:36+00:00","og_image":[{"width":800,"height":600,"url":"https:\/\/aventura-excursions.com\/wp-content\/uploads\/2024\/04\/\u0414\u0438\u0437\u0430\u0439\u043d-\u0431\u0435\u0437-\u043d\u0430\u0437\u0432\u0430\u043d\u0438\u044f.jpg","type":"image\/jpeg"}],"twitter_card":"summary_large_image","twitter_misc":{"Tiempo de lectura":"2 minutos"},"schema":{"@context":"https:\/\/schema.org","@graph":[{"@type":"WebPage","@id":"https:\/\/aventura-excursions.com\/product\/for-families-with-kids\/","url":"https:\/\/aventura-excursions.com\/product\/for-families-with-kids\/","name":"Tenerife Family Fun Package - Aventura Excursions | Book and Save 10%!","isPartOf":{"@id":"https:\/\/aventura-excursions.com\/#website"},"primaryImageOfPage":{"@id":"https:\/\/aventura-excursions.com\/product\/for-families-with-kids\/#primaryimage"},"image":{"@id":"https:\/\/aventura-excursions.com\/product\/for-families-with-kids\/#primaryimage"},"thumbnailUrl":"https:\/\/aventura-excursions.com\/wp-content\/uploads\/2024\/04\/\u0414\u0438\u0437\u0430\u0439\u043d-\u0431\u0435\u0437-\u043d\u0430\u0437\u0432\u0430\u043d\u0438\u044f.jpg","datePublished":"2024-04-23T15:43:06+00:00","dateModified":"2025-09-10T12:48:36+00:00","description":"Book the best family tours in Tenerife! Get the Twin Ticket for Siam & Loro Parks, kayaking, snorkeling, and Viking boat trip. Reserve your adventure now!","breadcrumb":{"@id":"https:\/\/aventura-excursions.com\/product\/for-families-with-kids\/#breadcrumb"},"inLanguage":"es","potentialAction":[{"@type":"ReadAction","target":["https:\/\/aventura-excursions.com\/product\/for-families-with-kids\/"]}]},{"@type":"ImageObject","inLanguage":"es","@id":"https:\/\/aventura-excursions.com\/product\/for-families-with-kids\/#primaryimage","url":"https:\/\/aventura-excursions.com\/wp-content\/uploads\/2024\/04\/\u0414\u0438\u0437\u0430\u0439\u043d-\u0431\u0435\u0437-\u043d\u0430\u0437\u0432\u0430\u043d\u0438\u044f.jpg","contentUrl":"https:\/\/aventura-excursions.com\/wp-content\/uploads\/2024\/04\/\u0414\u0438\u0437\u0430\u0439\u043d-\u0431\u0435\u0437-\u043d\u0430\u0437\u0432\u0430\u043d\u0438\u044f.jpg","width":800,"height":600},{"@type":"BreadcrumbList","@id":"https:\/\/aventura-excursions.com\/product\/for-families-with-kids\/#breadcrumb","itemListElement":[{"@type":"ListItem","position":1,"name":"Tours","item":"https:\/\/aventura-excursions.com\/tours\/"},{"@type":"ListItem","position":2,"name":"For Families with Kids"}]},{"@type":"WebSite","@id":"https:\/\/aventura-excursions.com\/#website","url":"https:\/\/aventura-excursions.com\/","name":"Aventura Excursions","description":"Aventura Excursions","potentialAction":[{"@type":"SearchAction","target":{"@type":"EntryPoint","urlTemplate":"https:\/\/aventura-excursions.com\/?s={search_term_string}"},"query-input":{"@type":"PropertyValueSpecification","valueRequired":true,"valueName":"search_term_string"}}],"inLanguage":"es"}]}},"_links":{"self":[{"href":"https:\/\/aventura-excursions.com\/es\/wp-json\/wp\/v2\/product\/1448","targetHints":{"allow":["GET"]}}],"collection":[{"href":"https:\/\/aventura-excursions.com\/es\/wp-json\/wp\/v2\/product"}],"about":[{"href":"https:\/\/aventura-excursions.com\/es\/wp-json\/wp\/v2\/types\/product"}],"wp:featuredmedia":[{"embeddable":true,"href":"https:\/\/aventura-excursions.com\/es\/wp-json\/wp\/v2\/media\/1620"}],"wp:attachment":[{"href":"https:\/\/aventura-excursions.com\/es\/wp-json\/wp\/v2\/media?parent=1448"}],"wp:term":[{"taxonomy":"product_brand","embeddable":true,"href":"https:\/\/aventura-excursions.com\/es\/wp-json\/wp\/v2\/product_brand?post=1448"},{"taxonomy":"product_cat","embeddable":true,"href":"https:\/\/aventura-excursions.com\/es\/wp-json\/wp\/v2\/product_cat?post=1448"},{"taxonomy":"product_tag","embeddable":true,"href":"https:\/\/aventura-excursions.com\/es\/wp-json\/wp\/v2\/product_tag?post=1448"}],"curies":[{"name":"wp","href":"https:\/\/api.w.org\/{rel}","templated":true}]}}