{"id":1579,"date":"2024-05-15T14:35:55","date_gmt":"2024-05-15T11:35:55","guid":{"rendered":"https:\/\/aventura-excursions.com\/?post_type=product&#038;p=1579"},"modified":"2025-09-10T15:36:06","modified_gmt":"2025-09-10T12:36:06","slug":"diving-for-beginners","status":"publish","type":"product","link":"https:\/\/aventura-excursions.com\/es\/producto\/diving-for-beginners\/","title":{"rendered":"Buceo para principiantes"},"content":{"rendered":"<h3>Descripci\u00f3n<\/h3>\n<p>\nEver wondered what it&#8217;s like to breathe underwater and explore the magical world beneath the waves? Join us for a try dive or DSD program and discover the thrill of scuba diving! Perfect for beginners, our expert instructors will guide you through every step, ensuring a safe and unforgettable experience. No prior experience needed\u2014just bring your sense of adventure!<\/p>\n<p>\nHay dos programas para principiantes: un bautismo de buceo que es la introducci\u00f3n m\u00e1s b\u00e1sica al submarinismo y un DSD que es un programa m\u00e1s extendido e incluye aprendizaje electr\u00f3nico (elearning), charlas m\u00e1s largas con el instructor y una serie de ejercicios en el agua. DSD tambi\u00e9n te dar\u00e1 un permiso temporal para bucear a una profundidad de 12 metros con un instructor.<\/p>\n<p>\nYou can choose to dive from the beach or by boat. In both cases you will dive in a beautiful dive spot, rich of marine life. Guided by our experienced instructors, you&#8217;ll experience the beauty and thrill of scuba diving in one of the world&#8217;s top diving destinations.<\/p>\n<p>\n\u00a1Reserva tu inmersi\u00f3n hoy y crea recuerdos que durar\u00e1n toda la vida!<\/p>\n<p>\n<\/p>\n<h3>Puntos de inter\u00e9s<\/h3>\n<ul>\n<li>Buceo para principiantes totales (no se requiere experiencia)<\/li>\n<li>Los mejores lugares para bucear en Tenerife<\/li>\n<li>Buceo desde la playa y barco<\/li>\n<li>Abundante vida marina<\/li>\n<li>Paisajes volc\u00e1nicos<\/li>\n<li>Instructores experimentados<\/li>\n<\/ul>\n<p><\/p>\n<h3>Requisitos<\/h3>\n<p>Edad m\u00ednima: 8 a\u00f1os<\/p>\n<p><\/p>\n<h3>Detalles<\/h3>\n<p>\nDuraci\u00f3n: 3 horas<br \/>\nHora de salida desde la playa: 10:00, 12:30, 15:00<br \/>\nHora de salida desde el barco: 09:00, 13:00<br \/>\nEquipo y seguro incluidos<\/p>\n<p>La recogida en el Sur de Tenerife cuesta 4 euros por persona: desde Callao Salvaje hasta Golf del Sur.<br \/>\nRecogida en Puerto Santiago, Playa la Arena, El Medano: 15 euros por el coche (m\u00e1ximo 8 pax). <\/p>\n<p><\/p>\n<h3>Inscr\u00edbete en un curso<\/h3>\n<p>\n\u00a1Puedes saltarte el bautizo de buceo e inscribirte directamente en un curso de buceo y obtener la licencia en solo 1 o 2 d\u00edas! Ver m\u00e1s informaci\u00f3n aqu\u00ed: <strong><em><a href=\"https:\/\/aventura-excursions.com\/es\/producto\/diving-courses\/\">Cursos de Buceo<\/a><\/em><\/strong><\/p>","protected":false},"excerpt":{"rendered":"<div>\n<p>\u00bfTienes curiosidad por el buceo? \u00a1Nuestra inmersi\u00f3n de prueba es la forma perfecta de empezar! Sum\u00e9rgete en un mundo nuevo con uno de nuestros instructores expertos, no se necesita experiencia.<\/p>\n<p>\nElija un bautismo de buceo o un programa DSD con aprendizaje electr\u00f3nico y, si es necesario, opciones adicionales: fotos, recogida en el sur de Tenerife o Playa la Arena. Luego selecciona la fecha para tu primera experiencia de buceo.<\/p>\n<\/div>","protected":false},"featured_media":1611,"template":"","meta":{"_acf_changed":false},"product_brand":[],"product_cat":[21],"product_tag":[],"class_list":{"0":"post-1579","1":"product","2":"type-product","3":"status-publish","4":"has-post-thumbnail","6":"product_cat-activities","8":"first","9":"instock","10":"sale","11":"shipping-taxable","12":"product-type-grouped"},"acf":[],"yoast_head":"<!-- This site is optimized with the Yoast SEO plugin v25.6 - https:\/\/yoast.com\/wordpress\/plugins\/seo\/ -->\n<title>Diving for Beginners in Tenerife - Aventura Excursions | Book Your Try Dive Now!<\/title>\n<meta name=\"description\" content=\"Start scuba diving in Tenerife! Perfect for beginners, our try dive and DSD programs offer expert guidance. Check prices, reviews, and book now!\" \/>\n<meta name=\"robots\" content=\"index, follow, max-snippet:-1, max-image-preview:large, max-video-preview:-1\" \/>\n<link rel=\"canonical\" href=\"https:\/\/aventura-excursions.com\/es\/producto\/diving-for-beginners\/\" \/>\n<meta property=\"og:locale\" content=\"es_ES\" \/>\n<meta property=\"og:type\" content=\"article\" \/>\n<meta property=\"og:title\" content=\"Diving for Beginners in Tenerife - Aventura Excursions | Book Your Try Dive Now!\" \/>\n<meta property=\"og:description\" content=\"Start scuba diving in Tenerife! Perfect for beginners, our try dive and DSD programs offer expert guidance. Check prices, reviews, and book now!\" \/>\n<meta property=\"og:url\" content=\"https:\/\/aventura-excursions.com\/es\/producto\/diving-for-beginners\/\" \/>\n<meta property=\"og:site_name\" content=\"Aventura Excursions\" \/>\n<meta property=\"article:modified_time\" content=\"2025-09-10T12:36:06+00:00\" \/>\n<meta property=\"og:image\" content=\"https:\/\/aventura-excursions.com\/wp-content\/uploads\/2024\/05\/caption.jpg\" \/>\n\t<meta property=\"og:image:width\" content=\"500\" \/>\n\t<meta property=\"og:image:height\" content=\"400\" \/>\n\t<meta property=\"og:image:type\" content=\"image\/jpeg\" \/>\n<meta name=\"twitter:card\" content=\"summary_large_image\" \/>\n<meta name=\"twitter:label1\" content=\"Tiempo de lectura\" \/>\n\t<meta name=\"twitter:data1\" content=\"2 minutos\" \/>\n<!-- \/ Yoast SEO plugin. -->","yoast_head_json":{"title":"Diving for Beginners in Tenerife - Aventura Excursions | Book Your Try Dive Now!","description":"Start scuba diving in Tenerife! Perfect for beginners, our try dive and DSD programs offer expert guidance. Check prices, reviews, and book now!","robots":{"index":"index","follow":"follow","max-snippet":"max-snippet:-1","max-image-preview":"max-image-preview:large","max-video-preview":"max-video-preview:-1"},"canonical":"https:\/\/aventura-excursions.com\/es\/producto\/diving-for-beginners\/","og_locale":"es_ES","og_type":"article","og_title":"Diving for Beginners in Tenerife - Aventura Excursions | Book Your Try Dive Now!","og_description":"Start scuba diving in Tenerife! Perfect for beginners, our try dive and DSD programs offer expert guidance. Check prices, reviews, and book now!","og_url":"https:\/\/aventura-excursions.com\/es\/producto\/diving-for-beginners\/","og_site_name":"Aventura Excursions","article_modified_time":"2025-09-10T12:36:06+00:00","og_image":[{"width":500,"height":400,"url":"https:\/\/aventura-excursions.com\/wp-content\/uploads\/2024\/05\/caption.jpg","type":"image\/jpeg"}],"twitter_card":"summary_large_image","twitter_misc":{"Tiempo de lectura":"2 minutos"},"schema":{"@context":"https:\/\/schema.org","@graph":[{"@type":"WebPage","@id":"https:\/\/aventura-excursions.com\/product\/diving-for-beginners\/","url":"https:\/\/aventura-excursions.com\/product\/diving-for-beginners\/","name":"Diving for Beginners in Tenerife - Aventura Excursions | Book Your Try Dive Now!","isPartOf":{"@id":"https:\/\/aventura-excursions.com\/#website"},"primaryImageOfPage":{"@id":"https:\/\/aventura-excursions.com\/product\/diving-for-beginners\/#primaryimage"},"image":{"@id":"https:\/\/aventura-excursions.com\/product\/diving-for-beginners\/#primaryimage"},"thumbnailUrl":"https:\/\/aventura-excursions.com\/wp-content\/uploads\/2024\/05\/caption.jpg","datePublished":"2024-05-15T11:35:55+00:00","dateModified":"2025-09-10T12:36:06+00:00","description":"Start scuba diving in Tenerife! Perfect for beginners, our try dive and DSD programs offer expert guidance. Check prices, reviews, and book now!","breadcrumb":{"@id":"https:\/\/aventura-excursions.com\/product\/diving-for-beginners\/#breadcrumb"},"inLanguage":"es","potentialAction":[{"@type":"ReadAction","target":["https:\/\/aventura-excursions.com\/product\/diving-for-beginners\/"]}]},{"@type":"ImageObject","inLanguage":"es","@id":"https:\/\/aventura-excursions.com\/product\/diving-for-beginners\/#primaryimage","url":"https:\/\/aventura-excursions.com\/wp-content\/uploads\/2024\/05\/caption.jpg","contentUrl":"https:\/\/aventura-excursions.com\/wp-content\/uploads\/2024\/05\/caption.jpg","width":500,"height":400},{"@type":"BreadcrumbList","@id":"https:\/\/aventura-excursions.com\/product\/diving-for-beginners\/#breadcrumb","itemListElement":[{"@type":"ListItem","position":1,"name":"Tours","item":"https:\/\/aventura-excursions.com\/tours\/"},{"@type":"ListItem","position":2,"name":"Diving for Beginners"}]},{"@type":"WebSite","@id":"https:\/\/aventura-excursions.com\/#website","url":"https:\/\/aventura-excursions.com\/","name":"Aventura Excursions","description":"Aventura Excursions","potentialAction":[{"@type":"SearchAction","target":{"@type":"EntryPoint","urlTemplate":"https:\/\/aventura-excursions.com\/?s={search_term_string}"},"query-input":{"@type":"PropertyValueSpecification","valueRequired":true,"valueName":"search_term_string"}}],"inLanguage":"es"}]}},"_links":{"self":[{"href":"https:\/\/aventura-excursions.com\/es\/wp-json\/wp\/v2\/product\/1579","targetHints":{"allow":["GET"]}}],"collection":[{"href":"https:\/\/aventura-excursions.com\/es\/wp-json\/wp\/v2\/product"}],"about":[{"href":"https:\/\/aventura-excursions.com\/es\/wp-json\/wp\/v2\/types\/product"}],"wp:featuredmedia":[{"embeddable":true,"href":"https:\/\/aventura-excursions.com\/es\/wp-json\/wp\/v2\/media\/1611"}],"wp:attachment":[{"href":"https:\/\/aventura-excursions.com\/es\/wp-json\/wp\/v2\/media?parent=1579"}],"wp:term":[{"taxonomy":"product_brand","embeddable":true,"href":"https:\/\/aventura-excursions.com\/es\/wp-json\/wp\/v2\/product_brand?post=1579"},{"taxonomy":"product_cat","embeddable":true,"href":"https:\/\/aventura-excursions.com\/es\/wp-json\/wp\/v2\/product_cat?post=1579"},{"taxonomy":"product_tag","embeddable":true,"href":"https:\/\/aventura-excursions.com\/es\/wp-json\/wp\/v2\/product_tag?post=1579"}],"curies":[{"name":"wp","href":"https:\/\/api.w.org\/{rel}","templated":true}]}}