{"id":1829,"date":"2024-06-01T06:18:54","date_gmt":"2024-06-01T03:18:54","guid":{"rendered":"https:\/\/aventura-excursions.com\/?post_type=product&#038;p=1829"},"modified":"2025-06-04T18:36:37","modified_gmt":"2025-06-04T15:36:37","slug":"teide-cable-car","status":"publish","type":"product","link":"https:\/\/aventura-excursions.com\/es\/producto\/teide-cable-car\/","title":{"rendered":"Teide + Telef\u00e9rico"},"content":{"rendered":"<h3>Descripci\u00f3n<\/h3>\n<p>\nExplora los paisajes lunares que hacen del Parque Nacional del Teide el m\u00e1s visitado de Europa. Descon\u00e9ctate de las visiones habituales de la Tierra y cree que est\u00e1s en otro planeta. Sube en el telef\u00e9rico al monte m\u00e1s alto e impresionante de Espa\u00f1a, el Teide (3718 m), y encu\u00e9ntrate por encima de las nubes, contemplando fant\u00e1sticas vistas a tu alrededor: Pe\u00f1ascos de Garc\u00eda, enormes coladas de lava, vastos desiertos y coloridas monta\u00f1as que albergan todo tipo de minerales.<\/p>\n<h3>Puntos de inter\u00e9s<\/h3>\n<ul>\n<li>Parque Nacional del Teide<\/li>\n<li>Roques de Garc\u00eda<\/li>\n<li>Telef\u00e9rico al Teide (\u00a1hasta 3550 m!)<\/li>\n<\/ul>\n<p>\n<\/p>\n<h3>Detalles<\/h3>\n<p>\n<strong><em>Recogida:<\/em><\/strong> alrededor de las 11:00 <\/p>\n<p>\n<strong><em>Duraci\u00f3n:<\/em><\/strong> 7-8 horas <\/p>\n<p>\n<strong><em>Incluido:<\/em><\/strong> <\/p>\n<ul>\n<li>recogida en el Sur desde Costa Adeje a Los Cristianos y en el Norte desde Puerto de la Cruz<\/li>\n<li>billete al telef\u00e9rico<\/li>\n<li>gu\u00eda profesional<\/li>\n<\/ul>\n<p>\n<strong><em>No incluido:<\/em><\/strong> almuerzo (habr\u00e1 una parada en un restaurante-merendero) <\/p>\n<p>\n<br \/>\n<strong><em>Nota:<\/em><\/strong> El horario que aparece en esta p\u00e1gina se aplica exclusivamente a las visitas realizadas en ingl\u00e9s y espa\u00f1ol.<\/p>\n<p>\nPara visitas en otros idiomas, o si desea que le recojamos en una zona que no figura en la lista, p\u00f3ngase en contacto con nosotros por correo electr\u00f3nico en info@aventura-excursions.com <a href=\"mailto:info@aventura-excursions.com\" target=\"ask__mail\">info@aventura-excursions.com<\/a> o por tel\u00e9fono en <a href=\"tel: 34647676812\" target=\"_blank\">+34 647 67 68 12<\/a>. Nuestro equipo estar\u00e1 encantado de ayudarle.<\/p>","protected":false},"excerpt":{"rendered":"<div>\n\u00danete a una de las visitas guiadas m\u00e1s populares en Tenerife y descubre el Parque Nacional del Teide desde un \u00e1ngulo especial subiendo al pico m\u00e1s alto de Espa\u00f1a en un telef\u00e9rico. <\/p>\n<p>\nEn primer lugar, elige si est\u00e1s en el Sur (recogida disponible desde Costa Adeje hasta Los Cristianos) o en Puerto de la Cruz. Selecciona el n\u00famero de adultos, ni\u00f1os (3-13 a\u00f1os) y beb\u00e9s (0-2 a\u00f1os) y, a continuaci\u00f3n, la fecha de la excursi\u00f3n.\n<\/div>","protected":false},"featured_media":440,"template":"","meta":{"_acf_changed":false},"product_brand":[],"product_cat":[19],"product_tag":[],"class_list":{"0":"post-1829","1":"product","2":"type-product","3":"status-publish","4":"has-post-thumbnail","6":"product_cat-bus-excursions","8":"first","9":"instock","10":"shipping-taxable","11":"product-type-grouped"},"acf":[],"yoast_head":"<!-- This site is optimized with the Yoast SEO plugin v25.6 - https:\/\/yoast.com\/wordpress\/plugins\/seo\/ -->\n<title>Teide Cable Car Tours in Tenerife - Aventura Excursions - Book Your Adventure Now!<\/title>\n<meta name=\"description\" content=\"Explore the Teide National Park and climb to an altitude of 3,550m by cable car. Check reviews, prices. Experience stunning views from Spain&#039;s highest peak.\" \/>\n<meta name=\"robots\" content=\"index, follow, max-snippet:-1, max-image-preview:large, max-video-preview:-1\" \/>\n<link rel=\"canonical\" href=\"https:\/\/aventura-excursions.com\/es\/producto\/teide-cable-car\/\" \/>\n<meta property=\"og:locale\" content=\"es_ES\" \/>\n<meta property=\"og:type\" content=\"article\" \/>\n<meta property=\"og:title\" content=\"Teide Cable Car Tours in Tenerife - Aventura Excursions - Book Your Adventure Now!\" \/>\n<meta property=\"og:description\" content=\"Explore the Teide National Park and climb to an altitude of 3,550m by cable car. Check reviews, prices. Experience stunning views from Spain&#039;s highest peak.\" \/>\n<meta property=\"og:url\" content=\"https:\/\/aventura-excursions.com\/es\/producto\/teide-cable-car\/\" \/>\n<meta property=\"og:site_name\" content=\"Aventura Excursions\" \/>\n<meta property=\"article:modified_time\" content=\"2025-06-04T15:36:37+00:00\" \/>\n<meta property=\"og:image\" content=\"https:\/\/aventura-excursions.com\/wp-content\/uploads\/2024\/02\/parque-nacional-teide-teleferico-02.jpg\" \/>\n\t<meta property=\"og:image:width\" content=\"1024\" \/>\n\t<meta property=\"og:image:height\" content=\"682\" \/>\n\t<meta property=\"og:image:type\" content=\"image\/jpeg\" \/>\n<meta name=\"twitter:card\" content=\"summary_large_image\" \/>\n<meta name=\"twitter:label1\" content=\"Tiempo de lectura\" \/>\n\t<meta name=\"twitter:data1\" content=\"2 minutos\" \/>\n<!-- \/ Yoast SEO plugin. -->","yoast_head_json":{"title":"Teide Cable Car Tours in Tenerife - Aventura Excursions - Book Your Adventure Now!","description":"Explore the Teide National Park and climb to an altitude of 3,550m by cable car. Check reviews, prices. Experience stunning views from Spain's highest peak.","robots":{"index":"index","follow":"follow","max-snippet":"max-snippet:-1","max-image-preview":"max-image-preview:large","max-video-preview":"max-video-preview:-1"},"canonical":"https:\/\/aventura-excursions.com\/es\/producto\/teide-cable-car\/","og_locale":"es_ES","og_type":"article","og_title":"Teide Cable Car Tours in Tenerife - Aventura Excursions - Book Your Adventure Now!","og_description":"Explore the Teide National Park and climb to an altitude of 3,550m by cable car. Check reviews, prices. Experience stunning views from Spain's highest peak.","og_url":"https:\/\/aventura-excursions.com\/es\/producto\/teide-cable-car\/","og_site_name":"Aventura Excursions","article_modified_time":"2025-06-04T15:36:37+00:00","og_image":[{"width":1024,"height":682,"url":"https:\/\/aventura-excursions.com\/wp-content\/uploads\/2024\/02\/parque-nacional-teide-teleferico-02.jpg","type":"image\/jpeg"}],"twitter_card":"summary_large_image","twitter_misc":{"Tiempo de lectura":"2 minutos"},"schema":{"@context":"https:\/\/schema.org","@graph":[{"@type":"WebPage","@id":"https:\/\/aventura-excursions.com\/product\/teide-cable-car\/","url":"https:\/\/aventura-excursions.com\/product\/teide-cable-car\/","name":"Teide Cable Car Tours in Tenerife - Aventura Excursions - Book Your Adventure Now!","isPartOf":{"@id":"https:\/\/aventura-excursions.com\/#website"},"primaryImageOfPage":{"@id":"https:\/\/aventura-excursions.com\/product\/teide-cable-car\/#primaryimage"},"image":{"@id":"https:\/\/aventura-excursions.com\/product\/teide-cable-car\/#primaryimage"},"thumbnailUrl":"https:\/\/aventura-excursions.com\/wp-content\/uploads\/2024\/02\/parque-nacional-teide-teleferico-02.jpg","datePublished":"2024-06-01T03:18:54+00:00","dateModified":"2025-06-04T15:36:37+00:00","description":"Explore the Teide National Park and climb to an altitude of 3,550m by cable car. Check reviews, prices. Experience stunning views from Spain's highest peak.","breadcrumb":{"@id":"https:\/\/aventura-excursions.com\/product\/teide-cable-car\/#breadcrumb"},"inLanguage":"es","potentialAction":[{"@type":"ReadAction","target":["https:\/\/aventura-excursions.com\/product\/teide-cable-car\/"]}]},{"@type":"ImageObject","inLanguage":"es","@id":"https:\/\/aventura-excursions.com\/product\/teide-cable-car\/#primaryimage","url":"https:\/\/aventura-excursions.com\/wp-content\/uploads\/2024\/02\/parque-nacional-teide-teleferico-02.jpg","contentUrl":"https:\/\/aventura-excursions.com\/wp-content\/uploads\/2024\/02\/parque-nacional-teide-teleferico-02.jpg","width":1024,"height":682},{"@type":"BreadcrumbList","@id":"https:\/\/aventura-excursions.com\/product\/teide-cable-car\/#breadcrumb","itemListElement":[{"@type":"ListItem","position":1,"name":"Tours","item":"https:\/\/aventura-excursions.com\/tours\/"},{"@type":"ListItem","position":2,"name":"Teide + Cable Car"}]},{"@type":"WebSite","@id":"https:\/\/aventura-excursions.com\/#website","url":"https:\/\/aventura-excursions.com\/","name":"Aventura Excursions","description":"Aventura Excursions","potentialAction":[{"@type":"SearchAction","target":{"@type":"EntryPoint","urlTemplate":"https:\/\/aventura-excursions.com\/?s={search_term_string}"},"query-input":{"@type":"PropertyValueSpecification","valueRequired":true,"valueName":"search_term_string"}}],"inLanguage":"es"}]}},"_links":{"self":[{"href":"https:\/\/aventura-excursions.com\/es\/wp-json\/wp\/v2\/product\/1829","targetHints":{"allow":["GET"]}}],"collection":[{"href":"https:\/\/aventura-excursions.com\/es\/wp-json\/wp\/v2\/product"}],"about":[{"href":"https:\/\/aventura-excursions.com\/es\/wp-json\/wp\/v2\/types\/product"}],"wp:featuredmedia":[{"embeddable":true,"href":"https:\/\/aventura-excursions.com\/es\/wp-json\/wp\/v2\/media\/440"}],"wp:attachment":[{"href":"https:\/\/aventura-excursions.com\/es\/wp-json\/wp\/v2\/media?parent=1829"}],"wp:term":[{"taxonomy":"product_brand","embeddable":true,"href":"https:\/\/aventura-excursions.com\/es\/wp-json\/wp\/v2\/product_brand?post=1829"},{"taxonomy":"product_cat","embeddable":true,"href":"https:\/\/aventura-excursions.com\/es\/wp-json\/wp\/v2\/product_cat?post=1829"},{"taxonomy":"product_tag","embeddable":true,"href":"https:\/\/aventura-excursions.com\/es\/wp-json\/wp\/v2\/product_tag?post=1829"}],"curies":[{"name":"wp","href":"https:\/\/api.w.org\/{rel}","templated":true}]}}