{"id":1879,"date":"2024-06-15T00:32:04","date_gmt":"2024-06-14T21:32:04","guid":{"rendered":"https:\/\/aventura-excursions.com\/?post_type=product&#038;p=1879"},"modified":"2025-10-19T00:15:30","modified_gmt":"2025-10-18T21:15:30","slug":"la-gomera","status":"publish","type":"product","link":"https:\/\/aventura-excursions.com\/es\/producto\/la-gomera\/","title":{"rendered":"La Gomera"},"content":{"rendered":"<h3>Descripci\u00f3n<\/h3>\n<p>\nLa Gomera, la m\u00e1s verde de las Islas Canarias, te ofrece un viaje por un m\u00e1gico bosque de laurisilva, valles y paisajes espectaculares. Al llegar a la isla se visita San Sebasti\u00e1n, la capital de la isla, con su atractivo centro hist\u00f3rico, donde hace m\u00e1s de 500 a\u00f1os Col\u00f3n hizo escala en su camino hacia las costas orientales de Asia. A continuaci\u00f3n, te diriges al coraz\u00f3n de La Gomera, el Parque Nacional de Garajonay. Pasea por el encantador bosque de laurisilva, que con sus caprichosas ramas rizadas te sumerge en la atm\u00f3sfera de una pel\u00edcula de fantas\u00eda. Despu\u00e9s de conocer la historia de los abor\u00edgenes de La Gomera con su gu\u00eda, tendr\u00e1 un almuerzo tradicional donde los lugare\u00f1os demostrar\u00e1n su exclusivo lenguaje silbado gomero, tambi\u00e9n conocido como Silbo Gomero.<\/p>\n<h3><\/h3>\n<h3>Puntos de inter\u00e9s<\/h3>\n<ul>\n<li>Centro hist\u00f3rico de San Sebasti\u00e1n<\/li>\n<li>Casa de Col\u00f3n<\/li>\n<li>Parque Nacional Garajonay: bosque de laurisilva<\/li>\n<li>Espect\u00e1culo de silbido<\/li>\n<\/ul>\n<p><h3>Detalles<\/h3>\n<p>\n<strong>\u00a1Es obligatorio traer tu identificaci\u00f3n para el ferry!<\/strong><\/p>\n<p>\n<em><strong>Recogida:<\/strong><\/em> alrededor de las 08:00<\/p>\n<p>\n<em><strong>Duraci\u00f3n:<\/strong><\/em> 10 horas<\/p>\n<p>\n<strong><em>Incluido:<\/em><\/strong> <\/p>\n<ul>\n<li>recogida en el Sur desde La Caleta a Los Cristianos y en el Norte desde Puerto de la Cruz<\/li>\n<li>el billete al ferry (30 min)<\/li>\n<li>almuerzo en un restaurante tradicional<\/li>\n<li>gu\u00eda profesional<\/li>\n<\/ul>\n<p>\n<br \/> <br \/>\n<strong>There&#8217;s no pick up for the tour in Polish language<\/strong><\/p>\n<p>\n<br \/>\n<strong><em>Nota:<\/em><\/strong> El horario que aparece en esta p\u00e1gina se aplica exclusivamente a las visitas realizadas en ingl\u00e9s y espa\u00f1ol.<\/p>\n<p>\nPara visitas en otros idiomas, o si desea que le recojamos en una zona que no figura en la lista, p\u00f3ngase en contacto con nosotros por correo electr\u00f3nico en info@aventura-excursions.com <a href=\"mailto:info@aventura-excursions.com\" target=\"ask__mail\">info@aventura-excursions.com<\/a> o por tel\u00e9fono en <a href=\"tel: 34647676812\" target=\"_blank\">+34 647 67 68 12<\/a>. Nuestro equipo estar\u00e1 encantado de ayudarle.<\/p>","protected":false},"excerpt":{"rendered":"<div>\nVisita la hermosa isla de La Gomera con parada en el Parque Nacional de Garajonay, los bosques de laurisilva y la ciudad de San Sebasti\u00e1n. Conoce a la gente local y descubre su lenguaje silbado \u00fanico.<\/p>\n<p>\n<br \/>\nEn primer lugar, elige si est\u00e1s en el Sur (lu-sa) o en Puerto de la Cruz (mie, ju, sa). Selecciona el n\u00famero de adultos, ni\u00f1os (2-13 a\u00f1os) y beb\u00e9s (0-1 a\u00f1o) y, a continuaci\u00f3n, la fecha de la excursi\u00f3n.\n<\/div>","protected":false},"featured_media":513,"template":"","meta":{"_acf_changed":false},"product_brand":[],"product_cat":[19],"product_tag":[],"class_list":{"0":"post-1879","1":"product","2":"type-product","3":"status-publish","4":"has-post-thumbnail","6":"product_cat-bus-excursions","8":"first","9":"instock","10":"shipping-taxable","11":"product-type-grouped"},"acf":[],"yoast_head":"<!-- This site is optimized with the Yoast SEO plugin v25.6 - https:\/\/yoast.com\/wordpress\/plugins\/seo\/ -->\n<title>Explore La Gomera from Tenerife - Aventura Excursions | Book Your Trip Now!<\/title>\n<meta name=\"description\" content=\"Visit La Gomera and discover its wonders! Check reviews, prices, and ratings. Book your adventure today for an unforgettable experience!\" \/>\n<meta name=\"robots\" content=\"index, follow, max-snippet:-1, max-image-preview:large, max-video-preview:-1\" \/>\n<link rel=\"canonical\" href=\"https:\/\/aventura-excursions.com\/es\/producto\/la-gomera\/\" \/>\n<meta property=\"og:locale\" content=\"es_ES\" \/>\n<meta property=\"og:type\" content=\"article\" \/>\n<meta property=\"og:title\" content=\"Explore La Gomera from Tenerife - Aventura Excursions | Book Your Trip Now!\" \/>\n<meta property=\"og:description\" content=\"Visit La Gomera and discover its wonders! Check reviews, prices, and ratings. Book your adventure today for an unforgettable experience!\" \/>\n<meta property=\"og:url\" content=\"https:\/\/aventura-excursions.com\/es\/producto\/la-gomera\/\" \/>\n<meta property=\"og:site_name\" content=\"Aventura Excursions\" \/>\n<meta property=\"article:modified_time\" content=\"2025-10-18T21:15:30+00:00\" \/>\n<meta property=\"og:image\" content=\"https:\/\/aventura-excursions.com\/wp-content\/uploads\/2024\/03\/245251-La-Gomera889-e1717292970876.png\" \/>\n\t<meta property=\"og:image:width\" content=\"496\" \/>\n\t<meta property=\"og:image:height\" content=\"241\" \/>\n\t<meta property=\"og:image:type\" content=\"image\/png\" \/>\n<meta name=\"twitter:card\" content=\"summary_large_image\" \/>\n<meta name=\"twitter:label1\" content=\"Tiempo de lectura\" \/>\n\t<meta name=\"twitter:data1\" content=\"2 minutos\" \/>\n<!-- \/ Yoast SEO plugin. -->","yoast_head_json":{"title":"Explore La Gomera from Tenerife - Aventura Excursions | Book Your Trip Now!","description":"Visit La Gomera and discover its wonders! Check reviews, prices, and ratings. Book your adventure today for an unforgettable experience!","robots":{"index":"index","follow":"follow","max-snippet":"max-snippet:-1","max-image-preview":"max-image-preview:large","max-video-preview":"max-video-preview:-1"},"canonical":"https:\/\/aventura-excursions.com\/es\/producto\/la-gomera\/","og_locale":"es_ES","og_type":"article","og_title":"Explore La Gomera from Tenerife - Aventura Excursions | Book Your Trip Now!","og_description":"Visit La Gomera and discover its wonders! Check reviews, prices, and ratings. Book your adventure today for an unforgettable experience!","og_url":"https:\/\/aventura-excursions.com\/es\/producto\/la-gomera\/","og_site_name":"Aventura Excursions","article_modified_time":"2025-10-18T21:15:30+00:00","og_image":[{"width":496,"height":241,"url":"https:\/\/aventura-excursions.com\/wp-content\/uploads\/2024\/03\/245251-La-Gomera889-e1717292970876.png","type":"image\/png"}],"twitter_card":"summary_large_image","twitter_misc":{"Tiempo de lectura":"2 minutos"},"schema":{"@context":"https:\/\/schema.org","@graph":[{"@type":"WebPage","@id":"https:\/\/aventura-excursions.com\/product\/la-gomera\/","url":"https:\/\/aventura-excursions.com\/product\/la-gomera\/","name":"Explore La Gomera from Tenerife - Aventura Excursions | Book Your Trip Now!","isPartOf":{"@id":"https:\/\/aventura-excursions.com\/#website"},"primaryImageOfPage":{"@id":"https:\/\/aventura-excursions.com\/product\/la-gomera\/#primaryimage"},"image":{"@id":"https:\/\/aventura-excursions.com\/product\/la-gomera\/#primaryimage"},"thumbnailUrl":"https:\/\/aventura-excursions.com\/wp-content\/uploads\/2024\/03\/245251-La-Gomera889-e1717292970876.png","datePublished":"2024-06-14T21:32:04+00:00","dateModified":"2025-10-18T21:15:30+00:00","description":"Visit La Gomera and discover its wonders! Check reviews, prices, and ratings. Book your adventure today for an unforgettable experience!","breadcrumb":{"@id":"https:\/\/aventura-excursions.com\/product\/la-gomera\/#breadcrumb"},"inLanguage":"es","potentialAction":[{"@type":"ReadAction","target":["https:\/\/aventura-excursions.com\/product\/la-gomera\/"]}]},{"@type":"ImageObject","inLanguage":"es","@id":"https:\/\/aventura-excursions.com\/product\/la-gomera\/#primaryimage","url":"https:\/\/aventura-excursions.com\/wp-content\/uploads\/2024\/03\/245251-La-Gomera889-e1717292970876.png","contentUrl":"https:\/\/aventura-excursions.com\/wp-content\/uploads\/2024\/03\/245251-La-Gomera889-e1717292970876.png","width":496,"height":241},{"@type":"BreadcrumbList","@id":"https:\/\/aventura-excursions.com\/product\/la-gomera\/#breadcrumb","itemListElement":[{"@type":"ListItem","position":1,"name":"Tours","item":"https:\/\/aventura-excursions.com\/tours\/"},{"@type":"ListItem","position":2,"name":"La Gomera"}]},{"@type":"WebSite","@id":"https:\/\/aventura-excursions.com\/#website","url":"https:\/\/aventura-excursions.com\/","name":"Aventura Excursions","description":"Aventura Excursions","potentialAction":[{"@type":"SearchAction","target":{"@type":"EntryPoint","urlTemplate":"https:\/\/aventura-excursions.com\/?s={search_term_string}"},"query-input":{"@type":"PropertyValueSpecification","valueRequired":true,"valueName":"search_term_string"}}],"inLanguage":"es"}]}},"_links":{"self":[{"href":"https:\/\/aventura-excursions.com\/es\/wp-json\/wp\/v2\/product\/1879","targetHints":{"allow":["GET"]}}],"collection":[{"href":"https:\/\/aventura-excursions.com\/es\/wp-json\/wp\/v2\/product"}],"about":[{"href":"https:\/\/aventura-excursions.com\/es\/wp-json\/wp\/v2\/types\/product"}],"wp:featuredmedia":[{"embeddable":true,"href":"https:\/\/aventura-excursions.com\/es\/wp-json\/wp\/v2\/media\/513"}],"wp:attachment":[{"href":"https:\/\/aventura-excursions.com\/es\/wp-json\/wp\/v2\/media?parent=1879"}],"wp:term":[{"taxonomy":"product_brand","embeddable":true,"href":"https:\/\/aventura-excursions.com\/es\/wp-json\/wp\/v2\/product_brand?post=1879"},{"taxonomy":"product_cat","embeddable":true,"href":"https:\/\/aventura-excursions.com\/es\/wp-json\/wp\/v2\/product_cat?post=1879"},{"taxonomy":"product_tag","embeddable":true,"href":"https:\/\/aventura-excursions.com\/es\/wp-json\/wp\/v2\/product_tag?post=1879"}],"curies":[{"name":"wp","href":"https:\/\/api.w.org\/{rel}","templated":true}]}}