{"id":2281,"date":"2024-10-04T18:56:53","date_gmt":"2024-10-04T15:56:53","guid":{"rendered":"https:\/\/aventura-excursions.com\/?post_type=product&#038;p=2281"},"modified":"2024-10-28T14:41:41","modified_gmt":"2024-10-28T11:41:41","slug":"fishing-2","status":"publish","type":"product","link":"https:\/\/aventura-excursions.com\/es\/producto\/fishing-2\/","title":{"rendered":"Tour de pesca"},"content":{"rendered":"<h3>Descripci\u00f3n<\/h3>\n<p>\n\u00a1Emb\u00e1rcate en un viaje maravilloso donde la emoci\u00f3n de la captura se encuentra con la belleza del Atl\u00e1ntico! Los barcos est\u00e1n dise\u00f1ados para la m\u00e1xima aventura de pesca, equipados con la tecnolog\u00eda y las comodidades necesarias. Nuestra tripulaci\u00f3n capacitada compartir\u00e1 sus conocimientos y los mejores lugares de pesca. Bajo el c\u00e1lido resplandor del sol canario, disfrutar\u00e1s de la expedici\u00f3n de pesca con tu familia aunque no pesquen. Ellos podr\u00e1n acompa\u00f1arte y ser testigos de la belleza del oc\u00e9ano frente a la costa de Tenerife.<\/p>\n<p>Durante nuestros viajes de 4 horas capturamos frecuentemente marlines, atunes, bonitos, dorados, etc.<\/p>\n<p>Tambi\u00e9n hay una gran posibilidad de encontrar delfines y calderones que habitan en las aguas de Tenerife.<\/p>\n<p><\/p>\n<h3>Puntos de inter\u00e9s<\/h3>\n<ul>\n<li>Pesca de altura<\/li>\n<li>Hasta 25 millas de la costa<\/li>\n<li>Equipo experto<\/li>\n<li>Los mejores lugares de pesca de Tenerife<\/li>\n<li>Gran variedad de vida marina<\/li>\n<li>Espectaculares vistas al mar<\/li>\n<\/ul>\n<p><\/p>\n<h3>Detalles<\/h3>\n<p>\nPuerto: Puerto Col\u00f3n \/ Las Galletas <br \/>\nDuraci\u00f3n: 4 horas<br \/>\n2 ca\u00f1as para cada pescador<br \/>\nEl precio incluye comida y bebidas, como bocadillos, agua, cerveza y refrescos.<\/p>","protected":false},"excerpt":{"rendered":"<div>\u00a1Dedica tu d\u00eda a un viaje de pesca inspirador! Lleva a toda tu familia a un c\u00f3modo barco, explora las aguas profundas de la costa de Tenerife y pesca en la zona con mayores posibilidades de obtener una gran captura.<\/p>\n<p>\nSelecciona el n\u00famero de pescadores y acompa\u00f1antes, la fecha del recorrido.\n<\/div>","protected":false},"featured_media":1034,"template":"","meta":{"_acf_changed":false},"product_brand":[],"product_cat":[21],"product_tag":[],"class_list":{"0":"post-2281","1":"product","2":"type-product","3":"status-publish","4":"has-post-thumbnail","6":"product_cat-activities","8":"first","9":"instock","10":"sale","11":"shipping-taxable","12":"product-type-grouped"},"acf":[],"yoast_head":"<!-- This site is optimized with the Yoast SEO plugin v25.6 - https:\/\/yoast.com\/wordpress\/plugins\/seo\/ -->\n<title>Fishing tour - Aventura Excursions<\/title>\n<meta name=\"description\" content=\"Experience thrilling fishing in Tenerife! Book now for big game and deep sea fishing. Best spots, expert crew, great prices. Secure your adventure today!\" \/>\n<meta name=\"robots\" content=\"index, follow, max-snippet:-1, max-image-preview:large, max-video-preview:-1\" \/>\n<link rel=\"canonical\" href=\"https:\/\/aventura-excursions.com\/es\/producto\/fishing-2\/\" \/>\n<meta property=\"og:locale\" content=\"es_ES\" \/>\n<meta property=\"og:type\" content=\"article\" \/>\n<meta property=\"og:title\" content=\"Fishing tour - Aventura Excursions\" \/>\n<meta property=\"og:description\" content=\"Experience thrilling fishing in Tenerife! Book now for big game and deep sea fishing. Best spots, expert crew, great prices. Secure your adventure today!\" \/>\n<meta property=\"og:url\" content=\"https:\/\/aventura-excursions.com\/es\/producto\/fishing-2\/\" \/>\n<meta property=\"og:site_name\" content=\"Aventura Excursions\" \/>\n<meta property=\"article:modified_time\" content=\"2024-10-28T11:41:41+00:00\" \/>\n<meta property=\"og:image\" content=\"https:\/\/aventura-excursions.com\/wp-content\/uploads\/2024\/03\/pexels-william-mcallister-3793366.jpg\" \/>\n\t<meta property=\"og:image:width\" content=\"988\" \/>\n\t<meta property=\"og:image:height\" content=\"656\" \/>\n\t<meta property=\"og:image:type\" content=\"image\/jpeg\" \/>\n<meta name=\"twitter:card\" content=\"summary_large_image\" \/>\n<meta name=\"twitter:label1\" content=\"Tiempo de lectura\" \/>\n\t<meta name=\"twitter:data1\" content=\"1 minuto\" \/>\n<!-- \/ Yoast SEO plugin. -->","yoast_head_json":{"title":"Fishing tour - Aventura Excursions","description":"Experience thrilling fishing in Tenerife! Book now for big game and deep sea fishing. Best spots, expert crew, great prices. Secure your adventure today!","robots":{"index":"index","follow":"follow","max-snippet":"max-snippet:-1","max-image-preview":"max-image-preview:large","max-video-preview":"max-video-preview:-1"},"canonical":"https:\/\/aventura-excursions.com\/es\/producto\/fishing-2\/","og_locale":"es_ES","og_type":"article","og_title":"Fishing tour - Aventura Excursions","og_description":"Experience thrilling fishing in Tenerife! Book now for big game and deep sea fishing. Best spots, expert crew, great prices. Secure your adventure today!","og_url":"https:\/\/aventura-excursions.com\/es\/producto\/fishing-2\/","og_site_name":"Aventura Excursions","article_modified_time":"2024-10-28T11:41:41+00:00","og_image":[{"width":988,"height":656,"url":"https:\/\/aventura-excursions.com\/wp-content\/uploads\/2024\/03\/pexels-william-mcallister-3793366.jpg","type":"image\/jpeg"}],"twitter_card":"summary_large_image","twitter_misc":{"Tiempo de lectura":"1 minuto"},"schema":{"@context":"https:\/\/schema.org","@graph":[{"@type":"WebPage","@id":"https:\/\/aventura-excursions.com\/product\/fishing-2\/","url":"https:\/\/aventura-excursions.com\/product\/fishing-2\/","name":"Fishing tour - Aventura Excursions","isPartOf":{"@id":"https:\/\/aventura-excursions.com\/#website"},"primaryImageOfPage":{"@id":"https:\/\/aventura-excursions.com\/product\/fishing-2\/#primaryimage"},"image":{"@id":"https:\/\/aventura-excursions.com\/product\/fishing-2\/#primaryimage"},"thumbnailUrl":"https:\/\/aventura-excursions.com\/wp-content\/uploads\/2024\/03\/pexels-william-mcallister-3793366.jpg","datePublished":"2024-10-04T15:56:53+00:00","dateModified":"2024-10-28T11:41:41+00:00","description":"Experience thrilling fishing in Tenerife! Book now for big game and deep sea fishing. Best spots, expert crew, great prices. Secure your adventure today!","breadcrumb":{"@id":"https:\/\/aventura-excursions.com\/product\/fishing-2\/#breadcrumb"},"inLanguage":"es","potentialAction":[{"@type":"ReadAction","target":["https:\/\/aventura-excursions.com\/product\/fishing-2\/"]}]},{"@type":"ImageObject","inLanguage":"es","@id":"https:\/\/aventura-excursions.com\/product\/fishing-2\/#primaryimage","url":"https:\/\/aventura-excursions.com\/wp-content\/uploads\/2024\/03\/pexels-william-mcallister-3793366.jpg","contentUrl":"https:\/\/aventura-excursions.com\/wp-content\/uploads\/2024\/03\/pexels-william-mcallister-3793366.jpg","width":988,"height":656},{"@type":"BreadcrumbList","@id":"https:\/\/aventura-excursions.com\/product\/fishing-2\/#breadcrumb","itemListElement":[{"@type":"ListItem","position":1,"name":"Tours","item":"https:\/\/aventura-excursions.com\/tours\/"},{"@type":"ListItem","position":2,"name":"Fishing tour"}]},{"@type":"WebSite","@id":"https:\/\/aventura-excursions.com\/#website","url":"https:\/\/aventura-excursions.com\/","name":"Aventura Excursions","description":"Aventura Excursions","potentialAction":[{"@type":"SearchAction","target":{"@type":"EntryPoint","urlTemplate":"https:\/\/aventura-excursions.com\/?s={search_term_string}"},"query-input":{"@type":"PropertyValueSpecification","valueRequired":true,"valueName":"search_term_string"}}],"inLanguage":"es"}]}},"_links":{"self":[{"href":"https:\/\/aventura-excursions.com\/es\/wp-json\/wp\/v2\/product\/2281","targetHints":{"allow":["GET"]}}],"collection":[{"href":"https:\/\/aventura-excursions.com\/es\/wp-json\/wp\/v2\/product"}],"about":[{"href":"https:\/\/aventura-excursions.com\/es\/wp-json\/wp\/v2\/types\/product"}],"wp:featuredmedia":[{"embeddable":true,"href":"https:\/\/aventura-excursions.com\/es\/wp-json\/wp\/v2\/media\/1034"}],"wp:attachment":[{"href":"https:\/\/aventura-excursions.com\/es\/wp-json\/wp\/v2\/media?parent=2281"}],"wp:term":[{"taxonomy":"product_brand","embeddable":true,"href":"https:\/\/aventura-excursions.com\/es\/wp-json\/wp\/v2\/product_brand?post=2281"},{"taxonomy":"product_cat","embeddable":true,"href":"https:\/\/aventura-excursions.com\/es\/wp-json\/wp\/v2\/product_cat?post=2281"},{"taxonomy":"product_tag","embeddable":true,"href":"https:\/\/aventura-excursions.com\/es\/wp-json\/wp\/v2\/product_tag?post=2281"}],"curies":[{"name":"wp","href":"https:\/\/api.w.org\/{rel}","templated":true}]}}