{"id":2534,"date":"2025-02-11T16:03:49","date_gmt":"2025-02-11T13:03:49","guid":{"rendered":"https:\/\/aventura-excursions.com\/?post_type=product&#038;p=2534"},"modified":"2025-02-15T17:06:34","modified_gmt":"2025-02-15T14:06:34","slug":"escape-room","status":"publish","type":"product","link":"https:\/\/aventura-excursions.com\/es\/producto\/escape-room\/","title":{"rendered":"Sala de Escape"},"content":{"rendered":"<h3>Descripci\u00f3n<\/h3>\n<p>\nEscape room en Tenerife - \u00a1Un emocionante misterio te espera!<br \/>\nUn misterio por desvelar, una misi\u00f3n contrarreloj... Escape Tenerife te invita a una aventura cargada de adrenalina en la que cada segundo cuenta. El inspector Vargas necesita tu ayuda para una misi\u00f3n secreta. El caos se ha apoderado de la comisar\u00eda y s\u00f3lo un intr\u00e9pido equipo puede descubrir la verdad.<br \/>\nLas pistas est\u00e1n ah\u00ed, pero nada es lo que parece... S\u00f3lo tienes 60 minutos para descifrarlas antes de que sea demasiado tarde. El tiempo se agota, el misterio se profundiza... \u00bfTe atreves a entrar? \u00a1S\u00f3lo los mejores lo conseguir\u00e1n!<br \/>\nEveryone&#8217;s safety is at stake \u2014 help Inspector Vargas now!\n<\/p>\n<h3>Puntos de inter\u00e9s<\/h3>\n<ul>\n<li>Sala de escape<\/li>\n<li>Misterio<\/li>\n<li>Investigaci\u00f3n policial<\/li>\n<li>Para familiares y amigos<\/li>\n<\/ul>\n<p><\/p>\n<h3>Detalles<\/h3>\n<p>\nUbicaci\u00f3n: Los Cristianos<br \/>\nHora de inicio: cada hora de 9:00 a 19:00<br \/>\nDuraci\u00f3n: 1 hora<br \/>\nGrupos de 2 a 5 personas<\/p>","protected":false},"excerpt":{"rendered":"<div>Una experiencia emocionante, perfecta para los amantes de la aventura y los rompecabezas. Una actividad atractiva para familias, amigos o grupos de empresa.<\/p>\n<p>\nSeleccione el n\u00famero de jugadores y la fecha de la visita.\n<\/div>","protected":false},"featured_media":2535,"template":"","meta":{"_acf_changed":false},"product_brand":[],"product_cat":[21],"product_tag":[],"class_list":{"0":"post-2534","1":"product","2":"type-product","3":"status-publish","4":"has-post-thumbnail","6":"product_cat-activities","8":"first","9":"instock","10":"shipping-taxable","11":"product-type-grouped"},"acf":[],"yoast_head":"<!-- This site is optimized with the Yoast SEO plugin v25.6 - https:\/\/yoast.com\/wordpress\/plugins\/seo\/ -->\n<title>Escape Room - Aventura Excursions<\/title>\n<meta name=\"description\" content=\"Experience the thrill with Escape Room in Tenerife, a mystery adventure where you have 60 minutes to solve the case and help Inspector uncover the truth!\" \/>\n<meta name=\"robots\" content=\"index, follow, max-snippet:-1, max-image-preview:large, max-video-preview:-1\" \/>\n<link rel=\"canonical\" href=\"https:\/\/aventura-excursions.com\/es\/producto\/escape-room\/\" \/>\n<meta property=\"og:locale\" content=\"es_ES\" \/>\n<meta property=\"og:type\" content=\"article\" \/>\n<meta property=\"og:title\" content=\"Escape Room - Aventura Excursions\" \/>\n<meta property=\"og:description\" content=\"Experience the thrill with Escape Room in Tenerife, a mystery adventure where you have 60 minutes to solve the case and help Inspector uncover the truth!\" \/>\n<meta property=\"og:url\" content=\"https:\/\/aventura-excursions.com\/es\/producto\/escape-room\/\" \/>\n<meta property=\"og:site_name\" content=\"Aventura Excursions\" \/>\n<meta property=\"article:modified_time\" content=\"2025-02-15T14:06:34+00:00\" \/>\n<meta property=\"og:image\" content=\"https:\/\/aventura-excursions.com\/wp-content\/uploads\/2025\/02\/escape-tenerife-los-cristianos8.jpg\" \/>\n\t<meta property=\"og:image:width\" content=\"754\" \/>\n\t<meta property=\"og:image:height\" content=\"390\" \/>\n\t<meta property=\"og:image:type\" content=\"image\/jpeg\" \/>\n<meta name=\"twitter:card\" content=\"summary_large_image\" \/>\n<meta name=\"twitter:label1\" content=\"Tiempo de lectura\" \/>\n\t<meta name=\"twitter:data1\" content=\"1 minuto\" \/>\n<!-- \/ Yoast SEO plugin. -->","yoast_head_json":{"title":"Escape Room - Aventura Excursions","description":"Experience the thrill with Escape Room in Tenerife, a mystery adventure where you have 60 minutes to solve the case and help Inspector uncover the truth!","robots":{"index":"index","follow":"follow","max-snippet":"max-snippet:-1","max-image-preview":"max-image-preview:large","max-video-preview":"max-video-preview:-1"},"canonical":"https:\/\/aventura-excursions.com\/es\/producto\/escape-room\/","og_locale":"es_ES","og_type":"article","og_title":"Escape Room - Aventura Excursions","og_description":"Experience the thrill with Escape Room in Tenerife, a mystery adventure where you have 60 minutes to solve the case and help Inspector uncover the truth!","og_url":"https:\/\/aventura-excursions.com\/es\/producto\/escape-room\/","og_site_name":"Aventura Excursions","article_modified_time":"2025-02-15T14:06:34+00:00","og_image":[{"width":754,"height":390,"url":"https:\/\/aventura-excursions.com\/wp-content\/uploads\/2025\/02\/escape-tenerife-los-cristianos8.jpg","type":"image\/jpeg"}],"twitter_card":"summary_large_image","twitter_misc":{"Tiempo de lectura":"1 minuto"},"schema":{"@context":"https:\/\/schema.org","@graph":[{"@type":"WebPage","@id":"https:\/\/aventura-excursions.com\/product\/escape-room\/","url":"https:\/\/aventura-excursions.com\/product\/escape-room\/","name":"Escape Room - Aventura Excursions","isPartOf":{"@id":"https:\/\/aventura-excursions.com\/#website"},"primaryImageOfPage":{"@id":"https:\/\/aventura-excursions.com\/product\/escape-room\/#primaryimage"},"image":{"@id":"https:\/\/aventura-excursions.com\/product\/escape-room\/#primaryimage"},"thumbnailUrl":"https:\/\/aventura-excursions.com\/wp-content\/uploads\/2025\/02\/escape-tenerife-los-cristianos8.jpg","datePublished":"2025-02-11T13:03:49+00:00","dateModified":"2025-02-15T14:06:34+00:00","description":"Experience the thrill with Escape Room in Tenerife, a mystery adventure where you have 60 minutes to solve the case and help Inspector uncover the truth!","breadcrumb":{"@id":"https:\/\/aventura-excursions.com\/product\/escape-room\/#breadcrumb"},"inLanguage":"es","potentialAction":[{"@type":"ReadAction","target":["https:\/\/aventura-excursions.com\/product\/escape-room\/"]}]},{"@type":"ImageObject","inLanguage":"es","@id":"https:\/\/aventura-excursions.com\/product\/escape-room\/#primaryimage","url":"https:\/\/aventura-excursions.com\/wp-content\/uploads\/2025\/02\/escape-tenerife-los-cristianos8.jpg","contentUrl":"https:\/\/aventura-excursions.com\/wp-content\/uploads\/2025\/02\/escape-tenerife-los-cristianos8.jpg","width":754,"height":390,"caption":"escape room, tenerife"},{"@type":"BreadcrumbList","@id":"https:\/\/aventura-excursions.com\/product\/escape-room\/#breadcrumb","itemListElement":[{"@type":"ListItem","position":1,"name":"Tours","item":"https:\/\/aventura-excursions.com\/tours\/"},{"@type":"ListItem","position":2,"name":"Escape Room"}]},{"@type":"WebSite","@id":"https:\/\/aventura-excursions.com\/#website","url":"https:\/\/aventura-excursions.com\/","name":"Aventura Excursions","description":"Aventura Excursions","potentialAction":[{"@type":"SearchAction","target":{"@type":"EntryPoint","urlTemplate":"https:\/\/aventura-excursions.com\/?s={search_term_string}"},"query-input":{"@type":"PropertyValueSpecification","valueRequired":true,"valueName":"search_term_string"}}],"inLanguage":"es"}]}},"_links":{"self":[{"href":"https:\/\/aventura-excursions.com\/es\/wp-json\/wp\/v2\/product\/2534","targetHints":{"allow":["GET"]}}],"collection":[{"href":"https:\/\/aventura-excursions.com\/es\/wp-json\/wp\/v2\/product"}],"about":[{"href":"https:\/\/aventura-excursions.com\/es\/wp-json\/wp\/v2\/types\/product"}],"wp:featuredmedia":[{"embeddable":true,"href":"https:\/\/aventura-excursions.com\/es\/wp-json\/wp\/v2\/media\/2535"}],"wp:attachment":[{"href":"https:\/\/aventura-excursions.com\/es\/wp-json\/wp\/v2\/media?parent=2534"}],"wp:term":[{"taxonomy":"product_brand","embeddable":true,"href":"https:\/\/aventura-excursions.com\/es\/wp-json\/wp\/v2\/product_brand?post=2534"},{"taxonomy":"product_cat","embeddable":true,"href":"https:\/\/aventura-excursions.com\/es\/wp-json\/wp\/v2\/product_cat?post=2534"},{"taxonomy":"product_tag","embeddable":true,"href":"https:\/\/aventura-excursions.com\/es\/wp-json\/wp\/v2\/product_tag?post=2534"}],"curies":[{"name":"wp","href":"https:\/\/api.w.org\/{rel}","templated":true}]}}