{"id":2664,"date":"2025-07-26T14:34:48","date_gmt":"2025-07-26T11:34:48","guid":{"rendered":"https:\/\/aventura-excursions.com\/?post_type=product&#038;p=2664"},"modified":"2025-09-10T16:01:14","modified_gmt":"2025-09-10T13:01:14","slug":"siam-night","status":"publish","type":"product","link":"https:\/\/aventura-excursions.com\/es\/producto\/siam-night\/","title":{"rendered":"Noche en Siam"},"content":{"rendered":"<h3>Descripci\u00f3n<\/h3>\n<p>\nSiam Night est\u00e1 aqu\u00ed para dejarte boquiabierto en uno de los mejores parques acu\u00e1ticos del mundo: Siam Park. Del 1 de julio al 31 de agosto, este para\u00edso tropical se transforma en un espect\u00e1culo nocturno de m\u00fasica de DJ, rayos l\u00e1ser, efectos de fuego y luces danzantes. Desl\u00edcese por tubos serpenteantes, d\u00e9jese llevar por el r\u00edo lento o rel\u00e1jese en la playa de arena bajo las palmeras y la luz de las estrellas.<\/p>\n<p>\nEl parque se convierte en un para\u00edso de ensue\u00f1o, con el Palacio de las Olas rompiendo y la energ\u00eda palpitando en cada ola. Es una sinfon\u00eda de im\u00e1genes y sonidos que deja recuerdos inolvidables.<\/p>\n<h3><\/h3>\n<h3>Puntos de inter\u00e9s<\/h3>\n<ul>\n<li>Fiesta DJ: Sesiones de DJ en directo con l\u00e1ser, luces y niebla sobre las olas.<\/li>\n<li>Espect\u00e1culo de fuego: Impresionantes efectos de fuego y brillantes efectos visuales nocturnos<\/li>\n<li>Palacio de las Olas: Nadar entre olas bajo las estrellas<\/li>\n<li>Night Slides &#038; River: Glow-in-the-dark slides and a dreamy lazy river<\/li>\n<li>Bars and Restaurants: All facilities remain open during Siam Night (except the children&#8217;s attractions)<\/li>\n<\/ul>\n<p><h3>Detalles<\/h3>\n<p>\n<em><strong>Horario de apertura<\/strong><\/em>: 20:00 \u2013 00:00<\/p>\n<p>\n <strong><em>Ubicaci\u00f3n:<\/em><\/strong>Las Am\u00e9ricas (Sur de Tenerife)<\/p>\n<p>\nLos menores de 16 a\u00f1os deben ir acompa\u00f1ados de un adulto para entrar en Siam Night.<\/p>\n<h3>Transporte<\/h3>\n<p>No hay traslado desde el sur, pero para los que se alojan en el norte de la isla, ofrecemos un traslado de pago. Este autob\u00fas lanzadera recoge a los turistas en los hoteles de Puerto de la Cruz y los lleva directamente a Siam Park. Por la noche, a la hora acordada regresar\u00e1 a Puerto de la Cruz.<\/p>\n<p>Si quieres <strong><em><a href=\"https:\/\/aventura-excursions.com\/es\/producto\/rent-a-car\/\">alquilar un coche<\/a><\/em><\/strong>,  puedes ir a Siam Park por tu cuenta y dejar tu coche en el aparcamiento de pago. Recuerda llegar temprano, ya que Siam Park es uno de los lugares m\u00e1s visitados de Tenerife y el estacionamiento se llena entre 1 y 2 horas despu\u00e9s de la apertura.<\/p>","protected":false},"excerpt":{"rendered":"<div>\n<p>Siam Noche transforma Siam Park en una m\u00e1gica fiesta tropical con m\u00fasica de DJ en directo, luces l\u00e1ser, efectos de fuego, resplandecientes toboganes acu\u00e1ticos, surf con olas y un relajante r\u00edo lento, todo ello bajo el cielo estrellado. <\/p>\n<p>\n<br \/>\nPrimero selecciona una de las opciones: s\u00f3lo billete o billete + traslado desde Puerto de la Cruz.<br \/>\n<br \/> Luego selecciona la cantidad de adultos y ni\u00f1os (3-11 a\u00f1os).\nLa entrada para beb\u00e9s (0-2 a\u00f1os) es gratuita.\n<\/div>","protected":false},"featured_media":2665,"template":"","meta":{"_acf_changed":false},"product_brand":[],"product_cat":[20],"product_tag":[],"class_list":{"0":"post-2664","1":"product","2":"type-product","3":"status-publish","4":"has-post-thumbnail","6":"product_cat-parks","8":"first","9":"instock","10":"shipping-taxable","11":"product-type-grouped"},"acf":[],"yoast_head":"<!-- This site is optimized with the Yoast SEO plugin v25.6 - https:\/\/yoast.com\/wordpress\/plugins\/seo\/ -->\n<title>Siam Night Tenerife \u2013 Night Experience at Siam Park<\/title>\n<meta name=\"description\" content=\"Discover Siam Night in Tenerife: thrilling rides, live shows, and exotic atmosphere at Siam Park after dark. Book your night adventure today!\" \/>\n<meta name=\"robots\" content=\"index, follow, max-snippet:-1, max-image-preview:large, max-video-preview:-1\" \/>\n<link rel=\"canonical\" href=\"https:\/\/aventura-excursions.com\/es\/producto\/siam-night\/\" \/>\n<meta property=\"og:locale\" content=\"es_ES\" \/>\n<meta property=\"og:type\" content=\"article\" \/>\n<meta property=\"og:title\" content=\"Siam Night Tenerife \u2013 Night Experience at Siam Park\" \/>\n<meta property=\"og:description\" content=\"Discover Siam Night in Tenerife: thrilling rides, live shows, and exotic atmosphere at Siam Park after dark. Book your night adventure today!\" \/>\n<meta property=\"og:url\" content=\"https:\/\/aventura-excursions.com\/es\/producto\/siam-night\/\" \/>\n<meta property=\"og:site_name\" content=\"Aventura Excursions\" \/>\n<meta property=\"article:modified_time\" content=\"2025-09-10T13:01:14+00:00\" \/>\n<meta property=\"og:image\" content=\"https:\/\/aventura-excursions.com\/wp-content\/uploads\/2025\/07\/SIAM-NIGHT-EN-132a898a.png\" \/>\n\t<meta property=\"og:image:width\" content=\"720\" \/>\n\t<meta property=\"og:image:height\" content=\"720\" \/>\n\t<meta property=\"og:image:type\" content=\"image\/png\" \/>\n<meta name=\"twitter:card\" content=\"summary_large_image\" \/>\n<meta name=\"twitter:label1\" content=\"Tiempo de lectura\" \/>\n\t<meta name=\"twitter:data1\" content=\"2 minutos\" \/>\n<!-- \/ Yoast SEO plugin. -->","yoast_head_json":{"title":"Siam Night Tenerife \u2013 Night Experience at Siam Park","description":"Discover Siam Night in Tenerife: thrilling rides, live shows, and exotic atmosphere at Siam Park after dark. Book your night adventure today!","robots":{"index":"index","follow":"follow","max-snippet":"max-snippet:-1","max-image-preview":"max-image-preview:large","max-video-preview":"max-video-preview:-1"},"canonical":"https:\/\/aventura-excursions.com\/es\/producto\/siam-night\/","og_locale":"es_ES","og_type":"article","og_title":"Siam Night Tenerife \u2013 Night Experience at Siam Park","og_description":"Discover Siam Night in Tenerife: thrilling rides, live shows, and exotic atmosphere at Siam Park after dark. Book your night adventure today!","og_url":"https:\/\/aventura-excursions.com\/es\/producto\/siam-night\/","og_site_name":"Aventura Excursions","article_modified_time":"2025-09-10T13:01:14+00:00","og_image":[{"width":720,"height":720,"url":"https:\/\/aventura-excursions.com\/wp-content\/uploads\/2025\/07\/SIAM-NIGHT-EN-132a898a.png","type":"image\/png"}],"twitter_card":"summary_large_image","twitter_misc":{"Tiempo de lectura":"2 minutos"},"schema":{"@context":"https:\/\/schema.org","@graph":[{"@type":"WebPage","@id":"https:\/\/aventura-excursions.com\/product\/siam-night\/","url":"https:\/\/aventura-excursions.com\/product\/siam-night\/","name":"Siam Night Tenerife \u2013 Night Experience at Siam Park","isPartOf":{"@id":"https:\/\/aventura-excursions.com\/#website"},"primaryImageOfPage":{"@id":"https:\/\/aventura-excursions.com\/product\/siam-night\/#primaryimage"},"image":{"@id":"https:\/\/aventura-excursions.com\/product\/siam-night\/#primaryimage"},"thumbnailUrl":"https:\/\/aventura-excursions.com\/wp-content\/uploads\/2025\/07\/SIAM-NIGHT-EN-132a898a.png","datePublished":"2025-07-26T11:34:48+00:00","dateModified":"2025-09-10T13:01:14+00:00","description":"Discover Siam Night in Tenerife: thrilling rides, live shows, and exotic atmosphere at Siam Park after dark. Book your night adventure today!","breadcrumb":{"@id":"https:\/\/aventura-excursions.com\/product\/siam-night\/#breadcrumb"},"inLanguage":"es","potentialAction":[{"@type":"ReadAction","target":["https:\/\/aventura-excursions.com\/product\/siam-night\/"]}]},{"@type":"ImageObject","inLanguage":"es","@id":"https:\/\/aventura-excursions.com\/product\/siam-night\/#primaryimage","url":"https:\/\/aventura-excursions.com\/wp-content\/uploads\/2025\/07\/SIAM-NIGHT-EN-132a898a.png","contentUrl":"https:\/\/aventura-excursions.com\/wp-content\/uploads\/2025\/07\/SIAM-NIGHT-EN-132a898a.png","width":720,"height":720,"caption":"Siam Night in Tenerife"},{"@type":"BreadcrumbList","@id":"https:\/\/aventura-excursions.com\/product\/siam-night\/#breadcrumb","itemListElement":[{"@type":"ListItem","position":1,"name":"Tours","item":"https:\/\/aventura-excursions.com\/tours\/"},{"@type":"ListItem","position":2,"name":"Siam Night"}]},{"@type":"WebSite","@id":"https:\/\/aventura-excursions.com\/#website","url":"https:\/\/aventura-excursions.com\/","name":"Aventura Excursions","description":"Aventura Excursions","potentialAction":[{"@type":"SearchAction","target":{"@type":"EntryPoint","urlTemplate":"https:\/\/aventura-excursions.com\/?s={search_term_string}"},"query-input":{"@type":"PropertyValueSpecification","valueRequired":true,"valueName":"search_term_string"}}],"inLanguage":"es"}]}},"_links":{"self":[{"href":"https:\/\/aventura-excursions.com\/es\/wp-json\/wp\/v2\/product\/2664","targetHints":{"allow":["GET"]}}],"collection":[{"href":"https:\/\/aventura-excursions.com\/es\/wp-json\/wp\/v2\/product"}],"about":[{"href":"https:\/\/aventura-excursions.com\/es\/wp-json\/wp\/v2\/types\/product"}],"wp:featuredmedia":[{"embeddable":true,"href":"https:\/\/aventura-excursions.com\/es\/wp-json\/wp\/v2\/media\/2665"}],"wp:attachment":[{"href":"https:\/\/aventura-excursions.com\/es\/wp-json\/wp\/v2\/media?parent=2664"}],"wp:term":[{"taxonomy":"product_brand","embeddable":true,"href":"https:\/\/aventura-excursions.com\/es\/wp-json\/wp\/v2\/product_brand?post=2664"},{"taxonomy":"product_cat","embeddable":true,"href":"https:\/\/aventura-excursions.com\/es\/wp-json\/wp\/v2\/product_cat?post=2664"},{"taxonomy":"product_tag","embeddable":true,"href":"https:\/\/aventura-excursions.com\/es\/wp-json\/wp\/v2\/product_tag?post=2664"}],"curies":[{"name":"wp","href":"https:\/\/api.w.org\/{rel}","templated":true}]}}