{"id":447,"date":"2024-02-26T18:22:24","date_gmt":"2024-02-26T15:22:24","guid":{"rendered":"https:\/\/aventura-excursions.com\/?post_type=product&#038;p=447"},"modified":"2024-05-29T18:39:31","modified_gmt":"2024-05-29T15:39:31","slug":"rent-a-car","status":"publish","type":"product","link":"https:\/\/aventura-excursions.com\/es\/producto\/rent-a-car\/","title":{"rendered":"Alquilar un coche"},"content":{"rendered":"<h3>Grupos de choches<\/h3>\n<p>\nAl reservar un coche, eliges un grupo que contiene varios modelos. No podemos garantizar un modelo exacto. Si prefieres un modelo espec\u00edfico, escr\u00edbelo en los comentarios, haremos todo lo posible para considerar tus preferencias. Aqu\u00ed est\u00e1 la lista completa de los coches con n\u00famero de plazas indicado entre par\u00e9ntesis.<\/p>\n<p><strong>Grupo A:<\/strong> Fiat Panda (5)<\/p>\n<p><strong>Grupo B:<\/strong> Seat Ibiza (5), Opel Corsa (5)<\/p>\n<p><strong>Grupo C:<\/strong> VW Polo (5), Citroen C3 (5), Fiat 500 Hybrido (4), Smart\/Skoda Fabia (4)<\/p>\n<p><strong>Grupo D:<\/strong> Smart cabrio (4), Fiat 500 cabrio (4), Seat Ibiza Familiar (5)<\/p>\n<p><strong>Grupo E:<\/strong> Seat Ibiza automatic (5), Skoda Fabia automatic (5), Skoda Scala (5)<\/p>\n<p><strong>Grupo E1:<\/strong> VW Caddy (5)<\/p>\n<p><strong>Grupo F:<\/strong> VW Beetle cabrio (4), VW Caddy automatic (7), VW Caddy (7)<\/p>\n<p><strong>Grupo G:<\/strong> VW Transporter (9)<\/p>\n<p><h3>Lo que necesitas saber<\/h3>\n<p>Todos los coches de nuestra flota disponen de seguro a todo riesgo. No es necesario dejar ning\u00fan dep\u00f3sito.<\/p>\n<p>A la hora acordada te llevaremos el coche a tu hotel y firmaremos el contrato. Ser\u00e1 necesario presentar tu DNI y permiso de conducir B. El \u00faltimo d\u00eda de alquiler del coche dejar\u00e1s la llave en la recepci\u00f3n de tu hotel.<\/p>\n<p>La hora de inicio suele ser por la ma\u00f1ana. El \u00faltimo d\u00eda la llave deber\u00e1 dejarse en recepci\u00f3n antes de las 08:00 de la ma\u00f1ana (incluso si cogiste el coche por la tarde el primer d\u00eda).<\/p>\n<p>Todos los coches tienen aire acondicionado y radio.<\/p>\n<p>El primer d\u00eda registraremos en el contrato cu\u00e1nta gasolina hay en el coche en el momento de la entrega. Tendr\u00e1s que llenar el dep\u00f3sito del coche hasta el mismo nivel de gasolina antes de devolverlo.<\/p>\n<p><h3>Complementos:<\/h3>\n<p>Por favor, h\u00e1ganoslo saber en un comentario al realizar la reserva, si desea a\u00f1adir alguno de los complementos a su coche.<\/p>\n<p>Si desea alquilar un coche en el <strong>aeropuerto,<\/strong> additional fee is to be paid: 15 euros if it&#8217;s the Southern Airport, 25 euros if it&#8217;s the Northern Airport.<\/p>\n<p>Puedes alquilar un <strong>GPS <\/strong>(navegador) por 5 euros al d\u00eda, dejando 70 euros de fianza que te ser\u00e1n devueltos al devolver el coche.<\/p>\n<p>Si tienes ni\u00f1os de menos de 135 cm, est\u00e1s obligado por ley espa\u00f1ola a llevar <strong>sillas para beb\u00e9s\/alzador<\/strong> en el coche. Por favor, h\u00e1ganos saber si necesita agregar esta opci\u00f3n y qu\u00e9 altura tienen sus hijos.<\/p>\n<p>Si planea varios conductores para el mismo coche, elija una opci\u00f3n para a\u00f1adir un <strong>conductor adicional<\/strong>: 3 euros por cada conductor adicional.<\/p>\n<p>","protected":false},"excerpt":{"rendered":"<div>\n<p>Elige el grupo del coche y n\u00famero de d\u00edas\n<\/p><\/div>","protected":false},"featured_media":548,"template":"","meta":{"_acf_changed":false},"product_brand":[],"product_cat":[23],"product_tag":[113,112,111,114],"class_list":{"0":"post-447","1":"product","2":"type-product","3":"status-publish","4":"has-post-thumbnail","6":"product_cat-rentals","7":"product_tag-all-risk-insurance-car-tenerife","8":"product_tag-rent-a-cabrio-tenerife","9":"product_tag-rent-a-car-tenerife","10":"product_tag-rent-an-automatic-car-tenerife","12":"first","13":"instock","14":"shipping-taxable","15":"purchasable","16":"product-type-simple"},"acf":[],"yoast_head":"<!-- This site is optimized with the Yoast SEO plugin v25.6 - https:\/\/yoast.com\/wordpress\/plugins\/seo\/ -->\n<title>Rent a car in Tenerife - Aventura Excursions - Book Online for Best Deals and Choices!<\/title>\n<meta name=\"description\" content=\"Rent a car in Tenerife with full insurance and no deposit. Check reviews and prices. Choose from various models and enjoy delivery to your hotel or airport.\" \/>\n<meta name=\"robots\" content=\"index, follow, max-snippet:-1, max-image-preview:large, max-video-preview:-1\" \/>\n<link rel=\"canonical\" href=\"https:\/\/aventura-excursions.com\/es\/producto\/rent-a-car\/\" \/>\n<meta property=\"og:locale\" content=\"es_ES\" \/>\n<meta property=\"og:type\" content=\"article\" \/>\n<meta property=\"og:title\" content=\"Rent a car in Tenerife - Aventura Excursions - Book Online for Best Deals and Choices!\" \/>\n<meta property=\"og:description\" content=\"Rent a car in Tenerife with full insurance and no deposit. Check reviews and prices. Choose from various models and enjoy delivery to your hotel or airport.\" \/>\n<meta property=\"og:url\" content=\"https:\/\/aventura-excursions.com\/es\/producto\/rent-a-car\/\" \/>\n<meta property=\"og:site_name\" content=\"Aventura Excursions\" \/>\n<meta property=\"article:modified_time\" content=\"2024-05-29T15:39:31+00:00\" \/>\n<meta property=\"og:image\" content=\"https:\/\/aventura-excursions.com\/wp-content\/uploads\/2024\/03\/car.jpg\" \/>\n\t<meta property=\"og:image:width\" content=\"500\" \/>\n\t<meta property=\"og:image:height\" content=\"760\" \/>\n\t<meta property=\"og:image:type\" content=\"image\/jpeg\" \/>\n<meta name=\"twitter:card\" content=\"summary_large_image\" \/>\n<meta name=\"twitter:label1\" content=\"Tiempo de lectura\" \/>\n\t<meta name=\"twitter:data1\" content=\"3 minutos\" \/>\n<!-- \/ Yoast SEO plugin. -->","yoast_head_json":{"title":"Rent a car in Tenerife - Aventura Excursions - Book Online for Best Deals and Choices!","description":"Rent a car in Tenerife with full insurance and no deposit. Check reviews and prices. Choose from various models and enjoy delivery to your hotel or airport.","robots":{"index":"index","follow":"follow","max-snippet":"max-snippet:-1","max-image-preview":"max-image-preview:large","max-video-preview":"max-video-preview:-1"},"canonical":"https:\/\/aventura-excursions.com\/es\/producto\/rent-a-car\/","og_locale":"es_ES","og_type":"article","og_title":"Rent a car in Tenerife - Aventura Excursions - Book Online for Best Deals and Choices!","og_description":"Rent a car in Tenerife with full insurance and no deposit. Check reviews and prices. Choose from various models and enjoy delivery to your hotel or airport.","og_url":"https:\/\/aventura-excursions.com\/es\/producto\/rent-a-car\/","og_site_name":"Aventura Excursions","article_modified_time":"2024-05-29T15:39:31+00:00","og_image":[{"width":500,"height":760,"url":"https:\/\/aventura-excursions.com\/wp-content\/uploads\/2024\/03\/car.jpg","type":"image\/jpeg"}],"twitter_card":"summary_large_image","twitter_misc":{"Tiempo de lectura":"3 minutos"},"schema":{"@context":"https:\/\/schema.org","@graph":[{"@type":"WebPage","@id":"https:\/\/aventura-excursions.com\/product\/rent-a-car\/","url":"https:\/\/aventura-excursions.com\/product\/rent-a-car\/","name":"Rent a car in Tenerife - Aventura Excursions - Book Online for Best Deals and Choices!","isPartOf":{"@id":"https:\/\/aventura-excursions.com\/#website"},"primaryImageOfPage":{"@id":"https:\/\/aventura-excursions.com\/product\/rent-a-car\/#primaryimage"},"image":{"@id":"https:\/\/aventura-excursions.com\/product\/rent-a-car\/#primaryimage"},"thumbnailUrl":"https:\/\/aventura-excursions.com\/wp-content\/uploads\/2024\/03\/car.jpg","datePublished":"2024-02-26T15:22:24+00:00","dateModified":"2024-05-29T15:39:31+00:00","description":"Rent a car in Tenerife with full insurance and no deposit. Check reviews and prices. Choose from various models and enjoy delivery to your hotel or airport.","breadcrumb":{"@id":"https:\/\/aventura-excursions.com\/product\/rent-a-car\/#breadcrumb"},"inLanguage":"es","potentialAction":[{"@type":"ReadAction","target":["https:\/\/aventura-excursions.com\/product\/rent-a-car\/"]}]},{"@type":"ImageObject","inLanguage":"es","@id":"https:\/\/aventura-excursions.com\/product\/rent-a-car\/#primaryimage","url":"https:\/\/aventura-excursions.com\/wp-content\/uploads\/2024\/03\/car.jpg","contentUrl":"https:\/\/aventura-excursions.com\/wp-content\/uploads\/2024\/03\/car.jpg","width":500,"height":760},{"@type":"BreadcrumbList","@id":"https:\/\/aventura-excursions.com\/product\/rent-a-car\/#breadcrumb","itemListElement":[{"@type":"ListItem","position":1,"name":"Tours","item":"https:\/\/aventura-excursions.com\/tours\/"},{"@type":"ListItem","position":2,"name":"Rent a car"}]},{"@type":"WebSite","@id":"https:\/\/aventura-excursions.com\/#website","url":"https:\/\/aventura-excursions.com\/","name":"Aventura Excursions","description":"Aventura Excursions","potentialAction":[{"@type":"SearchAction","target":{"@type":"EntryPoint","urlTemplate":"https:\/\/aventura-excursions.com\/?s={search_term_string}"},"query-input":{"@type":"PropertyValueSpecification","valueRequired":true,"valueName":"search_term_string"}}],"inLanguage":"es"}]}},"_links":{"self":[{"href":"https:\/\/aventura-excursions.com\/es\/wp-json\/wp\/v2\/product\/447","targetHints":{"allow":["GET"]}}],"collection":[{"href":"https:\/\/aventura-excursions.com\/es\/wp-json\/wp\/v2\/product"}],"about":[{"href":"https:\/\/aventura-excursions.com\/es\/wp-json\/wp\/v2\/types\/product"}],"wp:featuredmedia":[{"embeddable":true,"href":"https:\/\/aventura-excursions.com\/es\/wp-json\/wp\/v2\/media\/548"}],"wp:attachment":[{"href":"https:\/\/aventura-excursions.com\/es\/wp-json\/wp\/v2\/media?parent=447"}],"wp:term":[{"taxonomy":"product_brand","embeddable":true,"href":"https:\/\/aventura-excursions.com\/es\/wp-json\/wp\/v2\/product_brand?post=447"},{"taxonomy":"product_cat","embeddable":true,"href":"https:\/\/aventura-excursions.com\/es\/wp-json\/wp\/v2\/product_cat?post=447"},{"taxonomy":"product_tag","embeddable":true,"href":"https:\/\/aventura-excursions.com\/es\/wp-json\/wp\/v2\/product_tag?post=447"}],"curies":[{"name":"wp","href":"https:\/\/api.w.org\/{rel}","templated":true}]}}