{"id":551,"date":"2024-03-11T20:34:27","date_gmt":"2024-03-11T17:34:27","guid":{"rendered":"https:\/\/aventura-excursions.com\/?post_type=product&#038;p=551"},"modified":"2025-10-18T00:03:37","modified_gmt":"2025-10-17T21:03:37","slug":"gran-canaria","status":"publish","type":"product","link":"https:\/\/aventura-excursions.com\/es\/producto\/gran-canaria\/","title":{"rendered":"Gran Canaria"},"content":{"rendered":"<h3>Descripci\u00f3n<\/h3>\n<p>\nYou have a great opportunity to visit another beautiful island that offers so much to see!<br \/>\nWe start our trip by ferry from Santa Cruz to Agaete, a picturesque harbour in Gran Canaria, and we head to Arehucas, well known for its rum factory. There we learn about the old tradition of distillation. The guided visit of the factory&#8217;s facilities finishes with a tasting of rums and liquors.<\/p>\n<p>\nAfter exploring the distillery we go to the capital of Gran Canaria, Las Palmas, where we will visit a huge aquarium complex Poema del Mar, which surprises with the variety of marine life species and the world&#8217;s biggest glass wall.<\/p>\n<p>\nTerminamos nuestro d\u00eda con un paseo por Vegueta, el centro hist\u00f3rico de Las Palmas.<\/p>\n<h3><\/h3>\n<h3>Puntos de inter\u00e9s<\/h3>\n<ul>\n<li>Destiler\u00eda de ron Arehucas<\/li>\n<li>Acuario Poema del Mar<\/li>\n<li>Las Palmas (casco antiguo Vegueta)<\/li>\n<\/ul>\n<p><h3>Detalles<\/h3>\n<p>\n<strong>\u00a1Es obligatorio traer tu identificaci\u00f3n para el ferry!<\/strong><\/p>\n<p>\n<em><strong>Punto de encuentro:<\/strong><\/em> Puerto de Santa Cruz <\/p>\n<p>\n<em><strong>Duraci\u00f3n:<\/strong><\/em> 10 horas<\/p>\n<p>\n<strong><em>Incluido:<\/em><\/strong> \t<\/p>\n<ul>\n<li>billete al ferry (90 min)<\/li>\n<li>entrada a Poema del Mar<\/li>\n<li>gu\u00eda profesional<\/li>\n<li>recogida en el Sur desde Golf del Sur hasta Los Gigantes y en el Norte desde Puerto de la Cruz y Caletillas<\/li>\n<\/ul>\n<p>\n<strong><em>No incluido:<\/em><\/strong> <\/p>\n<ul>\n<li>almuerzo<\/li>\n<\/ul>\n<p>\n<br \/>\n<strong><em>Nota:<\/em><\/strong> El horario que aparece en esta p\u00e1gina se aplica exclusivamente a las visitas realizadas en ingl\u00e9s, aleman y espa\u00f1ol.<\/p>\n<p>\nPara visitas en otros idiomas, o si desea que le recojamos en una zona que no figura en la lista, p\u00f3ngase en contacto con nosotros por correo electr\u00f3nico en info@aventura-excursions.com <a href=\"mailto:info@aventura-excursions.com\" target=\"ask__mail\">info@aventura-excursions.com<\/a> o por tel\u00e9fono en <a href=\"tel: 34647676812\" target=\"_blank\">+34 647 67 68 12<\/a>. Nuestro equipo estar\u00e1 encantado de ayudarle.<\/p>","protected":false},"excerpt":{"rendered":"<div>\n<p>Visit the island of Gran Canaria to experience the beauty of the best aquarium in Europe &#8211; Poema del Mar, the famous Arehucas distillery and the historical center of Vegueta. <\/p>\n<p>\n<br \/>Primero, elige el n\u00famero de adultos, ni\u00f1os (2-11 a\u00f1os) y beb\u00e9s (0-1 a\u00f1o) y luego selecciona la fecha del viaje.\n<\/div>","protected":false},"featured_media":577,"template":"","meta":{"_acf_changed":false},"product_brand":[],"product_cat":[19],"product_tag":[],"class_list":{"0":"post-551","1":"product","2":"type-product","3":"status-publish","4":"has-post-thumbnail","6":"product_cat-bus-excursions","8":"first","9":"instock","10":"shipping-taxable","11":"product-type-grouped"},"acf":[],"yoast_head":"<!-- This site is optimized with the Yoast SEO plugin v25.6 - https:\/\/yoast.com\/wordpress\/plugins\/seo\/ -->\n<title>Gran Canaria Tour from Tenerife- Aventura Excursions | Aquarium, Distillery &amp; Vegueta<\/title>\n<meta name=\"description\" content=\"Book your Gran Canaria tour! Visit Poema del Mar aquarium, Arehucas distillery, and historic Vegueta. Enjoy family-friendly fun and explore top attractions\" \/>\n<meta name=\"robots\" content=\"index, follow, max-snippet:-1, max-image-preview:large, max-video-preview:-1\" \/>\n<link rel=\"canonical\" href=\"https:\/\/aventura-excursions.com\/es\/producto\/gran-canaria\/\" \/>\n<meta property=\"og:locale\" content=\"es_ES\" \/>\n<meta property=\"og:type\" content=\"article\" \/>\n<meta property=\"og:title\" content=\"Gran Canaria Tour from Tenerife- Aventura Excursions | Aquarium, Distillery &amp; Vegueta\" \/>\n<meta property=\"og:description\" content=\"Book your Gran Canaria tour! Visit Poema del Mar aquarium, Arehucas distillery, and historic Vegueta. Enjoy family-friendly fun and explore top attractions\" \/>\n<meta property=\"og:url\" content=\"https:\/\/aventura-excursions.com\/es\/producto\/gran-canaria\/\" \/>\n<meta property=\"og:site_name\" content=\"Aventura Excursions\" \/>\n<meta property=\"article:modified_time\" content=\"2025-10-17T21:03:37+00:00\" \/>\n<meta property=\"og:image\" content=\"https:\/\/aventura-excursions.com\/wp-content\/uploads\/2024\/03\/f649e7bf9835923744d05f853d03eb59d93be5a2-1200x702-1.jpg\" \/>\n\t<meta property=\"og:image:width\" content=\"800\" \/>\n\t<meta property=\"og:image:height\" content=\"440\" \/>\n\t<meta property=\"og:image:type\" content=\"image\/jpeg\" \/>\n<meta name=\"twitter:card\" content=\"summary_large_image\" \/>\n<meta name=\"twitter:label1\" content=\"Tiempo de lectura\" \/>\n\t<meta name=\"twitter:data1\" content=\"2 minutos\" \/>\n<!-- \/ Yoast SEO plugin. -->","yoast_head_json":{"title":"Gran Canaria Tour from Tenerife- Aventura Excursions | Aquarium, Distillery & Vegueta","description":"Book your Gran Canaria tour! Visit Poema del Mar aquarium, Arehucas distillery, and historic Vegueta. Enjoy family-friendly fun and explore top attractions","robots":{"index":"index","follow":"follow","max-snippet":"max-snippet:-1","max-image-preview":"max-image-preview:large","max-video-preview":"max-video-preview:-1"},"canonical":"https:\/\/aventura-excursions.com\/es\/producto\/gran-canaria\/","og_locale":"es_ES","og_type":"article","og_title":"Gran Canaria Tour from Tenerife- Aventura Excursions | Aquarium, Distillery & Vegueta","og_description":"Book your Gran Canaria tour! Visit Poema del Mar aquarium, Arehucas distillery, and historic Vegueta. Enjoy family-friendly fun and explore top attractions","og_url":"https:\/\/aventura-excursions.com\/es\/producto\/gran-canaria\/","og_site_name":"Aventura Excursions","article_modified_time":"2025-10-17T21:03:37+00:00","og_image":[{"width":800,"height":440,"url":"https:\/\/aventura-excursions.com\/wp-content\/uploads\/2024\/03\/f649e7bf9835923744d05f853d03eb59d93be5a2-1200x702-1.jpg","type":"image\/jpeg"}],"twitter_card":"summary_large_image","twitter_misc":{"Tiempo de lectura":"2 minutos"},"schema":{"@context":"https:\/\/schema.org","@graph":[{"@type":"WebPage","@id":"https:\/\/aventura-excursions.com\/product\/gran-canaria\/","url":"https:\/\/aventura-excursions.com\/product\/gran-canaria\/","name":"Gran Canaria Tour from Tenerife- Aventura Excursions | Aquarium, Distillery & Vegueta","isPartOf":{"@id":"https:\/\/aventura-excursions.com\/#website"},"primaryImageOfPage":{"@id":"https:\/\/aventura-excursions.com\/product\/gran-canaria\/#primaryimage"},"image":{"@id":"https:\/\/aventura-excursions.com\/product\/gran-canaria\/#primaryimage"},"thumbnailUrl":"https:\/\/aventura-excursions.com\/wp-content\/uploads\/2024\/03\/f649e7bf9835923744d05f853d03eb59d93be5a2-1200x702-1.jpg","datePublished":"2024-03-11T17:34:27+00:00","dateModified":"2025-10-17T21:03:37+00:00","description":"Book your Gran Canaria tour! Visit Poema del Mar aquarium, Arehucas distillery, and historic Vegueta. Enjoy family-friendly fun and explore top attractions","breadcrumb":{"@id":"https:\/\/aventura-excursions.com\/product\/gran-canaria\/#breadcrumb"},"inLanguage":"es","potentialAction":[{"@type":"ReadAction","target":["https:\/\/aventura-excursions.com\/product\/gran-canaria\/"]}]},{"@type":"ImageObject","inLanguage":"es","@id":"https:\/\/aventura-excursions.com\/product\/gran-canaria\/#primaryimage","url":"https:\/\/aventura-excursions.com\/wp-content\/uploads\/2024\/03\/f649e7bf9835923744d05f853d03eb59d93be5a2-1200x702-1.jpg","contentUrl":"https:\/\/aventura-excursions.com\/wp-content\/uploads\/2024\/03\/f649e7bf9835923744d05f853d03eb59d93be5a2-1200x702-1.jpg","width":800,"height":440},{"@type":"BreadcrumbList","@id":"https:\/\/aventura-excursions.com\/product\/gran-canaria\/#breadcrumb","itemListElement":[{"@type":"ListItem","position":1,"name":"Tours","item":"https:\/\/aventura-excursions.com\/tours\/"},{"@type":"ListItem","position":2,"name":"Gran Canaria"}]},{"@type":"WebSite","@id":"https:\/\/aventura-excursions.com\/#website","url":"https:\/\/aventura-excursions.com\/","name":"Aventura Excursions","description":"Aventura Excursions","potentialAction":[{"@type":"SearchAction","target":{"@type":"EntryPoint","urlTemplate":"https:\/\/aventura-excursions.com\/?s={search_term_string}"},"query-input":{"@type":"PropertyValueSpecification","valueRequired":true,"valueName":"search_term_string"}}],"inLanguage":"es"}]}},"_links":{"self":[{"href":"https:\/\/aventura-excursions.com\/es\/wp-json\/wp\/v2\/product\/551","targetHints":{"allow":["GET"]}}],"collection":[{"href":"https:\/\/aventura-excursions.com\/es\/wp-json\/wp\/v2\/product"}],"about":[{"href":"https:\/\/aventura-excursions.com\/es\/wp-json\/wp\/v2\/types\/product"}],"wp:featuredmedia":[{"embeddable":true,"href":"https:\/\/aventura-excursions.com\/es\/wp-json\/wp\/v2\/media\/577"}],"wp:attachment":[{"href":"https:\/\/aventura-excursions.com\/es\/wp-json\/wp\/v2\/media?parent=551"}],"wp:term":[{"taxonomy":"product_brand","embeddable":true,"href":"https:\/\/aventura-excursions.com\/es\/wp-json\/wp\/v2\/product_brand?post=551"},{"taxonomy":"product_cat","embeddable":true,"href":"https:\/\/aventura-excursions.com\/es\/wp-json\/wp\/v2\/product_cat?post=551"},{"taxonomy":"product_tag","embeddable":true,"href":"https:\/\/aventura-excursions.com\/es\/wp-json\/wp\/v2\/product_tag?post=551"}],"curies":[{"name":"wp","href":"https:\/\/api.w.org\/{rel}","templated":true}]}}