{"id":588,"date":"2024-03-16T19:41:09","date_gmt":"2024-03-16T16:41:09","guid":{"rendered":"https:\/\/aventura-excursions.com\/?post_type=product&#038;p=588"},"modified":"2026-02-12T03:34:05","modified_gmt":"2026-02-12T00:34:05","slug":"la-palma","status":"publish","type":"product","link":"https:\/\/aventura-excursions.com\/es\/producto\/la-palma\/","title":{"rendered":"La Palma"},"content":{"rendered":"<h3>Descripci\u00f3n<\/h3>\n<p>Spectacular excursion to discover the greenest island of the Canaries and the lava flows that appeared by the volcanoes&#8217; eruptions in 2021.<\/p>\n<p>\nA 2.5-hour trip on a ferry boat brings us to the capital of La Palma, where we enjoy traditional Canarian architecture with its gracious wooden balconies and learn the history of the Columbus trip to America that started from La Palma. You will see El Barco de la Virgen, a reproduction of the Columbus&#8217; ship Santa Maria.<\/p>\n<p>\nAfter the visit to the capital, we head to the inner part of the island to explore volcanoes. The unpredictable force of nature drastically changed the island&#8217;s landscape and there you can witness it with your own eyes. <\/p>\n<p>\nNuestra \u00faltima parada son los miradores de Tajuya, Tazacorte y Concepci\u00f3n donde volver a poder observar los volcanes con seguridad, para luego dirigirnos al puerto y terminar el d\u00eda lleno de grandes emociones con el viaje en barco de regreso a Tenerife.<\/p>\n<h3><\/h3>\n<h3>Puntos de inter\u00e9s<\/h3>\n<ul>\n<li>Santa Cruz de La Palma: Col\u00f3n<\/li>\n<li>Volcanes y coladas de lava reci\u00e9n nacidos<\/li>\n<li>Parque Nacional Caldera de Taburiente<\/li>\n<\/ul>\n<p>\n<\/p>\n<h3>Detalles<\/h3>\n<p>\n<strong>\u00a1Es obligatorio traer tu identificaci\u00f3n para el ferry!<\/strong><\/p>\n<p>\n<strong><em>Recogida:<\/em><\/strong> alrededor de las 07:30<\/p>\n<p>\n<strong><em>Duraci\u00f3n:<\/em><\/strong> 12 horas<\/p>\n<p>\n<strong><em>Incluido:<\/em><\/strong><\/p>\n<ul>\n<li>billete al ferry (2,5 horas)<\/li>\n<li>gu\u00eda profesional<\/li>\n<\/ul>\n<p>\n<strong><em>No incluido:<\/em><\/strong> <\/p>\n<ul>\n<li>recogida en el hotel<\/li>\n<\/ul>\n<\/ul>\n<p>\n<br \/>\n<strong><em>Nota:<\/em><\/strong> El horario que aparece en esta p\u00e1gina se aplica exclusivamente a las visitas realizadas en ingl\u00e9s, aleman y espa\u00f1ol.<\/p>\n<p>\nPara visitas en otros idiomas, p\u00f3ngase en contacto con nosotros por correo electr\u00f3nico en <a href=\"mailto:info@aventura-excursions.com\" target=\"ask__mail\">info@aventura-excursions.com<\/a> o por tel\u00e9fono en <a href=\"tel: 34647676812\" target=\"_blank\">+34 647 67 68 12<\/a>. Nuestro equipo estar\u00e1 encantado de ayudarle.<\/p>","protected":false},"excerpt":{"rendered":"<div>\nUna isla que sorprende por el contraste de sus paisajes, desde los bosques milenarios m\u00e1s verdes hasta coladas de lava formadas antiguamente en el Parque Nacional de la Caldera de Taburiente y de reciente actividad volc\u00e1nica en 2021. Siendo adem\u00e1s uno de los puntos de partida de Col\u00f3n para su viajes a Am\u00e9rica, La Palma no s\u00f3lo tiene un inter\u00e9s natural, sino tambi\u00e9n hist\u00f3rico.<\/p>\n<p>\n<br \/>\nPrimero, elige el n\u00famero de adultos, ni\u00f1os (4-11 a\u00f1os) y beb\u00e9s (0-3 a\u00f1os) y luego selecciona la fecha del viaje.\n<\/div>","protected":false},"featured_media":592,"template":"","meta":{"_acf_changed":false},"product_brand":[],"product_cat":[19],"product_tag":[],"class_list":{"0":"post-588","1":"product","2":"type-product","3":"status-publish","4":"has-post-thumbnail","6":"product_cat-bus-excursions","8":"first","9":"instock","10":"shipping-taxable","11":"product-type-grouped"},"acf":[],"yoast_head":"<!-- This site is optimized with the Yoast SEO plugin v25.6 - https:\/\/yoast.com\/wordpress\/plugins\/seo\/ -->\n<title>Explore La Palma from Tenerife - Aventura Excursions | Book Your Adventure Today!<\/title>\n<meta name=\"description\" content=\"Discover La Palma&#039;s landscapes and history on a ferry boat from Tenerife! Check reviews, prices, and ratings. Book now for an unforgettable journey!\" \/>\n<meta name=\"robots\" content=\"index, follow, max-snippet:-1, max-image-preview:large, max-video-preview:-1\" \/>\n<link rel=\"canonical\" href=\"https:\/\/aventura-excursions.com\/es\/producto\/la-palma\/\" \/>\n<meta property=\"og:locale\" content=\"es_ES\" \/>\n<meta property=\"og:type\" content=\"article\" \/>\n<meta property=\"og:title\" content=\"Explore La Palma from Tenerife - Aventura Excursions | Book Your Adventure Today!\" \/>\n<meta property=\"og:description\" content=\"Discover La Palma&#039;s landscapes and history on a ferry boat from Tenerife! Check reviews, prices, and ratings. Book now for an unforgettable journey!\" \/>\n<meta property=\"og:url\" content=\"https:\/\/aventura-excursions.com\/es\/producto\/la-palma\/\" \/>\n<meta property=\"og:site_name\" content=\"Aventura Excursions\" \/>\n<meta property=\"article:modified_time\" content=\"2026-02-12T00:34:05+00:00\" \/>\n<meta property=\"og:image\" content=\"https:\/\/aventura-excursions.com\/wp-content\/uploads\/2024\/03\/HH_La_Palma_shutterstock_2125025831.png\" \/>\n\t<meta property=\"og:image:width\" content=\"1200\" \/>\n\t<meta property=\"og:image:height\" content=\"816\" \/>\n\t<meta property=\"og:image:type\" content=\"image\/png\" \/>\n<meta name=\"twitter:card\" content=\"summary_large_image\" \/>\n<meta name=\"twitter:label1\" content=\"Tiempo de lectura\" \/>\n\t<meta name=\"twitter:data1\" content=\"2 minutos\" \/>\n<!-- \/ Yoast SEO plugin. -->","yoast_head_json":{"title":"Explore La Palma from Tenerife - Aventura Excursions | Book Your Adventure Today!","description":"Discover La Palma's landscapes and history on a ferry boat from Tenerife! Check reviews, prices, and ratings. Book now for an unforgettable journey!","robots":{"index":"index","follow":"follow","max-snippet":"max-snippet:-1","max-image-preview":"max-image-preview:large","max-video-preview":"max-video-preview:-1"},"canonical":"https:\/\/aventura-excursions.com\/es\/producto\/la-palma\/","og_locale":"es_ES","og_type":"article","og_title":"Explore La Palma from Tenerife - Aventura Excursions | Book Your Adventure Today!","og_description":"Discover La Palma's landscapes and history on a ferry boat from Tenerife! Check reviews, prices, and ratings. Book now for an unforgettable journey!","og_url":"https:\/\/aventura-excursions.com\/es\/producto\/la-palma\/","og_site_name":"Aventura Excursions","article_modified_time":"2026-02-12T00:34:05+00:00","og_image":[{"width":1200,"height":816,"url":"https:\/\/aventura-excursions.com\/wp-content\/uploads\/2024\/03\/HH_La_Palma_shutterstock_2125025831.png","type":"image\/png"}],"twitter_card":"summary_large_image","twitter_misc":{"Tiempo de lectura":"2 minutos"},"schema":{"@context":"https:\/\/schema.org","@graph":[{"@type":"WebPage","@id":"https:\/\/aventura-excursions.com\/product\/la-palma\/","url":"https:\/\/aventura-excursions.com\/product\/la-palma\/","name":"Explore La Palma from Tenerife - Aventura Excursions | Book Your Adventure Today!","isPartOf":{"@id":"https:\/\/aventura-excursions.com\/#website"},"primaryImageOfPage":{"@id":"https:\/\/aventura-excursions.com\/product\/la-palma\/#primaryimage"},"image":{"@id":"https:\/\/aventura-excursions.com\/product\/la-palma\/#primaryimage"},"thumbnailUrl":"https:\/\/aventura-excursions.com\/wp-content\/uploads\/2024\/03\/HH_La_Palma_shutterstock_2125025831.png","datePublished":"2024-03-16T16:41:09+00:00","dateModified":"2026-02-12T00:34:05+00:00","description":"Discover La Palma's landscapes and history on a ferry boat from Tenerife! Check reviews, prices, and ratings. Book now for an unforgettable journey!","breadcrumb":{"@id":"https:\/\/aventura-excursions.com\/product\/la-palma\/#breadcrumb"},"inLanguage":"es","potentialAction":[{"@type":"ReadAction","target":["https:\/\/aventura-excursions.com\/product\/la-palma\/"]}]},{"@type":"ImageObject","inLanguage":"es","@id":"https:\/\/aventura-excursions.com\/product\/la-palma\/#primaryimage","url":"https:\/\/aventura-excursions.com\/wp-content\/uploads\/2024\/03\/HH_La_Palma_shutterstock_2125025831.png","contentUrl":"https:\/\/aventura-excursions.com\/wp-content\/uploads\/2024\/03\/HH_La_Palma_shutterstock_2125025831.png","width":1200,"height":816},{"@type":"BreadcrumbList","@id":"https:\/\/aventura-excursions.com\/product\/la-palma\/#breadcrumb","itemListElement":[{"@type":"ListItem","position":1,"name":"Tours","item":"https:\/\/aventura-excursions.com\/tours\/"},{"@type":"ListItem","position":2,"name":"La Palma"}]},{"@type":"WebSite","@id":"https:\/\/aventura-excursions.com\/#website","url":"https:\/\/aventura-excursions.com\/","name":"Aventura Excursions","description":"Aventura Excursions","potentialAction":[{"@type":"SearchAction","target":{"@type":"EntryPoint","urlTemplate":"https:\/\/aventura-excursions.com\/?s={search_term_string}"},"query-input":{"@type":"PropertyValueSpecification","valueRequired":true,"valueName":"search_term_string"}}],"inLanguage":"es"}]}},"_links":{"self":[{"href":"https:\/\/aventura-excursions.com\/es\/wp-json\/wp\/v2\/product\/588","targetHints":{"allow":["GET"]}}],"collection":[{"href":"https:\/\/aventura-excursions.com\/es\/wp-json\/wp\/v2\/product"}],"about":[{"href":"https:\/\/aventura-excursions.com\/es\/wp-json\/wp\/v2\/types\/product"}],"wp:featuredmedia":[{"embeddable":true,"href":"https:\/\/aventura-excursions.com\/es\/wp-json\/wp\/v2\/media\/592"}],"wp:attachment":[{"href":"https:\/\/aventura-excursions.com\/es\/wp-json\/wp\/v2\/media?parent=588"}],"wp:term":[{"taxonomy":"product_brand","embeddable":true,"href":"https:\/\/aventura-excursions.com\/es\/wp-json\/wp\/v2\/product_brand?post=588"},{"taxonomy":"product_cat","embeddable":true,"href":"https:\/\/aventura-excursions.com\/es\/wp-json\/wp\/v2\/product_cat?post=588"},{"taxonomy":"product_tag","embeddable":true,"href":"https:\/\/aventura-excursions.com\/es\/wp-json\/wp\/v2\/product_tag?post=588"}],"curies":[{"name":"wp","href":"https:\/\/api.w.org\/{rel}","templated":true}]}}