{"id":613,"date":"2024-03-18T19:50:56","date_gmt":"2024-03-18T16:50:56","guid":{"rendered":"https:\/\/aventura-excursions.com\/?post_type=product&#038;p=613"},"modified":"2025-06-14T01:39:14","modified_gmt":"2025-06-13T22:39:14","slug":"teide-by-night","status":"publish","type":"product","link":"https:\/\/aventura-excursions.com\/es\/producto\/teide-by-night\/","title":{"rendered":"Teide noche"},"content":{"rendered":"<h3>Descripci\u00f3n<\/h3>\n<p>\nTe sorprender\u00e1 lo diferente que se ve el mundo del Teide al amparo de la noche. Puedes convertirte en uno con la naturaleza acerc\u00e1ndote a las estrellas y estando rodeado de pinturas c\u00f3smicas del cielo. Un astr\u00f3nomo profesional te mostrar\u00e1 las constelaciones a trav\u00e9s de un telescopio y te contar\u00e1 todo sobre sus significados e historias. <\/p>\n<p>\nNuestra excursi\u00f3n comienza desde el Sur y luego nos dirigimos al coraz\u00f3n de Tenerife, al gran volc\u00e1n del Teide. All\u00ed podr\u00e1s contemplar la asombrosa puesta de sol con una copa de vino, contemplando el Oc\u00e9ano Atl\u00e1ntico. Exploramos el Parque Nacional del Teide y luego con la ayuda de un gu\u00eda profesional aprendemos sobre las estrellas, el espacio y el universo utilizando telescopios.<\/p>\n<p><\/p>\n<h3>Puntos de inter\u00e9s<\/h3>\n<ul>\n<li>Parque nacional del Teide<\/li>\n<li>Astr\u00f3nomo profesional<\/li>\n<li>Potentes telescopios<\/li>\n<li>Impresionante puesta de sol<\/li>\n<\/ul>\n<p>\n<\/p>\n<h3>Detalles<\/h3>\n<p>\n<strong><em>Recogida:<\/em><\/strong> a las 15:00 \u2013 16:00 <\/p>\n<p>\n<strong><em>Duraci\u00f3n:<\/em><\/strong> 9 horas <\/p>\n<p>\n<strong><em>Incluido:<\/em><\/strong><\/p>\n<ul>\n<li>recogida en el Sur desde Los Gigantes hasta el M\u00e9dano y en el Norte desde Puerto de la Cruz<\/li>\n<li>mantas y bebidas calientes<\/li>\n<li>telescopios<\/li>\n<li>astr\u00f3nomo profesional<\/li>\n<\/ul>\n<p><p>\n<br \/>\n<strong><em>Nota:<\/em><\/strong> El horario que aparece en esta p\u00e1gina se aplica exclusivamente a las visitas realizadas en ingl\u00e9s, aleman y espa\u00f1ol.<\/p>\n<p>\nPara visitas en otros idiomas, p\u00f3ngase en contacto con nosotros por correo electr\u00f3nico en <a href=\"mailto:info@aventura-excursions.com\" target=\"ask__mail\">info@aventura-excursions.com<\/a> o por tel\u00e9fono en <a href=\"tel: 34647676812\" target=\"_blank\">+34 647 67 68 12<\/a>. Nuestro equipo estar\u00e1 encantado de ayudarle.<\/p>","protected":false},"excerpt":{"rendered":"<div>\nExperimenta un viaje inolvidable al coraz\u00f3n de Tenerife, al volc\u00e1n Teide de noche, viendo las estrellas a trav\u00e9s de los telescopios y disfrutando de las majestuosas vistas del Oc\u00e9ano Atl\u00e1ntico bajo las coloridas luces del atardecer con un gu\u00eda profesional a tu lado.<\/p>\n<p>\n<br \/>\nPrimero, elige el n\u00famero de adultos y ni\u00f1os (8-13 a\u00f1os) y luego selecciona la fecha del viaje.\n<\/div>","protected":false},"featured_media":614,"template":"","meta":{"_acf_changed":false},"product_brand":[],"product_cat":[19],"product_tag":[],"class_list":{"0":"post-613","1":"product","2":"type-product","3":"status-publish","4":"has-post-thumbnail","6":"product_cat-bus-excursions","8":"first","9":"instock","10":"shipping-taxable","11":"product-type-grouped"},"acf":[],"yoast_head":"<!-- This site is optimized with the Yoast SEO plugin v25.6 - https:\/\/yoast.com\/wordpress\/plugins\/seo\/ -->\n<title>Teide by Night Tours in Tenerife - Aventura Excursions - Book Your Stargazing Adventure!<\/title>\n<meta name=\"description\" content=\"Experience Teide by Night tours in Tenerife. Check reviews and prices. Enjoy stargazing with telescopes and breathtaking sunsets over the Atlantic.\" \/>\n<meta name=\"robots\" content=\"index, follow, max-snippet:-1, max-image-preview:large, max-video-preview:-1\" \/>\n<link rel=\"canonical\" href=\"https:\/\/aventura-excursions.com\/es\/producto\/teide-by-night\/\" \/>\n<meta property=\"og:locale\" content=\"es_ES\" \/>\n<meta property=\"og:type\" content=\"article\" \/>\n<meta property=\"og:title\" content=\"Teide by Night Tours in Tenerife - Aventura Excursions - Book Your Stargazing Adventure!\" \/>\n<meta property=\"og:description\" content=\"Experience Teide by Night tours in Tenerife. Check reviews and prices. Enjoy stargazing with telescopes and breathtaking sunsets over the Atlantic.\" \/>\n<meta property=\"og:url\" content=\"https:\/\/aventura-excursions.com\/es\/producto\/teide-by-night\/\" \/>\n<meta property=\"og:site_name\" content=\"Aventura Excursions\" \/>\n<meta property=\"article:modified_time\" content=\"2025-06-13T22:39:14+00:00\" \/>\n<meta property=\"og:image\" content=\"https:\/\/aventura-excursions.com\/wp-content\/uploads\/2024\/03\/photo_2024-03-18_14-35-08-e1710781294954.jpg\" \/>\n\t<meta property=\"og:image:width\" content=\"748\" \/>\n\t<meta property=\"og:image:height\" content=\"701\" \/>\n\t<meta property=\"og:image:type\" content=\"image\/jpeg\" \/>\n<meta name=\"twitter:card\" content=\"summary_large_image\" \/>\n<meta name=\"twitter:label1\" content=\"Tiempo de lectura\" \/>\n\t<meta name=\"twitter:data1\" content=\"2 minutos\" \/>\n<!-- \/ Yoast SEO plugin. -->","yoast_head_json":{"title":"Teide by Night Tours in Tenerife - Aventura Excursions - Book Your Stargazing Adventure!","description":"Experience Teide by Night tours in Tenerife. Check reviews and prices. Enjoy stargazing with telescopes and breathtaking sunsets over the Atlantic.","robots":{"index":"index","follow":"follow","max-snippet":"max-snippet:-1","max-image-preview":"max-image-preview:large","max-video-preview":"max-video-preview:-1"},"canonical":"https:\/\/aventura-excursions.com\/es\/producto\/teide-by-night\/","og_locale":"es_ES","og_type":"article","og_title":"Teide by Night Tours in Tenerife - Aventura Excursions - Book Your Stargazing Adventure!","og_description":"Experience Teide by Night tours in Tenerife. Check reviews and prices. Enjoy stargazing with telescopes and breathtaking sunsets over the Atlantic.","og_url":"https:\/\/aventura-excursions.com\/es\/producto\/teide-by-night\/","og_site_name":"Aventura Excursions","article_modified_time":"2025-06-13T22:39:14+00:00","og_image":[{"width":748,"height":701,"url":"https:\/\/aventura-excursions.com\/wp-content\/uploads\/2024\/03\/photo_2024-03-18_14-35-08-e1710781294954.jpg","type":"image\/jpeg"}],"twitter_card":"summary_large_image","twitter_misc":{"Tiempo de lectura":"2 minutos"},"schema":{"@context":"https:\/\/schema.org","@graph":[{"@type":"WebPage","@id":"https:\/\/aventura-excursions.com\/product\/teide-by-night\/","url":"https:\/\/aventura-excursions.com\/product\/teide-by-night\/","name":"Teide by Night Tours in Tenerife - Aventura Excursions - Book Your Stargazing Adventure!","isPartOf":{"@id":"https:\/\/aventura-excursions.com\/#website"},"primaryImageOfPage":{"@id":"https:\/\/aventura-excursions.com\/product\/teide-by-night\/#primaryimage"},"image":{"@id":"https:\/\/aventura-excursions.com\/product\/teide-by-night\/#primaryimage"},"thumbnailUrl":"https:\/\/aventura-excursions.com\/wp-content\/uploads\/2024\/03\/photo_2024-03-18_14-35-08-e1710781294954.jpg","datePublished":"2024-03-18T16:50:56+00:00","dateModified":"2025-06-13T22:39:14+00:00","description":"Experience Teide by Night tours in Tenerife. Check reviews and prices. Enjoy stargazing with telescopes and breathtaking sunsets over the Atlantic.","breadcrumb":{"@id":"https:\/\/aventura-excursions.com\/product\/teide-by-night\/#breadcrumb"},"inLanguage":"es","potentialAction":[{"@type":"ReadAction","target":["https:\/\/aventura-excursions.com\/product\/teide-by-night\/"]}]},{"@type":"ImageObject","inLanguage":"es","@id":"https:\/\/aventura-excursions.com\/product\/teide-by-night\/#primaryimage","url":"https:\/\/aventura-excursions.com\/wp-content\/uploads\/2024\/03\/photo_2024-03-18_14-35-08-e1710781294954.jpg","contentUrl":"https:\/\/aventura-excursions.com\/wp-content\/uploads\/2024\/03\/photo_2024-03-18_14-35-08-e1710781294954.jpg","width":748,"height":701},{"@type":"BreadcrumbList","@id":"https:\/\/aventura-excursions.com\/product\/teide-by-night\/#breadcrumb","itemListElement":[{"@type":"ListItem","position":1,"name":"Tours","item":"https:\/\/aventura-excursions.com\/tours\/"},{"@type":"ListItem","position":2,"name":"Teide by Night"}]},{"@type":"WebSite","@id":"https:\/\/aventura-excursions.com\/#website","url":"https:\/\/aventura-excursions.com\/","name":"Aventura Excursions","description":"Aventura Excursions","potentialAction":[{"@type":"SearchAction","target":{"@type":"EntryPoint","urlTemplate":"https:\/\/aventura-excursions.com\/?s={search_term_string}"},"query-input":{"@type":"PropertyValueSpecification","valueRequired":true,"valueName":"search_term_string"}}],"inLanguage":"es"}]}},"_links":{"self":[{"href":"https:\/\/aventura-excursions.com\/es\/wp-json\/wp\/v2\/product\/613","targetHints":{"allow":["GET"]}}],"collection":[{"href":"https:\/\/aventura-excursions.com\/es\/wp-json\/wp\/v2\/product"}],"about":[{"href":"https:\/\/aventura-excursions.com\/es\/wp-json\/wp\/v2\/types\/product"}],"wp:featuredmedia":[{"embeddable":true,"href":"https:\/\/aventura-excursions.com\/es\/wp-json\/wp\/v2\/media\/614"}],"wp:attachment":[{"href":"https:\/\/aventura-excursions.com\/es\/wp-json\/wp\/v2\/media?parent=613"}],"wp:term":[{"taxonomy":"product_brand","embeddable":true,"href":"https:\/\/aventura-excursions.com\/es\/wp-json\/wp\/v2\/product_brand?post=613"},{"taxonomy":"product_cat","embeddable":true,"href":"https:\/\/aventura-excursions.com\/es\/wp-json\/wp\/v2\/product_cat?post=613"},{"taxonomy":"product_tag","embeddable":true,"href":"https:\/\/aventura-excursions.com\/es\/wp-json\/wp\/v2\/product_tag?post=613"}],"curies":[{"name":"wp","href":"https:\/\/api.w.org\/{rel}","templated":true}]}}