{"id":620,"date":"2024-03-18T20:14:38","date_gmt":"2024-03-18T17:14:38","guid":{"rendered":"https:\/\/aventura-excursions.com\/?post_type=product&#038;p=620"},"modified":"2024-05-27T16:10:33","modified_gmt":"2024-05-27T13:10:33","slug":"aqualand","status":"publish","type":"product","link":"https:\/\/aventura-excursions.com\/es\/producto\/aqualand\/","title":{"rendered":"Aqualand"},"content":{"rendered":"<h3>Descripci\u00f3n<\/h3>\n<p>\nAqualand is one of the most popular places to visit in Tenerife. Located in Costa Adeje, the aqua park is perfect to spend your time with the whole family. It offers not only a wide range of slides for adults but also a huge variety of attractions for kids of all ages. There is a big area, dedicated to the little ones in a shallow pool, so parents can relax while watching their children without worrying. This park also features one of Tenerife&#8217;s most popular pools with artificial waves. At last, a nice addition to the full day of excitement, there will be a dolphin show! You can enjoy the dolphin performance and even have a chance to interact with them. It&#8217;s an unforgettable experience for everyone!<\/p>\n<p>La amplia superficie del parque tambi\u00e9n ofrece una variedad de bares, quioscos y taquillas.<\/p>\n<h3><\/h3>\n<h3>Puntos de inter\u00e9s<\/h3>\n<ul>\n<li>Toboganes de todos los niveles<\/li>\n<li>Show de delfines<\/li>\n<li>Piscina con olas artificiales<\/li>\n<li>Piscina para ni\u00f1os<\/li>\n<\/ul>\n<p><h3>Detalles<\/h3>\n<p>\n<em><strong>Horario de apertura:<\/strong><\/em><br \/>10:00 \u2013 17:00 (September &#8211; June)<br \/>10:00 \u2013 18:00 (July &#8211; August)<\/p>\n<p>\n<em><strong>Ubicaci\u00f3n:<\/strong><\/em><br \/>Costa Adeje (Sur de Tenerife)<\/p>\n<p><h3>Dos parques con descuento<\/h3>\n<p class=\" translation-block\">Si tienes pensado visitar tanto <a href=\"https:\/\/aventura-excursions.com\/es\/producto\/jungle-park\/\" target=\"_self\"><strong>Jungle Park<\/strong><\/a> como Aqualand, \u00a1puedes comprar un paquete con descuento de dos entradas y ahorrar 8 euros por persona!<\/p>\n<p>Ver m\u00e1s informaci\u00f3n aqu\u00ed: <a href=\"https:\/\/aventura-excursions.com\/es\/producto\/two-parks\/\"><strong>Dos parques<\/strong><\/a><\/p>","protected":false},"excerpt":{"rendered":"<div>\n<p>Aqualand es un famoso parque acu\u00e1tico, ubicado en Costa Adeje, que ofrece una amplia gama de actividades para personas de todas las edades e incluye un espect\u00e1culo de delfines. <\/p>\n<p>\n<br \/>\nSelecciona el n\u00famero de adultos, ni\u00f1os (5-10 a\u00f1os), ni\u00f1os peque\u00f1os (3-4 a\u00f1os) y beb\u00e9s (0-2 a\u00f1os).\n<\/div>","protected":false},"featured_media":1219,"template":"","meta":{"_acf_changed":false},"product_brand":[],"product_cat":[20],"product_tag":[],"class_list":{"0":"post-620","1":"product","2":"type-product","3":"status-publish","4":"has-post-thumbnail","6":"product_cat-parks","8":"first","9":"instock","10":"shipping-taxable","11":"product-type-grouped"},"acf":[],"yoast_head":"<!-- This site is optimized with the Yoast SEO plugin v25.6 - https:\/\/yoast.com\/wordpress\/plugins\/seo\/ -->\n<title>Aqualand Costa Adeje Book Tickets for a Fun-Filled Day in Tenerife<\/title>\n<meta name=\"description\" content=\"Book your tickets for Aqualand in Costa Adeje! Enjoy slides, kids&#039; pools, and a dolphin show. Check prices and book now for a family adventure!\" \/>\n<meta name=\"robots\" content=\"index, follow, max-snippet:-1, max-image-preview:large, max-video-preview:-1\" \/>\n<link rel=\"canonical\" href=\"https:\/\/aventura-excursions.com\/es\/producto\/aqualand\/\" \/>\n<meta property=\"og:locale\" content=\"es_ES\" \/>\n<meta property=\"og:type\" content=\"article\" \/>\n<meta property=\"og:title\" content=\"Aqualand Costa Adeje Book Tickets for a Fun-Filled Day in Tenerife\" \/>\n<meta property=\"og:description\" content=\"Book your tickets for Aqualand in Costa Adeje! Enjoy slides, kids&#039; pools, and a dolphin show. Check prices and book now for a family adventure!\" \/>\n<meta property=\"og:url\" content=\"https:\/\/aventura-excursions.com\/es\/producto\/aqualand\/\" \/>\n<meta property=\"og:site_name\" content=\"Aventura Excursions\" \/>\n<meta property=\"article:modified_time\" content=\"2024-05-27T13:10:33+00:00\" \/>\n<meta property=\"og:image\" content=\"https:\/\/aventura-excursions.com\/wp-content\/uploads\/2024\/03\/aqualand-1.jpg\" \/>\n\t<meta property=\"og:image:width\" content=\"1100\" \/>\n\t<meta property=\"og:image:height\" content=\"550\" \/>\n\t<meta property=\"og:image:type\" content=\"image\/jpeg\" \/>\n<meta name=\"twitter:card\" content=\"summary_large_image\" \/>\n<meta name=\"twitter:label1\" content=\"Tiempo de lectura\" \/>\n\t<meta name=\"twitter:data1\" content=\"2 minutos\" \/>\n<!-- \/ Yoast SEO plugin. -->","yoast_head_json":{"title":"Aqualand Costa Adeje Book Tickets for a Fun-Filled Day in Tenerife","description":"Book your tickets for Aqualand in Costa Adeje! Enjoy slides, kids' pools, and a dolphin show. Check prices and book now for a family adventure!","robots":{"index":"index","follow":"follow","max-snippet":"max-snippet:-1","max-image-preview":"max-image-preview:large","max-video-preview":"max-video-preview:-1"},"canonical":"https:\/\/aventura-excursions.com\/es\/producto\/aqualand\/","og_locale":"es_ES","og_type":"article","og_title":"Aqualand Costa Adeje Book Tickets for a Fun-Filled Day in Tenerife","og_description":"Book your tickets for Aqualand in Costa Adeje! Enjoy slides, kids' pools, and a dolphin show. Check prices and book now for a family adventure!","og_url":"https:\/\/aventura-excursions.com\/es\/producto\/aqualand\/","og_site_name":"Aventura Excursions","article_modified_time":"2024-05-27T13:10:33+00:00","og_image":[{"width":1100,"height":550,"url":"https:\/\/aventura-excursions.com\/wp-content\/uploads\/2024\/03\/aqualand-1.jpg","type":"image\/jpeg"}],"twitter_card":"summary_large_image","twitter_misc":{"Tiempo de lectura":"2 minutos"},"schema":{"@context":"https:\/\/schema.org","@graph":[{"@type":"WebPage","@id":"https:\/\/aventura-excursions.com\/product\/aqualand\/","url":"https:\/\/aventura-excursions.com\/product\/aqualand\/","name":"Aqualand Costa Adeje Book Tickets for a Fun-Filled Day in Tenerife","isPartOf":{"@id":"https:\/\/aventura-excursions.com\/#website"},"primaryImageOfPage":{"@id":"https:\/\/aventura-excursions.com\/product\/aqualand\/#primaryimage"},"image":{"@id":"https:\/\/aventura-excursions.com\/product\/aqualand\/#primaryimage"},"thumbnailUrl":"https:\/\/aventura-excursions.com\/wp-content\/uploads\/2024\/03\/aqualand-1.jpg","datePublished":"2024-03-18T17:14:38+00:00","dateModified":"2024-05-27T13:10:33+00:00","description":"Book your tickets for Aqualand in Costa Adeje! Enjoy slides, kids' pools, and a dolphin show. Check prices and book now for a family adventure!","breadcrumb":{"@id":"https:\/\/aventura-excursions.com\/product\/aqualand\/#breadcrumb"},"inLanguage":"es","potentialAction":[{"@type":"ReadAction","target":["https:\/\/aventura-excursions.com\/product\/aqualand\/"]}]},{"@type":"ImageObject","inLanguage":"es","@id":"https:\/\/aventura-excursions.com\/product\/aqualand\/#primaryimage","url":"https:\/\/aventura-excursions.com\/wp-content\/uploads\/2024\/03\/aqualand-1.jpg","contentUrl":"https:\/\/aventura-excursions.com\/wp-content\/uploads\/2024\/03\/aqualand-1.jpg","width":1100,"height":550,"caption":"Aqualand costa adeje"},{"@type":"BreadcrumbList","@id":"https:\/\/aventura-excursions.com\/product\/aqualand\/#breadcrumb","itemListElement":[{"@type":"ListItem","position":1,"name":"Tours","item":"https:\/\/aventura-excursions.com\/tours\/"},{"@type":"ListItem","position":2,"name":"Aqualand"}]},{"@type":"WebSite","@id":"https:\/\/aventura-excursions.com\/#website","url":"https:\/\/aventura-excursions.com\/","name":"Aventura Excursions","description":"Aventura Excursions","potentialAction":[{"@type":"SearchAction","target":{"@type":"EntryPoint","urlTemplate":"https:\/\/aventura-excursions.com\/?s={search_term_string}"},"query-input":{"@type":"PropertyValueSpecification","valueRequired":true,"valueName":"search_term_string"}}],"inLanguage":"es"}]}},"_links":{"self":[{"href":"https:\/\/aventura-excursions.com\/es\/wp-json\/wp\/v2\/product\/620","targetHints":{"allow":["GET"]}}],"collection":[{"href":"https:\/\/aventura-excursions.com\/es\/wp-json\/wp\/v2\/product"}],"about":[{"href":"https:\/\/aventura-excursions.com\/es\/wp-json\/wp\/v2\/types\/product"}],"wp:featuredmedia":[{"embeddable":true,"href":"https:\/\/aventura-excursions.com\/es\/wp-json\/wp\/v2\/media\/1219"}],"wp:attachment":[{"href":"https:\/\/aventura-excursions.com\/es\/wp-json\/wp\/v2\/media?parent=620"}],"wp:term":[{"taxonomy":"product_brand","embeddable":true,"href":"https:\/\/aventura-excursions.com\/es\/wp-json\/wp\/v2\/product_brand?post=620"},{"taxonomy":"product_cat","embeddable":true,"href":"https:\/\/aventura-excursions.com\/es\/wp-json\/wp\/v2\/product_cat?post=620"},{"taxonomy":"product_tag","embeddable":true,"href":"https:\/\/aventura-excursions.com\/es\/wp-json\/wp\/v2\/product_tag?post=620"}],"curies":[{"name":"wp","href":"https:\/\/api.w.org\/{rel}","templated":true}]}}