{"id":631,"date":"2024-03-19T20:27:31","date_gmt":"2024-03-19T17:27:31","guid":{"rendered":"https:\/\/aventura-excursions.com\/?post_type=product&#038;p=631"},"modified":"2025-09-16T15:59:34","modified_gmt":"2025-09-16T12:59:34","slug":"jet-ski-safari","status":"publish","type":"product","link":"https:\/\/aventura-excursions.com\/es\/producto\/jet-ski-safari\/","title":{"rendered":"Safari en moto de agua"},"content":{"rendered":"<h3>Descripci\u00f3n<\/h3>\n<p>\nDisfruta de la excursi\u00f3n en moto de agua que te ofrece una aventura llena de diversi\u00f3n y emoci\u00f3n. Explorar\u00e1s el oc\u00e9ano a altas velocidades, descubriendo las vistas panor\u00e1micas de la costa rocosa. Tambi\u00e9n existe la posibilidad de que veas delfines o ballenas en el camino. \u00a1Mant\u00e9n los ojos abiertos, nunca sabes lo que te espera en el mar! Hay tours de 1 y 2 horas de duraci\u00f3n, todos guiados por un instructor profesional que va en una embarcaci\u00f3n. El safari comienza en el puerto de Las Galletas y recorre los preciosos acantilados de Palm-Mar. El precio es el mismo tanto para motos de agua individuales como dobles.<\/p>\n<p>\n<\/p>\n<h3>Puntos de inter\u00e9s<\/h3>\n<ul>\n<li>Safari guiado<\/li>\n<li>Vistas panor\u00e1micas<\/li>\n<li>Adrenalina<\/li>\n<li>Recogida en el hotel<\/li>\n<\/ul>\n<p>\n<\/p>\n<h3>Detalles<\/h3>\n<p>\n<strong>Horario de inicio:<\/strong> <br \/>\n10:00, 12:00, 14:00, 16:00 <\/p>\n<p>\n<strong>Altura m\u00ednima:<\/strong> <br \/>\n120 cm <\/p>\n<p>\n<strong>Peso m\u00e1ximo:<\/strong> <br \/>\nsingle jet ski &#8211; 120 kg,<br \/> <br \/>\ndouble jet ski &#8211; 160 kg <\/p>\n<p>\n<strong>Puerto:<\/strong><br \/>\nLas Galletas<\/p>\n<p>\n<strong>Transporte:<\/strong><br \/>\nRecogida gratuita desde Los Cristianos, Las Am\u00e9ricas, Costa Adeje<\/p>\n<p><p>\n<\/p>\n<h3>Paquete rebajado Moto de Agua + SUP<\/h3>\n<p>\n\u00a1Duplica la diversi\u00f3n con nuestro paquete con descuento de safari en moto de agua + lecci\u00f3n de SUP! Experimente la emoci\u00f3n de un tour en jet ski de alta velocidad y domine el arte del paddle surf (SUP) con nuestra oferta especial. Lea m\u00e1s informaci\u00f3n aqu\u00ed: <a href=\"https:\/\/aventura-excursions.com\/es\/producto\/water-package\/\"><strong><em>Paquete de agua para 2<\/em><\/strong><\/a><\/p>","protected":false},"excerpt":{"rendered":"<div>\n<p>Emb\u00e1rcate en una emocionante aventura acu\u00e1tica conduciendo una moto de agua por la costa sur de Tenerife. <\/p>\n<p>\n<br \/>\nSelecciona moto de agua individual\/doble y viaje de 1 o 2 horas. Luego selecciona la fecha del safari en moto de agua.\n<\/div>","protected":false},"featured_media":638,"template":"","meta":{"_acf_changed":false},"product_brand":[],"product_cat":[21],"product_tag":[],"class_list":{"0":"post-631","1":"product","2":"type-product","3":"status-publish","4":"has-post-thumbnail","6":"product_cat-activities","8":"first","9":"instock","10":"sale","11":"shipping-taxable","12":"product-type-grouped"},"acf":[],"yoast_head":"<!-- This site is optimized with the Yoast SEO plugin v25.6 - https:\/\/yoast.com\/wordpress\/plugins\/seo\/ -->\n<title>Jet Ski Safari in Tenerife - Aventura Excursions - Book Your Adventure<\/title>\n<meta name=\"description\" content=\"Exciting Jet Ski Safari in Tenerife! Check reviews, prices, and ratings on our website. Book now to see dolphins, whales, and sea turtles.\" \/>\n<meta name=\"robots\" content=\"index, follow, max-snippet:-1, max-image-preview:large, max-video-preview:-1\" \/>\n<link rel=\"canonical\" href=\"https:\/\/aventura-excursions.com\/es\/producto\/jet-ski-safari\/\" \/>\n<meta property=\"og:locale\" content=\"es_ES\" \/>\n<meta property=\"og:type\" content=\"article\" \/>\n<meta property=\"og:title\" content=\"Jet Ski Safari in Tenerife - Aventura Excursions - Book Your Adventure\" \/>\n<meta property=\"og:description\" content=\"Exciting Jet Ski Safari in Tenerife! Check reviews, prices, and ratings on our website. Book now to see dolphins, whales, and sea turtles.\" \/>\n<meta property=\"og:url\" content=\"https:\/\/aventura-excursions.com\/es\/producto\/jet-ski-safari\/\" \/>\n<meta property=\"og:site_name\" content=\"Aventura Excursions\" \/>\n<meta property=\"article:modified_time\" content=\"2025-09-16T12:59:34+00:00\" \/>\n<meta property=\"og:image\" content=\"https:\/\/aventura-excursions.com\/wp-content\/uploads\/2024\/03\/pexels-pixabay-33046.jpg\" \/>\n\t<meta property=\"og:image:width\" content=\"1760\" \/>\n\t<meta property=\"og:image:height\" content=\"1173\" \/>\n\t<meta property=\"og:image:type\" content=\"image\/jpeg\" \/>\n<meta name=\"twitter:card\" content=\"summary_large_image\" \/>\n<meta name=\"twitter:label1\" content=\"Tiempo de lectura\" \/>\n\t<meta name=\"twitter:data1\" content=\"2 minutos\" \/>\n<!-- \/ Yoast SEO plugin. -->","yoast_head_json":{"title":"Jet Ski Safari in Tenerife - Aventura Excursions - Book Your Adventure","description":"Exciting Jet Ski Safari in Tenerife! Check reviews, prices, and ratings on our website. Book now to see dolphins, whales, and sea turtles.","robots":{"index":"index","follow":"follow","max-snippet":"max-snippet:-1","max-image-preview":"max-image-preview:large","max-video-preview":"max-video-preview:-1"},"canonical":"https:\/\/aventura-excursions.com\/es\/producto\/jet-ski-safari\/","og_locale":"es_ES","og_type":"article","og_title":"Jet Ski Safari in Tenerife - Aventura Excursions - Book Your Adventure","og_description":"Exciting Jet Ski Safari in Tenerife! Check reviews, prices, and ratings on our website. Book now to see dolphins, whales, and sea turtles.","og_url":"https:\/\/aventura-excursions.com\/es\/producto\/jet-ski-safari\/","og_site_name":"Aventura Excursions","article_modified_time":"2025-09-16T12:59:34+00:00","og_image":[{"width":1760,"height":1173,"url":"https:\/\/aventura-excursions.com\/wp-content\/uploads\/2024\/03\/pexels-pixabay-33046.jpg","type":"image\/jpeg"}],"twitter_card":"summary_large_image","twitter_misc":{"Tiempo de lectura":"2 minutos"},"schema":{"@context":"https:\/\/schema.org","@graph":[{"@type":"WebPage","@id":"https:\/\/aventura-excursions.com\/product\/jet-ski-safari\/","url":"https:\/\/aventura-excursions.com\/product\/jet-ski-safari\/","name":"Jet Ski Safari in Tenerife - Aventura Excursions - Book Your Adventure","isPartOf":{"@id":"https:\/\/aventura-excursions.com\/#website"},"primaryImageOfPage":{"@id":"https:\/\/aventura-excursions.com\/product\/jet-ski-safari\/#primaryimage"},"image":{"@id":"https:\/\/aventura-excursions.com\/product\/jet-ski-safari\/#primaryimage"},"thumbnailUrl":"https:\/\/aventura-excursions.com\/wp-content\/uploads\/2024\/03\/pexels-pixabay-33046.jpg","datePublished":"2024-03-19T17:27:31+00:00","dateModified":"2025-09-16T12:59:34+00:00","description":"Exciting Jet Ski Safari in Tenerife! Check reviews, prices, and ratings on our website. Book now to see dolphins, whales, and sea turtles.","breadcrumb":{"@id":"https:\/\/aventura-excursions.com\/product\/jet-ski-safari\/#breadcrumb"},"inLanguage":"es","potentialAction":[{"@type":"ReadAction","target":["https:\/\/aventura-excursions.com\/product\/jet-ski-safari\/"]}]},{"@type":"ImageObject","inLanguage":"es","@id":"https:\/\/aventura-excursions.com\/product\/jet-ski-safari\/#primaryimage","url":"https:\/\/aventura-excursions.com\/wp-content\/uploads\/2024\/03\/pexels-pixabay-33046.jpg","contentUrl":"https:\/\/aventura-excursions.com\/wp-content\/uploads\/2024\/03\/pexels-pixabay-33046.jpg","width":1760,"height":1173},{"@type":"BreadcrumbList","@id":"https:\/\/aventura-excursions.com\/product\/jet-ski-safari\/#breadcrumb","itemListElement":[{"@type":"ListItem","position":1,"name":"Tours","item":"https:\/\/aventura-excursions.com\/tours\/"},{"@type":"ListItem","position":2,"name":"Jet Ski Safari"}]},{"@type":"WebSite","@id":"https:\/\/aventura-excursions.com\/#website","url":"https:\/\/aventura-excursions.com\/","name":"Aventura Excursions","description":"Aventura Excursions","potentialAction":[{"@type":"SearchAction","target":{"@type":"EntryPoint","urlTemplate":"https:\/\/aventura-excursions.com\/?s={search_term_string}"},"query-input":{"@type":"PropertyValueSpecification","valueRequired":true,"valueName":"search_term_string"}}],"inLanguage":"es"}]}},"_links":{"self":[{"href":"https:\/\/aventura-excursions.com\/es\/wp-json\/wp\/v2\/product\/631","targetHints":{"allow":["GET"]}}],"collection":[{"href":"https:\/\/aventura-excursions.com\/es\/wp-json\/wp\/v2\/product"}],"about":[{"href":"https:\/\/aventura-excursions.com\/es\/wp-json\/wp\/v2\/types\/product"}],"wp:featuredmedia":[{"embeddable":true,"href":"https:\/\/aventura-excursions.com\/es\/wp-json\/wp\/v2\/media\/638"}],"wp:attachment":[{"href":"https:\/\/aventura-excursions.com\/es\/wp-json\/wp\/v2\/media?parent=631"}],"wp:term":[{"taxonomy":"product_brand","embeddable":true,"href":"https:\/\/aventura-excursions.com\/es\/wp-json\/wp\/v2\/product_brand?post=631"},{"taxonomy":"product_cat","embeddable":true,"href":"https:\/\/aventura-excursions.com\/es\/wp-json\/wp\/v2\/product_cat?post=631"},{"taxonomy":"product_tag","embeddable":true,"href":"https:\/\/aventura-excursions.com\/es\/wp-json\/wp\/v2\/product_tag?post=631"}],"curies":[{"name":"wp","href":"https:\/\/api.w.org\/{rel}","templated":true}]}}